{"id":74920,"date":"2025-07-29T09:27:35","date_gmt":"2025-07-29T09:27:35","guid":{"rendered":"https:\/\/fv6qoy3ls0.wpdns.site\/product\/laowa-15mm-f-2-zero-d-sony-e\/"},"modified":"2026-05-14T08:46:42","modified_gmt":"2026-05-14T07:46:42","slug":"laowa-15mm-f-2-zero-d-sony-e","status":"publish","type":"product","link":"https:\/\/hi-techwonder.com\/es\/producto\/laowa-15mm-f-2-zero-d-sony-e\/","title":{"rendered":"LAOWA 15mm f\/2 Zero-D Sony E"},"content":{"rendered":"<p>Productos destacados:<\/p>\n<ul>\n<li><span style=\"color: #000000;\">Lente con montura E\/formato de fotograma completo<\/span><\/li>\n<li><span style=\"color: #000000;\">Rango de apertura: f\/2 a f\/22<\/span><\/li>\n<li><span style=\"color: #000000;\">Tres elementos de dispersi\u00f3n extra baja<\/span><\/li>\n<li><span style=\"color: #000000;\">Dos elementos asf\u00e9ricos<\/span><\/li>\n<li><span style=\"color: #000000;\">Dise\u00f1o rectil\u00edneo, baja distorsi\u00f3n<\/span><\/li>\n<li><span style=\"color: #000000;\">Revestimiento repelente al agua y al polvo para ojos de rana<\/span><\/li>\n<li><span style=\"color: #000000;\">Dise\u00f1o de enfoque manual<\/span><\/li>\n<li><span style=\"color: #000000;\">El anillo de apertura manual se puede desconectar<\/span><\/li>\n<li><span style=\"color: #000000;\">Diafragma de 9 hojas<\/span><\/li>\n<\/ul>\n<p><span style=\"color: #000000;\">&nbsp;<\/span><\/p>\n<p><span style=\"color: #000000;\">Un objetivo gran angular r\u00e1pido y brillante, el objetivo Sony E-mount Laowa 15mm f\/2 FE Zero-D de Venus Optics es un objetivo rectil\u00edneo con un sofisticado dise\u00f1o \u00f3ptico para limitar eficazmente la distorsi\u00f3n. La brillante apertura m\u00e1xima de f\/2 hace que este objetivo sea especialmente \u00fatil para la astrofotograf\u00eda y el uso con poca luz, y cuando se combina con la distancia m\u00ednima de enfoque de 15 cm, tambi\u00e9n se pueden producir im\u00e1genes distintas de poca profundidad de campo. La construcci\u00f3n \u00f3ptica incluye tres elementos de dispersi\u00f3n extra baja y dos elementos asf\u00e9ricos para controlar las aberraciones crom\u00e1ticas y esf\u00e9ricas para una mayor nitidez, claridad y franjas de color reducidas. Tambi\u00e9n se ha aplicado un recubrimiento de ojo de rana para repeler el polvo y la humedad del elemento frontal de la lente para beneficiar el trabajo en condiciones ambientales dif\u00edciles. Adem\u00e1s, el anillo de apertura manual se puede desenroscar para cambios de apertura suaves y silenciosos para adaptarse a aplicaciones de video, y la parte frontal de la lente est\u00e1 roscada para aceptar filtros roscados de 72 mm.    <\/span><\/p>\n<p><span style=\"color: #000000;\">&nbsp;<\/span><\/p>\n<ul>\n<li><span style=\"color: #000000;\">Con un objetivo fijo ultra gran angular dise\u00f1ado para c\u00e1maras sin espejo con montura E de Sony de fotograma completo, este 15 mm f\/2 tambi\u00e9n se puede utilizar con los modelos APS-C, donde proporciona una distancia focal equivalente a 22,5 mm.<\/span><\/li>\n<li><span style=\"color: #000000;\">La apertura m\u00e1xima de f\/2 relativamente r\u00e1pida beneficia a las aplicaciones de astrofotograf\u00eda y fotograf\u00eda con poca luz.<\/span><\/li>\n<li><span style=\"color: #000000;\">El dise\u00f1o rectil\u00edneo representa sujetos con una distorsi\u00f3n m\u00ednima para adaptarse a aplicaciones paisaj\u00edsticas y arquitect\u00f3nicas.<\/span><\/li>\n<li><span style=\"color: #000000;\">Tres elementos de dispersi\u00f3n extra baja reducen las aberraciones crom\u00e1ticas y las franjas de color para mayor claridad y neutralidad de color. Tambi\u00e9n se presentan dos elementos asf\u00e9ricos para limitar las aberraciones esf\u00e9ricas para mayor claridad. <\/span><\/li>\n<li><span style=\"color: #000000;\">Se ha aplicado un recubrimiento de ojo de rana para repeler el polvo y la humedad para mayor protecci\u00f3n cuando se trabaja en condiciones adversas.<\/span><\/li>\n<li><span style=\"color: #000000;\">El dise\u00f1o de enfoque manual le permite trabajar con sujetos a una distancia de hasta 15 cm con una relaci\u00f3n de aumento m\u00e1xima de 1:4.<\/span><\/li>\n<li><span style=\"color: #000000;\">El anillo de apertura manual se puede &#8220;desactivar&#8221; mec\u00e1nicamente para una rotaci\u00f3n suave y silenciosa en todo el rango de apertura; lo que lo hace ideal para aplicaciones de video.<\/span><\/li>\n<li><span style=\"color: #000000;\">A pesar de su dise\u00f1o ultra ancho, esta lente puede aceptar filtros de tornillo de 72 mm en la parte frontal de la lente.<\/span><\/li>\n<\/ul>\n<h2 class=\"western\"><span style=\"color: #000000;\"><\/p>\n<p><\/span><\/h2>\n<table style=\"width: 626px;\" border=\"0\" cellspacing=\"0\" cellpadding=\"2\">\n<colgroup>\n<col width=\"270\">\n<col width=\"349\"><\/colgroup>\n<tbody>\n<tr>\n<th colspan=\"2\" width=\"622\">\n<p class=\"western\" style=\"border: none; padding: 0cm; font-weight: normal;\"><span style=\"color: #000000;\"><a name=\"11011\"><\/a><span style=\"font-size: x-large;\">interino<\/span><\/span><\/p>\n<\/th>\n<\/tr>\n<tr>\n<td width=\"270\">\n<p style=\"border-top: none; border-bottom: 1px solid #e6e7e8; border-left: none; border-right: none; padding: 0cm 0cm 0.53cm 0cm;\"><span style=\"color: #000000;\">Distancia focal<\/span><\/p>\n<\/td>\n<td width=\"349\">\n<p style=\"border-top: none; border-bottom: 1px solid #e6e7e8; border-left: none; border-right: none; padding: 0cm 0cm 0.53cm 0cm;\"><span style=\"color: #000000;\">15 mm<\/span><\/p>\n<\/td>\n<\/tr>\n<tr>\n<td width=\"270\">\n<p style=\"border-top: none; border-bottom: 1px solid #e6e7e8; border-left: none; border-right: none; padding: 0cm 0cm 0.53cm 0cm;\"><span style=\"color: #000000;\">Abertura<\/span><\/p>\n<\/td>\n<td width=\"349\">\n<p style=\"border-top: none; border-bottom: 1px solid #e6e7e8; border-left: none; border-right: none; padding: 0cm 0cm 0.53cm 0cm;\"><span style=\"color: #000000;\">M\u00e1ximo: f\/2<br \/>M\u00ednimo: f\/22<\/span><\/p>\n<\/td>\n<\/tr>\n<tr>\n<td width=\"270\">\n<p style=\"border-top: none; border-bottom: 1px solid #e6e7e8; border-left: none; border-right: none; padding: 0cm 0cm 0.53cm 0cm;\"><span style=\"color: #000000;\">Tipo de montaje de la c\u00e1mara<\/span><\/p>\n<\/td>\n<td width=\"349\">\n<p style=\"border-top: none; border-bottom: 1px solid #e6e7e8; border-left: none; border-right: none; padding: 0cm 0cm 0.53cm 0cm;\"><span style=\"color: #000000;\">Sony E<\/span><\/p>\n<\/td>\n<\/tr>\n<tr>\n<td width=\"270\">\n<p style=\"border-top: none; border-bottom: 1px solid #e6e7e8; border-left: none; border-right: none; padding: 0cm 0cm 0.53cm 0cm;\"><span style=\"color: #000000;\">Compatibilidad de formatos<\/span><\/p>\n<\/td>\n<td width=\"349\">\n<p style=\"border-top: none; border-bottom: 1px solid #e6e7e8; border-left: none; border-right: none; padding: 0cm 0cm 0.53cm 0cm;\"><span style=\"color: #000000;\">Pel\u00edcula de 35 mm \/ sensor digital de fotograma completo<\/span><\/p>\n<\/td>\n<\/tr>\n<tr>\n<td width=\"270\">\n<p style=\"border-top: none; border-bottom: 1px solid #e6e7e8; border-left: none; border-right: none; padding: 0cm 0cm 0.53cm 0cm;\"><span style=\"color: #000000;\">\u00c1ngulo<\/span><\/p>\n<\/td>\n<td width=\"349\">\n<p style=\"border-top: none; border-bottom: 1px solid #e6e7e8; border-left: none; border-right: none; padding: 0cm 0cm 0.53cm 0cm;\"><span style=\"color: #000000;\">110\u00b0<\/span><\/p>\n<\/td>\n<\/tr>\n<tr>\n<td width=\"270\">\n<p style=\"border-top: none; border-bottom: 1px solid #e6e7e8; border-left: none; border-right: none; padding: 0cm 0cm 0.53cm 0cm;\"><span style=\"color: #000000;\">Distancia m\u00ednima de enfoque<\/span><\/p>\n<\/td>\n<td width=\"349\">\n<p style=\"border-top: none; border-bottom: 1px solid #e6e7e8; border-left: none; border-right: none; padding: 0cm 0cm 0.53cm 0cm;\"><span style=\"color: #000000;\">15 cm<\/span><\/p>\n<\/td>\n<\/tr>\n<tr>\n<td width=\"270\">\n<p style=\"border-top: none; border-bottom: 1px solid #e6e7e8; border-left: none; border-right: none; padding: 0cm 0cm 0.53cm 0cm;\"><span style=\"color: #000000;\">Velocidad m\u00e1xima de reproducci\u00f3n<\/span><\/p>\n<\/td>\n<td width=\"349\">\n<p style=\"border-top: none; border-bottom: 1px solid #e6e7e8; border-left: none; border-right: none; padding: 0cm 0cm 0.53cm 0cm;\"><span style=\"color: #000000;\">1:4<\/span><\/p>\n<\/td>\n<\/tr>\n<tr>\n<td width=\"270\">\n<p style=\"border-top: none; border-bottom: 1px solid #e6e7e8; border-left: none; border-right: none; padding: 0cm 0cm 0.53cm 0cm;\"><span style=\"color: #000000;\">Dise\u00f1o \u00f3ptico<\/span><\/p>\n<\/td>\n<td width=\"349\">\n<p style=\"border-top: none; border-bottom: 1px solid #e6e7e8; border-left: none; border-right: none; padding: 0cm 0cm 0.53cm 0cm;\"><span style=\"color: #000000;\">12 elementos en 9 grupos<\/span><\/p>\n<\/td>\n<\/tr>\n<tr>\n<td width=\"270\">\n<p style=\"border-top: none; border-bottom: 1px solid #e6e7e8; border-left: none; border-right: none; padding: 0cm 0cm 0.53cm 0cm;\"><span style=\"color: #000000;\">Hojas de diafragma<\/span><\/p>\n<\/td>\n<td width=\"349\">\n<p style=\"border-top: none; border-bottom: 1px solid #e6e7e8; border-left: none; border-right: none; padding: 0cm 0cm 0.53cm 0cm;\"><span style=\"color: #000000;\">9<\/span><\/p>\n<\/td>\n<\/tr>\n<\/tbody>\n<\/table>\n<table style=\"width: 149px;\" border=\"0\" cellspacing=\"0\" cellpadding=\"2\">\n<colgroup>\n<col width=\"105\">\n<col width=\"35\"><\/colgroup>\n<tbody>\n<tr>\n<th colspan=\"2\" width=\"145\">\n<p class=\"western\" style=\"border: none; padding: 0cm; font-weight: normal;\"><span style=\"color: #000000;\"><a name=\"23001\"><\/a><span style=\"font-size: x-large;\">Recursos<\/span><\/span><\/p>\n<\/th>\n<\/tr>\n<tr>\n<td width=\"105\">\n<p style=\"border-top: none; border-bottom: 1px solid #e6e7e8; border-left: none; border-right: none; padding: 0cm 0cm 0.53cm 0cm;\"><span style=\"color: #000000;\">Autom\u00e1tico<\/span><\/p>\n<\/td>\n<td width=\"35\">\n<p style=\"border-top: none; border-bottom: 1px solid #e6e7e8; border-left: none; border-right: none; padding: 0cm 0cm 0.53cm 0cm;\"><span style=\"color: #000000;\">No<\/span><\/p>\n<\/td>\n<\/tr>\n<\/tbody>\n<\/table>\n<table style=\"width: 413px;\" border=\"0\" cellspacing=\"0\" cellpadding=\"2\">\n<colgroup>\n<col width=\"163\">\n<col width=\"242\"><\/colgroup>\n<tbody>\n<tr>\n<th colspan=\"2\" width=\"409\">\n<p class=\"western\" style=\"border: none; padding: 0cm; font-weight: normal;\"><span style=\"color: #000000;\"><a name=\"11501\"><\/a><span style=\"font-size: x-large;\">F\u00edsico<\/span><\/span><\/p>\n<\/th>\n<\/tr>\n<tr>\n<td width=\"163\">\n<p style=\"border-top: none; border-bottom: 1px solid #e6e7e8; border-left: none; border-right: none; padding: 0cm 0cm 0.53cm 0cm;\"><span style=\"color: #000000;\">Tema de filtro<\/span><\/p>\n<\/td>\n<td width=\"242\">\n<p style=\"border-top: none; border-bottom: 1px solid #e6e7e8; border-left: none; border-right: none; padding: 0cm 0cm 0.53cm 0cm;\"><span style=\"color: #000000;\">Frontal: 72 mm<\/span><\/p>\n<\/td>\n<\/tr>\n<tr>\n<td width=\"163\">\n<p style=\"border-top: none; border-bottom: 1px solid #e6e7e8; border-left: none; border-right: none; padding: 0cm 0cm 0.53cm 0cm;\"><span style=\"color: #000000;\">Dimensiones (DxL)<\/span><\/p>\n<\/td>\n<td width=\"242\">\n<p style=\"border-top: none; border-bottom: 1px solid #e6e7e8; border-left: none; border-right: none; padding: 0cm 0cm 0.53cm 0cm;\"><span style=\"color: #000000;\">66 x 82 mm<\/span><\/p>\n<\/td>\n<\/tr>\n<tr>\n<td width=\"163\">\n<p style=\"border-top: none; border-bottom: 1px solid #e6e7e8; border-left: none; border-right: none; padding: 0cm 0cm 0.53cm 0cm;\"><span style=\"color: #000000;\">Peso<\/span><\/p>\n<\/td>\n<td width=\"242\">\n<p style=\"border-top: none; border-bottom: 1px solid #e6e7e8; border-left: none; border-right: none; padding: 0cm 0cm 0.53cm 0cm;\"><span style=\"color: #000000;\">500 gramos<\/span><\/p>\n<\/td>\n<\/tr>\n<\/tbody>\n<\/table>\n<p><strong><span style=\"color: #000000;\">En la caja:<\/span><\/strong><\/p>\n<ul>\n<li><span style=\"color: #000000;\">Lente Venus Optics Laowa 15mm f\/2 FE Zero-D para Sony E<\/span><\/li>\n<li><span style=\"color: #000000;\">Tapas de lentes delanteras y traseras<\/span><\/li>\n<li><span style=\"color: #000000;\">Parasol<\/span><\/li>\n<\/ul>\n<p><object data=\"https:\/\/www.youtube.com\/v\/oAplVrPXBtA\" type=\"application\/x-shockwave-flash\" width=\"425\" height=\"350\"><param name=\"src\" value=\"https:\/\/www.youtube.com\/v\/oAplVrPXBtA\"><\/object><\/p>\n","protected":false},"excerpt":{"rendered":"<p>Productos destacados: Lente con montura E\/formato de fotograma completo Rango de apertura: f\/2 a f\/22 Tres elementos de dispersi\u00f3n extra<\/p>\n","protected":false},"featured_media":49248,"comment_status":"closed","ping_status":"closed","template":"","meta":{"_acf_changed":false},"product_brand":[2682],"product_cat":[1062],"product_tag":[],"class_list":{"0":"post-74920","1":"product","2":"type-product","3":"status-publish","4":"has-post-thumbnail","6":"product_brand-laowa-es","7":"product_cat-mirrorless-objectivos","8":"pa_abertura-maxima-f-2-es","9":"pa_cor-negro","10":"pa_diametro-72mm-es","11":"pa_estabilizacao-de-imagem-no","12":"pa_montagem-da-objetiva-sony-e-es","13":"pa_sensor-fotograma-completo","14":"pa_tipo-de-foco-enfoque-manual","15":"pa_tipo-de-objetiva-gran-angular","16":"pa_zoom-fixa-fijo","18":"first","19":"onbackorder","20":"taxable","21":"shipping-taxable","22":"purchasable","23":"product-type-simple"},"bundled_by":[],"bundle_stock_status":"onbackorder","bundle_stock_quantity":null,"bundle_virtual":false,"bundle_layout":"","bundle_add_to_cart_form_location":"","bundle_editable_in_cart":false,"bundle_sold_individually_context":"","bundle_item_grouping":"","bundle_min_size":"","bundle_max_size":"","bundle_price":[],"bundled_items":[],"bundle_sell_ids":[],"acf":[],"_links":{"self":[{"href":"https:\/\/hi-techwonder.com\/es\/wp-json\/wp\/v2\/product\/74920","targetHints":{"allow":["GET"]}}],"collection":[{"href":"https:\/\/hi-techwonder.com\/es\/wp-json\/wp\/v2\/product"}],"about":[{"href":"https:\/\/hi-techwonder.com\/es\/wp-json\/wp\/v2\/types\/product"}],"replies":[{"embeddable":true,"href":"https:\/\/hi-techwonder.com\/es\/wp-json\/wp\/v2\/comments?post=74920"}],"wp:featuredmedia":[{"embeddable":true,"href":"https:\/\/hi-techwonder.com\/es\/wp-json\/wp\/v2\/media\/49248"}],"wp:attachment":[{"href":"https:\/\/hi-techwonder.com\/es\/wp-json\/wp\/v2\/media?parent=74920"}],"wp:term":[{"taxonomy":"product_brand","embeddable":true,"href":"https:\/\/hi-techwonder.com\/es\/wp-json\/wp\/v2\/product_brand?post=74920"},{"taxonomy":"product_cat","embeddable":true,"href":"https:\/\/hi-techwonder.com\/es\/wp-json\/wp\/v2\/product_cat?post=74920"},{"taxonomy":"product_tag","embeddable":true,"href":"https:\/\/hi-techwonder.com\/es\/wp-json\/wp\/v2\/product_tag?post=74920"}],"curies":[{"name":"wp","href":"https:\/\/api.w.org\/{rel}","templated":true}]}}