{"id":74922,"date":"2025-07-29T09:28:08","date_gmt":"2025-07-29T09:28:08","guid":{"rendered":"https:\/\/fv6qoy3ls0.wpdns.site\/product\/laowa-14mm-f-4-ff-rl-zero-d-sony-e\/"},"modified":"2025-12-23T08:13:51","modified_gmt":"2025-12-23T08:13:51","slug":"laowa-14mm-f-4-ff-rl-zero-d-sony-e","status":"publish","type":"product","link":"https:\/\/hi-techwonder.com\/es\/producto\/laowa-14mm-f-4-ff-rl-zero-d-sony-e\/","title":{"rendered":"LAOWA 14mm f\/4 FF RL Zero-D Sony E"},"content":{"rendered":"<p><strong>LAOWA 14mm f\/4 FF RL Zero-D Sony E<\/strong><br \/><strong>Panorama<\/strong><\/p>\n<p>  14 mm f\/4 FF RL Zero-D es un objetivo gran angular dise\u00f1ado para c\u00e1maras mirrorless de fotograma completo. Tiene una distorsi\u00f3n cercana a cero (Zero-D) con un \u00e1ngulo de visi\u00f3n de 114\u00b0. La rosca de filtro de 52 mm atornillada y la perspectiva ultra gran angular permiten a los fot\u00f3grafos crear im\u00e1genes inspiradoras con elementos \u00fanicos. Adem\u00e1s, es extremadamente compacto y ligero (peso: 228 g, dimensi\u00f3n: 58 mm x 59 mm) que se puede llevar a cualquier lugar y en cualquier momento con Zero Burden.   <\/p>\n<p> <strong>Distorsi\u00f3n casi nula (Cero-D)<\/strong><\/p>\n<p>  14 mm f\/4 FF RL Zero-D compuesto por 2 elementos asf\u00e9ricos y 3 elementos de dispersi\u00f3n extra baja suprimen la distorsi\u00f3n para una distorsi\u00f3n casi nula de esquina a esquina. Adem\u00e1s, la aberraci\u00f3n crom\u00e1tica se controla al m\u00ednimo. <\/p>\n<p> <strong>\u00c1ngulo de visi\u00f3n de 114\u00b0<\/strong><\/p>\n<p>  El 14mm f\/4 FF RL Zero-D ofrece una claridad de imagen excepcional con un \u00e1ngulo de visi\u00f3n de 114\u00b0. La lente ultra gran angular permite a los fot\u00f3grafos tener fotos \u00fanicas e inspiradoras en una perspectiva ultra gran angular. <\/p>\n<p> <strong>Rosca de filtro incorporada de 52 mm<\/strong><\/p>\n<p>  Se instala una rosca de filtro de 52 mm en el 14 mm f\/4 FF RL Zero-D. Convenientemente, los fot\u00f3grafos pueden tomar excelentes fotos de paisajes y paisajes urbanos f\u00e1cilmente sin llevar portafiltros. Para los fot\u00f3grafos que optan por utilizar filtros deslizantes, el portafiltros magn\u00e9tico especialmente dise\u00f1ado les permite utilizar sus filtros de 100 mm de ancho sin vi\u00f1eteado.  <\/p>\n<p> <strong>Extremadamente compacto y ligero<\/strong><\/p>\n<p>  14mm f\/4 FF RL Zero-D pesa 228g y la medida medida es de 58x59mm. La lente peque\u00f1a es perfecta para que cualquiera la lleve a cabo para la fotograf\u00eda. <\/p>\n<p> <strong>Estrellas solares perfectas de 10 puntos<\/strong><\/p>\n<p>  La apertura de 5 hojas crea una representaci\u00f3n perfecta de estrellas solares de 10 puntos.<\/p>\n<p> <strong>Dise\u00f1o de lente f\u00e1cil de usar<\/strong><\/p>\n<p>  El nuevo 14 mm f\/4 FF RL est\u00e1 cuidadosamente dise\u00f1ado para mejorar su experiencia de usuario.<\/p>\n<p> <strong>Portafiltros de 100 mm<\/strong><\/p>\n<p>  A pesar del \u00e1ngulo de visi\u00f3n ultra gran angular, el objetivo puede utilizar un portafiltros especialmente dise\u00f1ado para que se puedan utilizar filtros de 100 mm de ancho sin necesidad de vi\u00f1eteados graves. Ofrece a los fot\u00f3grafos una opci\u00f3n extra aparte de los filtros de tornillo. <\/p>\n<p> <strong>Caracter\u00edsticas t\u00e9cnicas:<\/strong> <\/p>\n<table style=\"height: 309px;\" border=\"0\" width=\"642\" cellspacing=\"0\" cellpadding=\"2\">\n<colgroup>\n<col width=\"299\">\n<col width=\"335\"><\/colgroup>\n<tbody>\n<tr style=\"height: 22px;\">\n<td style=\"height: 22px; width: 289.6px;\"> <span style=\"color: #666666;\">Distancia focal<\/span><\/td>\n<td style=\"height: 22px; width: 324px;\"> <span style=\"color: #666666;\">14 mm<\/span><\/td>\n<\/tr>\n<tr style=\"height: 22px;\">\n<td style=\"height: 22px; width: 289.6px;\"> <span style=\"color: #666666;\">Apertura m\u00e1xima<\/span><\/td>\n<td style=\"height: 22px; width: 324px;\"> <span style=\"color: #666666;\">F\/4<\/span><\/td>\n<\/tr>\n<tr style=\"height: 22px;\">\n<td style=\"height: 22px; width: 289.6px;\"> <span style=\"color: #666666;\">Apertura m\u00ednima<\/span><\/td>\n<td style=\"height: 22px; width: 324px;\"> <span style=\"color: #666666;\">F\/22<\/span><\/td>\n<\/tr>\n<tr style=\"height: 22px;\">\n<td style=\"height: 22px; width: 324px;\"> <span style=\"color: #666666;\">Montura de lente Sony E<\/span><\/td>\n<td style=\"height: 22px; width: 289.6px;\"> <span style=\"color: #666666;\"><\/span><\/td>\n<\/tr>\n<tr style=\"height: 22px;\">\n<td style=\"height: 22px; width: 289.6px;\"> <span style=\"color: #666666;\">Compatibilidad con formato<\/span><\/td>\n<td style=\"height: 22px; width: 324px;\"> <span style=\"color: #666666;\">de fotograma completo<\/span><\/td>\n<\/tr>\n<tr style=\"height: 23px;\">\n<td style=\"height: 23px; width: 289.6px;\"> <span style=\"color: #666666;\">\u00c1ngulo de visi\u00f3n<\/span><\/td>\n<td style=\"height: 23px; width: 324px;\"> <span style=\"color: #666666;\">114 <span style=\"font-family: Lato;\"><span style=\"font-size: medium;\">\u00b0<\/span><\/span><\/span><\/td>\n<\/tr>\n<tr style=\"height: 22px;\">\n<td style=\"height: 22px; width: 289.6px;\"> <span style=\"color: #666666;\">Distancia m\u00ednima de enfoque<\/span><\/td>\n<td style=\"height: 22px; width: 324px;\"> <span style=\"color: #666666;\">27cm<\/span><\/td>\n<\/tr>\n<tr style=\"height: 22px;\">\n<td style=\"height: 22px; width: 289.6px;\"> <span style=\"color: #666666;\">Dise\u00f1o \u00f3ptico<\/span><\/td>\n<td style=\"height: 22px; width: 324px;\"> <span style=\"color: #666666;\">13 elementos en 9 grupos<\/span><\/td>\n<\/tr>\n<tr style=\"height: 22px;\">\n<td style=\"height: 22px; width: 324px;\"> <span style=\"color: #666666;\">Hojas de<\/span><\/td>\n<td style=\"height: 22px; width: 289.6px;\"> <span style=\"color: #666666;\">diafragma<\/span><\/td>\n<p> 5<\/tr>\n<tr style=\"height: 22px;\">\n<td style=\"height: 22px; width: 289.6px;\"> <span style=\"color: #666666;\">Tipo de enfoque<\/span><\/td>\n<td style=\"height: 22px; width: 324px;\"><span style=\"color: #666666;\">: Manual<\/span><\/td>\n<\/tr>\n<tr style=\"height: 22px;\">\n<td style=\"height: 22px; width: 289.6px;\"> <span style=\"color: #666666;\">Estabilizaci\u00f3n de imagen<\/span><\/td>\n<td style=\"height: 22px; width: 324px;\"> <span style=\"color: #666666;\">No<\/span><\/td>\n<\/tr>\n<tr style=\"height: 22px;\">\n<td style=\"height: 22px; width: 289.6px;\"> <span style=\"color: #666666;\">Tama\u00f1o del filtro<\/span><\/td>\n<td style=\"height: 22px; width: 324px;\"> <span style=\"color: #666666;\">52mm<\/span><\/td>\n<\/tr>\n<tr style=\"height: 22px;\">\n<td style=\"height: 22px; width: 289.6px;\"> <span style=\"color: #666666;\">Dimensiones (\u00f8 x L)<\/span><\/td>\n<td style=\"height: 22px; width: 324px;\"> <span style=\"color: #666666;\">58 x 59 mm<\/span><\/td>\n<\/tr>\n<tr style=\"height: 22px;\">\n<td style=\"height: 22px; width: 289.6px;\"> <span style=\"color: #666666;\">Peso<\/span><\/td>\n<td style=\"height: 22px; width: 328.8px;\"> <span style=\"color: #666666;\">228g<\/span><\/td>\n<\/tr>\n<\/tbody>\n<\/table>\n","protected":false},"excerpt":{"rendered":"<p>LAOWA 14mm f\/4 FF RL Zero-D Sony EPanorama 14 mm f\/4 FF RL Zero-D es un objetivo gran angular dise\u00f1ado<\/p>\n","protected":false},"featured_media":49400,"comment_status":"closed","ping_status":"closed","template":"","meta":{"_acf_changed":false},"product_brand":[2682],"product_cat":[1062],"product_tag":[],"class_list":{"0":"post-74922","1":"product","2":"type-product","3":"status-publish","4":"has-post-thumbnail","6":"product_brand-laowa-es","7":"product_cat-mirrorless-objectivos","8":"pa_abertura-maxima-f-4-es","9":"pa_cor-negro","10":"pa_diametro-52mm-es","11":"pa_estabilizacao-de-imagem-no","12":"pa_montagem-da-objetiva-sony-e-es","13":"pa_sensor-fotograma-completo","14":"pa_tipo-de-foco-enfoque-manual","15":"pa_tipo-de-objetiva-gran-angular","16":"pa_zoom-fixa-fijo","18":"first","19":"onbackorder","20":"taxable","21":"shipping-taxable","22":"purchasable","23":"product-type-simple"},"bundled_by":[],"bundle_stock_status":"onbackorder","bundle_stock_quantity":null,"bundle_virtual":false,"bundle_layout":"","bundle_add_to_cart_form_location":"","bundle_editable_in_cart":false,"bundle_sold_individually_context":"","bundle_item_grouping":"","bundle_min_size":"","bundle_max_size":"","bundle_price":[],"bundled_items":[],"bundle_sell_ids":[],"acf":[],"_links":{"self":[{"href":"https:\/\/hi-techwonder.com\/es\/wp-json\/wp\/v2\/product\/74922","targetHints":{"allow":["GET"]}}],"collection":[{"href":"https:\/\/hi-techwonder.com\/es\/wp-json\/wp\/v2\/product"}],"about":[{"href":"https:\/\/hi-techwonder.com\/es\/wp-json\/wp\/v2\/types\/product"}],"replies":[{"embeddable":true,"href":"https:\/\/hi-techwonder.com\/es\/wp-json\/wp\/v2\/comments?post=74922"}],"wp:featuredmedia":[{"embeddable":true,"href":"https:\/\/hi-techwonder.com\/es\/wp-json\/wp\/v2\/media\/49400"}],"wp:attachment":[{"href":"https:\/\/hi-techwonder.com\/es\/wp-json\/wp\/v2\/media?parent=74922"}],"wp:term":[{"taxonomy":"product_brand","embeddable":true,"href":"https:\/\/hi-techwonder.com\/es\/wp-json\/wp\/v2\/product_brand?post=74922"},{"taxonomy":"product_cat","embeddable":true,"href":"https:\/\/hi-techwonder.com\/es\/wp-json\/wp\/v2\/product_cat?post=74922"},{"taxonomy":"product_tag","embeddable":true,"href":"https:\/\/hi-techwonder.com\/es\/wp-json\/wp\/v2\/product_tag?post=74922"}],"curies":[{"name":"wp","href":"https:\/\/api.w.org\/{rel}","templated":true}]}}