{"id":74923,"date":"2025-07-29T09:27:26","date_gmt":"2025-07-29T09:27:26","guid":{"rendered":"https:\/\/fv6qoy3ls0.wpdns.site\/product\/laowa-15mm-f-4-gran-angular-macro-sony-e\/"},"modified":"2026-04-15T17:45:10","modified_gmt":"2026-04-15T16:45:10","slug":"laowa-15mm-f-4-gran-angular-macro-sony-e","status":"publish","type":"product","link":"https:\/\/hi-techwonder.com\/es\/producto\/laowa-15mm-f-4-gran-angular-macro-sony-e\/","title":{"rendered":"LAOWA 15mm f\/4 Gran Angular Macro Sony E"},"content":{"rendered":"<p><strong>Productos destacados<\/strong><\/p>\n<ul>\n<li>Lente con montura E\/formato de fotograma completo<\/li>\n<li>Rango de apertura: f\/4 a f\/32<\/li>\n<li>Relaci\u00f3n de aumento de 1:1; Enfoque interno<\/li>\n<li>Un ED y tres elementos de alta refracci\u00f3n<\/li>\n<li>Recubrimiento multicapa de baja reflexi\u00f3n<\/li>\n<li>Enfoque y apertura manuales<\/li>\n<li>Desplazamiento m\u00e1ximo: +\/- 6 mm (APS-C)<\/li>\n<li>Distancia m\u00ednima de enfoque: 12 cm<\/li>\n<li>Rosca del filtro frontal: 77 mm<\/li>\n<li>Diafragma de 14 hojas cerrar circular<\/li>\n<\/ul>\n<p><strong>En la caja<\/strong><\/p>\n<ul>\n<li>Lente macro Venus Optics Laowa 15mm f\/4 para Sony E<\/li>\n<li>Parasol<\/li>\n<li>Tapas de lentes delanteras y traseras<\/li>\n<\/ul>\n<p>enus Optics ofrece a los fot\u00f3grafos la primera opci\u00f3n nativa para iniciarse en el mundo de la fotograf\u00eda macro gran angular con el objetivo macro Laowa 15mm f\/4, disponible aqu\u00ed para las c\u00e1maras Sony con montura E de fotograma completo. Anteriormente, el macro gran angular requer\u00eda el uso de tubos de extensi\u00f3n y otras soluciones, pero ahora el Laowa 15mm Macro ofrece un verdadero aumento de 1:1 sin ning\u00fan problema. La perspectiva ultra gran angular de las c\u00e1maras de fotograma completo permite a los usuarios acercarse excepcionalmente a sus sujetos con una distancia m\u00ednima de enfoque de solo 12 cm y llenar el encuadre, al tiempo que captura el fondo para obtener escenas m\u00e1s informativas. El enfoque interno ayuda a\u00fan m\u00e1s al no molestar al sujeto, incluso cuando alcanza la distancia m\u00ednima de trabajo de 0,5 cm.   <\/p>\n<p>\u00d3pticamente, est\u00e1 dise\u00f1ado para minimizar la distorsi\u00f3n que afecta a las lentes gran angular con el uso de una construcci\u00f3n avanzada de 12 elementos en 9 grupos con una dispersi\u00f3n extra baja y tres elementos de alta refracci\u00f3n. Un recubrimiento multicapa de baja reflexi\u00f3n ha mejorado a\u00fan m\u00e1s la calidad de la imagen al reducir la aparici\u00f3n de destellos y fantasmas. Adem\u00e1s, cuando se usa en c\u00e1maras APS-C o en modos de recorte, la lente ofrece +\/- 6 mm de desplazamiento vertical, lo que puede ayudar a corregir la perspectiva al fotografiar objetos como edificios.  <\/p>\n<ul>\n<li>Se requiere una operaci\u00f3n totalmente manual con esta lente mediante el uso de un anillo de apertura f\u00edsico con un rango de f\/4 a f\/32 y un anillo de enfoque grande. Un elemento frontal plano proporciona espacio para una rosca de filtro frontal de 77 mm para usar una selecci\u00f3n de filtros especializados para mejorar su escena. Adem\u00e1s, tiene un diafragma casi circular de 14 hojas para elementos borrosos suaves y viene con un parasol.  <\/li>\n<li>\u00c1ngulo de visi\u00f3n ultra gran angular de 110\u00b0 en c\u00e1maras de fotograma completo.<\/li>\n<li>El objetivo gran angular ofrece una distancia focal equivalente a 35 mm desde 22,5 mm con un \u00e1ngulo de visi\u00f3n de 85\u00b0 cuando se utiliza en cuerpos de c\u00e1mara APS-C o en modos de recorte.<\/li>\n<li>Amplio rango de apertura de f\/4 a f\/32.<\/li>\n<li>La construcci\u00f3n de la lente presenta 12 elementos en 9 grupos con 3 elementos de alta refracci\u00f3n y un elemento de dispersi\u00f3n extra baja.<\/li>\n<li>Distancia m\u00ednima de enfoque de 12 cm con una distancia de trabajo m\u00ednima de solo 0,5 cm.<\/li>\n<li>Control manual de enfoque y apertura.<\/li>\n<li>Cuando se usa con c\u00e1maras APS-C, el Laowa 15mm Macro puede utilizar +\/-6mm de desplazamiento vertical para ayudar a corregir la perspectiva.<\/li>\n<li>El aumento real de 1:1 permite a los fot\u00f3grafos capturar im\u00e1genes de tama\u00f1o real de sus sujetos sin dejar de proporcionar un enfoque infinito para su uso como objetivo gran angular est\u00e1ndar.<\/li>\n<li>El diafragma de apertura de 14 hojas es casi circular y proporciona elementos borrosos suaves.<\/li>\n<li>Acepta filtros roscados de 77 mm.<\/li>\n<\/ul>\n<div>\n<h2>Especificaciones de Venus Optics 15mm f\/4.0<\/h2>\n<table style=\"width: 643px;\" border=\"0\" cellspacing=\"0\" cellpadding=\"2\">\n<colgroup>\n<col width=\"193\"><\/colgroup>\n<colgroup>\n<col width=\"441\"><\/colgroup>\n<tbody>\n<tr>\n<th colspan=\"2\" width=\"639\">\n<p><a name=\"11011\"><\/a>interino<\/p>\n<\/th>\n<\/tr>\n<tr>\n<td width=\"193\">\n<p>Distancia focal<\/p>\n<\/td>\n<td width=\"441\">\n<p>15 mm<br \/>Equivalente a 35 mm en formato APS-C Distancia focal: 22,5 mm<\/p>\n<\/td>\n<\/tr>\n<tr>\n<td width=\"193\">\n<p>Abertura<\/p>\n<\/td>\n<td width=\"441\">\n<p>M\u00e1ximo: f\/4<br \/>M\u00ednimo: f\/32<\/p>\n<\/td>\n<\/tr>\n<tr>\n<td width=\"193\">\n<p>Tipo de montaje de la c\u00e1mara<\/p>\n<\/td>\n<td width=\"441\">\n<p>Sony E<\/p>\n<\/td>\n<\/tr>\n<tr>\n<td width=\"193\">\n<p>Compatibilidad de formatos<\/p>\n<\/td>\n<td width=\"441\">\n<p>Pel\u00edcula de 35 mm \/ sensor digital de fotograma completo<br \/>APS-C<\/p>\n<\/td>\n<\/tr>\n<tr>\n<td width=\"193\">\n<p>\u00c1ngulo<\/p>\n<\/td>\n<td width=\"441\">\n<p>110\u00b0<br \/>\u00c1ngulo de imagen APS-C: 85\u00b0<\/p>\n<\/td>\n<\/tr>\n<tr>\n<td width=\"193\">\n<p>Inclinaci\u00f3n\/Desplazamiento<\/p>\n<\/td>\n<td width=\"441\">\n<p>Desplazamientos \u00b1 6 mm<\/p>\n<\/td>\n<\/tr>\n<tr>\n<td width=\"193\">\n<p>Distancia m\u00ednima de enfoque<\/p>\n<\/td>\n<td width=\"441\">\n<p>12 cm<\/p>\n<\/td>\n<\/tr>\n<tr>\n<td width=\"193\">\n<p>Ampliaci\u00f3n<\/p>\n<\/td>\n<td width=\"441\">\n<p>1.0 veces<\/p>\n<\/td>\n<\/tr>\n<tr>\n<td width=\"193\">\n<p>Velocidad m\u00e1xima de reproducci\u00f3n<\/p>\n<\/td>\n<td width=\"441\">\n<p>1:1<\/p>\n<\/td>\n<\/tr>\n<tr>\n<td width=\"193\">\n<p>Dise\u00f1o \u00f3ptico<\/p>\n<\/td>\n<td width=\"441\">\n<p>12 elementos en 9 grupos<\/p>\n<\/td>\n<\/tr>\n<tr>\n<td width=\"193\">\n<p>Hojas de diafragma<\/p>\n<\/td>\n<td width=\"441\">\n<p>14<\/p>\n<\/td>\n<\/tr>\n<\/tbody>\n<\/table>\n<table style=\"width: 641px; height: 90px;\" border=\"0\" cellspacing=\"0\" cellpadding=\"2\">\n<colgroup>\n<col width=\"79*\"><\/colgroup>\n<colgroup>\n<col width=\"177*\"><\/colgroup>\n<tbody>\n<tr>\n<th colspan=\"2\" width=\"100%\">\n<p><a name=\"23001\"><\/a>Recursos<\/p>\n<\/th>\n<\/tr>\n<tr>\n<td width=\"31%\">\n<p>Estabilizaci\u00f3n de imagen<\/p>\n<\/td>\n<td width=\"69%\">\n<p>No<\/p>\n<\/td>\n<\/tr>\n<tr>\n<td width=\"31%\">\n<p>Autom\u00e1tico<\/p>\n<\/td>\n<td width=\"69%\">\n<p>No<\/p>\n<\/td>\n<\/tr>\n<tr>\n<td width=\"31%\">\n<p>Collar de tr\u00edpode<\/p>\n<\/td>\n<td width=\"69%\">\n<p>No<\/p>\n<\/td>\n<\/tr>\n<\/tbody>\n<\/table>\n<table style=\"width: 641px;\" border=\"0\" cellspacing=\"0\" cellpadding=\"2\">\n<colgroup>\n<col width=\"194\"><\/colgroup>\n<colgroup>\n<col width=\"440\"><\/colgroup>\n<tbody>\n<tr>\n<th colspan=\"2\" width=\"637\">\n<p><a name=\"11501\"><\/a>F\u00edsico<\/p>\n<\/th>\n<\/tr>\n<tr>\n<td width=\"194\">\n<p>Tema de filtro<\/p>\n<\/td>\n<td width=\"440\">\n<p>Frontal: 77 mm<\/p>\n<\/td>\n<\/tr>\n<tr>\n<td width=\"194\">\n<p>Dimensiones (DxL)<\/p>\n<\/td>\n<td width=\"440\">\n<p>83,8 x 64,7 mil\u00edmetros<\/p>\n<\/td>\n<\/tr>\n<tr>\n<td width=\"194\">\n<p>Peso<\/p>\n<\/td>\n<td width=\"440\">\n<p>410 gramos<\/p>\n<\/td>\n<\/tr>\n<\/tbody>\n<\/table>\n<\/div>\n","protected":false},"excerpt":{"rendered":"<p>Productos destacados Lente con montura E\/formato de fotograma completo Rango de apertura: f\/4 a f\/32 Relaci\u00f3n de aumento de 1:1;<\/p>\n","protected":false},"featured_media":49216,"comment_status":"closed","ping_status":"closed","template":"","meta":{"_acf_changed":false},"product_brand":[2682],"product_cat":[1062],"product_tag":[],"class_list":{"0":"post-74923","1":"product","2":"type-product","3":"status-publish","4":"has-post-thumbnail","6":"product_brand-laowa-es","7":"product_cat-mirrorless-objectivos","8":"pa_abertura-maxima-f-4-es","9":"pa_cor-negro","10":"pa_designs-especiais-macro-es","11":"pa_designs-especiais-tilt-shift-es","12":"pa_diametro-77mm-es","13":"pa_estabilizacao-de-imagem-no","14":"pa_montagem-da-objetiva-sony-e-es","15":"pa_sensor-fotograma-completo","16":"pa_tipo-de-foco-enfoque-manual","17":"pa_tipo-de-objetiva-gran-angular","18":"pa_zoom-fixa-fijo","20":"first","21":"onbackorder","22":"taxable","23":"shipping-taxable","24":"purchasable","25":"product-type-simple"},"bundled_by":[],"bundle_stock_status":"onbackorder","bundle_stock_quantity":null,"bundle_virtual":false,"bundle_layout":"","bundle_add_to_cart_form_location":"","bundle_editable_in_cart":false,"bundle_sold_individually_context":"","bundle_item_grouping":"","bundle_min_size":"","bundle_max_size":"","bundle_price":[],"bundled_items":[],"bundle_sell_ids":[],"acf":[],"_links":{"self":[{"href":"https:\/\/hi-techwonder.com\/es\/wp-json\/wp\/v2\/product\/74923","targetHints":{"allow":["GET"]}}],"collection":[{"href":"https:\/\/hi-techwonder.com\/es\/wp-json\/wp\/v2\/product"}],"about":[{"href":"https:\/\/hi-techwonder.com\/es\/wp-json\/wp\/v2\/types\/product"}],"replies":[{"embeddable":true,"href":"https:\/\/hi-techwonder.com\/es\/wp-json\/wp\/v2\/comments?post=74923"}],"wp:featuredmedia":[{"embeddable":true,"href":"https:\/\/hi-techwonder.com\/es\/wp-json\/wp\/v2\/media\/49216"}],"wp:attachment":[{"href":"https:\/\/hi-techwonder.com\/es\/wp-json\/wp\/v2\/media?parent=74923"}],"wp:term":[{"taxonomy":"product_brand","embeddable":true,"href":"https:\/\/hi-techwonder.com\/es\/wp-json\/wp\/v2\/product_brand?post=74923"},{"taxonomy":"product_cat","embeddable":true,"href":"https:\/\/hi-techwonder.com\/es\/wp-json\/wp\/v2\/product_cat?post=74923"},{"taxonomy":"product_tag","embeddable":true,"href":"https:\/\/hi-techwonder.com\/es\/wp-json\/wp\/v2\/product_tag?post=74923"}],"curies":[{"name":"wp","href":"https:\/\/api.w.org\/{rel}","templated":true}]}}