{"id":74935,"date":"2025-07-29T09:02:47","date_gmt":"2025-07-29T09:02:47","guid":{"rendered":"https:\/\/fv6qoy3ls0.wpdns.site\/product\/tubo-de-extension-kernel-para-micro-4-3\/"},"modified":"2026-01-31T02:45:47","modified_gmt":"2026-01-31T02:45:47","slug":"kernel-tubo-de-extension-kernel-para-micro-4-3","status":"publish","type":"product","link":"https:\/\/hi-techwonder.com\/es\/producto\/kernel-tubo-de-extension-kernel-para-micro-4-3\/","title":{"rendered":"Tubo de extensi\u00f3n KERNEL para Micro 4\/3"},"content":{"rendered":"<p style=\"text-align: justify\"><span style=\"font-size: small\"><span style=\"text-decoration: underline\"><strong>Recursos<\/strong><\/span><\/span><\/p>\n<p><span style=\"font-size: small\"> <\/span><\/p>\n<ul style=\"text-align: justify\">\n<li><span style=\"font-size: small\">3 tubos de extensi\u00f3n: 7 mm 14 mm 28 mm<\/span><\/li>\n<li> <span style=\"font-size: small\">Excepcionalmente \u00fatil para la fotograf\u00eda macro<\/span><\/li>\n<li> <span style=\"font-size: small\">El cuerpo totalmente met\u00e1lico ofrece la m\u00e1xima durabilidad<\/span><\/li>\n<li> <span style=\"font-size: small\">Sin componente \u00f3ptico en el medio (garantiza no disminuir la calidad de su foto).<\/span><\/li>\n<li> <span style=\"font-size: small\">Cuantos m\u00e1s tubos agregue, m\u00e1s cerca estar\u00e1 el enfoque y mayor ser\u00e1 el aumento<\/span><\/li>\n<\/ul>\n<p style=\"text-align: justify\"> <span style=\"font-size: small\">&nbsp;<\/span><\/p>\n<p><span style=\"font-size: small\"> <\/span><\/p>\n<p style=\"text-align: justify\"><span style=\"font-size: small\"><span style=\"text-decoration: underline\"><strong>Percibir<\/strong><\/span><\/span><\/p>\n<p><span style=\"font-size: small\"> <\/span><\/p>\n<ul style=\"text-align: justify\">\n<li><span style=\"font-size: small\">No hay contactos el\u00e9ctricos en los tubos de extensi\u00f3n. <span style=\"color: #ff0000\"><span style=\"text-decoration: underline\">La exposici\u00f3n debe ajustarse manualmente<\/span> .<\/span><\/span><\/li>\n<li> <span style=\"font-size: small\">El control de apertura no est\u00e1 disponible si utiliza un objetivo que no le permite ajustar manualmente la apertura (sin un anillo de apertura).<\/span><\/li>\n<\/ul>\n<p style=\"text-align: justify\"> <span style=\"font-size: small\"><br \/><span style=\"text-decoration: underline\"><strong>Compatible:<\/strong><\/span><\/span><\/p>\n<p style=\"text-align: justify\"> <span style=\"font-size: small\">Para todas las c\u00e1maras con montura Micro 4\/3, como:<\/span><\/p>\n<ul style=\"text-align: justify\">\n<li> <span style=\"font-size: small\">Panasonic G1 \/ G2 \/ G3 \/ G10 \/ GF3 \/ GF2 \/ GF1 \/ GH3 \/ GH2 \/ GH1<\/span><\/li>\n<li style=\"text-align: justify\"> <span style=\"font-size: small\">Olympus E-PL1 \/ E-PL2 \/ E-PL3 \/ E-P3 \/ E-P2 \/ E-P1 \/ E-PM1, etc.<\/span> <\/li>\n<\/ul>\n<p style=\"text-align: justify\">\n","protected":false},"excerpt":{"rendered":"<p>Recursos 3 tubos de extensi\u00f3n: 7 mm 14 mm 28 mm Excepcionalmente \u00fatil para la fotograf\u00eda macro El cuerpo totalmente<\/p>\n","protected":false},"featured_media":44547,"comment_status":"closed","ping_status":"open","template":"","meta":{"_acf_changed":false},"product_brand":[2676],"product_cat":[972],"product_tag":[],"class_list":{"0":"post-74935","1":"product","2":"type-product","3":"status-publish","4":"has-post-thumbnail","6":"product_brand-kernel-es","7":"product_cat-fotografia-macro-es","9":"first","10":"instock","11":"taxable","12":"shipping-taxable","13":"purchasable","14":"product-type-simple"},"bundled_by":[],"bundle_stock_status":"instock","bundle_stock_quantity":3,"bundle_virtual":false,"bundle_layout":"","bundle_add_to_cart_form_location":"","bundle_editable_in_cart":false,"bundle_sold_individually_context":"","bundle_item_grouping":"","bundle_min_size":"","bundle_max_size":"","bundle_price":[],"bundled_items":[],"bundle_sell_ids":[],"acf":[],"_links":{"self":[{"href":"https:\/\/hi-techwonder.com\/es\/wp-json\/wp\/v2\/product\/74935","targetHints":{"allow":["GET"]}}],"collection":[{"href":"https:\/\/hi-techwonder.com\/es\/wp-json\/wp\/v2\/product"}],"about":[{"href":"https:\/\/hi-techwonder.com\/es\/wp-json\/wp\/v2\/types\/product"}],"replies":[{"embeddable":true,"href":"https:\/\/hi-techwonder.com\/es\/wp-json\/wp\/v2\/comments?post=74935"}],"wp:featuredmedia":[{"embeddable":true,"href":"https:\/\/hi-techwonder.com\/es\/wp-json\/wp\/v2\/media\/44547"}],"wp:attachment":[{"href":"https:\/\/hi-techwonder.com\/es\/wp-json\/wp\/v2\/media?parent=74935"}],"wp:term":[{"taxonomy":"product_brand","embeddable":true,"href":"https:\/\/hi-techwonder.com\/es\/wp-json\/wp\/v2\/product_brand?post=74935"},{"taxonomy":"product_cat","embeddable":true,"href":"https:\/\/hi-techwonder.com\/es\/wp-json\/wp\/v2\/product_cat?post=74935"},{"taxonomy":"product_tag","embeddable":true,"href":"https:\/\/hi-techwonder.com\/es\/wp-json\/wp\/v2\/product_tag?post=74935"}],"curies":[{"name":"wp","href":"https:\/\/api.w.org\/{rel}","templated":true}]}}