{"id":74936,"date":"2025-07-29T10:29:17","date_gmt":"2025-07-29T10:29:17","guid":{"rendered":"https:\/\/fv6qoy3ls0.wpdns.site\/product\/kernel-df-228-mini-tripode-soporte-para-smartphone\/"},"modified":"2025-12-22T16:35:23","modified_gmt":"2025-12-22T16:35:23","slug":"kernel-df-228-mini-tripode-soporte-para-smartphone","status":"publish","type":"product","link":"https:\/\/hi-techwonder.com\/es\/producto\/kernel-df-228-mini-tripode-soporte-para-smartphone\/","title":{"rendered":"KERNEL DF-228 Mini Tr\u00edpode + Soporte para Smartphone"},"content":{"rendered":"<p>Mini tr\u00edpode de pl\u00e1stico simple con rosca de 1\/4&#8243; y soporte para tel\u00e9fono m\u00f3vil con 2 roscas de 1\/4&#8243;. Con las piernas cerradas, tambi\u00e9n puede sostener su tel\u00e9fono o c\u00e1mara compacta c\u00f3modamente y obtener videos m\u00e1s estables. <\/p>\n<p><strong>Caracter\u00edsticas t\u00e9cnicas:<\/strong><\/p>\n<ul>\n<li>Material: Pl\u00e1stico<\/li>\n<li>Cabezal ajustable: no<\/li>\n<li>Altura del tr\u00edpode cerrado: 16cm<\/li>\n<li>Altura del tr\u00edpode abierto: 11 cm<\/li>\n<li>Soporte para tel\u00e9fono m\u00f3vil de 6,5 cm a 8 cm<\/li>\n<\/ul>\n","protected":false},"excerpt":{"rendered":"<p>Mini tr\u00edpode de pl\u00e1stico simple con rosca de 1\/4&#8243; y soporte para tel\u00e9fono m\u00f3vil con 2 roscas de 1\/4&#8243;. Con<\/p>\n","protected":false},"featured_media":64006,"comment_status":"closed","ping_status":"open","template":"","meta":{"_acf_changed":false},"product_brand":[2676],"product_cat":[1085],"product_tag":[],"class_list":{"0":"post-74936","1":"product","2":"type-product","3":"status-publish","4":"has-post-thumbnail","6":"product_brand-kernel-es","7":"product_cat-para-smartphones-es","9":"first","10":"instock","11":"taxable","12":"shipping-taxable","13":"purchasable","14":"product-type-simple"},"bundled_by":[],"bundle_stock_status":"instock","bundle_stock_quantity":13,"bundle_virtual":false,"bundle_layout":"","bundle_add_to_cart_form_location":"","bundle_editable_in_cart":false,"bundle_sold_individually_context":"","bundle_item_grouping":"","bundle_min_size":"","bundle_max_size":"","bundle_price":[],"bundled_items":[],"bundle_sell_ids":[],"acf":[],"_links":{"self":[{"href":"https:\/\/hi-techwonder.com\/es\/wp-json\/wp\/v2\/product\/74936","targetHints":{"allow":["GET"]}}],"collection":[{"href":"https:\/\/hi-techwonder.com\/es\/wp-json\/wp\/v2\/product"}],"about":[{"href":"https:\/\/hi-techwonder.com\/es\/wp-json\/wp\/v2\/types\/product"}],"replies":[{"embeddable":true,"href":"https:\/\/hi-techwonder.com\/es\/wp-json\/wp\/v2\/comments?post=74936"}],"wp:featuredmedia":[{"embeddable":true,"href":"https:\/\/hi-techwonder.com\/es\/wp-json\/wp\/v2\/media\/64006"}],"wp:attachment":[{"href":"https:\/\/hi-techwonder.com\/es\/wp-json\/wp\/v2\/media?parent=74936"}],"wp:term":[{"taxonomy":"product_brand","embeddable":true,"href":"https:\/\/hi-techwonder.com\/es\/wp-json\/wp\/v2\/product_brand?post=74936"},{"taxonomy":"product_cat","embeddable":true,"href":"https:\/\/hi-techwonder.com\/es\/wp-json\/wp\/v2\/product_cat?post=74936"},{"taxonomy":"product_tag","embeddable":true,"href":"https:\/\/hi-techwonder.com\/es\/wp-json\/wp\/v2\/product_tag?post=74936"}],"curies":[{"name":"wp","href":"https:\/\/api.w.org\/{rel}","templated":true}]}}