{"id":74939,"date":"2025-07-28T23:43:54","date_gmt":"2025-07-28T23:43:54","guid":{"rendered":"https:\/\/fv6qoy3ls0.wpdns.site\/product\/kentmere-p-b-pan-200-rollo-135-36\/"},"modified":"2025-10-31T16:52:31","modified_gmt":"2025-10-31T16:52:31","slug":"kentmere-p-b-pan-200-rollo-135-36","status":"publish","type":"product","link":"https:\/\/hi-techwonder.com\/es\/producto\/kentmere-p-b-pan-200-rollo-135-36\/","title":{"rendered":"KENTMERE P\/B PAN 200 Rollo &#8211; 135\/36"},"content":{"rendered":"<p data-start=\"255\" data-end=\"386\" class=\"\"><strong data-start=\"388\" data-end=\"451\">KENTMERE PAN 200 &#8211; Pel\u00edcula en blanco y negro 135 mm ISO 200 &#8211; 36 exposiciones<\/strong><\/p>\n<p data-start=\"255\" data-end=\"386\" class=\"\"><strong data-start=\"388\" data-end=\"451\"><br \/><\/strong><\/p>\n<p data-start=\"453\" data-end=\"750\" class=\"\"><strong data-start=\"453\" data-end=\"471\">Funciones<\/strong><\/p>\n<ul>\n<li>Pel\u00edcula negativa pancrom\u00e1tica en blanco y negro<\/li>\n<li>Sensibilidad ISO promedio de 200\/24\u00b0<\/li>\n<li>Grano fino con buen afilado<\/li>\n<li>Amplia gama tonal con sombras profundas y alto contraste<\/li>\n<li>Latitud de exposici\u00f3n vers\u00e1til<\/li>\n<li>Ideal para aplicaciones cotidianas y para estudiantes o principiantes<\/li>\n<\/ul>\n<p data-start=\"453\" data-end=\"750\" class=\"\"><\/p>\n<p data-start=\"453\" data-end=\"750\" class=\"\">Contenido del paquete<\/p>\n<ul>\n<li>1 x Pel\u00edcula negativa en blanco y negro Kentmere PAN 200 &#8211; 135 mm, 36 exposiciones<\/li>\n<\/ul>\n<p data-start=\"453\" data-end=\"750\" class=\"\"><\/p>\n<p data-start=\"752\" data-end=\"1575\" class=\"\"><strong data-start=\"752\" data-end=\"765\">Descripci\u00f3n<\/strong><\/p>\n<ul>\n<li>El KENTMERE PAN 200 es un negativo pancrom\u00e1tico de pel\u00edcula en blanco y negro con sensibilidad ISO 200, dise\u00f1ado para ofrecer una est\u00e9tica monocrom\u00e1tica cl\u00e1sica con un rendimiento moderno.<\/li>\n<li>Esta pel\u00edcula proporciona un equilibrio entre grano fino, contraste n\u00edtido y excelente nitidez, al tiempo que mantiene un amplio rango din\u00e1mico tanto en luces como en sombras.<br data-start=\"1116\" data-end=\"1119\">Adecuado para fotograf\u00eda urbana, retratos, arquitectura y usos creativos en una variedad de condiciones de iluminaci\u00f3n, este rollo de 135 mm con 36 exposiciones es ideal para flujos de trabajo anal\u00f3gicos casuales y profesionales.<\/li>\n<li>Fabricada en el Reino Unido por Harman Technology, la pel\u00edcula sigue los mismos rigurosos est\u00e1ndares de producci\u00f3n aplicados a los productos ILFORD.<br data-start=\"1475\" data-end=\"1478\">Compatible con una amplia gama de reveladores para procesos qu\u00edmicos est\u00e1ndar y en blanco y negro.<\/li>\n<\/ul>\n<p data-start=\"1577\" data-end=\"1672\" class=\"\"><strong data-start=\"1577\" data-end=\"1602\"><br \/><\/strong><\/p>\n<p data-start=\"1577\" data-end=\"1672\" class=\"\"><strong data-start=\"1577\" data-end=\"1602\">Contenido del paquete<\/strong><\/p>\n<ul>\n<li>1 x Pel\u00edcula negativa en blanco y negro Kentmere PAN 200 &#8211; 135 mm, 36 exposiciones<\/li>\n<\/ul>\n<p><\/p>\n<p><\/p>\n<p data-start=\"1674\" data-end=\"1968\" class=\"\"><strong data-start=\"1674\" data-end=\"1701\">Especificaciones t\u00e9cnicas<\/strong><\/p>\n<ul>\n<li>MODELO: Kentmere PAN 200 &#8211; 135\/36<\/li>\n<li>Formato de pel\u00edcula: 35 mm<\/li>\n<li>N\u00famero de exposiciones: 36<\/li>\n<li>Tipo de pel\u00edcula: Negativo pancrom\u00e1tico en blanco y negro<\/li>\n<li>Sensibilidad ISO\/ASA: 200\/24\u00b0<\/li>\n<li>Procesamiento: Qu\u00edmica est\u00e1ndar en blanco y negro<\/li>\n<li>Balance de color: Luz diurna<\/li>\n<li><b>EAN: 0194980150523<\/b><\/li>\n<\/ul>\n<p><b><br \/><\/b><\/p>\n<p data-start=\"1970\" data-end=\"2209\" class=\"\"><strong data-start=\"1970\" data-end=\"1998\">Informaci\u00f3n de embalaje<\/strong><\/p>\n<ul>\n<li>Peso del paquete: 28 g<\/li>\n<li>Dimensiones de la caja (largo x ancho x alto): 6,1 x 3,9 x 3,7 cm<\/li>\n<\/ul>\n<p data-start=\"1970\" data-end=\"2209\" class=\"\"><br data-start=\"2073\" data-end=\"2076\"><b><br \/>\nNota<\/b>: Im\u00e1genes ilustrativas. Equipo fotogr\u00e1fico no incluido. Consulte el contenido del paquete y los detalles en las especificaciones del producto.  <\/p>\n","protected":false},"excerpt":{"rendered":"<p>KENTMERE PAN 200 &#8211; Pel\u00edcula en blanco y negro 135 mm ISO 200 &#8211; 36 exposiciones Funciones Pel\u00edcula negativa pancrom\u00e1tica<\/p>\n","protected":false},"featured_media":26854,"comment_status":"closed","ping_status":"open","template":"","meta":{"_acf_changed":false},"product_brand":[2602],"product_cat":[883],"product_tag":[],"class_list":{"0":"post-74939","1":"product","2":"type-product","3":"status-publish","4":"has-post-thumbnail","6":"product_brand-kentmere-es","7":"product_cat-35mm-es","9":"first","10":"instock","11":"taxable","12":"shipping-taxable","13":"purchasable","14":"product-type-simple"},"bundled_by":[],"bundle_stock_status":"instock","bundle_stock_quantity":18,"bundle_virtual":false,"bundle_layout":"","bundle_add_to_cart_form_location":"","bundle_editable_in_cart":false,"bundle_sold_individually_context":"","bundle_item_grouping":"","bundle_min_size":"","bundle_max_size":"","bundle_price":[],"bundled_items":[],"bundle_sell_ids":[],"acf":[],"_links":{"self":[{"href":"https:\/\/hi-techwonder.com\/es\/wp-json\/wp\/v2\/product\/74939","targetHints":{"allow":["GET"]}}],"collection":[{"href":"https:\/\/hi-techwonder.com\/es\/wp-json\/wp\/v2\/product"}],"about":[{"href":"https:\/\/hi-techwonder.com\/es\/wp-json\/wp\/v2\/types\/product"}],"replies":[{"embeddable":true,"href":"https:\/\/hi-techwonder.com\/es\/wp-json\/wp\/v2\/comments?post=74939"}],"wp:featuredmedia":[{"embeddable":true,"href":"https:\/\/hi-techwonder.com\/es\/wp-json\/wp\/v2\/media\/26854"}],"wp:attachment":[{"href":"https:\/\/hi-techwonder.com\/es\/wp-json\/wp\/v2\/media?parent=74939"}],"wp:term":[{"taxonomy":"product_brand","embeddable":true,"href":"https:\/\/hi-techwonder.com\/es\/wp-json\/wp\/v2\/product_brand?post=74939"},{"taxonomy":"product_cat","embeddable":true,"href":"https:\/\/hi-techwonder.com\/es\/wp-json\/wp\/v2\/product_cat?post=74939"},{"taxonomy":"product_tag","embeddable":true,"href":"https:\/\/hi-techwonder.com\/es\/wp-json\/wp\/v2\/product_tag?post=74939"}],"curies":[{"name":"wp","href":"https:\/\/api.w.org\/{rel}","templated":true}]}}