{"id":74947,"date":"2025-07-29T10:00:36","date_gmt":"2025-07-29T10:00:36","guid":{"rendered":"https:\/\/fv6qoy3ls0.wpdns.site\/product\/difusor-de-flash-kaiser-canon-320ex-1531\/"},"modified":"2026-01-31T01:51:48","modified_gmt":"2026-01-31T01:51:48","slug":"kaiser-difusor-de-flash-kaiser-canon-320ex-1531","status":"publish","type":"product","link":"https:\/\/hi-techwonder.com\/es\/producto\/kaiser-difusor-de-flash-kaiser-canon-320ex-1531\/","title":{"rendered":"Difusor de flash KAISER CANON 320EX &#8211; 1531"},"content":{"rendered":"<p><strong>Difusor de flash KAISER CANON 320EX &#8211; 1531<\/strong><\/p>\n<p>Difusor de flash CANON 320EX es un difusor deslizante fabricado en pl\u00e1stico transl\u00facido con un tono neutro. Para evitar sombras y reflejos profundos y lograr una iluminaci\u00f3n bien equilibrada. para Canon Speedlite 320EX  <\/p>\n","protected":false},"excerpt":{"rendered":"<p>Difusor de flash KAISER CANON 320EX &#8211; 1531 Difusor de flash CANON 320EX es un difusor deslizante fabricado en pl\u00e1stico<\/p>\n","protected":false},"featured_media":57059,"comment_status":"closed","ping_status":"open","template":"","meta":{"_acf_changed":false},"product_brand":[2692],"product_cat":[1023],"product_tag":[],"class_list":{"0":"post-74947","1":"product","2":"type-product","3":"status-publish","4":"has-post-thumbnail","6":"product_brand-kaiser-es","7":"product_cat-modificadores-de-luz-es","9":"first","10":"instock","11":"taxable","12":"shipping-taxable","13":"purchasable","14":"product-type-simple"},"bundled_by":[],"bundle_stock_status":"instock","bundle_stock_quantity":1,"bundle_virtual":false,"bundle_layout":"","bundle_add_to_cart_form_location":"","bundle_editable_in_cart":false,"bundle_sold_individually_context":"","bundle_item_grouping":"","bundle_min_size":"","bundle_max_size":"","bundle_price":[],"bundled_items":[],"bundle_sell_ids":[],"acf":[],"_links":{"self":[{"href":"https:\/\/hi-techwonder.com\/es\/wp-json\/wp\/v2\/product\/74947","targetHints":{"allow":["GET"]}}],"collection":[{"href":"https:\/\/hi-techwonder.com\/es\/wp-json\/wp\/v2\/product"}],"about":[{"href":"https:\/\/hi-techwonder.com\/es\/wp-json\/wp\/v2\/types\/product"}],"replies":[{"embeddable":true,"href":"https:\/\/hi-techwonder.com\/es\/wp-json\/wp\/v2\/comments?post=74947"}],"wp:featuredmedia":[{"embeddable":true,"href":"https:\/\/hi-techwonder.com\/es\/wp-json\/wp\/v2\/media\/57059"}],"wp:attachment":[{"href":"https:\/\/hi-techwonder.com\/es\/wp-json\/wp\/v2\/media?parent=74947"}],"wp:term":[{"taxonomy":"product_brand","embeddable":true,"href":"https:\/\/hi-techwonder.com\/es\/wp-json\/wp\/v2\/product_brand?post=74947"},{"taxonomy":"product_cat","embeddable":true,"href":"https:\/\/hi-techwonder.com\/es\/wp-json\/wp\/v2\/product_cat?post=74947"},{"taxonomy":"product_tag","embeddable":true,"href":"https:\/\/hi-techwonder.com\/es\/wp-json\/wp\/v2\/product_tag?post=74947"}],"curies":[{"name":"wp","href":"https:\/\/api.w.org\/{rel}","templated":true}]}}