{"id":74949,"date":"2025-07-29T10:35:46","date_gmt":"2025-07-29T10:35:46","guid":{"rendered":"https:\/\/fv6qoy3ls0.wpdns.site\/product\/tripode-de-carbono-kf-concept-x284c4-con-monopie-bh-36\/"},"modified":"2026-01-31T01:31:57","modified_gmt":"2026-01-31T01:31:57","slug":"kf-concept-tripode-de-carbono-kf-concept-x284c4-con-monopie-bh-36","status":"publish","type":"product","link":"https:\/\/hi-techwonder.com\/es\/producto\/kf-concept-tripode-de-carbono-kf-concept-x284c4-con-monopie-bh-36\/","title":{"rendered":"Tr\u00edpode de carbono K&amp;F CONCEPT X284C4 (con monopie) + BH-36"},"content":{"rendered":"<h3>Tr\u00edpode K&amp;F CONCEPT X284C4 (con monopie) + Cabeza de varilla BH-36<\/h3>\n<p><font color=\"#ff9c00\">KF09.117<\/font><\/p>\n<ul>\n<li>Capacidad de carga: 16kg<\/li>\n<li>Altura m\u00e1xima de 1,72 m<\/li>\n<li>Fibra de carbono<\/li>\n<li>Peso: 2,25 kg<\/li>\n<\/ul>\n<p><iframe loading=\"lazy\" src=\"https:\/\/www.youtube.com\/embed\/j2rFtxzF904\" width=\"560\" height=\"314\" allowfullscreen=\"allowfullscreen\"><\/iframe><\/p>\n<p>El nuevo tr\u00edpode K&amp;F Concept X284C4 es un tr\u00edpode para fotograf\u00eda profesional, con un dise\u00f1o premiado de la Serie X. Fabricado en fibra de carbono, para aumentar su resistencia y disminuir el peso, convirti\u00e9ndose as\u00ed en un compa\u00f1ero inseparable para el trabajo de campo. Alcanza una altura m\u00e1xima de 1,72 m y una altura m\u00ednima de trabajo de 58,5 cm. Tambi\u00e9n se puede utilizar invertido, con el fin de disminuir la altura efectiva m\u00ednima. Sus patas tienen 4 secciones y se pueden contrarrestar con el mecanismo \u00abTwist Lock\u00bb, son ajustables en 3 \u00e1ngulos y una de sus patas se puede usar como monopie.   <\/p>\n<p>Viene con el cabezal de r\u00f3tula de aluminio BH-36, que permite una carga m\u00e1xima de 16kg, sartenes de 360\u00ba y cocci\u00f3n vertical.&nbsp;<\/p>\n<h4>Caracter\u00edsticas t\u00e9cnicas<\/h4>\n<p>Capacidad de carga: 16kg<\/p>\n<p>Altura m\u00e1xima de trabajo: 1725 mm<\/p>\n<p>Altura m\u00e1xima sin columna central: 1410 mm<\/p>\n<p>Altura m\u00ednima de trabajo: 585 mm<\/p>\n<p>Longitud de flexi\u00f3n: 500 mm<\/p>\n<p>Peso: 2251g<\/p>\n<p>Materiales: Fibra de carbono<\/p>\n<p>Color: Gris oscuro<\/p>\n<p>Tipo de bloqueo de pata: Twist Lock<\/p>\n<p>Secciones de piernas: 4<\/p>\n<p>Di\u00e1metro de la pata: 19-28 mm<\/p>\n<p>Caracter\u00edsticas especiales: Se puede invertir 180\u00b0, usar como monopie y plegar<\/p>\n","protected":false},"excerpt":{"rendered":"<p>Tr\u00edpode K&amp;F CONCEPT X284C4 (con monopie) + Cabeza de varilla BH-36 KF09.117 Capacidad de carga: 16kg Altura m\u00e1xima de 1,72<\/p>\n","protected":false},"featured_media":65006,"comment_status":"closed","ping_status":"open","template":"","meta":{"_acf_changed":false},"product_brand":[2562],"product_cat":[1092],"product_tag":[],"class_list":{"0":"post-74949","1":"product","2":"type-product","3":"status-publish","4":"has-post-thumbnail","6":"product_brand-kf-concept-es","7":"product_cat-kits-foto-es","9":"first","10":"instock","11":"taxable","12":"shipping-taxable","13":"purchasable","14":"product-type-simple"},"bundled_by":[],"bundle_stock_status":"instock","bundle_stock_quantity":2,"bundle_virtual":false,"bundle_layout":"","bundle_add_to_cart_form_location":"","bundle_editable_in_cart":false,"bundle_sold_individually_context":"","bundle_item_grouping":"","bundle_min_size":"","bundle_max_size":"","bundle_price":[],"bundled_items":[],"bundle_sell_ids":[],"acf":[],"_links":{"self":[{"href":"https:\/\/hi-techwonder.com\/es\/wp-json\/wp\/v2\/product\/74949","targetHints":{"allow":["GET"]}}],"collection":[{"href":"https:\/\/hi-techwonder.com\/es\/wp-json\/wp\/v2\/product"}],"about":[{"href":"https:\/\/hi-techwonder.com\/es\/wp-json\/wp\/v2\/types\/product"}],"replies":[{"embeddable":true,"href":"https:\/\/hi-techwonder.com\/es\/wp-json\/wp\/v2\/comments?post=74949"}],"wp:featuredmedia":[{"embeddable":true,"href":"https:\/\/hi-techwonder.com\/es\/wp-json\/wp\/v2\/media\/65006"}],"wp:attachment":[{"href":"https:\/\/hi-techwonder.com\/es\/wp-json\/wp\/v2\/media?parent=74949"}],"wp:term":[{"taxonomy":"product_brand","embeddable":true,"href":"https:\/\/hi-techwonder.com\/es\/wp-json\/wp\/v2\/product_brand?post=74949"},{"taxonomy":"product_cat","embeddable":true,"href":"https:\/\/hi-techwonder.com\/es\/wp-json\/wp\/v2\/product_cat?post=74949"},{"taxonomy":"product_tag","embeddable":true,"href":"https:\/\/hi-techwonder.com\/es\/wp-json\/wp\/v2\/product_tag?post=74949"}],"curies":[{"name":"wp","href":"https:\/\/api.w.org\/{rel}","templated":true}]}}