{"id":74950,"date":"2025-07-29T10:36:07","date_gmt":"2025-07-29T10:36:07","guid":{"rendered":"https:\/\/fv6qoy3ls0.wpdns.site\/product\/tripode-kf-concept-d254c1-bh-28l-kf09-109\/"},"modified":"2026-01-31T01:31:19","modified_gmt":"2026-01-31T01:31:19","slug":"kf-concept-tripode-kf-concept-d254c1-bh-28l-kf09-109","status":"publish","type":"product","link":"https:\/\/hi-techwonder.com\/es\/producto\/kf-concept-tripode-kf-concept-d254c1-bh-28l-kf09-109\/","title":{"rendered":"Tr\u00edpode K&amp;F CONCEPT D254C1 + BH-28L &#8211; KF09.109"},"content":{"rendered":"<p><strong>Tr\u00edpode K&amp;F CONCEPT D254C1 + BH-28L  <\/strong><\/p>\n<p><font color=\"#ff9c00\">KF09.109<\/font><\/p>\n<p>Tr\u00edpode fabricado en <strong>fibra de carbono<\/strong>, en el que se optimiza el tama\u00f1o de cada pata, con la pata m\u00e1s fina fabricada en fibra de carbono de alta calidad para que la pata sea m\u00e1s r\u00edgida, estable y resistente.<\/p>\n<p>Al colocar el eje central y la r\u00f3tula dentro de las patas plegadas del tr\u00edpode, el uso del espacio de plegado es m\u00e1s eficiente. La longitud del tr\u00edpode plegado es de solo 40,64 cm y pesa 1.350 kg. &nbsp;<\/p>\n<p>Este tr\u00edpode se puede convertir r\u00e1pida y f\u00e1cilmente en un monopi\u00e9 y, al instalar directamente la r\u00f3tula en el monopie, puede capturar f\u00e1cilmente las fotos o videos necesarios sin limitaciones de espacio.<\/p>\n<p>A trav\u00e9s de la optimizaci\u00f3n estructural, se configura r\u00e1pidamente un eje central extra\u00edble. Al voltearlo, la c\u00e1mara puede estar m\u00e1s cerca del suelo para fotograf\u00edas macro o de \u00e1ngulo bajo de plantas o insectos, u otra fotograf\u00eda creativa. <\/p>\n<p>La r\u00f3tula de metal de 360 grados y la placa de liberaci\u00f3n r\u00e1pida est\u00e1n bloqueadas por botones; y toda la placa de liberaci\u00f3n r\u00e1pida es compacta y liviana y tiene una gran compatibilidad, ya que se puede aplicar a la mayor\u00eda de los Arca-Swiss.<\/p>\n<p>El tornillo de 1\/4&#8243; es adecuado para la mayor\u00eda de las c\u00e1maras, c\u00e1maras DSLR, proyectores y telescopios, etc.<\/p>\n<p><iframe loading=\"lazy\" src=\"https:\/\/www.youtube.com\/embed\/kiEP1tbOH7U\" width=\"560\" height=\"314\" allowfullscreen=\"allowfullscreen\"><\/iframe><\/p>\n<p><strong>Caracter\u00edsticas principales:<\/strong><\/p>\n<p><strong>Capacidad de carga: 10kg<\/strong><\/p>\n<p><strong>Altura m\u00e1xima: 160 cm<\/strong><\/p>\n<p><strong>Altura sin columna central: 114cm<\/strong><\/p>\n<p><strong>Longitud plegada: 41cm<\/strong><\/p>\n<p><strong>Peso: 1.350kg<\/strong><\/p>\n","protected":false},"excerpt":{"rendered":"<p>Tr\u00edpode K&amp;F CONCEPT D254C1 + BH-28L KF09.109 Tr\u00edpode fabricado en fibra de carbono, en el que se optimiza el tama\u00f1o<\/p>\n","protected":false},"featured_media":65056,"comment_status":"closed","ping_status":"open","template":"","meta":{"_acf_changed":false},"product_brand":[2562],"product_cat":[1092],"product_tag":[],"class_list":{"0":"post-74950","1":"product","2":"type-product","3":"status-publish","4":"has-post-thumbnail","6":"product_brand-kf-concept-es","7":"product_cat-kits-foto-es","9":"first","10":"instock","11":"taxable","12":"shipping-taxable","13":"purchasable","14":"product-type-simple"},"bundled_by":[],"bundle_stock_status":"instock","bundle_stock_quantity":1,"bundle_virtual":false,"bundle_layout":"","bundle_add_to_cart_form_location":"","bundle_editable_in_cart":false,"bundle_sold_individually_context":"","bundle_item_grouping":"","bundle_min_size":"","bundle_max_size":"","bundle_price":[],"bundled_items":[],"bundle_sell_ids":[],"acf":[],"_links":{"self":[{"href":"https:\/\/hi-techwonder.com\/es\/wp-json\/wp\/v2\/product\/74950","targetHints":{"allow":["GET"]}}],"collection":[{"href":"https:\/\/hi-techwonder.com\/es\/wp-json\/wp\/v2\/product"}],"about":[{"href":"https:\/\/hi-techwonder.com\/es\/wp-json\/wp\/v2\/types\/product"}],"replies":[{"embeddable":true,"href":"https:\/\/hi-techwonder.com\/es\/wp-json\/wp\/v2\/comments?post=74950"}],"wp:featuredmedia":[{"embeddable":true,"href":"https:\/\/hi-techwonder.com\/es\/wp-json\/wp\/v2\/media\/65056"}],"wp:attachment":[{"href":"https:\/\/hi-techwonder.com\/es\/wp-json\/wp\/v2\/media?parent=74950"}],"wp:term":[{"taxonomy":"product_brand","embeddable":true,"href":"https:\/\/hi-techwonder.com\/es\/wp-json\/wp\/v2\/product_brand?post=74950"},{"taxonomy":"product_cat","embeddable":true,"href":"https:\/\/hi-techwonder.com\/es\/wp-json\/wp\/v2\/product_cat?post=74950"},{"taxonomy":"product_tag","embeddable":true,"href":"https:\/\/hi-techwonder.com\/es\/wp-json\/wp\/v2\/product_tag?post=74950"}],"curies":[{"name":"wp","href":"https:\/\/api.w.org\/{rel}","templated":true}]}}