{"id":74951,"date":"2025-07-29T10:35:59","date_gmt":"2025-07-29T10:35:59","guid":{"rendered":"https:\/\/fv6qoy3ls0.wpdns.site\/product\/kf-concept-k254c2-cabezal-de-tripode-bh-36l-kf09-123\/"},"modified":"2025-09-15T17:35:01","modified_gmt":"2025-09-15T17:35:01","slug":"kf-concept-k254c2-cabezal-de-tripode-bh-36l-kf09-123","status":"publish","type":"product","link":"https:\/\/hi-techwonder.com\/es\/producto\/kf-concept-k254c2-cabezal-de-tripode-bh-36l-kf09-123\/","title":{"rendered":"K&amp;F CONCEPT K254C2+ Cabezal de tr\u00edpode BH-36L (KF09.123)"},"content":{"rendered":"<p><strong>K&amp;F CONCEPT K254C2+ Cabezal de tr\u00edpode BH-36L  <\/strong><\/p>\n<p><strong style=\"background-color: rgb(99, 99, 99);\"><font color=\"#ff9c00\">KF09.123<\/font><\/strong><\/p>\n<p><strong><iframe loading=\"lazy\" style=\"width: 100%;\" src=\"https:\/\/www.youtube.com\/embed\/uBb-z6-eM3g?t=12s\" width=\"560\" height=\"314\" allowfullscreen=\"allowfullscreen\"><\/iframe><\/strong><\/p>\n<p><strong>Descripci\u00f3n:<\/strong><\/p>\n<p><strong>Tr\u00edpode de fibra de carbono<\/strong>, con un peso de solo 1,1 kg, tiene patas con 4 secciones, que permiten ajustar la altura hasta 162 cm. Se puede plegar, por lo que es de 41 cm, para facilitar su colocaci\u00f3n en la bolsa de transporte. <\/p>\n<p>Piezas de conexi\u00f3n en nylon sint\u00e9tico reforzado, para una mayor resistencia a la intemperie.<\/p>\n<p>La r\u00f3tula esf\u00e9rica de 36 mm se puede girar a cualquier \u00e1ngulo deseado, lo que ayuda a mejorar el rango de actividad de la c\u00e1mara durante la panor\u00e1mica. El 360 ?? degrees le permite configurar tomas de precisi\u00f3n para capturar la belleza de los paisajes.<\/p>\n<p>La instalaci\u00f3n invertida de la columna central (corta) permite obtener el \u00e1ngulo m\u00e1s peque\u00f1o de toma, tiro con arco y fotograf\u00eda especial.<\/p>\n<p>Este tr\u00edpode, con una rosca est\u00e1ndar de 1\/4 de pulgada, se puede acoplar a la mayor\u00eda de las placas de liberaci\u00f3n r\u00e1pida Arca-Swiss; El tornillo de 1\/4&#8243; es adecuado para la mayor\u00eda de las c\u00e1maras, c\u00e1maras DSLR, proyectores y telescopios, etc.<\/p>\n<p><strong>Caracter\u00edsticas principales:<\/strong><\/p>\n<ul>\n<li>Capacidad de carga: 8 kg<\/li>\n<li>Di\u00e1metro del tubo: 25 mm<\/li>\n<li>Altura m\u00e1xima: 1620 mm<\/li>\n<li>Longitud plegada: 415 mm<\/li>\n<li>Peso: 1,1 kg<\/li>\n<\/ul>\n","protected":false},"excerpt":{"rendered":"<p>K&amp;F CONCEPT K254C2+ Cabezal de tr\u00edpode BH-36L KF09.123 Descripci\u00f3n: Tr\u00edpode de fibra de carbono, con un peso de solo 1,1<\/p>\n","protected":false},"featured_media":65043,"comment_status":"closed","ping_status":"open","template":"","meta":{"_acf_changed":false},"product_brand":[2562],"product_cat":[1092],"product_tag":[],"class_list":{"0":"post-74951","1":"product","2":"type-product","3":"status-publish","4":"has-post-thumbnail","6":"product_brand-kf-concept-es","7":"product_cat-kits-foto-es","9":"first","10":"outofstock","11":"taxable","12":"shipping-taxable","13":"purchasable","14":"product-type-simple"},"bundled_by":[],"bundle_stock_status":"outofstock","bundle_stock_quantity":null,"bundle_virtual":false,"bundle_layout":"","bundle_add_to_cart_form_location":"","bundle_editable_in_cart":false,"bundle_sold_individually_context":"","bundle_item_grouping":"","bundle_min_size":"","bundle_max_size":"","bundle_price":[],"bundled_items":[],"bundle_sell_ids":[],"acf":[],"_links":{"self":[{"href":"https:\/\/hi-techwonder.com\/es\/wp-json\/wp\/v2\/product\/74951","targetHints":{"allow":["GET"]}}],"collection":[{"href":"https:\/\/hi-techwonder.com\/es\/wp-json\/wp\/v2\/product"}],"about":[{"href":"https:\/\/hi-techwonder.com\/es\/wp-json\/wp\/v2\/types\/product"}],"replies":[{"embeddable":true,"href":"https:\/\/hi-techwonder.com\/es\/wp-json\/wp\/v2\/comments?post=74951"}],"wp:featuredmedia":[{"embeddable":true,"href":"https:\/\/hi-techwonder.com\/es\/wp-json\/wp\/v2\/media\/65043"}],"wp:attachment":[{"href":"https:\/\/hi-techwonder.com\/es\/wp-json\/wp\/v2\/media?parent=74951"}],"wp:term":[{"taxonomy":"product_brand","embeddable":true,"href":"https:\/\/hi-techwonder.com\/es\/wp-json\/wp\/v2\/product_brand?post=74951"},{"taxonomy":"product_cat","embeddable":true,"href":"https:\/\/hi-techwonder.com\/es\/wp-json\/wp\/v2\/product_cat?post=74951"},{"taxonomy":"product_tag","embeddable":true,"href":"https:\/\/hi-techwonder.com\/es\/wp-json\/wp\/v2\/product_tag?post=74951"}],"curies":[{"name":"wp","href":"https:\/\/api.w.org\/{rel}","templated":true}]}}