{"id":74952,"date":"2025-07-29T10:39:33","date_gmt":"2025-07-29T10:39:33","guid":{"rendered":"https:\/\/fv6qoy3ls0.wpdns.site\/product\/tripode-de-video-kf-concept-va18vh081-kf09-121\/"},"modified":"2026-01-31T01:30:12","modified_gmt":"2026-01-31T01:30:12","slug":"kf-concept-tripode-de-video-kf-concept-va18vh081-kf09-121","status":"publish","type":"product","link":"https:\/\/hi-techwonder.com\/es\/producto\/kf-concept-tripode-de-video-kf-concept-va18vh081-kf09-121\/","title":{"rendered":"Tr\u00edpode de v\u00eddeo K&amp;F CONCEPT VA18+VH081 &#8211; KF09.121"},"content":{"rendered":"<p><strong>Tr\u00edpode de v\u00eddeo VA18+VH081<\/strong><\/p>\n<p><font color=\"#ff9c00\">KF09.121<\/font><\/p>\n<p><strong><br \/><\/strong><\/p>\n<p><strong><iframe loading=\"lazy\" src=\"https:\/\/www.youtube.com\/embed\/fY2I86uOx4s\" width=\"560\" height=\"314\" allowfullscreen=\"allowfullscreen\"><\/iframe><\/strong><\/p>\n<p><strong>Descripci\u00f3n:<\/strong><\/p>\n<p>Estabiliza tu c\u00e1mara y captura fotos y videos de diversos eventos (deportes, bodas, paisajes, personas y productos con este robusto tr\u00edpode.&nbsp;<\/p>\n<p>La capacidad de carga m\u00e1xima puede alcanzar los 8 kg.<\/p>\n<p>Con la ayuda de un sistema de control de equilibrio y amortiguaci\u00f3n, el cabezal de video puede lograr una panor\u00e1mica de 360 \u00b0 y una inclinaci\u00f3n de -70 \u00b0 \/ 90 \u00b0, lo cual es adecuado para tomas panor\u00e1micas, de arriba hacia abajo y de \u00e1ngulo bajo. La correa extra\u00edble es conveniente para el uso de zurdos y diestros. <\/p>\n<p>El cabezal fluido tiene liberaci\u00f3n r\u00e1pida si se presiona hacia los lados, lo que permite un montaje y desmontaje r\u00e1pido y seguro de la c\u00e1mara presionando el bot\u00f3n de liberaci\u00f3n lateral y ajust\u00e1ndolo.&nbsp;<\/p>\n<p>La placa de liberaci\u00f3n r\u00e1pida de tornillo de 1\/4\u00bb-20 y 3\/8\u00bb-16 incluida (llave incorporada) es compatible con varias c\u00e1maras DSLR, c\u00e1maras sin espejo, videoc\u00e1maras, cardanes, plataformas de video, etc.<\/p>\n<p>El tr\u00edpode est\u00e1 hecho de tubos de doble fila de aleaci\u00f3n de aluminio de alta resistencia con una base de cuenco de 75 mm y es adecuado tanto para fotograf\u00eda en interiores como en exteriores.&nbsp;<\/p>\n<p>Orificio roscado de 1\/4&#8243; para una f\u00e1cil conexi\u00f3n a otros equipos de fotograf\u00eda como pantallas, luces LED, brazos m\u00e1gicos, etc.<\/p>\n<p>Es posible extender la altura del tr\u00edpode de 84 cm a 184 cm y asegurarlo con los cierres con bisagras.&nbsp;<\/p>\n<p>La longitud plegada es de 88 cm con una bolsa para facilitar el almacenamiento y el transporte.<\/p>\n<p><strong>Caracter\u00edsticas principales:<\/strong><\/p>\n<p><strong>Altura m\u00e1xima: 184cm<\/strong><\/p>\n<p><strong>Altura m\u00ednima: 84cm<\/strong><\/p>\n<p><strong>Longitud plegada: 88cm<\/strong><\/p>\n<p><strong>Capacidad de carga: 8 kg<\/strong><\/p>\n<p><strong>&#8211; N\u00famero de patas: 3<\/strong><\/p>\n","protected":false},"excerpt":{"rendered":"<p>Tr\u00edpode de v\u00eddeo VA18+VH081 KF09.121 Descripci\u00f3n: Estabiliza tu c\u00e1mara y captura fotos y videos de diversos eventos (deportes, bodas, paisajes,<\/p>\n","protected":false},"featured_media":65804,"comment_status":"closed","ping_status":"open","template":"","meta":{"_acf_changed":false},"product_brand":[2562],"product_cat":[1091],"product_tag":[],"class_list":{"0":"post-74952","1":"product","2":"type-product","3":"status-publish","4":"has-post-thumbnail","6":"product_brand-kf-concept-es","7":"product_cat-kits-de-video-es","9":"first","10":"instock","11":"taxable","12":"shipping-taxable","13":"purchasable","14":"product-type-simple"},"bundled_by":[],"bundle_stock_status":"instock","bundle_stock_quantity":2,"bundle_virtual":false,"bundle_layout":"","bundle_add_to_cart_form_location":"","bundle_editable_in_cart":false,"bundle_sold_individually_context":"","bundle_item_grouping":"","bundle_min_size":"","bundle_max_size":"","bundle_price":[],"bundled_items":[],"bundle_sell_ids":[],"acf":[],"_links":{"self":[{"href":"https:\/\/hi-techwonder.com\/es\/wp-json\/wp\/v2\/product\/74952","targetHints":{"allow":["GET"]}}],"collection":[{"href":"https:\/\/hi-techwonder.com\/es\/wp-json\/wp\/v2\/product"}],"about":[{"href":"https:\/\/hi-techwonder.com\/es\/wp-json\/wp\/v2\/types\/product"}],"replies":[{"embeddable":true,"href":"https:\/\/hi-techwonder.com\/es\/wp-json\/wp\/v2\/comments?post=74952"}],"wp:featuredmedia":[{"embeddable":true,"href":"https:\/\/hi-techwonder.com\/es\/wp-json\/wp\/v2\/media\/65804"}],"wp:attachment":[{"href":"https:\/\/hi-techwonder.com\/es\/wp-json\/wp\/v2\/media?parent=74952"}],"wp:term":[{"taxonomy":"product_brand","embeddable":true,"href":"https:\/\/hi-techwonder.com\/es\/wp-json\/wp\/v2\/product_brand?post=74952"},{"taxonomy":"product_cat","embeddable":true,"href":"https:\/\/hi-techwonder.com\/es\/wp-json\/wp\/v2\/product_cat?post=74952"},{"taxonomy":"product_tag","embeddable":true,"href":"https:\/\/hi-techwonder.com\/es\/wp-json\/wp\/v2\/product_tag?post=74952"}],"curies":[{"name":"wp","href":"https:\/\/api.w.org\/{rel}","templated":true}]}}