{"id":74953,"date":"2025-07-29T10:26:06","date_gmt":"2025-07-29T10:26:06","guid":{"rendered":"https:\/\/fv6qoy3ls0.wpdns.site\/product\/tripode-kf-concept-2-en-1-selfie-stick-con-control-remoto\/"},"modified":"2026-03-19T14:29:26","modified_gmt":"2026-03-19T14:29:26","slug":"kf-concept-tripode-kf-concept-2-en-1-selfie-stick-con-control-remoto","status":"publish","type":"product","link":"https:\/\/hi-techwonder.com\/es\/producto\/kf-concept-tripode-kf-concept-2-en-1-selfie-stick-con-control-remoto\/","title":{"rendered":"Tr\u00edpode K&amp;F CONCEPT 2 en 1 Selfie Stick con control remoto"},"content":{"rendered":"<p><strong>T\u00edtulo:<\/strong> Tr\u00edpode K&amp;F CONCEPT 2 en 1 Selfie Stick con control remoto: versatilidad y movilidad para fotos y videos<\/p>\n<hr>\n<p><strong>Funciones<\/strong><\/p>\n<ul>\n<li><strong>Altura ajustable<\/strong>:\n<ul>\n<li>Altura m\u00e1xima de <strong>157,8 cm<\/strong> y altura m\u00ednima de <strong>32,8 cm<\/strong>, con patas ajustables en <strong>7 secciones<\/strong>, lo que permite flexibilidad para cumplir con diferentes escenarios y \u00e1ngulos de disparo.<\/li>\n<\/ul>\n<\/li>\n<li><strong>Capacidad de carga<\/strong>:\n<ul>\n<li>Soporta hasta <strong>2 kg<\/strong>, ideal para c\u00e1maras sin espejo, tel\u00e9fonos inteligentes y equipos de acci\u00f3n como GoPro, DJI Osmo Action e Insta360.<\/li>\n<\/ul>\n<\/li>\n<li><strong>Rotaci\u00f3n completa de la r\u00f3tula<\/strong>:\n<ul>\n<li>Ofrece una rotaci\u00f3n horizontal de <strong>360\u00b0<\/strong> y una inclinaci\u00f3n vertical de <strong>90\u00b0<\/strong>, lo que proporciona una amplia cobertura para fotografiar paisajes, retratos y escenas deportivas con facilidad.<\/li>\n<\/ul>\n<\/li>\n<li><strong>Interfaz universal<\/strong>:\n<ul>\n<li>Equipado con una interfaz <strong>de 1\/4 de pulgada<\/strong>, compatible con varios dispositivos para admitir filmaciones y grabaciones.<\/li>\n<\/ul>\n<\/li>\n<li><strong>Ligero y port\u00e1til<\/strong>:\n<ul>\n<li>Con un peso de solo <strong>398 g<\/strong>, es compacto y f\u00e1cil de transportar, lo que lo hace ideal para viajes, tomas al aire libre y aventuras.<\/li>\n<\/ul>\n<\/li>\n<li><strong>Control remoto Bluetooth incluido<\/strong>:\n<ul>\n<li>Alcance de hasta <strong>10 metros<\/strong>, lo que le permite capturar fotos y videos de forma remota. Admite hasta <strong>10 horas<\/strong> de funcionamiento continuo con emparejamiento r\u00e1pido y sin contrase\u00f1a. <\/li>\n<\/ul>\n<\/li>\n<\/ul>\n<hr>\n<p><strong>Contenido del paquete<\/strong><\/p>\n<ul>\n<li>1 Un. Tr\u00edpode Selfie Stick 2 en 1 <\/li>\n<li>1 Un. Adaptador para smartphone <\/li>\n<li>1 Un. Adaptador de c\u00e1mara de acci\u00f3n <\/li>\n<\/ul>\n<hr>\n<p><strong>Especificaciones t\u00e9cnicas<\/strong><\/p>\n<ul>\n<li><strong>Altura m\u00e1xima<\/strong>: 157 cm<\/li>\n<li><strong>Altura m\u00ednima<\/strong>: 32,8 cm<\/li>\n<li><strong>Capacidad de carga<\/strong>: 2 kg<\/li>\n<li><strong>Di\u00e1metro del tubo de la pierna<\/strong>: 9 \u2013 22 mm<\/li>\n<li><strong>Peso<\/strong>: 398 g<\/li>\n<li><strong>Columna central<\/strong>: 7 secciones<\/li>\n<\/ul>\n<hr>\n<p><strong>Informaci\u00f3n adicional<\/strong><br \/>\nNota: Im\u00e1genes ilustrativas. Equipo adicional no incluido. Consulte el contenido y las especificaciones del paquete para obtener m\u00e1s detalles.  <\/p>\n","protected":false},"excerpt":{"rendered":"<p>T\u00edtulo: Tr\u00edpode K&amp;F CONCEPT 2 en 1 Selfie Stick con control remoto: versatilidad y movilidad para fotos y videos Funciones<\/p>\n","protected":false},"featured_media":63312,"comment_status":"closed","ping_status":"open","template":"","meta":{"_acf_changed":false},"product_brand":[2562],"product_cat":[1086],"product_tag":[],"class_list":{"0":"post-74953","1":"product","2":"type-product","3":"status-publish","4":"has-post-thumbnail","6":"product_brand-kf-concept-es","7":"product_cat-empunadura-palo-selfie","9":"first","10":"instock","11":"taxable","12":"shipping-taxable","13":"purchasable","14":"product-type-simple"},"bundled_by":[],"bundle_stock_status":"instock","bundle_stock_quantity":1,"bundle_virtual":false,"bundle_layout":"","bundle_add_to_cart_form_location":"","bundle_editable_in_cart":false,"bundle_sold_individually_context":"","bundle_item_grouping":"","bundle_min_size":"","bundle_max_size":"","bundle_price":[],"bundled_items":[],"bundle_sell_ids":[],"acf":[],"_links":{"self":[{"href":"https:\/\/hi-techwonder.com\/es\/wp-json\/wp\/v2\/product\/74953","targetHints":{"allow":["GET"]}}],"collection":[{"href":"https:\/\/hi-techwonder.com\/es\/wp-json\/wp\/v2\/product"}],"about":[{"href":"https:\/\/hi-techwonder.com\/es\/wp-json\/wp\/v2\/types\/product"}],"replies":[{"embeddable":true,"href":"https:\/\/hi-techwonder.com\/es\/wp-json\/wp\/v2\/comments?post=74953"}],"wp:featuredmedia":[{"embeddable":true,"href":"https:\/\/hi-techwonder.com\/es\/wp-json\/wp\/v2\/media\/63312"}],"wp:attachment":[{"href":"https:\/\/hi-techwonder.com\/es\/wp-json\/wp\/v2\/media?parent=74953"}],"wp:term":[{"taxonomy":"product_brand","embeddable":true,"href":"https:\/\/hi-techwonder.com\/es\/wp-json\/wp\/v2\/product_brand?post=74953"},{"taxonomy":"product_cat","embeddable":true,"href":"https:\/\/hi-techwonder.com\/es\/wp-json\/wp\/v2\/product_cat?post=74953"},{"taxonomy":"product_tag","embeddable":true,"href":"https:\/\/hi-techwonder.com\/es\/wp-json\/wp\/v2\/product_tag?post=74953"}],"curies":[{"name":"wp","href":"https:\/\/api.w.org\/{rel}","templated":true}]}}