{"id":74959,"date":"2025-07-29T09:29:06","date_gmt":"2025-07-29T09:29:06","guid":{"rendered":"https:\/\/fv6qoy3ls0.wpdns.site\/product\/laowa-24mm-f-14-2x-sonda-macro-montura-l\/"},"modified":"2025-12-23T11:15:38","modified_gmt":"2025-12-23T11:15:38","slug":"laowa-24mm-f-14-2x-sonda-macro-montura-l","status":"publish","type":"product","link":"https:\/\/hi-techwonder.com\/es\/producto\/laowa-24mm-f-14-2x-sonda-macro-montura-l\/","title":{"rendered":"LAOWA 24mm f\/14 2X Sonda macro Montura L"},"content":{"rendered":"<p>La <strong>La 24mm f14 2X Probe<\/strong> para <strong>L<\/strong> , es un objetivo de primer plano de dise\u00f1o \u00fanico dise\u00f1ado para tomas de entrada y vuelta. Se distingue por su formato de embudo\/barril largo y delgado. Este objetivo macro proporciona una distancia m\u00e1xima de 2:1 con una distancia m\u00ednima de enfoque de 47 cm y una distancia m\u00ednima del sujeto de 2 cm. Incluso con una distancia de trabajo cercana, la distancia mide 40 cm de longitud, lo que lo coloca a una distancia tan c\u00f3moda para fotografiar objetos cercanos.   <\/p>\n<p><strong>Productos destacados<\/strong><\/p>\n<ul>\n<li class=\"listItem_dkf_HqcGmV\" style=\"box-sizing: inherit; color: #333333; flex: 1 0 50%; font-size: 0.875rem; line-height: 1.875rem; max-width: 50%; padding-right: 0.9375rem;\" data-selenium=\"sellingPointsListItem\">Lente con montura L\/formato de fotograma completo<\/li>\n<li class=\"listItem_dkf_HqcGmV\" style=\"box-sizing: inherit; color: #333333; flex: 1 0 50%; font-size: 0.875rem; line-height: 1.875rem; max-width: 50%; padding-right: 0.9375rem;\" data-selenium=\"sellingPointsListItem\">Rango de apertura: f\/14 a f\/40<\/li>\n<li class=\"listItem_dkf_HqcGmV\" style=\"box-sizing: inherit; color: #333333; flex: 1 0 50%; font-size: 0.875rem; line-height: 1.875rem; max-width: 50%; padding-right: 0.9375rem;\" data-selenium=\"sellingPointsListItem\">Dos elementos de dispersi\u00f3n extra baja<\/li>\n<li class=\"listItem_dkf_HqcGmV\" style=\"box-sizing: inherit; color: #333333; flex: 1 0 50%; font-size: 0.875rem; line-height: 1.875rem; max-width: 50%; padding-right: 0.9375rem;\" data-selenium=\"sellingPointsListItem\">Un elemento de \u00edndice de refracci\u00f3n adicional<\/li>\n<li class=\"listItem_dkf_HqcGmV\" style=\"box-sizing: inherit; color: #333333; flex: 1 0 50%; font-size: 0.875rem; line-height: 1.875rem; max-width: 50%; padding-right: 0.9375rem;\" data-selenium=\"sellingPointsListItem\">Aumento: 2:1 hasta el infinito<\/li>\n<li class=\"listItem_dkf_HqcGmV\" style=\"box-sizing: inherit; color: #333333; flex: 1 0 50%; font-size: 0.875rem; line-height: 1.875rem; max-width: 50%; padding-right: 0.9375rem;\" data-selenium=\"sellingPointsListItem\">Enfoque m\u00ednimo: 1.5&#8242;; Distancia de trabajo: 0.8&#8243; <\/li>\n<li class=\"listItem_dkf_HqcGmV\" style=\"box-sizing: inherit; color: #333333; flex: 1 0 50%; font-size: 0.875rem; line-height: 1.875rem; max-width: 50%; padding-right: 0.9375rem;\" data-selenium=\"sellingPointsListItem\">Cilindro de lente largo, di\u00e1metro frontal peque\u00f1o<\/li>\n<li class=\"listItem_dkf_HqcGmV\" style=\"box-sizing: inherit; color: #333333; flex: 1 0 50%; font-size: 0.875rem; line-height: 1.875rem; max-width: 50%; padding-right: 0.9375rem;\" data-selenium=\"sellingPointsListItem\">Anillo de luz LED incorporado, alimentaci\u00f3n micro-USB<\/li>\n<li class=\"listItem_dkf_HqcGmV\" style=\"box-sizing: inherit; color: #333333; flex: 1 0 50%; font-size: 0.875rem; line-height: 1.875rem; max-width: 50%; padding-right: 0.9375rem;\" data-selenium=\"sellingPointsListItem\">Barril de lente frontal resistente al agua<\/li>\n<li class=\"listItem_dkf_HqcGmV\" style=\"box-sizing: inherit; color: #333333; flex: 1 0 50%; font-size: 0.875rem; line-height: 1.875rem; max-width: 50%; padding-right: 0.9375rem;\" data-selenium=\"sellingPointsListItem\">Dise\u00f1o de enfoque manual<\/li>\n<\/ul>\n<p><strong>En la caja<\/strong><\/p>\n<ul>\n<li>Lente de sonda Venus Optics Laowa 24mm f\/14 para Nikon F<\/li>\n<li>Tapas de lentes delanteras y traseras<\/li>\n<\/ul>\n<div style=\"box-sizing: inherit; font-family: OpenSans, 'Segoe UI', Helvetica, Roboto, Arial, sans-serif; font-size: 16px; background-color: #ffffff;\">\n<div class=\"productDescription_BGP5ZCbKOY\" style=\"box-sizing: inherit; color: #333333; font-size: 1rem; line-height: 1.75rem;\" data-selenium=\"overviewLongDescription\">\n<div class=\"js-injected-html text_BGP5ZCbKOY\" style=\"box-sizing: inherit; color: #000000; font-size: 1rem; line-height: 1.5rem; margin-top: 16px;\">\n<p style=\"box-sizing: inherit; margin: 16px 0px 0px; color: #333333; font-size: 1.125rem; font-style: italic; line-height: 1.875rem;\">Descrita como \u00abextra\u00f1a pero genial\u00bb, la sonda Leica L-mount Laowa 24mm f\/14 de Venus Optics es una lente verdaderamente \u00fanica dise\u00f1ada para primeros planos. Distinguido por su cuerpo de lente largo y delgado, este lente macro proporciona un aumento m\u00e1ximo de 2: 1 con una distancia m\u00ednima de enfoque de 1.5 &#8216;y una distancia de trabajo m\u00ednima de 0.8&#8243;. coloc\u00e1ndote a una distancia c\u00f3moda para fotografiar sujetos cercanos. Adem\u00e1s, como lente gran angular, se ofrece una mayor profundidad de campo en comparaci\u00f3n con los teleobjetivos macro tradicionales, lo que permite m\u00e1s detalles en el fondo con menos aislamiento del sujeto.  <\/p>\n<p style=\"box-sizing: inherit; margin: 16px 0px 0px;\">El dise\u00f1o \u00f3ptico incluye elementos de dispersi\u00f3n extra baja e \u00edndice de refracci\u00f3n extra, que ayudan a suprimir las aberraciones crom\u00e1ticas y esf\u00e9ricas para un alto grado de claridad, precisi\u00f3n de color y nitidez. El control de enfoque manual le permite enfocar desde 1.5 &#8216;hasta el infinito, y la parte frontal de la lente tiene un anillo de luz LED incorporado para ayudar a enfocar a distancias cortas. El delgado di\u00e1metro de 0,2&#8243; de la parte frontal del cilindro del objetivo tambi\u00e9n ofrece mayores oportunidades para iluminar sujetos desde la parte frontal. Adem\u00e1s, la parte frontal de la lente es resistente al agua y le permite trabajar con sujetos justo debajo de la superficie del agua o en otros entornos experimentales.   <\/p>\n<ul>\n<li style=\"box-sizing: inherit;\">El gran angular prime est\u00e1 dise\u00f1ado para c\u00e1maras sin espejo Leica con montura L de fotograma completo, pero tambi\u00e9n se puede usar con modelos APS-C, donde proporcionar\u00e1 una distancia focal equivalente a 36 mm.<\/li>\n<li style=\"box-sizing: inherit;\">El dise\u00f1o \u00fanico de la lente macro ofrece un aumento m\u00e1ximo de 2:1 m\u00e1s grande que el tama\u00f1o real, junto con una distancia m\u00ednima de enfoque de 1.5&#8242; y una distancia de trabajo de solo 0.8&#8243;.<\/li>\n<li style=\"box-sizing: inherit;\">El cuerpo largo y tubular de la lente contribuye a producir una perspectiva distintiva del ojo de insecto y, a pesar de la corta distancia de trabajo, la longitud del cilindro de la lente coloca la c\u00e1mara a una distancia de disparo c\u00f3moda.<\/li>\n<li style=\"box-sizing: inherit;\">La distancia focal gran angular de 24 mm ofrece una mayor profundidad de campo y m\u00e1s detalles que los dise\u00f1os macro de teleobjetivo tradicionales, que tienden a aislar al sujeto con poca profundidad de campo.<\/li>\n<li style=\"box-sizing: inherit;\">El dise\u00f1o \u00f3ptico incluye dos elementos de dispersi\u00f3n extra baja que controlan las franjas de color y las aberraciones crom\u00e1ticas para producir una mayor claridad y precisi\u00f3n del color. Tambi\u00e9n se presenta un elemento de \u00edndice de refracci\u00f3n adicional, que reduce las aberraciones esf\u00e9ricas y la distorsi\u00f3n para una mejor nitidez y una representaci\u00f3n precisa. <\/li>\n<li style=\"box-sizing: inherit;\">El estrecho di\u00e1metro frontal de 0.8&#8243; permite tomas deslizantes \u00fanicas, adem\u00e1s de ofrecer una gama m\u00e1s amplia de oportunidades fotogr\u00e1ficas discretas y de primer plano. El di\u00e1metro frontal m\u00e1s peque\u00f1o tambi\u00e9n facilita la iluminaci\u00f3n de sujetos de primer plano desde el frente. <\/li>\n<li style=\"box-sizing: inherit;\">La parte frontal de la lente tambi\u00e9n es resistente al agua, lo que le permite trabajar c\u00f3modamente bajo la superficie del agua o en entornos polvorientos.<\/li>\n<li style=\"box-sizing: inherit;\">La parte frontal de la lente tambi\u00e9n tiene un anillo de luz LED incorporado, que se alimenta de un puerto micro-USB en el barril, para proporcionar algo de iluminaci\u00f3n en los sujetos de primer plano para facilitar el enfoque.<\/li>\n<li style=\"box-sizing: inherit;\">Dise\u00f1ado para su uso como lente macro de primer plano, la operaci\u00f3n de enfoque manual tambi\u00e9n le permite enfocar al infinito.<\/li>\n<li style=\"box-sizing: inherit;\">El diafragma de siete hojas contribuye a una agradable calidad de bokeh.<\/li>\n<\/ul>\n<\/div>\n<\/div>\n<\/div>\n<div>&nbsp;<\/div>\n<div>\n<h2>Montura L 24mm f\/14 Especificaciones<\/h2>\n<table style=\"width: 385px;\" border=\"0\" cellspacing=\"0\" cellpadding=\"2\">\n<colgroup>\n<col width=\"202\"><\/colgroup>\n<colgroup>\n<col width=\"175\"><\/colgroup>\n<tbody>\n<tr>\n<th colspan=\"2\" width=\"381\">\n<p><a name=\"11011\"><\/a>interino<\/p>\n<\/th>\n<\/tr>\n<tr>\n<td width=\"202\">\n<p>Distancia focal<\/p>\n<\/td>\n<td width=\"175\">\n<p>24 mil\u00edmetros<\/p>\n<\/td>\n<\/tr>\n<tr>\n<td width=\"202\">\n<p>Abertura<\/p>\n<\/td>\n<td width=\"175\">\n<p>M\u00e1ximo: f\/14<br \/>M\u00ednimo: f\/40<\/p>\n<\/td>\n<\/tr>\n<tr>\n<td width=\"202\">\n<p>Tipo de montaje de la c\u00e1mara<\/p>\n<\/td>\n<td width=\"175\">\n<p>Leica L<\/p>\n<\/td>\n<\/tr>\n<tr>\n<td width=\"202\">\n<p>Compatibilidad de formatos<\/p>\n<\/td>\n<td width=\"175\">\n<p>Imagen completa<\/p>\n<\/td>\n<\/tr>\n<tr>\n<td width=\"202\">\n<p>\u00c1ngulo<\/p>\n<\/td>\n<td width=\"175\">\n<p>85\u00b0<\/p>\n<\/td>\n<\/tr>\n<tr>\n<td width=\"202\">\n<p>Distancia m\u00ednima de enfoque<\/p>\n<\/td>\n<td width=\"175\">\n<p>47cm<\/p>\n<\/td>\n<\/tr>\n<tr>\n<td width=\"202\">\n<p>Ampliaci\u00f3n<\/p>\n<\/td>\n<td width=\"175\">\n<p>2 veces<\/p>\n<\/td>\n<\/tr>\n<tr>\n<td width=\"202\">\n<p>Velocidad m\u00e1xima de reproducci\u00f3n<\/p>\n<\/td>\n<td width=\"175\">\n<p>1:0,5<\/p>\n<\/td>\n<\/tr>\n<tr>\n<td width=\"202\">\n<p>Dise\u00f1o \u00f3ptico<\/p>\n<\/td>\n<td width=\"175\">\n<p>27 elementos en 19 grupos<\/p>\n<\/td>\n<\/tr>\n<tr>\n<td width=\"202\">\n<p>Hojas de diafragma<\/p>\n<\/td>\n<td width=\"175\">\n<p>7<\/p>\n<\/td>\n<\/tr>\n<\/tbody>\n<\/table>\n<table style=\"width: 384px;\" border=\"0\" cellspacing=\"0\" cellpadding=\"2\">\n<colgroup>\n<col width=\"202\"><\/colgroup>\n<colgroup>\n<col width=\"174\"><\/colgroup>\n<tbody>\n<tr>\n<th colspan=\"2\" width=\"380\">\n<p><a name=\"23001\"><\/a>Recursos<\/p>\n<\/th>\n<\/tr>\n<tr>\n<td width=\"202\">\n<p>Autom\u00e1tico<\/p>\n<\/td>\n<td width=\"174\">\n<p>No<\/p>\n<\/td>\n<\/tr>\n<\/tbody>\n<\/table>\n<table style=\"width: 385px;\" border=\"0\" cellspacing=\"0\" cellpadding=\"2\">\n<colgroup>\n<col width=\"202\"><\/colgroup>\n<colgroup>\n<col width=\"175\"><\/colgroup>\n<tbody>\n<tr>\n<th colspan=\"2\" width=\"381\">\n<p><a name=\"11501\"><\/a>F\u00edsico<\/p>\n<\/th>\n<\/tr>\n<tr>\n<td width=\"202\">\n<p>Tema de filtro<\/p>\n<\/td>\n<td width=\"175\">\n<p><em>Ninguno<\/em><\/p>\n<\/td>\n<\/tr>\n<tr>\n<td width=\"202\">\n<p>Dimensiones (DxL)<\/p>\n<\/td>\n<td width=\"175\">\n<p>38 x 408 mil\u00edmetros<\/p>\n<\/td>\n<\/tr>\n<tr>\n<td width=\"202\">\n<p>Peso<\/p>\n<\/td>\n<td width=\"175\">\n<p>474 gramos<\/p>\n<\/td>\n<\/tr>\n<\/tbody>\n<\/table>\n<table style=\"width: 385px;\" border=\"0\" cellspacing=\"0\" cellpadding=\"2\">\n<colgroup>\n<col width=\"202\"><\/colgroup>\n<colgroup>\n<col width=\"175\"><\/colgroup>\n<tbody>\n<tr>\n<th colspan=\"2\" width=\"381\">\n<p><a name=\"shipping\"><\/a>Informaci\u00f3n de embalaje<\/p>\n<\/th>\n<\/tr>\n<tr>\n<td width=\"202\">\n<p>Peso del paquete<\/p>\n<\/td>\n<td width=\"175\">\n<p>2,5 kg<\/p>\n<\/td>\n<\/tr>\n<\/tbody>\n<\/table>\n<\/div>\n","protected":false},"excerpt":{"rendered":"<p>La La 24mm f14 2X Probe para L , es un objetivo de primer plano de dise\u00f1o \u00fanico dise\u00f1ado para<\/p>\n","protected":false},"featured_media":49590,"comment_status":"closed","ping_status":"closed","template":"","meta":{"_acf_changed":false},"product_brand":[2682],"product_cat":[1062],"product_tag":[],"class_list":{"0":"post-74959","1":"product","2":"type-product","3":"status-publish","4":"has-post-thumbnail","6":"product_brand-laowa-es","7":"product_cat-mirrorless-objectivos","8":"pa_abertura-maxima-f-14-es","9":"pa_cor-negro","10":"pa_diametro-no-tiene","11":"pa_estabilizacao-de-imagem-no","12":"pa_montagem-da-objetiva-l-mount-es","13":"pa_sensor-fotograma-completo","14":"pa_tipo-de-foco-enfoque-manual","15":"pa_tipo-de-objetiva-gran-angular","16":"pa_zoom-fixa-fijo","18":"first","19":"onbackorder","20":"taxable","21":"shipping-taxable","22":"purchasable","23":"product-type-simple"},"bundled_by":[],"bundle_stock_status":"onbackorder","bundle_stock_quantity":null,"bundle_virtual":false,"bundle_layout":"","bundle_add_to_cart_form_location":"","bundle_editable_in_cart":false,"bundle_sold_individually_context":"","bundle_item_grouping":"","bundle_min_size":"","bundle_max_size":"","bundle_price":[],"bundled_items":[],"bundle_sell_ids":[],"acf":[],"_links":{"self":[{"href":"https:\/\/hi-techwonder.com\/es\/wp-json\/wp\/v2\/product\/74959","targetHints":{"allow":["GET"]}}],"collection":[{"href":"https:\/\/hi-techwonder.com\/es\/wp-json\/wp\/v2\/product"}],"about":[{"href":"https:\/\/hi-techwonder.com\/es\/wp-json\/wp\/v2\/types\/product"}],"replies":[{"embeddable":true,"href":"https:\/\/hi-techwonder.com\/es\/wp-json\/wp\/v2\/comments?post=74959"}],"wp:featuredmedia":[{"embeddable":true,"href":"https:\/\/hi-techwonder.com\/es\/wp-json\/wp\/v2\/media\/49590"}],"wp:attachment":[{"href":"https:\/\/hi-techwonder.com\/es\/wp-json\/wp\/v2\/media?parent=74959"}],"wp:term":[{"taxonomy":"product_brand","embeddable":true,"href":"https:\/\/hi-techwonder.com\/es\/wp-json\/wp\/v2\/product_brand?post=74959"},{"taxonomy":"product_cat","embeddable":true,"href":"https:\/\/hi-techwonder.com\/es\/wp-json\/wp\/v2\/product_cat?post=74959"},{"taxonomy":"product_tag","embeddable":true,"href":"https:\/\/hi-techwonder.com\/es\/wp-json\/wp\/v2\/product_tag?post=74959"}],"curies":[{"name":"wp","href":"https:\/\/api.w.org\/{rel}","templated":true}]}}