{"id":74960,"date":"2025-07-29T09:20:27","date_gmt":"2025-07-29T09:20:27","guid":{"rendered":"https:\/\/fv6qoy3ls0.wpdns.site\/product\/laowa-25mm-f-2-8-2-5-5x-ultra-macro-nikon-f\/"},"modified":"2026-04-15T17:45:09","modified_gmt":"2026-04-15T16:45:09","slug":"laowa-25mm-f-2-8-2-5-5x-ultra-macro-nikon-f","status":"publish","type":"product","link":"https:\/\/hi-techwonder.com\/es\/producto\/laowa-25mm-f-2-8-2-5-5x-ultra-macro-nikon-f\/","title":{"rendered":"LAOWA 25mm f\/2.8 2.5-5X Ultra Macro Nikon F"},"content":{"rendered":"<p><span style=\"font-size: small;\"><span style=\"color: #000000;\"><span style=\"color: #000000;\">Productos destacados:<\/span><\/span><\/span><\/p>\n<p><span style=\"color: #000000;\"><span style=\"font-size: small;\"><span style=\"color: #000000;\">&nbsp;<\/span><\/span><\/span><\/p>\n<ul>\n<li><span style=\"color: #000000;\"><span style=\"font-size: small;\"><span style=\"color: #000000;\">Lente con montura F\/formato FX<\/span><\/span><\/span><\/li>\n<li><span style=\"color: #000000;\"><span style=\"font-size: small;\"><span style=\"color: #000000;\">Rango de apertura: f\/2.8 a f\/16<\/span><\/span><\/span><\/li>\n<li><span style=\"color: #000000;\"><span style=\"font-size: small;\"><span style=\"color: #000000;\">Un elemento de dispersi\u00f3n extra baja<\/span><\/span><\/span><\/li>\n<li><span style=\"color: #000000;\"><span style=\"font-size: small;\"><span style=\"color: #000000;\">Aumento de 2.5:1 a 5:1<\/span><\/span><\/span><\/li>\n<li><span style=\"color: #000000;\"><span style=\"font-size: small;\"><span style=\"color: #000000;\">17,3 cm M\u00edn. Enfoque, distancia de trabajo de 4 cm <\/span><\/span><\/span><\/li>\n<li><span style=\"color: #000000;\"><span style=\"font-size: small;\"><span style=\"color: #000000;\">Operaci\u00f3n de enfoque manual<\/span><\/span><\/span><\/li>\n<li><span style=\"color: #000000;\"><span style=\"font-size: small;\"><span style=\"color: #000000;\">Dise\u00f1o de cuerpo de lente delgado<\/span><\/span><\/span><\/li>\n<li><span style=\"color: #000000;\"><span style=\"font-size: small;\"><span style=\"color: #000000;\">Diafragma de 8 hojas<\/span><\/span><\/span><\/li>\n<\/ul>\n<p><span style=\"color: #000000;\"><span style=\"font-size: small;\"><span style=\"color: #000000;\">Dedicado a im\u00e1genes de primeros planos extremos, el Nikon F-mount Laowa 25mm f\/2.8 2.5-5X Ultra Macro de Venus Optics es un objetivo macro especializado para fotografiar sujetos con aumentos superiores al tama\u00f1o real. Operando dentro de un rango de 2.5:1 a 5:1, este lente tiene una distancia m\u00ednima de enfoque de solo 17.3 cm con un aumento de 5:1, junto con una c\u00f3moda distancia de trabajo de 4 cm. Esta gama tambi\u00e9n se beneficia de la distancia focal gran angular, para una mayor profundidad de campo en comparaci\u00f3n con los objetivos macro de larga distancia focal. Complementando las capacidades de primeros planos, el dise\u00f1o \u00f3ptico incorpora un elemento de dispersi\u00f3n extra baja para reducir las franjas de color y las aberraciones crom\u00e1ticas para un alto grado de claridad. Adem\u00e1s, distingui\u00e9ndose de otros lentes macro, este 25 mm f\/2.8 se caracteriza por su dise\u00f1o notablemente elegante y liviano para un f\u00e1cil manejo y m\u00e1s espacio para trabajar con iluminaci\u00f3n artificial.    <\/span><\/span><\/span><\/p>\n<p><span style=\"color: #000000;\"><span style=\"font-size: small;\"><span style=\"color: #000000;\">&nbsp;<\/span><\/span><\/span><\/p>\n<ul>\n<li><span style=\"color: #000000;\"><span style=\"font-size: small;\"><span style=\"color: #000000;\">El Prime 25mm f\/2.8 est\u00e1 dise\u00f1ado para c\u00e1maras DSLR con montura F de Nikon en formato FX, pero tambi\u00e9n se puede utilizar con modelos DX donde proporciona una distancia focal equivalente a 37.5mm.<\/span><\/span><\/span><\/li>\n<li><span style=\"color: #000000;\"><span style=\"font-size: small;\"><span style=\"color: #000000;\">Desarrollado espec\u00edficamente para fotograf\u00eda macro, este objetivo est\u00e1 dise\u00f1ado para su uso en un rango de aumento de 2,5:1 a 5:1 para producir im\u00e1genes m\u00e1s grandes que la vida. Esta lente no ofrece un enfoque infinito. <\/span><\/span><\/span><\/li>\n<li><span style=\"color: #000000;\"><span style=\"font-size: small;\"><span style=\"color: #000000;\">Cuando tiene un aumento de 5:1, el objetivo tiene una distancia m\u00ednima de enfoque de 17,3 cm, junto con una distancia de trabajo de 4 cm, lo que le da suficiente espacio para iluminar al sujeto. En la posici\u00f3n 2.5:1, es posible una distancia m\u00ednima de enfoque de 23.4 cm, junto con una distancia de trabajo de 4.6 cm. <\/span><\/span><\/span><\/li>\n<li><span style=\"color: #000000;\"><span style=\"font-size: small;\"><span style=\"color: #000000;\">El dise\u00f1o gran angular beneficia el dise\u00f1o de gran aumento al proporcionar una mayor profundidad de campo en comparaci\u00f3n con los dise\u00f1os de teleobjetivo o lentes largos.<\/span><\/span><\/span><\/li>\n<li><span style=\"color: #000000;\"><span style=\"font-size: small;\"><span style=\"color: #000000;\">Operaci\u00f3n de enfoque manual para un control preciso sobre la distancia de enfoque cuando se trabaja con sujetos en primer plano.<\/span><\/span><\/span><\/li>\n<li><span style=\"color: #000000;\"><span style=\"font-size: small;\"><span style=\"color: #000000;\">Un elemento de dispersi\u00f3n extra baja reduce en gran medida las aberraciones crom\u00e1ticas y las franjas de color para mejorar la claridad y precisi\u00f3n del color.<\/span><\/span><\/span><\/li>\n<li><span style=\"color: #000000;\"><span style=\"font-size: small;\"><span style=\"color: #000000;\">El diafragma de ocho hojas contribuye a una agradable calidad de desenfoque cuando se usa poca profundidad de campo.<\/span><\/span><\/span><\/li>\n<li><span style=\"color: #000000;\"><span style=\"font-size: small;\"><span style=\"color: #000000;\">El dise\u00f1o f\u00edsico especialmente delgado y liviano es m\u00e1s f\u00e1cil de usar en la mano y le brinda m\u00e1s espacio para iluminar sujetos en primer plano.<\/span><\/span><\/span><\/li>\n<\/ul>\n<p style=\"margin-bottom: 0cm;\"><span style=\"color: #000000;\"><span style=\"font-size: small;\"><span style=\"color: #000000;\">&nbsp;<\/span><\/span><\/span><\/p>\n<table style=\"width: 492px;\" border=\"0\" cellspacing=\"0\" cellpadding=\"2\">\n<colgroup>\n<col width=\"270\">\n<col width=\"215\"><\/colgroup>\n<tbody>\n<tr>\n<th colspan=\"2\" width=\"488\">\n<p style=\"border: none; padding: 0cm; font-style: normal; font-weight: normal;\"><span style=\"color: #000000;\"><span style=\"font-size: small;\"><span style=\"color: #000000;\"><a name=\"11011\"><\/a>interino<\/span><\/span><\/span><\/p>\n<\/th>\n<\/tr>\n<tr>\n<td width=\"270\">\n<p style=\"border-top: none; border-bottom: 1px solid #e6e7e8; border-left: none; border-right: none; padding: 0cm 0cm 0.53cm 0cm;\"><span style=\"color: #000000;\"><span style=\"font-size: small;\"><span style=\"color: #000000;\">Distancia focal<\/span><\/span><\/span><\/p>\n<\/td>\n<td width=\"215\">\n<p style=\"border-top: none; border-bottom: 1px solid #e6e7e8; border-left: none; border-right: none; padding: 0cm 0cm 0.53cm 0cm;\"><span style=\"color: #000000;\"><span style=\"font-size: small;\"><span style=\"color: #000000;\">25 mm<\/span><\/span><\/span><\/p>\n<\/td>\n<\/tr>\n<tr>\n<td width=\"270\">\n<p style=\"border-top: none; border-bottom: 1px solid #e6e7e8; border-left: none; border-right: none; padding: 0cm 0cm 0.53cm 0cm;\"><span style=\"color: #000000;\"><span style=\"font-size: small;\"><span style=\"color: #000000;\">Abertura<\/span><\/span><\/span><\/p>\n<\/td>\n<td width=\"215\">\n<p style=\"border-top: none; border-bottom: 1px solid #e6e7e8; border-left: none; border-right: none; padding: 0cm 0cm 0.53cm 0cm;\"><span style=\"color: #000000;\"><span style=\"font-size: small;\"><span style=\"color: #000000;\">M\u00e1ximo: f\/2.8<br \/>M\u00ednimo: f\/16<\/span><\/span><\/span><\/p>\n<\/td>\n<\/tr>\n<tr>\n<td width=\"270\">\n<p style=\"border-top: none; border-bottom: 1px solid #e6e7e8; border-left: none; border-right: none; padding: 0cm 0cm 0.53cm 0cm;\"><span style=\"color: #000000;\"><span style=\"font-size: small;\"><span style=\"color: #000000;\">Tipo de montaje de la c\u00e1mara<\/span><\/span><\/span><\/p>\n<\/td>\n<td width=\"215\">\n<p style=\"border-top: none; border-bottom: 1px solid #e6e7e8; border-left: none; border-right: none; padding: 0cm 0cm 0.53cm 0cm;\"><span style=\"color: #000000;\"><span style=\"font-size: small;\"><span style=\"color: #000000;\">Nikon F<\/span><\/span><\/span><\/p>\n<\/td>\n<\/tr>\n<tr>\n<td width=\"270\">\n<p style=\"border-top: none; border-bottom: 1px solid #e6e7e8; border-left: none; border-right: none; padding: 0cm 0cm 0.53cm 0cm;\"><span style=\"color: #000000;\"><span style=\"font-size: small;\"><span style=\"color: #000000;\">Compatibilidad de formatos<\/span><\/span><\/span><\/p>\n<\/td>\n<td width=\"215\">\n<p style=\"border-top: none; border-bottom: 1px solid #e6e7e8; border-left: none; border-right: none; padding: 0cm 0cm 0.53cm 0cm;\"><span style=\"color: #000000;\"><span style=\"font-size: small;\"><span style=\"color: #000000;\">Nikon FX\/Pel\u00edcula de 35 mm<\/span><\/span><\/span><\/p>\n<\/td>\n<\/tr>\n<tr>\n<td width=\"270\">\n<p style=\"border-top: none; border-bottom: 1px solid #e6e7e8; border-left: none; border-right: none; padding: 0cm 0cm 0.53cm 0cm;\"><span style=\"color: #000000;\"><span style=\"font-size: small;\"><span style=\"color: #000000;\">Distancia m\u00ednima de enfoque<\/span><\/span><\/span><\/p>\n<\/td>\n<td width=\"215\">\n<p style=\"border-top: none; border-bottom: 1px solid #e6e7e8; border-left: none; border-right: none; padding: 0cm 0cm 0.53cm 0cm;\"><span style=\"color: #000000;\"><span style=\"font-size: small;\"><span style=\"color: #000000;\">17,3 cm<\/span><\/span><\/span><\/p>\n<\/td>\n<\/tr>\n<tr>\n<td width=\"270\">\n<p style=\"border-top: none; border-bottom: 1px solid #e6e7e8; border-left: none; border-right: none; padding: 0cm 0cm 0.53cm 0cm;\"><span style=\"color: #000000;\"><span style=\"font-size: small;\"><span style=\"color: #000000;\">Ampliaci\u00f3n<\/span><\/span><\/span><\/p>\n<\/td>\n<td width=\"215\">\n<p style=\"border-top: none; border-bottom: 1px solid #e6e7e8; border-left: none; border-right: none; padding: 0cm 0cm 0.53cm 0cm;\"><span style=\"color: #000000;\"><span style=\"font-size: small;\"><span style=\"color: #000000;\">5 veces<\/span><\/span><\/span><\/p>\n<\/td>\n<\/tr>\n<tr>\n<td width=\"270\">\n<p style=\"border-top: none; border-bottom: 1px solid #e6e7e8; border-left: none; border-right: none; padding: 0cm 0cm 0.53cm 0cm;\"><span style=\"color: #000000;\"><span style=\"font-size: small;\"><span style=\"color: #000000;\">Velocidad m\u00e1xima de reproducci\u00f3n<\/span><\/span><\/span><\/p>\n<\/td>\n<td width=\"215\">\n<p style=\"border-top: none; border-bottom: 1px solid #e6e7e8; border-left: none; border-right: none; padding: 0cm 0cm 0.53cm 0cm;\"><span style=\"color: #000000;\"><span style=\"font-size: small;\"><span style=\"color: #000000;\">1:0,2<\/span><\/span><\/span><\/p>\n<\/td>\n<\/tr>\n<tr>\n<td width=\"270\">\n<p style=\"border-top: none; border-bottom: 1px solid #e6e7e8; border-left: none; border-right: none; padding: 0cm 0cm 0.53cm 0cm;\"><span style=\"color: #000000;\"><span style=\"font-size: small;\"><span style=\"color: #000000;\">Dise\u00f1o \u00f3ptico<\/span><\/span><\/span><\/p>\n<\/td>\n<td width=\"215\">\n<p style=\"border-top: none; border-bottom: 1px solid #e6e7e8; border-left: none; border-right: none; padding: 0cm 0cm 0.53cm 0cm;\"><span style=\"color: #000000;\"><span style=\"font-size: small;\"><span style=\"color: #000000;\">8 elementos en 6 grupos<\/span><\/span><\/span><\/p>\n<\/td>\n<\/tr>\n<tr>\n<td width=\"270\">\n<p style=\"border-top: none; border-bottom: 1px solid #e6e7e8; border-left: none; border-right: none; padding: 0cm 0cm 0.53cm 0cm;\"><span style=\"color: #000000;\"><span style=\"font-size: small;\"><span style=\"color: #000000;\">Hojas de diafragma<\/span><\/span><\/span><\/p>\n<\/td>\n<td width=\"215\">\n<p style=\"border-top: none; border-bottom: 1px solid #e6e7e8; border-left: none; border-right: none; padding: 0cm 0cm 0.53cm 0cm;\"><span style=\"color: #000000;\"><span style=\"font-size: small;\"><span style=\"color: #000000;\">8<\/span><\/span><\/span><\/p>\n<\/td>\n<\/tr>\n<\/tbody>\n<\/table>\n<table style=\"width: 149px;\" border=\"0\" cellspacing=\"0\" cellpadding=\"2\">\n<colgroup>\n<col width=\"105\">\n<col width=\"35\"><\/colgroup>\n<tbody>\n<tr>\n<th colspan=\"2\" width=\"145\">\n<p style=\"border: none; padding: 0cm; font-style: normal; font-weight: normal;\"><span style=\"color: #000000;\"><span style=\"font-size: small;\"><span style=\"color: #000000;\"><a name=\"23001\"><\/a>Recursos<\/span><\/span><\/span><\/p>\n<\/th>\n<\/tr>\n<tr>\n<td width=\"105\">\n<p style=\"border-top: none; border-bottom: 1px solid #e6e7e8; border-left: none; border-right: none; padding: 0cm 0cm 0.53cm 0cm;\"><span style=\"color: #000000;\"><span style=\"font-size: small;\"><span style=\"color: #000000;\">Autom\u00e1tico<\/span><\/span><\/span><\/p>\n<\/td>\n<td width=\"35\">\n<p style=\"border-top: none; border-bottom: 1px solid #e6e7e8; border-left: none; border-right: none; padding: 0cm 0cm 0.53cm 0cm;\"><span style=\"color: #000000;\"><span style=\"font-size: small;\"><span style=\"color: #000000;\">No<\/span><\/span><\/span><\/p>\n<\/td>\n<\/tr>\n<\/tbody>\n<\/table>\n<table style=\"width: 413px;\" border=\"0\" cellspacing=\"0\" cellpadding=\"2\">\n<colgroup>\n<col width=\"163\">\n<col width=\"242\"><\/colgroup>\n<tbody>\n<tr>\n<th colspan=\"2\" width=\"409\">\n<p style=\"border: none; padding: 0cm; font-style: normal; font-weight: normal;\"><span style=\"color: #000000;\"><span style=\"font-size: small;\"><span style=\"color: #000000;\"><a name=\"11501\"><\/a>F\u00edsico<\/span><\/span><\/span><\/p>\n<\/th>\n<\/tr>\n<tr>\n<td width=\"163\">\n<p style=\"border-top: none; border-bottom: 1px solid #e6e7e8; border-left: none; border-right: none; padding: 0cm 0cm 0.53cm 0cm;\"><span style=\"color: #000000;\"><span style=\"font-size: small;\"><span style=\"color: #000000;\">Tema de filtro<\/span><\/span><\/span><\/p>\n<\/td>\n<td width=\"242\">\n<p style=\"border: none; padding: 0cm;\"><em><span style=\"color: #000000;\"><span style=\"font-size: small;\"><span style=\"color: #000000;\">Ninguno<\/span><\/span><\/em><\/span><\/p>\n<\/td>\n<\/tr>\n<tr>\n<td width=\"163\">\n<p style=\"border-top: none; border-bottom: 1px solid #e6e7e8; border-left: none; border-right: none; padding: 0cm 0cm 0.53cm 0cm;\"><span style=\"color: #000000;\"><span style=\"font-size: small;\"><span style=\"color: #000000;\">Dimensiones (DxL)<\/span><\/span><\/span><\/p>\n<\/td>\n<td width=\"242\">\n<p style=\"border-top: none; border-bottom: 1px solid #e6e7e8; border-left: none; border-right: none; padding: 0cm 0cm 0.53cm 0cm;\"><span style=\"color: #000000;\"><span style=\"font-size: small;\"><span style=\"color: #000000;\">65 x 82 mm<\/span><\/span><\/span><\/p>\n<\/td>\n<\/tr>\n<tr>\n<td width=\"163\">\n<p style=\"border-top: none; border-bottom: 1px solid #e6e7e8; border-left: none; border-right: none; padding: 0cm 0cm 0.53cm 0cm;\"><span style=\"color: #000000;\"><span style=\"font-size: small;\"><span style=\"color: #000000;\">Peso<\/span><\/span><\/span><\/p>\n<\/td>\n<td width=\"242\">\n<p style=\"border-top: none; border-bottom: 1px solid #e6e7e8; border-left: none; border-right: none; padding: 0cm 0cm 0.53cm 0cm;\"><span style=\"color: #000000;\"><span style=\"font-size: small;\"><span style=\"color: #000000;\">400g<\/span><\/span><\/span><\/p>\n<\/td>\n<\/tr>\n<\/tbody>\n<\/table>\n<p style=\"margin-bottom: 0cm;\"><span style=\"color: #000000;\"><span style=\"font-size: small;\"><span style=\"color: #000000;\">&nbsp;<\/span><\/span><\/span><\/p>\n<p style=\"margin-bottom: 0cm;\"><span style=\"color: #000000;\"><span style=\"font-size: small;\"><span style=\"color: #000000;\"><strong>En la caja:<\/strong><\/span><\/span><\/span><\/p>\n<ul>\n<li><span style=\"color: #000000;\"><span style=\"font-size: small;\"><span style=\"color: #000000;\">Venus Optics Laowa 25mm f\/2.8 2.5-5X Lente Ultra Macro para Nikon F<\/span><\/span><\/span><\/li>\n<li><span style=\"color: #000000;\"><span style=\"font-size: small;\"><span style=\"color: #000000;\">Tapas de lentes delanteras y traseras<\/span><\/span><\/span><\/li>\n<li><span style=\"color: #000000;\"><span style=\"font-size: small;\"><span style=\"color: #000000;\">Garant\u00eda limitada de 3 a\u00f1os<\/span><\/span><\/span><\/li>\n<\/ul>\n<div id=\"_mcePaste\" style=\"position: absolute; left: -10000px; top: 1098.89px; width: 1px; height: 1px; overflow: hidden;\"><span style=\"color: #000000;\">En la caja<\/span><\/div>\n<div id=\"_mcePaste\" style=\"position: absolute; left: -10000px; top: 1098.89px; width: 1px; height: 1px; overflow: hidden;\"><span style=\"color: #000000;\">Venus Optics Laowa 25mm f\/2.8 2.5-5X Lente Ultra Macro para Nikon F<\/span><\/div>\n<div id=\"_mcePaste\" style=\"position: absolute; left: -10000px; top: 1098.89px; width: 1px; height: 1px; overflow: hidden;\"><span style=\"color: #000000;\">Tapas de lentes delanteras y traseras<\/span><\/div>\n<div id=\"_mcePaste\" style=\"position: absolute; left: -10000px; top: 1098.89px; width: 1px; height: 1px; overflow: hidden;\"><span style=\"color: #000000;\">Garant\u00eda limitada de 3 a\u00f1os<\/span><\/div>\n<p><span style=\"color: #000000;\">&nbsp;<\/span><\/p>\n","protected":false},"excerpt":{"rendered":"<p>Productos destacados: &nbsp; Lente con montura F\/formato FX Rango de apertura: f\/2.8 a f\/16 Un elemento de dispersi\u00f3n extra baja<\/p>\n","protected":false},"featured_media":47766,"comment_status":"closed","ping_status":"open","template":"","meta":{"_acf_changed":false},"product_brand":[2682],"product_cat":[1063],"product_tag":[],"class_list":{"0":"post-74960","1":"product","2":"type-product","3":"status-publish","4":"has-post-thumbnail","6":"product_brand-laowa-es","7":"product_cat-slr-es","9":"first","10":"pre-order","11":"taxable","12":"shipping-taxable","13":"purchasable","14":"product-type-simple"},"bundled_by":[],"bundle_stock_status":"pre-order","bundle_stock_quantity":null,"bundle_virtual":false,"bundle_layout":"","bundle_add_to_cart_form_location":"","bundle_editable_in_cart":false,"bundle_sold_individually_context":"","bundle_item_grouping":"","bundle_min_size":"","bundle_max_size":"","bundle_price":[],"bundled_items":[],"bundle_sell_ids":[],"acf":[],"_links":{"self":[{"href":"https:\/\/hi-techwonder.com\/es\/wp-json\/wp\/v2\/product\/74960","targetHints":{"allow":["GET"]}}],"collection":[{"href":"https:\/\/hi-techwonder.com\/es\/wp-json\/wp\/v2\/product"}],"about":[{"href":"https:\/\/hi-techwonder.com\/es\/wp-json\/wp\/v2\/types\/product"}],"replies":[{"embeddable":true,"href":"https:\/\/hi-techwonder.com\/es\/wp-json\/wp\/v2\/comments?post=74960"}],"wp:featuredmedia":[{"embeddable":true,"href":"https:\/\/hi-techwonder.com\/es\/wp-json\/wp\/v2\/media\/47766"}],"wp:attachment":[{"href":"https:\/\/hi-techwonder.com\/es\/wp-json\/wp\/v2\/media?parent=74960"}],"wp:term":[{"taxonomy":"product_brand","embeddable":true,"href":"https:\/\/hi-techwonder.com\/es\/wp-json\/wp\/v2\/product_brand?post=74960"},{"taxonomy":"product_cat","embeddable":true,"href":"https:\/\/hi-techwonder.com\/es\/wp-json\/wp\/v2\/product_cat?post=74960"},{"taxonomy":"product_tag","embeddable":true,"href":"https:\/\/hi-techwonder.com\/es\/wp-json\/wp\/v2\/product_tag?post=74960"}],"curies":[{"name":"wp","href":"https:\/\/api.w.org\/{rel}","templated":true}]}}