{"id":74962,"date":"2025-07-29T09:30:06","date_gmt":"2025-07-29T09:30:06","guid":{"rendered":"https:\/\/fv6qoy3ls0.wpdns.site\/product\/laowa-25mm-f-2-8-2-5-5x-ultra-macro-canon-rf\/"},"modified":"2026-05-04T10:36:38","modified_gmt":"2026-05-04T09:36:38","slug":"laowa-25mm-f-2-8-2-5-5x-ultra-macro-canon-rf","status":"publish","type":"product","link":"https:\/\/hi-techwonder.com\/es\/producto\/laowa-25mm-f-2-8-2-5-5x-ultra-macro-canon-rf\/","title":{"rendered":"LAOWA 25mm f\/2.8 2.5-5X Ultra Macro Canon RF"},"content":{"rendered":"<h3><strong>LAOWA 25mm f\/2.8 2.5-5X Ultra Macro Canon RF<\/strong><\/h3>\n<ul>\n<li>Lente con montura RF\/formato de fotograma completo<\/li>\n<li>Rango de apertura: f\/2.8 a f\/16<\/li>\n<li>Un elemento de dispersi\u00f3n extra baja<\/li>\n<li>Aumento de 2.5:1 a 5:1<\/li>\n<li>Enfoque m\u00ednimo de 17,3 cm, distancia de trabajo de 4,1 cm<\/li>\n<li>Operaci\u00f3n de enfoque manual<\/li>\n<li>Dise\u00f1o de cuerpo de lente delgado<\/li>\n<li>Diafragma de 8 hojas<\/li>\n<\/ul>\n<p>Dedicado a im\u00e1genes de primeros planos extremos, el Canon RF-mount 25mm f\/2.8 2.5-5X Ultra Macro de Laowa es un objetivo macro especializado para fotografiar sujetos con aumentos superiores a los de tama\u00f1o real. Operando dentro de un rango de 2.5:1 a 5:1, este lente tiene una distancia m\u00ednima de enfoque de solo 17.3 cm con un aumento de 5:1 junto con una distancia de trabajo c\u00f3moda de 4.1 cm. Este rango tambi\u00e9n se beneficia de la distancia focal gran angular para lograr una mayor profundidad de campo en comparaci\u00f3n con los lentes macro de distancia focal larga. Complementando las capacidades de primeros planos, el dise\u00f1o \u00f3ptico incorpora un elemento de dispersi\u00f3n extra baja para reducir las franjas de color y las aberraciones crom\u00e1ticas para un alto grado de claridad. Adem\u00e1s, diferenci\u00e1ndose de otros lentes macro, este 25 mm f\/2.8 se caracteriza por su dise\u00f1o notablemente elegante y liviano para un manejo m\u00e1s f\u00e1cil y m\u00e1s espacio para trabajar con iluminaci\u00f3n artificial.    <\/p>\n<ul>\n<li>El Prime 25mm f\/2.8 est\u00e1 dise\u00f1ado para c\u00e1maras mirrorless con montura RF de Canon de fotograma completo.<\/li>\n<li>Desarrollado espec\u00edficamente para fotograf\u00eda macro, este objetivo est\u00e1 dise\u00f1ado para su uso en un rango de aumento de 2,5:1 a 5:1 para producir im\u00e1genes m\u00e1s grandes que la vida. Esta lente no ofrece un enfoque infinito. <\/li>\n<li>Con un aumento de 5:1, el objetivo tiene una distancia m\u00ednima de enfoque de 17,3 cm junto con una distancia de trabajo de 4,1 cm, lo que proporciona suficiente espacio para iluminar al sujeto. En la posici\u00f3n 2.5:1, es posible una distancia focal m\u00ednima de 23.4 cm junto con una distancia de trabajo de 4.6 cm. <\/li>\n<li>El dise\u00f1o gran angular beneficia el dise\u00f1o de gran aumento al proporcionar una mayor profundidad de campo en comparaci\u00f3n con los dise\u00f1os de teleobjetivo o lentes largos.<\/li>\n<li>Operaci\u00f3n de enfoque manual para un control preciso sobre la distancia de enfoque cuando se trabaja con sujetos en primer plano.<\/li>\n<li>Un elemento de dispersi\u00f3n extra baja reduce en gran medida las aberraciones crom\u00e1ticas y las franjas de color para una mayor claridad y precisi\u00f3n del color.<\/li>\n<li>El diafragma de ocho hojas contribuye a una agradable calidad de desenfoque cuando se usa poca profundidad de campo.<\/li>\n<li>El dise\u00f1o f\u00edsico especialmente delgado y liviano es m\u00e1s f\u00e1cil de usar en la computadora de mano y le brinda m\u00e1s espacio para iluminar sujetos en primer plano.<\/li>\n<\/ul>\n<p><strong>Caracter\u00edsticas t\u00e9cnicas:<\/strong><\/p>\n<ul>\n<li>Distancia focal: 25 mm<\/li>\n<li>Apertura m\u00e1xima: f\/2.8<\/li>\n<li>Apertura m\u00ednima: f\/16<\/li>\n<li>Montura de lente: Canon RF<\/li>\n<li>Formato de cobertura de lente: fotograma completo<\/li>\n<li>Distancia m\u00ednima de enfoque: 17,3 cm<\/li>\n<li>Aumento m\u00e1ximo: 5x<\/li>\n<li>Relaci\u00f3n de reproducci\u00f3n macro: 5:1<\/li>\n<li>Dise\u00f1o \u00f3ptico: 8 elementos en 6 grupos<\/li>\n<li>Hojas de diafragma: 8<\/li>\n<li>Tipo de enfoque: Enfoque manual<\/li>\n<li>Estabilizaci\u00f3n de imagen: No<\/li>\n<li>Tama\u00f1o del filtro: Ninguno<\/li>\n<li>Dimensiones (\u00f8 x ancho): 65 x 82 mm<\/li>\n<li>Peso: 400 g<\/li>\n<\/ul>\n","protected":false},"excerpt":{"rendered":"<p>LAOWA 25mm f\/2.8 2.5-5X Ultra Macro Canon RF Lente con montura RF\/formato de fotograma completo Rango de apertura: f\/2.8 a<\/p>\n","protected":false},"featured_media":49822,"comment_status":"closed","ping_status":"open","template":"","meta":{"_acf_changed":false},"product_brand":[2682],"product_cat":[1062],"product_tag":[],"class_list":{"0":"post-74962","1":"product","2":"type-product","3":"status-publish","4":"has-post-thumbnail","6":"product_brand-laowa-es","7":"product_cat-mirrorless-objectivos","9":"first","10":"onbackorder","11":"sale","12":"taxable","13":"shipping-taxable","14":"purchasable","15":"product-type-simple"},"bundled_by":[],"bundle_stock_status":"onbackorder","bundle_stock_quantity":null,"bundle_virtual":false,"bundle_layout":"","bundle_add_to_cart_form_location":"","bundle_editable_in_cart":false,"bundle_sold_individually_context":"","bundle_item_grouping":"","bundle_min_size":"","bundle_max_size":"","bundle_price":[],"bundled_items":[],"bundle_sell_ids":[],"acf":[],"_links":{"self":[{"href":"https:\/\/hi-techwonder.com\/es\/wp-json\/wp\/v2\/product\/74962","targetHints":{"allow":["GET"]}}],"collection":[{"href":"https:\/\/hi-techwonder.com\/es\/wp-json\/wp\/v2\/product"}],"about":[{"href":"https:\/\/hi-techwonder.com\/es\/wp-json\/wp\/v2\/types\/product"}],"replies":[{"embeddable":true,"href":"https:\/\/hi-techwonder.com\/es\/wp-json\/wp\/v2\/comments?post=74962"}],"wp:featuredmedia":[{"embeddable":true,"href":"https:\/\/hi-techwonder.com\/es\/wp-json\/wp\/v2\/media\/49822"}],"wp:attachment":[{"href":"https:\/\/hi-techwonder.com\/es\/wp-json\/wp\/v2\/media?parent=74962"}],"wp:term":[{"taxonomy":"product_brand","embeddable":true,"href":"https:\/\/hi-techwonder.com\/es\/wp-json\/wp\/v2\/product_brand?post=74962"},{"taxonomy":"product_cat","embeddable":true,"href":"https:\/\/hi-techwonder.com\/es\/wp-json\/wp\/v2\/product_cat?post=74962"},{"taxonomy":"product_tag","embeddable":true,"href":"https:\/\/hi-techwonder.com\/es\/wp-json\/wp\/v2\/product_tag?post=74962"}],"curies":[{"name":"wp","href":"https:\/\/api.w.org\/{rel}","templated":true}]}}