{"id":74965,"date":"2025-07-29T09:27:41","date_gmt":"2025-07-29T09:27:41","guid":{"rendered":"https:\/\/fv6qoy3ls0.wpdns.site\/product\/sonda-macro-laowa-24mm-f-14-2x-sony-e\/"},"modified":"2026-01-31T02:19:09","modified_gmt":"2026-01-31T02:19:09","slug":"laowa-sonda-macro-laowa-24mm-f-14-2x-sony-e","status":"publish","type":"product","link":"https:\/\/hi-techwonder.com\/es\/producto\/laowa-sonda-macro-laowa-24mm-f-14-2x-sony-e\/","title":{"rendered":"Sonda macro LAOWA 24mm f\/14 2X Sony E"},"content":{"rendered":"<p>La <strong>La 24mm f\/14 2X Macro Probe<\/strong> para <strong>montura E de Sony<\/strong> es un objetivo \u00fanico dise\u00f1ado para primeros planos. Se distingue por su formato de embudo\/barril largo y delgado. Este objetivo macro proporciona una distancia m\u00e1xima de 2:1 con una distancia m\u00ednima de enfoque de 47 cm y una distancia m\u00ednima del sujeto de 2 cm. Incluso con una distancia de trabajo cercana, la distancia mide 40 cm de longitud, lo que lo coloca a una distancia tan c\u00f3moda para fotografiar objetos cercanos.   <\/p>\n<p><object><\/object><\/p>\n<p><strong>Productos destacados<\/strong><\/p>\n<ul>\n<li>Lente con montura E\/formato de fotograma completo<\/li>\n<li>Rango de apertura: f\/14 a f\/40<\/li>\n<li>Dos elementos de dispersi\u00f3n extra baja<\/li>\n<li>Un elemento de \u00edndice de refracci\u00f3n adicional<\/li>\n<li>Aumento: 2:1 hasta el infinito<\/li>\n<li>Enfoque m\u00ednimo: 47 cm; Distancia de trabajo: 2 cm <\/li>\n<li>Cilindro de lente largo, di\u00e1metro frontal peque\u00f1o<\/li>\n<li>Anillo de luz LED incorporado, alimentaci\u00f3n micro-USB<\/li>\n<li>Barril de lente frontal resistente al agua<\/li>\n<li>Dise\u00f1o de enfoque manual<\/li>\n<\/ul>\n<p><strong>En la caja<\/strong><\/p>\n<ul>\n<li>Lente de sonda Venus Optics Laowa 24mm f\/14 para Sony E<\/li>\n<li>Tapas de lentes delanteras y traseras<\/li>\n<\/ul>\n<p>Descrito como \u00abextra\u00f1o pero genial\u00bb, <strong>la sonda Sony E-mount Laowa 24mm f\/14 de<\/strong> Venus Optics es un objetivo verdaderamente \u00fanico dise\u00f1ado para primeros planos. Distinguido por su cuerpo de lente largo y delgado, este lente macro ofrece un aumento m\u00e1ximo de 2:1 con una distancia m\u00ednima de enfoque de 47 cm y una distancia de trabajo m\u00ednima de 2 cm. Incluso con una distancia de trabajo tan corta, el objetivo mide 40 cm de longitud, lo que te sit\u00faa a una distancia c\u00f3moda para fotografiar sujetos cercanos. Adem\u00e1s, como lente gran angular, ofrece una mayor profundidad de campo en comparaci\u00f3n con los teleobjetivos macro tradicionales, lo que permite m\u00e1s detalles en el fondo con menos aislamiento del sujeto.   <\/p>\n<p>El dise\u00f1o \u00f3ptico incluye elementos de dispersi\u00f3n extra baja e \u00edndice de refracci\u00f3n extra, que ayudan a suprimir las aberraciones crom\u00e1ticas y esf\u00e9ricas para un alto grado de claridad, precisi\u00f3n de color y nitidez. El control de enfoque manual le permite enfocar desde 47 cm hasta el infinito, y la parte frontal de la lente tiene un anillo de luz LED incorporado para ayudar a enfocar a distancias cortas. El delgado di\u00e1metro de 0,5 cm de la parte frontal del cilindro del objetivo tambi\u00e9n ofrece mayores oportunidades para iluminar sujetos desde la parte frontal. Adem\u00e1s, la parte frontal de la lente es resistente al agua y le permite trabajar con sujetos justo debajo de la superficie del agua o en otros entornos polvorientos o dif\u00edciles.   <\/p>\n<ul>\n<li>El gran angular prime est\u00e1 dise\u00f1ado para c\u00e1maras sin espejo de fotograma completo con montura E de Sony, sin embargo, tambi\u00e9n se puede usar con modelos APS-C, donde proporcionar\u00e1 una distancia focal equivalente a 36 mm.<\/li>\n<li>El exclusivo dise\u00f1o de la lente macro ofrece un aumento m\u00e1ximo de 2:1 m\u00e1s grande que el tama\u00f1o real, junto con una distancia m\u00ednima de enfoque de 47 cm y una distancia de trabajo de solo 2 cm.<\/li>\n<li>El cuerpo largo y tubular de la lente contribuye a producir una perspectiva distintiva del ojo de insecto y, a pesar de la corta distancia de trabajo, la longitud del cilindro de la lente coloca la c\u00e1mara a una distancia de disparo c\u00f3moda.<\/li>\n<li>La distancia focal gran angular de 24 mm ofrece una mayor profundidad de campo y m\u00e1s detalles que los dise\u00f1os macro de teleobjetivo tradicionales, que tienden a aislar al sujeto con poca profundidad de campo.<\/li>\n<li>El dise\u00f1o \u00f3ptico incluye dos elementos de dispersi\u00f3n extra baja que controlan las franjas de color y las aberraciones crom\u00e1ticas para producir una mayor claridad y precisi\u00f3n del color. Tambi\u00e9n se presenta un elemento de \u00edndice de refracci\u00f3n adicional, que reduce las aberraciones esf\u00e9ricas y la distorsi\u00f3n para una mejor nitidez y una representaci\u00f3n precisa. <\/li>\n<li>El delgado di\u00e1metro frontal de 2 cm permite tomas deslizantes \u00fanicas, adem\u00e1s de ofrecer una gama m\u00e1s amplia de oportunidades fotogr\u00e1ficas discretas y de primeros planos. El di\u00e1metro frontal m\u00e1s peque\u00f1o tambi\u00e9n facilita la iluminaci\u00f3n de sujetos de primer plano desde el frente. <\/li>\n<li>La parte frontal de la lente tambi\u00e9n es resistente al agua, lo que le permite trabajar c\u00f3modamente bajo la superficie del agua o en entornos polvorientos.<\/li>\n<li>La parte frontal de la lente tambi\u00e9n tiene un anillo de luz LED incorporado, que se alimenta de un puerto micro-USB en el barril, para proporcionar algo de iluminaci\u00f3n en los sujetos de primer plano para facilitar el enfoque.<\/li>\n<li>Dise\u00f1ado para su uso como lente macro de primer plano, la operaci\u00f3n de enfoque manual tambi\u00e9n le permite enfocar al infinito.<\/li>\n<li>El diafragma de siete hojas contribuye a una agradable calidad de bokeh.<\/li>\n<\/ul>\n<div>&nbsp;<\/div>\n<div>\n<h2>Sony E 24mm f\/14 ficha tecnica<\/h2>\n<table style=\"width: 472px\" border=\"0\" cellspacing=\"0\" cellpadding=\"2\">\n<colgroup>\n<col width=\"202\"><\/colgroup>\n<colgroup>\n<col width=\"262\"><\/colgroup>\n<tbody>\n<tr>\n<th colspan=\"2\" width=\"468\">\n<p><a name=\"11011\"><\/a>interino<\/p>\n<\/th>\n<\/tr>\n<tr>\n<td width=\"202\">\n<p>Distancia focal<\/p>\n<\/td>\n<td width=\"262\">\n<p>24 mil\u00edmetros<\/p>\n<\/td>\n<\/tr>\n<tr>\n<td width=\"202\">\n<p>Abertura<\/p>\n<\/td>\n<td width=\"262\">\n<p>M\u00e1ximo: f\/14<br \/>M\u00ednimo: f\/40<\/p>\n<\/td>\n<\/tr>\n<tr>\n<td width=\"202\">\n<p>Tipo de montaje de la c\u00e1mara<\/p>\n<\/td>\n<td width=\"262\">\n<p>Sony E<\/p>\n<\/td>\n<\/tr>\n<tr>\n<td width=\"202\">\n<p>Compatibilidad de formatos<\/p>\n<\/td>\n<td width=\"262\">\n<p>Pel\u00edcula de 35 mm \/ sensor digital de fotograma completo<\/p>\n<\/td>\n<\/tr>\n<tr>\n<td width=\"202\">\n<p>\u00c1ngulo<\/p>\n<\/td>\n<td width=\"262\">\n<p>85\u00b0<\/p>\n<\/td>\n<\/tr>\n<tr>\n<td width=\"202\">\n<p>Distancia m\u00ednima de enfoque<\/p>\n<\/td>\n<td width=\"262\">\n<p>47cm<\/p>\n<\/td>\n<\/tr>\n<tr>\n<td width=\"202\">\n<p>Ampliaci\u00f3n<\/p>\n<\/td>\n<td width=\"262\">\n<p>2 veces<\/p>\n<\/td>\n<\/tr>\n<tr>\n<td width=\"202\">\n<p>Velocidad m\u00e1xima de reproducci\u00f3n<\/p>\n<\/td>\n<td width=\"262\">\n<p>1:0,5<\/p>\n<\/td>\n<\/tr>\n<tr>\n<td width=\"202\">\n<p>Dise\u00f1o \u00f3ptico<\/p>\n<\/td>\n<td width=\"262\">\n<p>27 elementos en 19 grupos<\/p>\n<\/td>\n<\/tr>\n<tr>\n<td width=\"202\">\n<p>Hojas de diafragma<\/p>\n<\/td>\n<td width=\"262\">\n<p>7<\/p>\n<\/td>\n<\/tr>\n<\/tbody>\n<\/table>\n<table style=\"width: 471px\" border=\"0\" cellspacing=\"0\" cellpadding=\"2\">\n<colgroup>\n<col width=\"201\"><\/colgroup>\n<colgroup>\n<col width=\"262\"><\/colgroup>\n<tbody>\n<tr>\n<th colspan=\"2\" width=\"467\">\n<p><a name=\"23001\"><\/a>Recursos<\/p>\n<\/th>\n<\/tr>\n<tr>\n<td width=\"201\">\n<p>Autom\u00e1tico<\/p>\n<\/td>\n<td width=\"262\">\n<p>No<\/p>\n<\/td>\n<\/tr>\n<\/tbody>\n<\/table>\n<table style=\"width: 471px\" border=\"0\" cellspacing=\"0\" cellpadding=\"2\">\n<colgroup>\n<col width=\"202\"><\/colgroup>\n<colgroup>\n<col width=\"261\"><\/colgroup>\n<tbody>\n<tr>\n<th colspan=\"2\" width=\"467\">\n<p><a name=\"11501\"><\/a>F\u00edsico<\/p>\n<\/th>\n<\/tr>\n<tr>\n<td width=\"202\">\n<p>Tema de filtro<\/p>\n<\/td>\n<td width=\"261\">\n<p><em>Ninguno<\/em><\/p>\n<\/td>\n<\/tr>\n<tr>\n<td width=\"202\">\n<p>Dimensiones (DxL)<\/p>\n<\/td>\n<td width=\"261\">\n<p>38 x 408 mil\u00edmetros<\/p>\n<\/td>\n<\/tr>\n<tr>\n<td width=\"202\">\n<p>Peso<\/p>\n<\/td>\n<td width=\"261\">\n<p>474 gramos<\/p>\n<\/td>\n<\/tr>\n<\/tbody>\n<\/table>\n<\/div>\n","protected":false},"excerpt":{"rendered":"<p>La La 24mm f\/14 2X Macro Probe para montura E de Sony es un objetivo \u00fanico dise\u00f1ado para primeros planos.<\/p>\n","protected":false},"featured_media":49276,"comment_status":"closed","ping_status":"closed","template":"","meta":{"_acf_changed":false},"product_brand":[2682],"product_cat":[1062],"product_tag":[],"class_list":{"0":"post-74965","1":"product","2":"type-product","3":"status-publish","4":"has-post-thumbnail","6":"product_brand-laowa-es","7":"product_cat-mirrorless-objectivos","8":"pa_abertura-maxima-f-14-es","9":"pa_cor-negro","10":"pa_designs-especiais-macro-es","11":"pa_diametro-no-tiene","12":"pa_estabilizacao-de-imagem-no","13":"pa_montagem-da-objetiva-sony-e-es","14":"pa_sensor-fotograma-completo","15":"pa_tipo-de-foco-enfoque-manual","16":"pa_tipo-de-objetiva-gran-angular","17":"pa_zoom-fixa-fijo","19":"first","20":"pre-order","21":"taxable","22":"shipping-taxable","23":"purchasable","24":"product-type-simple"},"bundled_by":[],"bundle_stock_status":"pre-order","bundle_stock_quantity":null,"bundle_virtual":false,"bundle_layout":"","bundle_add_to_cart_form_location":"","bundle_editable_in_cart":false,"bundle_sold_individually_context":"","bundle_item_grouping":"","bundle_min_size":"","bundle_max_size":"","bundle_price":[],"bundled_items":[],"bundle_sell_ids":[],"acf":[],"_links":{"self":[{"href":"https:\/\/hi-techwonder.com\/es\/wp-json\/wp\/v2\/product\/74965","targetHints":{"allow":["GET"]}}],"collection":[{"href":"https:\/\/hi-techwonder.com\/es\/wp-json\/wp\/v2\/product"}],"about":[{"href":"https:\/\/hi-techwonder.com\/es\/wp-json\/wp\/v2\/types\/product"}],"replies":[{"embeddable":true,"href":"https:\/\/hi-techwonder.com\/es\/wp-json\/wp\/v2\/comments?post=74965"}],"wp:featuredmedia":[{"embeddable":true,"href":"https:\/\/hi-techwonder.com\/es\/wp-json\/wp\/v2\/media\/49276"}],"wp:attachment":[{"href":"https:\/\/hi-techwonder.com\/es\/wp-json\/wp\/v2\/media?parent=74965"}],"wp:term":[{"taxonomy":"product_brand","embeddable":true,"href":"https:\/\/hi-techwonder.com\/es\/wp-json\/wp\/v2\/product_brand?post=74965"},{"taxonomy":"product_cat","embeddable":true,"href":"https:\/\/hi-techwonder.com\/es\/wp-json\/wp\/v2\/product_cat?post=74965"},{"taxonomy":"product_tag","embeddable":true,"href":"https:\/\/hi-techwonder.com\/es\/wp-json\/wp\/v2\/product_tag?post=74965"}],"curies":[{"name":"wp","href":"https:\/\/api.w.org\/{rel}","templated":true}]}}