{"id":74969,"date":"2025-07-29T09:27:59","date_gmt":"2025-07-29T09:27:59","guid":{"rendered":"https:\/\/fv6qoy3ls0.wpdns.site\/product\/laowa-50mm-f-2-8-2x-ultra-macro-apo-micro-4-3\/"},"modified":"2026-04-15T17:45:11","modified_gmt":"2026-04-15T16:45:11","slug":"laowa-50mm-f-2-8-2x-ultra-macro-apo-micro-4-3","status":"publish","type":"product","link":"https:\/\/hi-techwonder.com\/es\/producto\/laowa-50mm-f-2-8-2x-ultra-macro-apo-micro-4-3\/","title":{"rendered":"LAOWA 50mm f\/2.8 2X Ultra Macro APO Micro 4\/3"},"content":{"rendered":"<p><strong>LAOWA 50mm f\/2.8 2X Ultra Macro APO Micro 4\/3<\/strong><\/p>\n<p><strong>Caracter\u00edsticas principales:<\/strong><\/p>\n<ul>\n<li>Sistema Micro Cuatro Tercios<\/li>\n<li>Rango de apertura: f\/2.8 a f\/22<\/li>\n<li>Tres elementos de dispersi\u00f3n extra baja<\/li>\n<li>Aumento m\u00e1ximo: 2:1<\/li>\n<\/ul>\n<p><strong>En la caja:<\/strong><\/p>\n<ul>\n<li>Venus Optics Laowa 50mm f\/2.8 2X Ultra Macro APO Lente para Micro Cuatro Tercios<\/li>\n<li>Cubierta frontal del objetivo<\/li>\n<li>Tapa trasera del objetivo<\/li>\n<li>&nbsp;<\/li>\n<\/ul>\n<p>Distinguido por sus capacidades de enfoque cercano, Laowa 50mm f\/2.8 2X Ultra Macro APO de Venus Optics es un lente fijo equivalente a 100 mm dise\u00f1ado para c\u00e1maras sin espejo Micro Cuatro Tercios. Con un impresionante aumento m\u00e1ximo de 2:1 m\u00e1s grande que el tama\u00f1o real, junto con una distancia m\u00ednima de enfoque de 5,3&#8243;, este objetivo destaca con el sujeto en primer plano. Designado como apocrom\u00e1tico, el dise\u00f1o \u00f3ptico incorpora una serie de elementos de dispersi\u00f3n extra baja para controlar las franjas de color y las aberraciones crom\u00e1ticas para lograr una alta claridad y una reproducci\u00f3n crom\u00e1tica precisa. Adem\u00e1s, el objetivo cuenta con un dise\u00f1o de enfoque manual, un diafragma de siete hojas e incorpora una CPU para la transferencia de datos Exif y para permitir el control de la apertura basada en la c\u00e1mara.   <\/p>\n<ul>\n<li>El prime de longitud vertical est\u00e1 dise\u00f1ado para c\u00e1maras sin espejo Micro Four Thirds y proporciona una distancia focal equivalente a 100 mm.<\/li>\n<li>Con una designaci\u00f3n apocrom\u00e1tica, este objetivo utiliza un tr\u00edo de elementos de dispersi\u00f3n extra baja para eliminar eficazmente las aberraciones crom\u00e1ticas y las franjas de color para mejorar la claridad y la reproducci\u00f3n precisa.<\/li>\n<li>El aumento m\u00e1ximo de 2:1 de tama\u00f1o m\u00e1s grande que el real se combina con una distancia m\u00ednima de enfoque de 5,3&#8243; y una distancia de trabajo m\u00ednima de 2,2&#8243; para adaptarse al trabajo con sujetos en primer plano.<\/li>\n<li>El dise\u00f1o de enfoque manual, junto con las escalas de distancia de enfoque y profundidad de campo, ayuda a un control preciso del enfoque.<\/li>\n<li>Un diafragma de siete hojas contribuye a una agradable calidad de bokeh.<\/li>\n<li>La CPU incorporada permite el control de apertura basado en la c\u00e1mara y tambi\u00e9n transfiere datos Exif de la lente a la c\u00e1mara.<\/li>\n<\/ul>\n<p><strong>Caracter\u00edsticas t\u00e9cnicas:<\/strong><\/p>\n<table border=\"0\" width=\"642\" cellspacing=\"0\" cellpadding=\"2\">\n<colgroup>\n<col width=\"299\">\n<col width=\"335\"><\/colgroup>\n<tbody>\n<tr>\n<td width=\"299\">Distancia focal<\/td>\n<td width=\"335\">50 mm (distancia focal equivalente a 35 mm: 100 mm)<\/td>\n<\/tr>\n<tr>\n<td width=\"299\">M\u00e1xima<\/td>\n<p> apertura<\/p>\n<td width=\"335\">f\/2.8<\/td>\n<\/tr>\n<tr>\n<td width=\"299\">Apertura<\/td>\n<p> m\u00ednima<\/p>\n<td width=\"335\">f\/22<\/td>\n<\/tr>\n<tr>\n<td width=\"299\">Montura de lente<\/td>\n<td width=\"335\">Micro Cuatro Tercios<\/td>\n<\/tr>\n<tr>\n<td width=\"299\">Compatibilidad de formatos<\/td>\n<td width=\"335\">Micro Cuatro Tercios<\/td>\n<\/tr>\n<tr>\n<td width=\"299\">\u00c1ngulo de visi\u00f3n<\/td>\n<td width=\"335\">24\u00b0<\/td>\n<\/tr>\n<tr>\n<td width=\"299\">Distancia m\u00ednima de enfoque<\/td>\n<td width=\"335\">13,5 cm<\/td>\n<\/tr>\n<tr>\n<td width=\"299\">Aumento m\u00e1ximo<\/td>\n<td width=\"335\">2 veces<\/td>\n<\/tr>\n<tr>\n<td width=\"299\">Tasa de reproducci\u00f3n<\/td>\n<p> macro <\/p>\n<td width=\"335\">Mateo 2:1<\/td>\n<\/tr>\n<tr>\n<td width=\"299\">Dise\u00f1o<\/td>\n<p> \u00f3ptico<\/p>\n<td width=\"335\">14 elementos en 10 grupos<\/td>\n<\/tr>\n<tr>\n<td width=\"299\">Hojas de diafragma<\/td>\n<td width=\"335\">7<\/td>\n<\/tr>\n<tr>\n<td width=\"299\">Tipo de enfoque<\/td>\n<td width=\"335\">Enfoque manual<\/td>\n<\/tr>\n<tr>\n<td width=\"299\">Estabilizaci\u00f3n de imagen<\/td>\n<td width=\"335\">No<\/td>\n<\/tr>\n<tr>\n<td width=\"299\">Tama\u00f1o del filtro<\/td>\n<td width=\"335\">49 mm (delantero)<\/td>\n<\/tr>\n<tr>\n<td width=\"299\">Dimensiones (\u00f8 x L)<\/td>\n<td width=\"335\">53,5 x 79 mil\u00edmetros<\/td>\n<\/tr>\n<tr>\n<td width=\"299\">Peso<\/td>\n<td width=\"335\">240 gramos<\/td>\n<\/tr>\n<\/tbody>\n<\/table>\n","protected":false},"excerpt":{"rendered":"<p>LAOWA 50mm f\/2.8 2X Ultra Macro APO Micro 4\/3 Caracter\u00edsticas principales: Sistema Micro Cuatro Tercios Rango de apertura: f\/2.8 a<\/p>\n","protected":false},"featured_media":49350,"comment_status":"closed","ping_status":"closed","template":"","meta":{"_acf_changed":false},"product_brand":[2682],"product_cat":[1062],"product_tag":[],"class_list":{"0":"post-74969","1":"product","2":"type-product","3":"status-publish","4":"has-post-thumbnail","6":"product_brand-laowa-es","7":"product_cat-mirrorless-objectivos","8":"pa_abertura-maxima-f-2-8-es","9":"pa_cor-negro","10":"pa_designs-especiais-macro-es","11":"pa_diametro-49mm-es","12":"pa_estabilizacao-de-imagem-no","13":"pa_montagem-da-objetiva-micro-4-3-es","14":"pa_sensor-micro-cuatro-tercios","15":"pa_tipo-de-foco-enfoque-manual","16":"pa_tipo-de-objetiva-teleobjetivo","17":"pa_zoom-fixa-fijo","19":"first","20":"onbackorder","21":"taxable","22":"shipping-taxable","23":"purchasable","24":"product-type-simple"},"bundled_by":[],"bundle_stock_status":"onbackorder","bundle_stock_quantity":null,"bundle_virtual":false,"bundle_layout":"","bundle_add_to_cart_form_location":"","bundle_editable_in_cart":false,"bundle_sold_individually_context":"","bundle_item_grouping":"","bundle_min_size":"","bundle_max_size":"","bundle_price":[],"bundled_items":[],"bundle_sell_ids":[],"acf":[],"_links":{"self":[{"href":"https:\/\/hi-techwonder.com\/es\/wp-json\/wp\/v2\/product\/74969","targetHints":{"allow":["GET"]}}],"collection":[{"href":"https:\/\/hi-techwonder.com\/es\/wp-json\/wp\/v2\/product"}],"about":[{"href":"https:\/\/hi-techwonder.com\/es\/wp-json\/wp\/v2\/types\/product"}],"replies":[{"embeddable":true,"href":"https:\/\/hi-techwonder.com\/es\/wp-json\/wp\/v2\/comments?post=74969"}],"wp:featuredmedia":[{"embeddable":true,"href":"https:\/\/hi-techwonder.com\/es\/wp-json\/wp\/v2\/media\/49350"}],"wp:attachment":[{"href":"https:\/\/hi-techwonder.com\/es\/wp-json\/wp\/v2\/media?parent=74969"}],"wp:term":[{"taxonomy":"product_brand","embeddable":true,"href":"https:\/\/hi-techwonder.com\/es\/wp-json\/wp\/v2\/product_brand?post=74969"},{"taxonomy":"product_cat","embeddable":true,"href":"https:\/\/hi-techwonder.com\/es\/wp-json\/wp\/v2\/product_cat?post=74969"},{"taxonomy":"product_tag","embeddable":true,"href":"https:\/\/hi-techwonder.com\/es\/wp-json\/wp\/v2\/product_tag?post=74969"}],"curies":[{"name":"wp","href":"https:\/\/api.w.org\/{rel}","templated":true}]}}