{"id":74978,"date":"2025-07-28T23:39:20","date_gmt":"2025-07-28T23:39:20","guid":{"rendered":"https:\/\/fv6qoy3ls0.wpdns.site\/product\/manfrotto-avenger-estructura-modular-con-orejas-183x183cm\/"},"modified":"2025-09-04T07:49:45","modified_gmt":"2025-09-04T07:49:45","slug":"manfrotto-avenger-estructura-modular-con-orejas-183x183cm","status":"publish","type":"product","link":"https:\/\/hi-techwonder.com\/es\/producto\/manfrotto-avenger-estructura-modular-con-orejas-183x183cm\/","title":{"rendered":"MANFROTTO Avenger Estructura modular con orejas 183x183cm"},"content":{"rendered":"<p><strong>MANFROTTO Avenger Marco Colgante Modular con Orejas 183x183cm<\/strong><\/p>\n<p><strong>Funciones:<\/strong><\/p>\n<ul>\n<li>Ranuras para tubos y dise\u00f1o de bloqueo de pasadores para facilitar la configuraci\u00f3n y el desmontaje<\/li>\n<li>Funciona con telas de mariposa de m\u00e1s de 183 x 183 cm \/ 6 x 6&#8242;<\/li>\n<li>Fabricado con tubos de secci\u00f3n cuadrada HD de 3 mm, proporcionando una estructura estable<\/li>\n<li>Orejas tipo 2 incluidas para un montaje seguro en soportes colgantes<\/li>\n<li>El dise\u00f1o modular permite una f\u00e1cil configuraci\u00f3n, desmontaje y transporte<\/li>\n<\/ul>\n<p><strong>Descripci\u00f3n:<\/strong><\/p>\n<p>El marco de mariposa colgante modular Avenger H600M completo con orejas de montaje es un marco de 183x183cm dise\u00f1ado para trabajar con varias telas de difusi\u00f3n, reflexi\u00f3n y modelado de luz. Los tubos de secci\u00f3n cuadrada de 3 mm de alta resistencia encajan y se bloquean entre s\u00ed, proporcionando una estructura estable. <\/p>\n<p>Las orejas vienen de serie con el marco para adaptarse a todo tipo de soportes colgantes (Mombo Combos), cabezales de agarre y piruletas (D400). La construcci\u00f3n modular le brinda flexibilidad adicional simplemente reduciendo o agregando tubos cuadrados para crear una estructura de mariposa perfecta para el control de luz deseado. <\/p>\n<p>Los tubos adicionales est\u00e1n disponibles por separado y le permiten construir hasta 610&#215;610 cm si lo desea. Elige tu tejido perfecto y podr\u00e1s controlar la luz en cada situaci\u00f3n. <\/p>\n<p>Accesorios recomendados: H6BAG, D400, A3058CS, A3059CS, 087WBK, A5036CS, A5042CS, A1045CS, A1045B, G200-1<\/p>\n<p><strong>Caracter\u00edsticas t\u00e9cnicas:<\/strong><\/p>\n<ul>\n<li>Peso: 11,4 kg<\/li>\n<li>Longitud: 183 cm<\/li>\n<li>Altura: 3cm<\/li>\n<li>Accesorio superior: 0<\/li>\n<li>Color: Negro<\/li>\n<li>Material: Aluminio<\/li>\n<li>Profundidad: 183 cm<\/li>\n<\/ul>\n","protected":false},"excerpt":{"rendered":"<p>MANFROTTO Avenger Marco Colgante Modular con Orejas 183x183cm Funciones: Ranuras para tubos y dise\u00f1o de bloqueo de pasadores para facilitar<\/p>\n","protected":false},"featured_media":25547,"comment_status":"closed","ping_status":"open","template":"","meta":{"_acf_changed":false},"product_brand":[2581],"product_cat":[958],"product_tag":[],"class_list":{"0":"post-74978","1":"product","2":"type-product","3":"status-publish","4":"has-post-thumbnail","6":"product_brand-manfrotto-es","7":"product_cat-soportes","9":"first","10":"onbackorder","11":"taxable","12":"shipping-taxable","13":"purchasable","14":"product-type-simple"},"bundled_by":[],"bundle_stock_status":"onbackorder","bundle_stock_quantity":null,"bundle_virtual":false,"bundle_layout":"","bundle_add_to_cart_form_location":"","bundle_editable_in_cart":false,"bundle_sold_individually_context":"","bundle_item_grouping":"","bundle_min_size":"","bundle_max_size":"","bundle_price":[],"bundled_items":[],"bundle_sell_ids":[],"acf":[],"_links":{"self":[{"href":"https:\/\/hi-techwonder.com\/es\/wp-json\/wp\/v2\/product\/74978","targetHints":{"allow":["GET"]}}],"collection":[{"href":"https:\/\/hi-techwonder.com\/es\/wp-json\/wp\/v2\/product"}],"about":[{"href":"https:\/\/hi-techwonder.com\/es\/wp-json\/wp\/v2\/types\/product"}],"replies":[{"embeddable":true,"href":"https:\/\/hi-techwonder.com\/es\/wp-json\/wp\/v2\/comments?post=74978"}],"wp:featuredmedia":[{"embeddable":true,"href":"https:\/\/hi-techwonder.com\/es\/wp-json\/wp\/v2\/media\/25547"}],"wp:attachment":[{"href":"https:\/\/hi-techwonder.com\/es\/wp-json\/wp\/v2\/media?parent=74978"}],"wp:term":[{"taxonomy":"product_brand","embeddable":true,"href":"https:\/\/hi-techwonder.com\/es\/wp-json\/wp\/v2\/product_brand?post=74978"},{"taxonomy":"product_cat","embeddable":true,"href":"https:\/\/hi-techwonder.com\/es\/wp-json\/wp\/v2\/product_cat?post=74978"},{"taxonomy":"product_tag","embeddable":true,"href":"https:\/\/hi-techwonder.com\/es\/wp-json\/wp\/v2\/product_tag?post=74978"}],"curies":[{"name":"wp","href":"https:\/\/api.w.org\/{rel}","templated":true}]}}