{"id":74982,"date":"2025-07-28T23:42:07","date_gmt":"2025-07-28T23:42:07","guid":{"rendered":"https:\/\/fv6qoy3ls0.wpdns.site\/product\/manfrotto-avenger-c-stand-pata-deslizante-40-cs-33-m\/"},"modified":"2025-09-04T07:50:01","modified_gmt":"2025-09-04T07:50:01","slug":"manfrotto-avenger-c-stand-pata-deslizante-40-cs-33-m","status":"publish","type":"product","link":"https:\/\/hi-techwonder.com\/es\/producto\/manfrotto-avenger-c-stand-pata-deslizante-40-cs-33-m\/","title":{"rendered":"MANFROTTO Avenger C-Stand Pata Deslizante 40 CS 3,3 m"},"content":{"rendered":"<p><strong>MANFROTTO Avenger C-Stand Pata Deslizante 40\u00bb CS 3.3 m<\/strong><\/p>\n<p><strong>Funciones:<\/strong><\/p>\n<ul>\n<li>Pata Lazy-Stand\/Niveladora de 40\u00bb en acero cromado plateado.<\/li>\n<li>Pierna de las Monta\u00f1as Rocosas: funciona muy bien en escaleras y terrenos irregulares.<\/li>\n<li>El tama\u00f1o del soporte C es el m\u00e1s popular para sostener banderas, disquetes y luces.<\/li>\n<li>Las patas se pliegan para facilitar el transporte y la configuraci\u00f3n r\u00e1pida.<\/li>\n<li>3 secciones, 2 tirantes. \u00d8: 35, 30, 25 mm. \u00d8 de la pata: 25 mm\/0,98\u00bb  <\/li>\n<\/ul>\n<p><strong>Descripci\u00f3n:<\/strong><\/p>\n<p>El Avenger A2033L 40\u00bb C-Stand en acero cromado plateado tiene 3 secciones, 2 contrahuellas, una pata deslizante (Lazy Leg, Rocky Mountain Leg) y una altura m\u00e1xima de 328 cm no vibran libremente, est\u00e1n triplemente cromados y funcionan en los entornos m\u00e1s exigentes. Los acabados cromados de los soportes C de Avenger son insuperables y proporcionan una durabilidad duradera. \u00a1Son los m\u00e1s duraderos de la industria! Las bases de las patas deslizantes del Avenger no est\u00e1n soldadas y, como resultado, las piezas de repuesto est\u00e1n f\u00e1cilmente disponibles en caso de que da\u00f1e una pata o una fundici\u00f3n. Este Avenger C-Stand funcionar\u00e1 perfectamente con banderas, gobos, disquetes, cortadores y todo tipo de iluminaci\u00f3n, ya sea que est\u00e9 filmando sets de filmaci\u00f3n, grabando videos o trabajando en estudios fotogr\u00e1ficos. Accesorios recomendados: D600, D200, D500, D520, E650, F830, E390, Roller Bag AVCSA1301B, D800KIT, D240, D250, D050, D220     <\/p>\n<p><strong>Caracter\u00edsticas t\u00e9cnicas:<\/strong><\/p>\n<ul>\n<li>Peso: 5,6 kg<\/li>\n<li>Altura m\u00e1xima: 328 cm<\/li>\n<li>Carga \u00fatil: 10kg<\/li>\n<li>Longitud cerrada: 134 cm<\/li>\n<li>Di\u00e1metro m\u00e1ximo de la huella: 95 cm<\/li>\n<li>Pata niveladora: 1<\/li>\n<\/ul>\n","protected":false},"excerpt":{"rendered":"<p>MANFROTTO Avenger C-Stand Pata Deslizante 40\u00bb CS 3.3 m Funciones: Pata Lazy-Stand\/Niveladora de 40\u00bb en acero cromado plateado. Pierna de<\/p>\n","protected":false},"featured_media":26407,"comment_status":"closed","ping_status":"open","template":"","meta":{"_acf_changed":false},"product_brand":[2581],"product_cat":[971],"product_tag":[],"class_list":{"0":"post-74982","1":"product","2":"type-product","3":"status-publish","4":"has-post-thumbnail","6":"product_brand-manfrotto-es","7":"product_cat-pies-foco","9":"first","10":"onbackorder","11":"taxable","12":"shipping-taxable","13":"purchasable","14":"product-type-simple"},"bundled_by":[],"bundle_stock_status":"onbackorder","bundle_stock_quantity":null,"bundle_virtual":false,"bundle_layout":"","bundle_add_to_cart_form_location":"","bundle_editable_in_cart":false,"bundle_sold_individually_context":"","bundle_item_grouping":"","bundle_min_size":"","bundle_max_size":"","bundle_price":[],"bundled_items":[],"bundle_sell_ids":[],"acf":[],"_links":{"self":[{"href":"https:\/\/hi-techwonder.com\/es\/wp-json\/wp\/v2\/product\/74982","targetHints":{"allow":["GET"]}}],"collection":[{"href":"https:\/\/hi-techwonder.com\/es\/wp-json\/wp\/v2\/product"}],"about":[{"href":"https:\/\/hi-techwonder.com\/es\/wp-json\/wp\/v2\/types\/product"}],"replies":[{"embeddable":true,"href":"https:\/\/hi-techwonder.com\/es\/wp-json\/wp\/v2\/comments?post=74982"}],"wp:featuredmedia":[{"embeddable":true,"href":"https:\/\/hi-techwonder.com\/es\/wp-json\/wp\/v2\/media\/26407"}],"wp:attachment":[{"href":"https:\/\/hi-techwonder.com\/es\/wp-json\/wp\/v2\/media?parent=74982"}],"wp:term":[{"taxonomy":"product_brand","embeddable":true,"href":"https:\/\/hi-techwonder.com\/es\/wp-json\/wp\/v2\/product_brand?post=74982"},{"taxonomy":"product_cat","embeddable":true,"href":"https:\/\/hi-techwonder.com\/es\/wp-json\/wp\/v2\/product_cat?post=74982"},{"taxonomy":"product_tag","embeddable":true,"href":"https:\/\/hi-techwonder.com\/es\/wp-json\/wp\/v2\/product_tag?post=74982"}],"curies":[{"name":"wp","href":"https:\/\/api.w.org\/{rel}","templated":true}]}}