{"id":74984,"date":"2025-07-28T23:42:07","date_gmt":"2025-07-28T23:42:07","guid":{"rendered":"https:\/\/fv6qoy3ls0.wpdns.site\/product\/manfrotto-avenger-c-stand-pata-deslizante-30-cs-250cm-bc\/"},"modified":"2025-09-04T07:49:59","modified_gmt":"2025-09-04T07:49:59","slug":"manfrotto-avenger-c-stand-pata-deslizante-30-cs-250cm-bc","status":"publish","type":"product","link":"https:\/\/hi-techwonder.com\/es\/producto\/manfrotto-avenger-c-stand-pata-deslizante-30-cs-250cm-bc\/","title":{"rendered":"MANFROTTO Avenger C-Stand Pata Deslizante 30 CS 250cm B&amp;C"},"content":{"rendered":"<p><strong>MANFROTTO <\/strong><strong>Avenger C-Stand Pata deslizante 30\u00bb CS 250cm Base y columna<\/strong><\/p>\n<p><strong>Funciones:<\/strong><\/p>\n<ul>\n<li>Pata Lazy-Stand\/Niveladora de 30\u00bb en acero cromado plateado.<\/li>\n<li>Pierna deslizante, pierna perezosa o pierna de las Monta\u00f1as Rocosas, ideal para escaleras.<\/li>\n<li>Funciona muy bien con el cabezal de sujeci\u00f3n D200 y los brazos de sujeci\u00f3n de la serie D500<\/li>\n<li>Las patas se pliegan para facilitar el transporte y la configuraci\u00f3n r\u00e1pida.<\/li>\n<li>3 secciones, 2 tirantes. \u00d8: 35, 30, 25 mm. \u00d8 de la pata: 25 mm\/0,98\u00bb  <\/li>\n<\/ul>\n<p><strong>Descripci\u00f3n:<\/strong><\/p>\n<p>El Avenger A2025L en acero cromado plateado es un 30\u00bb de 3 secciones, 2 bandas con pata niveladora C-Stand (altura m\u00e1xima 253 cm). Los soportes en C Avenger cuentan con manijas de bloqueo cautivas que no vibran libremente, est\u00e1n triplemente cromadas y funcionan en los entornos m\u00e1s exigentes. Los acabados de los soportes en C de Avenger son insuperables y proporcionan una durabilidad duradera. \u00a1Son los m\u00e1s duraderos de la industria! Este Avenger Rocky Mountain Style C-Stand funcionar\u00e1 perfectamente con banderas, gobos, disquetes, cortadores y todo tipo de iluminaci\u00f3n, ya sea que est\u00e9s en sets de pel\u00edculas, grabando videos o trabajando en estudios fotogr\u00e1ficos. Accesorios recomendados: D600, G200-1, D200, D520L, G200-1, Roller Bag AVCSA1301B, D800KIT, D240, D250, D050, D220     <\/p>\n<p><strong>Caracter\u00edsticas t\u00e9cnicas:<\/strong><\/p>\n<ul>\n<li>Peso: 5,8 kg<\/li>\n<li>Altura m\u00e1xima: 253 cm<\/li>\n<li>Carga \u00fatil: 10kg<\/li>\n<li>Longitud cerrada: 110 cm<\/li>\n<li>Di\u00e1metro m\u00e1ximo de la huella: 95 cm<\/li>\n<li>Pata niveladora: 1<\/li>\n<\/ul>\n","protected":false},"excerpt":{"rendered":"<p>MANFROTTO Avenger C-Stand Pata deslizante 30\u00bb CS 250cm Base y columna Funciones: Pata Lazy-Stand\/Niveladora de 30\u00bb en acero cromado plateado.<\/p>\n","protected":false},"featured_media":26404,"comment_status":"closed","ping_status":"open","template":"","meta":{"_acf_changed":false},"product_brand":[2581],"product_cat":[971],"product_tag":[],"class_list":{"0":"post-74984","1":"product","2":"type-product","3":"status-publish","4":"has-post-thumbnail","6":"product_brand-manfrotto-es","7":"product_cat-pies-foco","9":"first","10":"onbackorder","11":"taxable","12":"shipping-taxable","13":"purchasable","14":"product-type-simple"},"bundled_by":[],"bundle_stock_status":"onbackorder","bundle_stock_quantity":null,"bundle_virtual":false,"bundle_layout":"","bundle_add_to_cart_form_location":"","bundle_editable_in_cart":false,"bundle_sold_individually_context":"","bundle_item_grouping":"","bundle_min_size":"","bundle_max_size":"","bundle_price":[],"bundled_items":[],"bundle_sell_ids":[],"acf":[],"_links":{"self":[{"href":"https:\/\/hi-techwonder.com\/es\/wp-json\/wp\/v2\/product\/74984","targetHints":{"allow":["GET"]}}],"collection":[{"href":"https:\/\/hi-techwonder.com\/es\/wp-json\/wp\/v2\/product"}],"about":[{"href":"https:\/\/hi-techwonder.com\/es\/wp-json\/wp\/v2\/types\/product"}],"replies":[{"embeddable":true,"href":"https:\/\/hi-techwonder.com\/es\/wp-json\/wp\/v2\/comments?post=74984"}],"wp:featuredmedia":[{"embeddable":true,"href":"https:\/\/hi-techwonder.com\/es\/wp-json\/wp\/v2\/media\/26404"}],"wp:attachment":[{"href":"https:\/\/hi-techwonder.com\/es\/wp-json\/wp\/v2\/media?parent=74984"}],"wp:term":[{"taxonomy":"product_brand","embeddable":true,"href":"https:\/\/hi-techwonder.com\/es\/wp-json\/wp\/v2\/product_brand?post=74984"},{"taxonomy":"product_cat","embeddable":true,"href":"https:\/\/hi-techwonder.com\/es\/wp-json\/wp\/v2\/product_cat?post=74984"},{"taxonomy":"product_tag","embeddable":true,"href":"https:\/\/hi-techwonder.com\/es\/wp-json\/wp\/v2\/product_tag?post=74984"}],"curies":[{"name":"wp","href":"https:\/\/api.w.org\/{rel}","templated":true}]}}