{"id":74985,"date":"2025-07-28T23:41:25","date_gmt":"2025-07-28T23:41:25","guid":{"rendered":"https:\/\/fv6qoy3ls0.wpdns.site\/product\/manfrotto-avenger-c-stand-base-fija-40-cs-3-3m-kit\/"},"modified":"2026-04-10T15:38:51","modified_gmt":"2026-04-10T14:38:51","slug":"manfrotto-avenger-c-stand-base-fija-40-cs-3-3m-kit","status":"publish","type":"product","link":"https:\/\/hi-techwonder.com\/es\/producto\/manfrotto-avenger-c-stand-base-fija-40-cs-3-3m-kit\/","title":{"rendered":"MANFROTTO Avenger C-Stand Base Fija 40 CS 3.3m Kit"},"content":{"rendered":"<p><strong>MANFROTTO Avenger C-Stand Base Fija 40&#8221; CS 3.3m Kit<\/strong><\/p>\n<p><strong>Funciones:<\/strong><\/p>\n<ul>\n<li>Kit de soporte en C de base fija de 40&#8221;, con soporte en C de acero cromado plateado<\/li>\n<li>Completo con soporte C-A2030F de 40&#8221;, cabezal de sujeci\u00f3n D200 y brazo de sujeci\u00f3n D520<\/li>\n<li>Tama\u00f1o de soporte en C m\u00e1s popular para sostener banderas, gobos y luces.<\/li>\n<li>Las patas del soporte en C se pliegan para facilitar el transporte y la configuraci\u00f3n r\u00e1pida.<\/li>\n<li>El soporte en C de 40&#8221; tiene 3 secciones, 2 tirantes. \u00d8: 35, 30, 25 mm <\/li>\n<\/ul>\n<p><strong>Descripci\u00f3n:<\/strong><\/p>\n<p>El Avenger A2033FKIT en acero cromado plateado viene completo con el A2033F 40&#8221; 3 secciones, 2 bandas Base fija en soporte C de acero cromado (altura m\u00e1xima 330 cm) &#8221; Brazo de agarre D520. Los soportes en C Avenger cuentan con manijas de bloqueo cautivas que no vibran libremente, est\u00e1n triplemente cromadas y funcionan en los entornos m\u00e1s exigentes. Los acabados cromados de los soportes C de Avenger son insuperables ?? y proporcionan una durabilidad duradera. Son los m\u00e1s duraderos ?? de la industria! Las bases fijas del Avenger no est\u00e1n soldadas y, como resultado, las piezas de repuesto est\u00e1n f\u00e1cilmente disponibles en caso de que da\u00f1e una pata o una fundici\u00f3n. Combine eso con el poder de frenado inmejorable de la cabeza D200 y el brazo D520, este kit Avenger funcionar\u00e1 perfectamente con banderas, gobos, disquetes, cortadores y todo tipo de iluminaci\u00f3n, ya sea que est\u00e9 filmando sets de filmaci\u00f3n, grabando videos o trabajando en estudios fotogr\u00e1ficos. Accesorios recomendados: D600, E650, F830, E390, Roller Bag AVCSA1301B, D800KIT, D240, D250, D050, D220, D570<\/p>\n<p><strong>Caracter\u00edsticas t\u00e9cnicas:<\/strong><\/p>\n<ul>\n<li>Peso: 7,2 kg<\/li>\n<li>Altura m\u00e1xima: 328 cm<\/li>\n<li>Extensi\u00f3n m\u00e1xima de la pluma: 102 cm<\/li>\n<li>Carga \u00fatil: 10kg<\/li>\n<li>Longitud cerrada: 134 cm<\/li>\n<li>Di\u00e1metro m\u00e1ximo de la huella: 95 cm<\/li>\n<li>Extensi\u00f3n m\u00ednima de la pluma: 102 cm<\/li>\n<\/ul>\n","protected":false},"excerpt":{"rendered":"<p>MANFROTTO Avenger C-Stand Base Fija 40&#8221; CS 3.3m Kit Funciones: Kit de soporte en C de base fija de 40&#8221;,<\/p>\n","protected":false},"featured_media":26268,"comment_status":"closed","ping_status":"open","template":"","meta":{"_acf_changed":false},"product_brand":[2581],"product_cat":[960],"product_tag":[],"class_list":{"0":"post-74985","1":"product","2":"type-product","3":"status-publish","4":"has-post-thumbnail","6":"product_brand-manfrotto-es","7":"product_cat-espigotes-pinzas","9":"first","10":"pre-order","11":"taxable","12":"shipping-taxable","13":"purchasable","14":"product-type-simple"},"bundled_by":[],"bundle_stock_status":"pre-order","bundle_stock_quantity":null,"bundle_virtual":false,"bundle_layout":"","bundle_add_to_cart_form_location":"","bundle_editable_in_cart":false,"bundle_sold_individually_context":"","bundle_item_grouping":"","bundle_min_size":"","bundle_max_size":"","bundle_price":[],"bundled_items":[],"bundle_sell_ids":[],"acf":[],"_links":{"self":[{"href":"https:\/\/hi-techwonder.com\/es\/wp-json\/wp\/v2\/product\/74985","targetHints":{"allow":["GET"]}}],"collection":[{"href":"https:\/\/hi-techwonder.com\/es\/wp-json\/wp\/v2\/product"}],"about":[{"href":"https:\/\/hi-techwonder.com\/es\/wp-json\/wp\/v2\/types\/product"}],"replies":[{"embeddable":true,"href":"https:\/\/hi-techwonder.com\/es\/wp-json\/wp\/v2\/comments?post=74985"}],"wp:featuredmedia":[{"embeddable":true,"href":"https:\/\/hi-techwonder.com\/es\/wp-json\/wp\/v2\/media\/26268"}],"wp:attachment":[{"href":"https:\/\/hi-techwonder.com\/es\/wp-json\/wp\/v2\/media?parent=74985"}],"wp:term":[{"taxonomy":"product_brand","embeddable":true,"href":"https:\/\/hi-techwonder.com\/es\/wp-json\/wp\/v2\/product_brand?post=74985"},{"taxonomy":"product_cat","embeddable":true,"href":"https:\/\/hi-techwonder.com\/es\/wp-json\/wp\/v2\/product_cat?post=74985"},{"taxonomy":"product_tag","embeddable":true,"href":"https:\/\/hi-techwonder.com\/es\/wp-json\/wp\/v2\/product_tag?post=74985"}],"curies":[{"name":"wp","href":"https:\/\/api.w.org\/{rel}","templated":true}]}}