{"id":74993,"date":"2025-07-29T09:27:20","date_gmt":"2025-07-29T09:27:20","guid":{"rendered":"https:\/\/fv6qoy3ls0.wpdns.site\/product\/laowa-60mm-f-2-8-2x-ultra-macro-sony-e-mount\/"},"modified":"2025-12-22T14:47:29","modified_gmt":"2025-12-22T14:47:29","slug":"laowa-60mm-f-2-8-2x-ultra-macro-sony-e-mount","status":"publish","type":"product","link":"https:\/\/hi-techwonder.com\/es\/producto\/laowa-60mm-f-2-8-2x-ultra-macro-sony-e-mount\/","title":{"rendered":"LAOWA 60mm f\/2.8 2x Ultra-Macro Sony E-Mount"},"content":{"rendered":"<p><strong>En la caja<\/strong><\/p>\n<ul>\n<li>Venus Optics Laowa 60mm f\/2.8 2X Lente Ultra-Macro para Montura E de Sony<\/li>\n<li>Cubierta frontal del objetivo<\/li>\n<li>Tapa trasera del objetivo<\/li>\n<li>Bolsa de lentes de nailon<\/li>\n<\/ul>\n<p>Con un rango de aumento de 0,1x a 2x, este objetivo es ideal para escenarios de fotograf\u00eda macro que cambian r\u00e1pidamente sin utilizar tubos de extensi\u00f3n. El amplio rango de aumento es muy \u00fatil para fotografiar objetos macro (por ejemplo, insectos) con diferentes tama\u00f1os. El objetivo tambi\u00e9n est\u00e1 dise\u00f1ado para fines fotogr\u00e1ficos normales con una distancia focal de 60 mm, lo que proporciona una soluci\u00f3n todo en uno para la fotograf\u00eda de retratos normal, as\u00ed como para la fotograf\u00eda ultramacro.  <\/p>\n<h2>Especificaciones de Venus Optics 60mm f\/2.8<\/h2>\n<table style=\"width: 100%;\" border=\"0\" cellspacing=\"0\" cellpadding=\"2\">\n<colgroup>\n<col width=\"91*\"><\/colgroup>\n<colgroup>\n<col width=\"165*\"><\/colgroup>\n<tbody>\n<tr>\n<td width=\"36%\">\n<p style=\"widows: 1;\" align=\"LEFT\">Distancia focal<\/p>\n<\/td>\n<td width=\"64%\">\n<p style=\"widows: 1;\" align=\"LEFT\">60 mil\u00edmetros<\/p>\n<\/td>\n<\/tr>\n<tr>\n<td width=\"36%\">\n<p style=\"widows: 1;\" align=\"LEFT\">M\u00e1ximo. Abertura <\/p>\n<\/td>\n<td width=\"64%\">\n<p style=\"widows: 1;\" align=\"LEFT\">f\/2.8<\/p>\n<\/td>\n<\/tr>\n<tr>\n<td width=\"36%\">\n<p style=\"widows: 1;\" align=\"LEFT\">\u00c1ngulo<\/p>\n<\/td>\n<td width=\"64%\">\n<p style=\"widows: 1;\" align=\"LEFT\">25,3\u00b0<\/p>\n<\/td>\n<\/tr>\n<tr>\n<td width=\"36%\">\n<p style=\"widows: 1;\" align=\"LEFT\">Compatibilidad de formatos<\/p>\n<\/td>\n<td width=\"64%\">\n<p style=\"widows: 1;\" align=\"LEFT\">APS-C<\/p>\n<\/td>\n<\/tr>\n<tr>\n<td width=\"36%\">\n<p style=\"widows: 1;\" align=\"LEFT\">Estructura de la lente<\/p>\n<\/td>\n<td width=\"64%\">\n<p style=\"widows: 1;\" align=\"LEFT\">9 elementos en 7 grupos<\/p>\n<\/td>\n<\/tr>\n<tr>\n<td width=\"36%\">\n<p style=\"widows: 1;\" align=\"LEFT\">Cuchillas de apertura<\/p>\n<\/td>\n<td width=\"64%\">\n<p style=\"widows: 1;\" align=\"LEFT\">14<\/p>\n<\/td>\n<\/tr>\n<tr>\n<td width=\"36%\">\n<p style=\"widows: 1;\" align=\"LEFT\">Distancia m\u00ednima de enfoque <\/p>\n<\/td>\n<td width=\"64%\">\n<p style=\"widows: 1;\" align=\"LEFT\">18,5 cm<\/p>\n<\/td>\n<\/tr>\n<tr>\n<td width=\"36%\">\n<p style=\"widows: 1;\" align=\"LEFT\">M\u00e1ximo. Ampliaci\u00f3n <\/p>\n<\/td>\n<td width=\"64%\">\n<p style=\"widows: 1;\" align=\"LEFT\">2:1<\/p>\n<\/td>\n<\/tr>\n<tr>\n<td width=\"36%\">\n<p style=\"widows: 1;\" align=\"LEFT\">Tema de filtro<\/p>\n<\/td>\n<td width=\"64%\">\n<p style=\"widows: 1;\" align=\"LEFT\">62 mil\u00edmetros<\/p>\n<\/td>\n<\/tr>\n<tr>\n<td width=\"36%\">\n<p style=\"widows: 1;\" align=\"LEFT\">Dimensiones<\/p>\n<\/td>\n<td width=\"64%\">\n<p style=\"widows: 1;\" align=\"LEFT\">95 x 70 mm<\/p>\n<\/td>\n<\/tr>\n<tr>\n<td width=\"36%\">\n<p style=\"widows: 1;\" align=\"LEFT\">Peso<\/p>\n<\/td>\n<td width=\"64%\">\n<p style=\"widows: 1;\" align=\"LEFT\">503 gramos<\/p>\n<\/td>\n<\/tr>\n<tr>\n<td width=\"36%\">\n<p style=\"widows: 1;\" align=\"LEFT\">Montajes<\/p>\n<\/td>\n<td width=\"64%\">\n<p style=\"widows: 1;\" align=\"LEFT\">Sony E<\/p>\n<\/td>\n<\/tr>\n<\/tbody>\n<\/table>\n","protected":false},"excerpt":{"rendered":"<p>En la caja Venus Optics Laowa 60mm f\/2.8 2X Lente Ultra-Macro para Montura E de Sony Cubierta frontal del objetivo<\/p>\n","protected":false},"featured_media":49198,"comment_status":"closed","ping_status":"closed","template":"","meta":{"_acf_changed":false},"product_brand":[2682],"product_cat":[1062],"product_tag":[],"class_list":{"0":"post-74993","1":"product","2":"type-product","3":"status-publish","4":"has-post-thumbnail","6":"product_brand-laowa-es","7":"product_cat-mirrorless-objectivos","8":"pa_abertura-maxima-f-2-8-es","9":"pa_cor-negro","10":"pa_designs-especiais-macro-es","11":"pa_diametro-62mm-es","12":"pa_estabilizacao-de-imagem-no","13":"pa_montagem-da-objetiva-sony-e-es","14":"pa_sensor-fotograma-completo","15":"pa_tipo-de-foco-enfoque-manual","16":"pa_tipo-de-objetiva-estandar","17":"pa_zoom-fixa-fijo","19":"first","20":"onbackorder","21":"taxable","22":"shipping-taxable","23":"purchasable","24":"product-type-simple"},"bundled_by":[],"bundle_stock_status":"onbackorder","bundle_stock_quantity":null,"bundle_virtual":false,"bundle_layout":"","bundle_add_to_cart_form_location":"","bundle_editable_in_cart":false,"bundle_sold_individually_context":"","bundle_item_grouping":"","bundle_min_size":"","bundle_max_size":"","bundle_price":[],"bundled_items":[],"bundle_sell_ids":[],"acf":[],"_links":{"self":[{"href":"https:\/\/hi-techwonder.com\/es\/wp-json\/wp\/v2\/product\/74993","targetHints":{"allow":["GET"]}}],"collection":[{"href":"https:\/\/hi-techwonder.com\/es\/wp-json\/wp\/v2\/product"}],"about":[{"href":"https:\/\/hi-techwonder.com\/es\/wp-json\/wp\/v2\/types\/product"}],"replies":[{"embeddable":true,"href":"https:\/\/hi-techwonder.com\/es\/wp-json\/wp\/v2\/comments?post=74993"}],"wp:featuredmedia":[{"embeddable":true,"href":"https:\/\/hi-techwonder.com\/es\/wp-json\/wp\/v2\/media\/49198"}],"wp:attachment":[{"href":"https:\/\/hi-techwonder.com\/es\/wp-json\/wp\/v2\/media?parent=74993"}],"wp:term":[{"taxonomy":"product_brand","embeddable":true,"href":"https:\/\/hi-techwonder.com\/es\/wp-json\/wp\/v2\/product_brand?post=74993"},{"taxonomy":"product_cat","embeddable":true,"href":"https:\/\/hi-techwonder.com\/es\/wp-json\/wp\/v2\/product_cat?post=74993"},{"taxonomy":"product_tag","embeddable":true,"href":"https:\/\/hi-techwonder.com\/es\/wp-json\/wp\/v2\/product_tag?post=74993"}],"curies":[{"name":"wp","href":"https:\/\/api.w.org\/{rel}","templated":true}]}}