{"id":74994,"date":"2025-07-29T09:20:20","date_gmt":"2025-07-29T09:20:20","guid":{"rendered":"https:\/\/fv6qoy3ls0.wpdns.site\/product\/laowa-60mm-f-2-8-2x-ultra-macro-nikon-f\/"},"modified":"2026-04-15T17:45:09","modified_gmt":"2026-04-15T16:45:09","slug":"laowa-60mm-f-2-8-2x-ultra-macro-nikon-f","status":"publish","type":"product","link":"https:\/\/hi-techwonder.com\/es\/producto\/laowa-60mm-f-2-8-2x-ultra-macro-nikon-f\/","title":{"rendered":"LAOWA 60mm f\/2.8 2x Ultra-Macro Nikon F"},"content":{"rendered":"<p><strong>Productos destacados<\/strong><\/p>\n<ul>\n<li>Lente de montura F\/formato FX<\/li>\n<li>90 mm (formato DX de 35 mm equivalente)<\/li>\n<li>Rango de apertura: f\/2.8 a f\/22<\/li>\n<li>Rango de aumento: 2.0x a 0.1x<\/li>\n<li>Rango de enfoque: 6 cm hasta el infinito<\/li>\n<li>Enfoque manual, apertura manual<\/li>\n<li>Diafragma redondeado de 14 hojas<\/li>\n<\/ul>\n<p><strong>En la caja<\/strong><\/p>\n<ul>\n<li>Venus Optics Laowa 60mm f\/2.8 2X Lente Ultra-Macro para Nikon F<\/li>\n<li>Cubierta frontal del objetivo<\/li>\n<li>Tapa trasera del objetivo<\/li>\n<li>Bolsa de lentes de nailon<\/li>\n<\/ul>\n<p>Desde macro hasta infinito, el lente ultra macro Nikon F 60 mm f\/2.8 2X de Venus Optics es un lente de longitud de retrato principal que ofrece la capacidad \u00fanica de fotografiar sujetos en primer plano desde 6 cm de distancia con una relaci\u00f3n de aumento de 2: 1, as\u00ed como sujetos distantes con enfoque infinito y aumento de 0.1x. La versatilidad que ofrece este objetivo de apertura manual y selecci\u00f3n de enfoque manual beneficia el trabajo con sujetos en primer plano y luego el cambio r\u00e1pido a sujetos de cuerpo entero en la distancia sin necesidad de tubos de extensi\u00f3n u otros adaptadores. La lente est\u00e1 optimizada para su uso en sensores de formato DX, donde proporcionar\u00e1 una distancia focal equivalente a 90 mm, y tambi\u00e9n se puede usar en DSLR de formato FX, sin embargo, puede ocurrir algo de vi\u00f1eteado cuando se enfoca al infinito.  <\/p>\n<p>La construcci\u00f3n de la lente incorpora nueve elementos en siete grupos, y dos de los grupos de lentes se mueven para controlar el enfoque y evitar distorsiones de barril. Este dise\u00f1o tambi\u00e9n ayuda a mantener una alta nitidez, nitidez y precisi\u00f3n de color de la imagen. Un diafragma redondeado de 14 hojas contribuye a una calidad de desenfoque suave que es especialmente beneficiosa cuando se trabaja con sujetos cercanos y t\u00e9cnicas de enfoque selectivo.  <\/p>\n<ul>\n<li>El objetivo Nikon Prime 60mm con montura F es compatible con sensores FX y sensores DX, donde proporcionar\u00e1 una distancia focal equivalente a 90mm.<\/li>\n<li>El objetivo es capaz de enfocar sujetos a una distancia de hasta 2,4&#8243; con una relaci\u00f3n de aumento de 2:1 para tomas macro m\u00e1s grandes que la vida sin necesidad de tubos de extensi\u00f3n o adaptadores. Adem\u00e1s, el objetivo tambi\u00e9n es capaz de lograr un enfoque infinito con una relaci\u00f3n de aumento de 1:10 para aplicaciones de fotograf\u00eda general. Cuando se trabaja con sensores FX, la imagen puede estar ligeramente vi\u00f1eteada cuando se trabaja con enfoque infinito.  <\/li>\n<li>El dise\u00f1o de enfoque manual y ajuste de apertura manual no mantiene ninguna comunicaci\u00f3n electr\u00f3nica con la c\u00e1mara.<\/li>\n<li>La construcci\u00f3n de nueve elementos en siete grupos produce un alto grado de claridad en todo el rango de enfoque, as\u00ed como una reproducci\u00f3n crom\u00e1tica precisa.<\/li>\n<li>Dos grupos de lentes se mueven durante el enfoque para controlar la distorsi\u00f3n del barril.<\/li>\n<li>El diafragma redondeado de 14 hojas produce una calidad de desenfoque suave cuando se utilizan t\u00e9cnicas de enfoque selectivo o poca profundidad de campo.<\/li>\n<li>El parasol incorporado ayuda a desviar la luz par\u00e1sita para que no cause destellos o im\u00e1genes fantasma en la lente.<\/li>\n<li>El cilindro de la lente totalmente met\u00e1lico ofrece durabilidad y rigidez garantizadas.<\/li>\n<\/ul>\n<div>\n<p><strong>Especificaciones de Venus Optics 60mm f\/2.8<\/strong><\/p>\n<table style=\"width: 643px;\" border=\"0\" cellspacing=\"0\" cellpadding=\"2\">\n<colgroup>\n<col width=\"201\"><\/colgroup>\n<colgroup>\n<col width=\"434\"><\/colgroup>\n<tbody>\n<tr>\n<th colspan=\"2\" width=\"639\">\n<p><a name=\"11011\"><\/a>interino<\/p>\n<\/th>\n<\/tr>\n<tr>\n<td width=\"201\">\n<p>Distancia focal<\/p>\n<\/td>\n<td width=\"434\">\n<p>60 mil\u00edmetros<br \/>Equivalente al formato DX de 35 mm Distancia focal: 90 mm<\/p>\n<\/td>\n<\/tr>\n<tr>\n<td width=\"201\">\n<p>Abertura<\/p>\n<\/td>\n<td width=\"434\">\n<p>M\u00e1ximo: f\/2.8<br \/>M\u00ednimo: f\/22<\/p>\n<\/td>\n<\/tr>\n<tr>\n<td width=\"201\">\n<p>Tipo de montaje de la c\u00e1mara<\/p>\n<\/td>\n<td width=\"434\">\n<p>Nikon F<\/p>\n<\/td>\n<\/tr>\n<tr>\n<td width=\"201\">\n<p>Compatibilidad de formatos<\/p>\n<\/td>\n<td width=\"434\">\n<p>Nikon FX\/Pel\u00edcula de 35 mm<br \/>Nikon DX<\/p>\n<\/td>\n<\/tr>\n<tr>\n<td width=\"201\">\n<p>\u00c1ngulo<\/p>\n<\/td>\n<td width=\"434\">\n<p>40\u00b0<\/p>\n<\/td>\n<\/tr>\n<tr>\n<td width=\"201\">\n<p>Distancia m\u00ednima de enfoque<\/p>\n<\/td>\n<td width=\"434\">\n<p>6 cm<\/p>\n<\/td>\n<\/tr>\n<tr>\n<td width=\"201\">\n<p>Ampliaci\u00f3n<\/p>\n<\/td>\n<td width=\"434\">\n<p>2.0 &#8211; 0.1x<\/p>\n<\/td>\n<\/tr>\n<tr>\n<td width=\"201\">\n<p>Velocidad m\u00e1xima de reproducci\u00f3n<\/p>\n<\/td>\n<td width=\"434\">\n<p>1:0,5<\/p>\n<\/td>\n<\/tr>\n<tr>\n<td width=\"201\">\n<p>Dise\u00f1o \u00f3ptico<\/p>\n<\/td>\n<td width=\"434\">\n<p>9 elementos en 7 grupos<\/p>\n<\/td>\n<\/tr>\n<tr>\n<td width=\"201\">\n<p>Hojas de diafragma<\/p>\n<\/td>\n<td width=\"434\">\n<p>14, redondeado<\/p>\n<\/td>\n<\/tr>\n<\/tbody>\n<\/table>\n<table style=\"width: 641px;\" border=\"0\" cellspacing=\"0\" cellpadding=\"2\">\n<colgroup>\n<col width=\"201\"><\/colgroup>\n<colgroup>\n<col width=\"432\"><\/colgroup>\n<tbody>\n<tr>\n<th colspan=\"2\" width=\"637\">\n<p><a name=\"23001\"><\/a>Recursos<\/p>\n<\/th>\n<\/tr>\n<tr>\n<td width=\"201\">\n<p>Autom\u00e1tico<\/p>\n<\/td>\n<td width=\"432\">\n<p>No<\/p>\n<\/td>\n<\/tr>\n<\/tbody>\n<\/table>\n<table style=\"width: 639px;\" border=\"0\" cellspacing=\"0\" cellpadding=\"2\">\n<colgroup>\n<col width=\"200\"><\/colgroup>\n<colgroup>\n<col width=\"431\"><\/colgroup>\n<tbody>\n<tr>\n<th colspan=\"2\" width=\"635\">\n<p><a name=\"11501\"><\/a>F\u00edsico<\/p>\n<\/th>\n<\/tr>\n<tr>\n<td width=\"200\">\n<p>Tema de filtro<\/p>\n<\/td>\n<td width=\"431\">\n<p>Frontal: 62 mm<\/p>\n<\/td>\n<\/tr>\n<tr>\n<td width=\"200\">\n<p>Dimensiones (DxL)<\/p>\n<\/td>\n<td width=\"431\">\n<p>9,5 x 7,7 cm<\/p>\n<\/td>\n<\/tr>\n<tr>\n<td width=\"200\">\n<p>Peso<\/p>\n<\/td>\n<td width=\"431\">\n<p>800 gramos<\/p>\n<\/td>\n<\/tr>\n<\/tbody>\n<\/table>\n<\/div>\n","protected":false},"excerpt":{"rendered":"<p>Productos destacados Lente de montura F\/formato FX 90 mm (formato DX de 35 mm equivalente) Rango de apertura: f\/2.8 a<\/p>\n","protected":false},"featured_media":47729,"comment_status":"closed","ping_status":"open","template":"","meta":{"_acf_changed":false},"product_brand":[2682],"product_cat":[1063],"product_tag":[],"class_list":{"0":"post-74994","1":"product","2":"type-product","3":"status-publish","4":"has-post-thumbnail","6":"product_brand-laowa-es","7":"product_cat-slr-es","9":"first","10":"onbackorder","11":"taxable","12":"shipping-taxable","13":"purchasable","14":"product-type-simple"},"bundled_by":[],"bundle_stock_status":"onbackorder","bundle_stock_quantity":null,"bundle_virtual":false,"bundle_layout":"","bundle_add_to_cart_form_location":"","bundle_editable_in_cart":false,"bundle_sold_individually_context":"","bundle_item_grouping":"","bundle_min_size":"","bundle_max_size":"","bundle_price":[],"bundled_items":[],"bundle_sell_ids":[],"acf":[],"_links":{"self":[{"href":"https:\/\/hi-techwonder.com\/es\/wp-json\/wp\/v2\/product\/74994","targetHints":{"allow":["GET"]}}],"collection":[{"href":"https:\/\/hi-techwonder.com\/es\/wp-json\/wp\/v2\/product"}],"about":[{"href":"https:\/\/hi-techwonder.com\/es\/wp-json\/wp\/v2\/types\/product"}],"replies":[{"embeddable":true,"href":"https:\/\/hi-techwonder.com\/es\/wp-json\/wp\/v2\/comments?post=74994"}],"wp:featuredmedia":[{"embeddable":true,"href":"https:\/\/hi-techwonder.com\/es\/wp-json\/wp\/v2\/media\/47729"}],"wp:attachment":[{"href":"https:\/\/hi-techwonder.com\/es\/wp-json\/wp\/v2\/media?parent=74994"}],"wp:term":[{"taxonomy":"product_brand","embeddable":true,"href":"https:\/\/hi-techwonder.com\/es\/wp-json\/wp\/v2\/product_brand?post=74994"},{"taxonomy":"product_cat","embeddable":true,"href":"https:\/\/hi-techwonder.com\/es\/wp-json\/wp\/v2\/product_cat?post=74994"},{"taxonomy":"product_tag","embeddable":true,"href":"https:\/\/hi-techwonder.com\/es\/wp-json\/wp\/v2\/product_tag?post=74994"}],"curies":[{"name":"wp","href":"https:\/\/api.w.org\/{rel}","templated":true}]}}