{"id":74997,"date":"2025-07-29T10:22:21","date_gmt":"2025-07-29T10:22:21","guid":{"rendered":"https:\/\/fv6qoy3ls0.wpdns.site\/product\/rotula-manfrotto-496-con-liberacion-rapida-200pl-pro\/"},"modified":"2026-01-31T01:39:11","modified_gmt":"2026-01-31T01:39:11","slug":"manfrotto-rotula-manfrotto-496-con-liberacion-rapida-200pl-pro","status":"publish","type":"product","link":"https:\/\/hi-techwonder.com\/es\/producto\/manfrotto-rotula-manfrotto-496-con-liberacion-rapida-200pl-pro\/","title":{"rendered":"R\u00f3tula MANFROTTO 496 con liberaci\u00f3n r\u00e1pida 200PL-PRO"},"content":{"rendered":"<p>Productos destacados:<\/p>\n<p> <span style=\"color: #000000\">&nbsp;<\/span><\/p>\n<ul>\n<li> <span style=\"color: #000000\">Capacidad de carga: 9,98 kg<\/span><\/li>\n<li> <span style=\"color: #000000\">Altura: 11,5 cm<\/span><\/li>\n<li> <span style=\"color: #000000\">Peso: 400g<\/span><\/li>\n<li> <span style=\"color: #000000\">RC2 Bloqueo de leva de liberaci\u00f3n r\u00e1pida<\/span><\/li>\n<li> <span style=\"color: #000000\">Inclinaci\u00f3n del \u00e1ngulo vertical de hasta 90\u00b0<\/span><\/li>\n<li> <span style=\"color: #000000\">Rotaci\u00f3n independiente de 360\u00b0 con bloqueo<\/span><\/li>\n<li> <span style=\"color: #000000\">Control de tensi\u00f3n de bola y z\u00f3calo<\/span><\/li>\n<li> <span style=\"color: #000000\">Placa de liberaci\u00f3n r\u00e1pida 200PL-PRO<\/span><\/li>\n<li> <span style=\"color: #000000\">Compatible con cerradura RC2 y abrazadera Arca<\/span><\/li>\n<\/ul>\n<p> <span style=\"color: #000000\">Esta r\u00f3tula de bola Manfrotto 496 cuenta con un bloqueo de leva de liberaci\u00f3n r\u00e1pida RC2 integrado y una placa de liberaci\u00f3n r\u00e1pida 200PL-PRO. Las placas de liberaci\u00f3n r\u00e1pida compatibles se pueden quitar de la cabeza tirando de la palanca del resorte de bloqueo de leva, lo que tambi\u00e9n permite volver a colocar la placa instant\u00e1neamente. El bloqueo de leva tambi\u00e9n cuenta con un bloqueo de seguridad para evitar que una placa de liberaci\u00f3n r\u00e1pida compatible se desconecte accidentalmente.  <\/span><\/p>\n<p> <span style=\"color: #000000\">&nbsp;<\/span><\/p>\n<p> <span style=\"color: #000000\">La r\u00f3tula esf\u00e9rica 496 con placa de liberaci\u00f3n r\u00e1pida 200PL-PRO tiene una capacidad de carga de  <span style=\"font-size: small\">9,98 kg y se puede acoplar a tr\u00edpodes u otros sistemas de soporte con montura de 3\/8&#8243;-16. Al soltar la perilla de bloqueo primaria del cabezal, la r\u00f3tula se puede girar, inclinar, inclinar completamente o volver a su posici\u00f3n vertical r\u00e1pidamente. Un dial integrado en esta perilla de bloqueo se puede girar para aplicar control de tensi\u00f3n a los movimientos de la r\u00f3tula. lado opuesto de la r\u00f3tula, una perilla de bloqueo secundaria controla la capacidad de girar la cabeza 360\u00b0.   <\/span><\/span><\/p>\n<p> <span style=\"color: #000000\">&nbsp;<\/span><\/p>\n<p> <span style=\"color: #000000\">Las c\u00e1maras o accesorios que son compatibles con la montura de 1\/4&#8243;-20 se pueden conectar a la placa de liberaci\u00f3n r\u00e1pida 200PL-PRO, as\u00ed como a roscas de 3\/8&#8243;-16 a trav\u00e9s de un adaptador de buje incluido. La placa tambi\u00e9n es compatible con cabezales de tr\u00edpode disponibles por separado que cuentan con una abrazadera tipo Ark. <\/span><\/p>\n<p> <span style=\"color: #000000\">&nbsp;<\/span><\/p>\n<p> <span style=\"color: #000000\">&nbsp;<\/span><\/p>\n<p> <strong><span style=\"color: #000000\">494 R\u00f3tula esf\u00e9rica<\/span><\/strong><\/p>\n<ul>\n<li> <span style=\"color: #000000\"><span style=\"font-size: small\">Capacidad de carga de 9,98 kg<\/span><\/span><\/li>\n<li> <span style=\"color: #000000\">Compatible con tr\u00edpodes o sistemas de soporte con montaje de 3\/8&#8243;-16<\/span><\/li>\n<li> <span style=\"color: #000000\">Utiliza r\u00f3tula para ayudar a maximizar la flexibilidad de giro e inclinaci\u00f3n<\/span><\/li>\n<li> <span style=\"color: #000000\">La r\u00f3tula proporciona un control giratorio de 360\u00b0, se puede inclinar en un \u00e1ngulo de 90\u00b0 y se puede bloquear en su lugar<\/span><\/li>\n<li> <span style=\"color: #000000\">Bloqueo de leva de liberaci\u00f3n r\u00e1pida RC2 integrado<\/span><\/li>\n<li> <span style=\"color: #000000\">La perilla de bloqueo primaria permite que la r\u00f3tula se gire, incline, incline completamente o regrese r\u00e1pidamente a su posici\u00f3n vertical<\/span><\/li>\n<li> <span style=\"color: #000000\">La perilla de bloqueo secundaria permite que la cabeza gire 360 \u00b0<\/span><\/li>\n<li> <span style=\"color: #000000\">Dial de control de tensi\u00f3n dedicado para movimientos de r\u00f3tula<\/span><\/li>\n<li> <span style=\"color: #000000\">Construcci\u00f3n duradera de aleaci\u00f3n de aluminio<\/span><\/li>\n<\/ul>\n<p> <span style=\"color: #000000\">&nbsp;<\/span><\/p>\n<p> <strong><span style=\"color: #000000\">Placa de liberaci\u00f3n r\u00e1pida 200PL-PRO<\/span><\/strong><\/p>\n<ul>\n<li> <span style=\"color: #000000\">Compatible con Manfrotto RC2 Quick Release Cam Lock y las abrazaderas de liberaci\u00f3n r\u00e1pida tipo Arca<\/span><\/li>\n<li> <span style=\"color: #000000\">Montaje de 1\/4&#8243;-20 con soporte para 3\/8&#8243;-16 a trav\u00e9s del adaptador de buje<\/span><\/li>\n<li> <span style=\"color: #000000\">Construcci\u00f3n duradera de aleaci\u00f3n de aluminio<\/span><\/li>\n<\/ul>\n<p style=\"margin-bottom: 0cm\"> <span style=\"color: #000000\">&nbsp;<\/span> <\/p>\n<table style=\"width: 571px\" border=\"0\" cellspacing=\"0\" cellpadding=\"2\">\n<colgroup>\n<col width=\"230\">\n<col width=\"332\"><\/colgroup>\n<tbody>\n<tr>\n<th colspan=\"2\" width=\"567\">\n<p class=\"western\" style=\"border: none;padding: 0cm;font-weight: normal\"> <span style=\"color: #000000\"><a name=\"8008\"><\/a><span style=\"font-size: x-large\">Generalmente<\/span><\/span> <\/p>\n<\/th>\n<\/tr>\n<tr>\n<td width=\"230\">\n<p style=\"border-top: none;border-bottom: 1px solid #e6e7e8;border-left: none;border-right: none;padding: 0cm 0cm 0.53cm 0cm\"> <span style=\"color: #000000\">Tipo de cabeza<\/span> <\/p>\n<\/td>\n<td width=\"332\">\n<p style=\"border-top: none;border-bottom: 1px solid #e6e7e8;border-left: none;border-right: none;padding: 0cm 0cm 0.53cm 0cm\"> <span style=\"color: #000000\">Cabeza de bola<\/span> <\/p>\n<\/td>\n<\/tr>\n<tr>\n<td width=\"230\">\n<p style=\"border-top: none;border-bottom: 1px solid #e6e7e8;border-left: none;border-right: none;padding: 0cm 0cm 0.53cm 0cm\"> <span style=\"color: #000000\">Base de montaje<\/span> <\/p>\n<\/td>\n<td width=\"332\">\n<p style=\"border-top: none;border-bottom: 1px solid #e6e7e8;border-left: none;border-right: none;padding: 0cm 0cm 0.53cm 0cm\"> <span style=\"color: #000000\">Rosca de 3\/8&#8243;-16<\/span> <\/p>\n<\/td>\n<\/tr>\n<tr>\n<td width=\"230\">\n<p style=\"border-top: none;border-bottom: 1px solid #e6e7e8;border-left: none;border-right: none;padding: 0cm 0cm 0.53cm 0cm\"> <span style=\"color: #000000\">Tornillo de montaje de la c\u00e1mara<\/span> <\/p>\n<\/td>\n<td width=\"332\">\n<p style=\"border-top: none;border-bottom: 1px solid #e6e7e8;border-left: none;border-right: none;padding: 0cm 0cm 0.53cm 0cm\"> <span style=\"color: #000000\">1\/4&#8243;-20 macho y 3\/8&#8243;-16 con casquillo<\/span> <\/p>\n<\/td>\n<\/tr>\n<tr>\n<td width=\"230\">\n<p style=\"border-top: none;border-bottom: 1px solid #e6e7e8;border-left: none;border-right: none;padding: 0cm 0cm 0.53cm 0cm\"> <span style=\"color: #000000\">Tipo de placa de liberaci\u00f3n r\u00e1pida<\/span> <\/p>\n<\/td>\n<td width=\"332\">\n<p style=\"border-top: none;border-bottom: 1px solid #e6e7e8;border-left: none;border-right: none;padding: 0cm 0cm 0.53cm 0cm\"> <span style=\"color: #000000\">Tipo de arca, RC2<\/span> <\/p>\n<\/td>\n<\/tr>\n<tr>\n<td width=\"230\">\n<p style=\"border-top: none;border-bottom: 1px solid #e6e7e8;border-left: none;border-right: none;padding: 0cm 0cm 0.53cm 0cm\"> <span style=\"color: #000000\">Capacidad de carga<\/span> <\/p>\n<\/td>\n<td width=\"332\">\n<p style=\"border-top: none;border-bottom: 1px solid #e6e7e8;border-left: none;border-right: none;padding: 0cm 0cm 0.53cm 0cm\"> <span style=\"color: #000000\">9,98 kg<\/span> <\/p>\n<\/td>\n<\/tr>\n<tr>\n<td width=\"230\">\n<p style=\"border-top: none;border-bottom: 1px solid #e6e7e8;border-left: none;border-right: none;padding: 0cm 0cm 0.53cm 0cm\"> <span style=\"color: #000000\">N\u00famero de niveles de burbuja<\/span><\/p>\n<\/td>\n<td width=\"332\">\n<p style=\"border: none;padding: 0cm\"> <em><span style=\"color: #000000\">Ninguno<\/em><\/span> <\/p>\n<\/td>\n<\/tr>\n<tr>\n<td width=\"230\">\n<p style=\"border-top: none;border-bottom: 1px solid #e6e7e8;border-left: none;border-right: none;padding: 0cm 0cm 0.53cm 0cm\"> <span style=\"color: #000000\">Control de fricci\u00f3n<\/span> <\/p>\n<\/td>\n<td width=\"332\">\n<p style=\"border-top: none;border-bottom: 1px solid #e6e7e8;border-left: none;border-right: none;padding: 0cm 0cm 0.53cm 0cm\"> <span style=\"color: #000000\">S\u00ed<\/span> <\/p>\n<\/td>\n<\/tr>\n<tr>\n<td width=\"230\">\n<p style=\"border-top: none;border-bottom: 1px solid #e6e7e8;border-left: none;border-right: none;padding: 0cm 0cm 0.53cm 0cm\"> <span style=\"color: #000000\">Bloqueo de bandeja independiente<\/span> <\/p>\n<\/td>\n<td width=\"332\">\n<p style=\"border-top: none;border-bottom: 1px solid #e6e7e8;border-left: none;border-right: none;padding: 0cm 0cm 0.53cm 0cm\"> <span style=\"color: #000000\">S\u00ed<\/span> <\/p>\n<\/td>\n<\/tr>\n<tr>\n<td width=\"230\">\n<p style=\"border-top: none;border-bottom: 1px solid #e6e7e8;border-left: none;border-right: none;padding: 0cm 0cm 0.53cm 0cm\"> <span style=\"color: #000000\">Material<\/span> <\/p>\n<\/td>\n<td width=\"332\">\n<p style=\"border-top: none;border-bottom: 1px solid #e6e7e8;border-left: none;border-right: none;padding: 0cm 0cm 0.53cm 0cm\"> <span style=\"color: #000000\">Aluminio<\/span> <\/p>\n<\/td>\n<\/tr>\n<\/tbody>\n<\/table>\n<table style=\"width: 274px\" border=\"0\" cellspacing=\"0\" cellpadding=\"2\">\n<colgroup>\n<col width=\"196\">\n<col width=\"70\"><\/colgroup>\n<tbody>\n<tr>\n<th colspan=\"2\" width=\"270\">\n<p class=\"western\" style=\"border: none;padding: 0cm;font-weight: normal\"> <span style=\"color: #000000\"><a name=\"245199\"><\/a><span style=\"font-size: x-large\">Rango de giro e inclinaci\u00f3n<\/span><\/span> <\/p>\n<\/th>\n<\/tr>\n<tr>\n<td width=\"196\">\n<p style=\"border-top: none;border-bottom: 1px solid #e6e7e8;border-left: none;border-right: none;padding: 0cm 0cm 0.53cm 0cm\"> <span style=\"color: #000000\">Gama panor\u00e1mica<\/span> <\/p>\n<\/td>\n<td width=\"70\">\n<p style=\"border-top: none;border-bottom: 1px solid #e6e7e8;border-left: none;border-right: none;padding: 0cm 0cm 0.53cm 0cm\"> <span style=\"color: #000000\">360\u00b0<\/span> <\/p>\n<\/td>\n<\/tr>\n<\/tbody>\n<\/table>\n<table style=\"width: 300px\" border=\"0\" cellspacing=\"0\" cellpadding=\"2\">\n<colgroup>\n<col width=\"108\">\n<col width=\"184\"><\/colgroup>\n<tbody>\n<tr>\n<th colspan=\"2\" width=\"296\">\n<p class=\"western\" style=\"border: none;padding: 0cm;font-weight: normal\"> <span style=\"color: #000000\"><a name=\"11501\"><\/a><span style=\"font-size: x-large\">F\u00edsico<\/span><\/span> <\/p>\n<\/th>\n<\/tr>\n<tr>\n<td width=\"108\">\n<p style=\"border-top: none;border-bottom: 1px solid #e6e7e8;border-left: none;border-right: none;padding: 0cm 0cm 0.53cm 0cm\"> <span style=\"color: #000000\">Dimensiones<\/span> <\/p>\n<\/td>\n<td width=\"184\">\n<p style=\"border-top: none;border-bottom: 1px solid #e6e7e8;border-left: none;border-right: none;padding: 0cm 0cm 0.53cm 0cm\"> <span style=\"color: #000000\">11,5 cm<\/span> <\/p>\n<\/td>\n<\/tr>\n<tr>\n<td width=\"108\">\n<p style=\"border-top: none;border-bottom: 1px solid #e6e7e8;border-left: none;border-right: none;padding: 0cm 0cm 0.53cm 0cm\"> <span style=\"color: #000000\">Peso<\/span> <\/p>\n<\/td>\n<td width=\"184\">\n<p style=\"border-top: none;border-bottom: 1px solid #e6e7e8;border-left: none;border-right: none;padding: 0cm 0cm 0.53cm 0cm\"> <span style=\"color: #000000\">400,0 gramos<\/span><\/p>\n<\/td>\n<\/tr>\n<\/tbody>\n<\/table>\n","protected":false},"excerpt":{"rendered":"<p>Productos destacados: &nbsp; Capacidad de carga: 9,98 kg Altura: 11,5 cm Peso: 400g RC2 Bloqueo de leva de liberaci\u00f3n r\u00e1pida<\/p>\n","protected":false},"featured_media":62345,"comment_status":"closed","ping_status":"open","template":"","meta":{"_acf_changed":false},"product_brand":[2581],"product_cat":[1075],"product_tag":[],"class_list":{"0":"post-74997","1":"product","2":"type-product","3":"status-publish","4":"has-post-thumbnail","6":"product_brand-manfrotto-es","7":"product_cat-bola","9":"first","10":"onbackorder","11":"taxable","12":"shipping-taxable","13":"purchasable","14":"product-type-simple"},"bundled_by":[],"bundle_stock_status":"onbackorder","bundle_stock_quantity":0,"bundle_virtual":false,"bundle_layout":"","bundle_add_to_cart_form_location":"","bundle_editable_in_cart":false,"bundle_sold_individually_context":"","bundle_item_grouping":"","bundle_min_size":"","bundle_max_size":"","bundle_price":[],"bundled_items":[],"bundle_sell_ids":[],"acf":[],"_links":{"self":[{"href":"https:\/\/hi-techwonder.com\/es\/wp-json\/wp\/v2\/product\/74997","targetHints":{"allow":["GET"]}}],"collection":[{"href":"https:\/\/hi-techwonder.com\/es\/wp-json\/wp\/v2\/product"}],"about":[{"href":"https:\/\/hi-techwonder.com\/es\/wp-json\/wp\/v2\/types\/product"}],"replies":[{"embeddable":true,"href":"https:\/\/hi-techwonder.com\/es\/wp-json\/wp\/v2\/comments?post=74997"}],"wp:featuredmedia":[{"embeddable":true,"href":"https:\/\/hi-techwonder.com\/es\/wp-json\/wp\/v2\/media\/62345"}],"wp:attachment":[{"href":"https:\/\/hi-techwonder.com\/es\/wp-json\/wp\/v2\/media?parent=74997"}],"wp:term":[{"taxonomy":"product_brand","embeddable":true,"href":"https:\/\/hi-techwonder.com\/es\/wp-json\/wp\/v2\/product_brand?post=74997"},{"taxonomy":"product_cat","embeddable":true,"href":"https:\/\/hi-techwonder.com\/es\/wp-json\/wp\/v2\/product_cat?post=74997"},{"taxonomy":"product_tag","embeddable":true,"href":"https:\/\/hi-techwonder.com\/es\/wp-json\/wp\/v2\/product_tag?post=74997"}],"curies":[{"name":"wp","href":"https:\/\/api.w.org\/{rel}","templated":true}]}}