{"id":75006,"date":"2025-07-28T23:42:07","date_gmt":"2025-07-28T23:42:07","guid":{"rendered":"https:\/\/fv6qoy3ls0.wpdns.site\/product\/manfrotto-avenger-soporte-de-bobinado-cs-3-9m\/"},"modified":"2025-09-04T07:50:02","modified_gmt":"2025-09-04T07:50:02","slug":"manfrotto-avenger-soporte-de-bobinado-cs-3-9m","status":"publish","type":"product","link":"https:\/\/hi-techwonder.com\/es\/producto\/manfrotto-avenger-soporte-de-bobinado-cs-3-9m\/","title":{"rendered":"MANFROTTO Avenger Soporte de bobinado CS 3.9m"},"content":{"rendered":"<p><strong>Soporte de bobinado MANFROTTO Avenger CS 3.9m LowBoy 2R, ruedas bloqueadas<\/strong><\/p>\n<p><strong>Funciones:<\/strong><\/p>\n<ul>\n<li>El soporte de cuerda m\u00e1s alto de Avenger con tapa universal.<\/li>\n<li>Columna y patas de acero con tirantes de acero y 1 pata niveladora.<\/li>\n<li>Ruedas de 75 mm con freno para superficies lisas a semilisas<\/li>\n<li>3 secciones, 2 tirantes. \u00d8: 55, 45, 38 mm \u00d8 de la pata: 30 mm Incl. <\/li>\n<li>Manivela plegable integrada y escal\u00f3n de columna.<\/li>\n<\/ul>\n<p><strong>Descripci\u00f3n:<\/strong><\/p>\n<p>El Avenger B6039CS en acero cromado es un incre\u00edble soporte de cuerda capaz de levantar y bajar f\u00e1cilmente cargas de 30 kg con sus 3 secciones y 2 tirantes hasta alturas de 370 cm y tan bajas como 181 cm. El cabezal combinado integrado con un receptor de 28 mm\/ 1 1\/8 pulgadas y un grifo retr\u00e1ctil para beb\u00e9s de 16 mm\/ 5\/8 pulgadas proporciona conectividad universal para luces, barras y modificadores. Este soporte de cuerda es capaz de levantar y bajar cargas f\u00e1cilmente utilizando un sistema \u00fanico de 4 cables. \u00bfSe utiliza un cable arriba, un cable abajo y 2 cables? para mayor seguridad para mantener las cargas de iluminaci\u00f3n seguras y protegidas. El B6039CS tiene una pata niveladora integrada que facilita su configuraci\u00f3n incluso cuando se trabaja en terrenos irregulares. Las ruedas vienen de serie con este soporte, por lo que es un sue\u00f1o trabajar con luces delanteras y luces colocadas en las plumas. El pedal de columna integrado facilita los ajustes de iluminaci\u00f3n y los movimientos de ajuste fino sin tener que bajar el soporte por completo. Utilice este soporte para rodajes de pel\u00edculas, fotos y videos, ya sea en el estudio o en el lugar. Accesorios recomendados: E200, D600, D650, 425B, G200-1, 087WBK, C590, C626, C624, C622, 163-10, 620-10<\/p>\n<p><strong>Caracter\u00edsticas t\u00e9cnicas:<\/strong><\/p>\n<ul>\n<li>Peso: 25kg<\/li>\n<li>Altura m\u00e1xima: 383 cm<\/li>\n<li>Carga \u00fatil: 30 kg<\/li>\n<li>Longitud cerrada: 201 cm<\/li>\n<li>Di\u00e1metro m\u00e1ximo de la huella: 142 cm<\/li>\n<li>Pata niveladora: 1<\/li>\n<\/ul>\n","protected":false},"excerpt":{"rendered":"<p>Soporte de bobinado MANFROTTO Avenger CS 3.9m LowBoy 2R, ruedas bloqueadas Funciones: El soporte de cuerda m\u00e1s alto de Avenger<\/p>\n","protected":false},"featured_media":26410,"comment_status":"closed","ping_status":"open","template":"","meta":{"_acf_changed":false},"product_brand":[2581],"product_cat":[971],"product_tag":[],"class_list":{"0":"post-75006","1":"product","2":"type-product","3":"status-publish","4":"has-post-thumbnail","6":"product_brand-manfrotto-es","7":"product_cat-pies-foco","9":"first","10":"onbackorder","11":"taxable","12":"shipping-taxable","13":"purchasable","14":"product-type-simple"},"bundled_by":[],"bundle_stock_status":"onbackorder","bundle_stock_quantity":null,"bundle_virtual":false,"bundle_layout":"","bundle_add_to_cart_form_location":"","bundle_editable_in_cart":false,"bundle_sold_individually_context":"","bundle_item_grouping":"","bundle_min_size":"","bundle_max_size":"","bundle_price":[],"bundled_items":[],"bundle_sell_ids":[],"acf":[],"_links":{"self":[{"href":"https:\/\/hi-techwonder.com\/es\/wp-json\/wp\/v2\/product\/75006","targetHints":{"allow":["GET"]}}],"collection":[{"href":"https:\/\/hi-techwonder.com\/es\/wp-json\/wp\/v2\/product"}],"about":[{"href":"https:\/\/hi-techwonder.com\/es\/wp-json\/wp\/v2\/types\/product"}],"replies":[{"embeddable":true,"href":"https:\/\/hi-techwonder.com\/es\/wp-json\/wp\/v2\/comments?post=75006"}],"wp:featuredmedia":[{"embeddable":true,"href":"https:\/\/hi-techwonder.com\/es\/wp-json\/wp\/v2\/media\/26410"}],"wp:attachment":[{"href":"https:\/\/hi-techwonder.com\/es\/wp-json\/wp\/v2\/media?parent=75006"}],"wp:term":[{"taxonomy":"product_brand","embeddable":true,"href":"https:\/\/hi-techwonder.com\/es\/wp-json\/wp\/v2\/product_brand?post=75006"},{"taxonomy":"product_cat","embeddable":true,"href":"https:\/\/hi-techwonder.com\/es\/wp-json\/wp\/v2\/product_cat?post=75006"},{"taxonomy":"product_tag","embeddable":true,"href":"https:\/\/hi-techwonder.com\/es\/wp-json\/wp\/v2\/product_tag?post=75006"}],"curies":[{"name":"wp","href":"https:\/\/api.w.org\/{rel}","templated":true}]}}