{"id":75008,"date":"2025-07-28T23:42:48","date_gmt":"2025-07-28T23:42:48","guid":{"rendered":"https:\/\/fv6qoy3ls0.wpdns.site\/product\/manfrotto-avenger-c-stand-pata-deslizante-40-cs-3-3m-kit\/"},"modified":"2025-09-04T07:49:43","modified_gmt":"2025-09-04T07:49:43","slug":"manfrotto-avenger-c-stand-pata-deslizante-40-cs-3-3m-kit","status":"publish","type":"product","link":"https:\/\/hi-techwonder.com\/es\/producto\/manfrotto-avenger-c-stand-pata-deslizante-40-cs-3-3m-kit\/","title":{"rendered":"MANFROTTO Avenger C-Stand Pata Deslizante 40 CS 3.3m Kit"},"content":{"rendered":"<p><strong>MANFROTTO <\/strong><strong>Avenger C-Stand Pata deslizante 40\u00bb CS 3.3m Kit<\/strong><\/p>\n<p><strong>Funciones:<\/strong><\/p>\n<ul>\n<li>Kit de soporte en C de pata perezosa\/niveladora de 40\u00bb en acero cromado plateado.<\/li>\n<li>Soporte en C para patas de las Monta\u00f1as Rocosas: excelente en escaleras y terrenos irregulares.<\/li>\n<li>El tama\u00f1o del soporte C es el m\u00e1s popular para sostener banderas, disquetes y luces.<\/li>\n<li>Completo con soporte en C A2033L, cabezal de sujeci\u00f3n D200B y brazo de sujeci\u00f3n D520B<\/li>\n<li>El soporte en C de 40\u00bb tiene 3 secciones, 2 tirantes. \u00d8: 35, 30, 25 mm <\/li>\n<\/ul>\n<p><strong>Descripci\u00f3n:<\/strong><\/p>\n<p>El Avenger A2033LKIT en cromo plateado viene completo con el A2033L 40\u00bb 3 secciones, 2 patas deslizantes verticales (Lazy Leg, Rocky Mountain Leg), soporte en C de acero cromado (altura m\u00e1xima 328 cm), un cabezal de sujeci\u00f3n plateado D200 de 2 1\/2&#8243; y un brazo de sujeci\u00f3n plateado de 520\u00bb D40\u00bb. Los soportes en C Avenger cuentan con manijas de bloqueo cautivas que no vibran libremente, est\u00e1n triplemente cromadas y funcionan en los entornos m\u00e1s exigentes. Los acabados cromados de los soportes C de Avenger son insuperables y proporcionan una durabilidad duradera. \u00a1Son los m\u00e1s duraderos de la industria! Los soportes de base deslizante Avenger no est\u00e1n soldados y, como resultado, las piezas de repuesto est\u00e1n f\u00e1cilmente disponibles en caso de que da\u00f1e una pata o un yeso. Combine eso con el poder de frenado inmejorable de la cabeza D200 y el brazo D520, este kit Avenger funcionar\u00e1 perfectamente con banderas, gobos, disquetes, cortadores y todo tipo de iluminaci\u00f3n, ya sea que est\u00e9 filmando sets de filmaci\u00f3n, grabando videos o trabajando en estudios fotogr\u00e1ficos. Accesorios recomendados: D600, E650, F830, E390, Roller Bag AVCSA1301B, D800KIT, D240, D250, D050, D220, D570      <\/p>\n<p><strong>Caracter\u00edsticas t\u00e9cnicas:<\/strong><\/p>\n<ul>\n<li>Peso: 7,3 kg<\/li>\n<li>Altura m\u00e1xima: 328 cm<\/li>\n<li>Extensi\u00f3n m\u00e1xima de la pluma: 102 cm<\/li>\n<li>Carga \u00fatil: 10kg<\/li>\n<li>Longitud cerrada: 134 cm<\/li>\n<li>Di\u00e1metro m\u00e1ximo de la huella: 95 cm<\/li>\n<li>Pata niveladora: 1<\/li>\n<li>Extensi\u00f3n m\u00ednima de la pluma: 102 cm<\/li>\n<\/ul>\n","protected":false},"excerpt":{"rendered":"<p>MANFROTTO Avenger C-Stand Pata deslizante 40\u00bb CS 3.3m Kit Funciones: Kit de soporte en C de pata perezosa\/niveladora de 40\u00bb<\/p>\n","protected":false},"featured_media":26628,"comment_status":"closed","ping_status":"open","template":"","meta":{"_acf_changed":false},"product_brand":[2581],"product_cat":[969],"product_tag":[],"class_list":{"0":"post-75008","1":"product","2":"type-product","3":"status-publish","4":"has-post-thumbnail","6":"product_brand-manfrotto-es","7":"product_cat-jirafas","9":"first","10":"onbackorder","11":"taxable","12":"shipping-taxable","13":"purchasable","14":"product-type-simple"},"bundled_by":[],"bundle_stock_status":"onbackorder","bundle_stock_quantity":null,"bundle_virtual":false,"bundle_layout":"","bundle_add_to_cart_form_location":"","bundle_editable_in_cart":false,"bundle_sold_individually_context":"","bundle_item_grouping":"","bundle_min_size":"","bundle_max_size":"","bundle_price":[],"bundled_items":[],"bundle_sell_ids":[],"acf":[],"_links":{"self":[{"href":"https:\/\/hi-techwonder.com\/es\/wp-json\/wp\/v2\/product\/75008","targetHints":{"allow":["GET"]}}],"collection":[{"href":"https:\/\/hi-techwonder.com\/es\/wp-json\/wp\/v2\/product"}],"about":[{"href":"https:\/\/hi-techwonder.com\/es\/wp-json\/wp\/v2\/types\/product"}],"replies":[{"embeddable":true,"href":"https:\/\/hi-techwonder.com\/es\/wp-json\/wp\/v2\/comments?post=75008"}],"wp:featuredmedia":[{"embeddable":true,"href":"https:\/\/hi-techwonder.com\/es\/wp-json\/wp\/v2\/media\/26628"}],"wp:attachment":[{"href":"https:\/\/hi-techwonder.com\/es\/wp-json\/wp\/v2\/media?parent=75008"}],"wp:term":[{"taxonomy":"product_brand","embeddable":true,"href":"https:\/\/hi-techwonder.com\/es\/wp-json\/wp\/v2\/product_brand?post=75008"},{"taxonomy":"product_cat","embeddable":true,"href":"https:\/\/hi-techwonder.com\/es\/wp-json\/wp\/v2\/product_cat?post=75008"},{"taxonomy":"product_tag","embeddable":true,"href":"https:\/\/hi-techwonder.com\/es\/wp-json\/wp\/v2\/product_tag?post=75008"}],"curies":[{"name":"wp","href":"https:\/\/api.w.org\/{rel}","templated":true}]}}