{"id":75009,"date":"2025-07-28T23:41:25","date_gmt":"2025-07-28T23:41:25","guid":{"rendered":"https:\/\/fv6qoy3ls0.wpdns.site\/product\/manfrotto-avenger-super-clamp-t-knob-plata-13mm-55mm\/"},"modified":"2025-09-04T07:50:34","modified_gmt":"2025-09-04T07:50:34","slug":"manfrotto-avenger-super-clamp-t-knob-plata-13mm-55mm","status":"publish","type":"product","link":"https:\/\/hi-techwonder.com\/es\/producto\/manfrotto-avenger-super-clamp-t-knob-plata-13mm-55mm\/","title":{"rendered":"MANFROTTO Avenger Super Clamp T-Knob Plata 13mm-55mm"},"content":{"rendered":"<p><strong>MANFROTTO <\/strong><strong>Avenger Super Clamp T-Knob Plata 13mm-55mm<\/strong><\/p>\n<p><strong>Funciones:<\/strong><\/p>\n<ul>\n<li>Las mordazas Super Clamp trabajan en di\u00e1metros de 13 a 55 mm<\/li>\n<li>Certificado T\u00dcV\/S\u00dcD<\/li>\n<li>Capacidad de carga: 15 kg, utilizado con varios adaptadores y brazos<\/li>\n<li>Receptor hexagonal de 16 mm\/ con doble cierre de seguridad<\/li>\n<li>Disponible en una versi\u00f3n HD Gravity Cast &#8211; C1550<\/li>\n<\/ul>\n<p><strong>Descripci\u00f3n:<\/strong><\/p>\n<p>\u00a1La abrazadera Avenger C1575 Super Clamp en acabado plateado es la pieza m\u00e1s vers\u00e1til de equipo de agarre ligero! \u00a1Siempre! Ampliamente utilizado en las aplicaciones de cine, transmisi\u00f3n, entretenimiento, video y fotograf\u00eda. La capacidad de las abrazaderas es de hasta 15 kg. Cuenta con un receptor hexagonal de 16mm capaz de recibir accesorios y adaptadores hexagonales y redondos para beb\u00e9s. Las mordazas Super Clamp est\u00e1n dise\u00f1adas para di\u00e1metros de 13 a 55 mm. Los brazos de fricci\u00f3n, los brazos m\u00e1gicos, los brazos articulados y varios pasadores hexagonales y pasadores se pueden usar con esta abrazadera para ensamblar casi cualquier cosa. La perilla en T de metal permite una mayor solidez y potencia de torque. Esta abrazadera incluye el 035WDG (cu\u00f1a) para una superficie de sujeci\u00f3n adicional cuando se fija a superficies planas. \u00a1Todos los agarradores, gaffer, rigger, camar\u00f3grafos, creadores de contenido y fot\u00f3grafos han usado un Super Clamp al menos una vez! Inventado por Lino Manfrotto y Bottochio, este famoso alimento b\u00e1sico se exhibe en el famoso MOMA de Nueva York. Aseg\u00farese de descargar el \u00faltimo p\u00f3ster de Super Staple. Accesorios recomendados: D244N, E600, E600C, F820TH, 143A, 244, 061, 061RA, 032, 032B            <\/p>\n<p><strong>Caracter\u00edsticas t\u00e9cnicas<\/strong><\/p>\n<ul>\n<li>Peso: 0,45 kg<\/li>\n<li>Carga \u00fatil: 15 kg<\/li>\n<li>Longitud: 4,4 cm<\/li>\n<li>Rango de abrazadera &#8211; m\u00e1x. (Tubo redondo): 55 mm <\/li>\n<li>Rango m\u00ednimo de sujeci\u00f3n del tubo redondo: 13 mm<\/li>\n<\/ul>\n","protected":false},"excerpt":{"rendered":"<p>MANFROTTO Avenger Super Clamp T-Knob Plata 13mm-55mm Funciones: Las mordazas Super Clamp trabajan en di\u00e1metros de 13 a 55 mm<\/p>\n","protected":false},"featured_media":26243,"comment_status":"closed","ping_status":"open","template":"","meta":{"_acf_changed":false},"product_brand":[2581],"product_cat":[960],"product_tag":[],"class_list":{"0":"post-75009","1":"product","2":"type-product","3":"status-publish","4":"has-post-thumbnail","6":"product_brand-manfrotto-es","7":"product_cat-espigotes-pinzas","9":"first","10":"onbackorder","11":"taxable","12":"shipping-taxable","13":"purchasable","14":"product-type-simple"},"bundled_by":[],"bundle_stock_status":"onbackorder","bundle_stock_quantity":null,"bundle_virtual":false,"bundle_layout":"","bundle_add_to_cart_form_location":"","bundle_editable_in_cart":false,"bundle_sold_individually_context":"","bundle_item_grouping":"","bundle_min_size":"","bundle_max_size":"","bundle_price":[],"bundled_items":[],"bundle_sell_ids":[],"acf":[],"_links":{"self":[{"href":"https:\/\/hi-techwonder.com\/es\/wp-json\/wp\/v2\/product\/75009","targetHints":{"allow":["GET"]}}],"collection":[{"href":"https:\/\/hi-techwonder.com\/es\/wp-json\/wp\/v2\/product"}],"about":[{"href":"https:\/\/hi-techwonder.com\/es\/wp-json\/wp\/v2\/types\/product"}],"replies":[{"embeddable":true,"href":"https:\/\/hi-techwonder.com\/es\/wp-json\/wp\/v2\/comments?post=75009"}],"wp:featuredmedia":[{"embeddable":true,"href":"https:\/\/hi-techwonder.com\/es\/wp-json\/wp\/v2\/media\/26243"}],"wp:attachment":[{"href":"https:\/\/hi-techwonder.com\/es\/wp-json\/wp\/v2\/media?parent=75009"}],"wp:term":[{"taxonomy":"product_brand","embeddable":true,"href":"https:\/\/hi-techwonder.com\/es\/wp-json\/wp\/v2\/product_brand?post=75009"},{"taxonomy":"product_cat","embeddable":true,"href":"https:\/\/hi-techwonder.com\/es\/wp-json\/wp\/v2\/product_cat?post=75009"},{"taxonomy":"product_tag","embeddable":true,"href":"https:\/\/hi-techwonder.com\/es\/wp-json\/wp\/v2\/product_tag?post=75009"}],"curies":[{"name":"wp","href":"https:\/\/api.w.org\/{rel}","templated":true}]}}