{"id":75010,"date":"2025-07-28T23:41:25","date_gmt":"2025-07-28T23:41:25","guid":{"rendered":"https:\/\/fv6qoy3ls0.wpdns.site\/product\/copa-de-bomba-manfrotto-avenger-con-pasador-giratorio-para-bebes-16mm-t-knob\/"},"modified":"2026-01-31T03:38:00","modified_gmt":"2026-01-31T03:38:00","slug":"manfrotto-copa-de-bomba-manfrotto-avenger-con-pasador-giratorio-para-bebes-16mm-t-knob","status":"publish","type":"product","link":"https:\/\/hi-techwonder.com\/es\/producto\/manfrotto-copa-de-bomba-manfrotto-avenger-con-pasador-giratorio-para-bebes-16mm-t-knob\/","title":{"rendered":"Copa de bomba MANFROTTO Avenger con pasador giratorio para beb\u00e9s 16mm T-Knob"},"content":{"rendered":"<p><strong>Copa de bomba MANFROTTO Avenger con pasador giratorio para beb\u00e9s (<\/strong><strong>pasador<\/strong> giratorio peque\u00f1o) <strong> Perilla en T de 16mm<\/strong><\/p>\n<p><strong>Funciones:<\/strong><\/p>\n<ul>\n<li>Taza de bomba con grifo giratorio para beb\u00e9s de 16 mm<\/li>\n<li>Bot\u00f3n en T de bloqueo estilo Avenger para colocar el pasador giratorio del beb\u00e9<\/li>\n<li>Dise\u00f1ado para montar luces y c\u00e1maras<\/li>\n<li>Debe montarse en superficies planas y no porosas como el vidrio<\/li>\n<li>Incluye una l\u00ednea de advertencia de seguridad indicadora roja en la perilla de la bomba<\/li>\n<\/ul>\n<p><strong>Descripci\u00f3n:<\/strong><\/p>\n<p>La copa de bomba Avenger F1000 (ventosa) con un grifo o pasador giratorio de 16 mm es ideal para montar luces peque\u00f1as y sistemas de c\u00e1maras en superficies planas y no porosas como vidrio y metal. Las copas de la bomba son ideales para montar fotos de autom\u00f3viles, especialmente cuando se combinan con otros accesorios de agarre, como cabezales y brazos de agarre. Coloque la bomba en la superficie deseada y bombee el \u00e9mbolo azul hasta que sepa que puede ver m\u00e1s la l\u00ednea roja. Si aparece la l\u00ednea roja, debe bombear la copa de la bomba nuevamente. Capaz de soportar hasta 2 kg, el F1000 es una herramienta perfecta cuando se utilizan superficies no tradicionales para colocar herramientas de iluminaci\u00f3n y agarre. Accesorios recomendados: D200, D520, D500, 014-14, 014-38, C155     <\/p>\n<p><strong>Caracter\u00edsticas t\u00e9cnicas:<\/strong><\/p>\n<ul>\n<li>Peso: 1,1 kg<\/li>\n<li>Longitud: 15cm<\/li>\n<li>Altura: 18,5 cm<\/li>\n<li>Accesorio superior: pasador de 5\/8&#8243; (16 mm)<\/li>\n<li>Color: Negro\/Plata<\/li>\n<li>Material: Aluminio, Caucho<\/li>\n<li>Profundidad: 15 cm<\/li>\n<\/ul>\n","protected":false},"excerpt":{"rendered":"<p>Copa de bomba MANFROTTO Avenger con pasador giratorio para beb\u00e9s (pasador giratorio peque\u00f1o) Perilla en T de 16mm Funciones: Taza<\/p>\n","protected":false},"featured_media":26253,"comment_status":"closed","ping_status":"open","template":"","meta":{"_acf_changed":false},"product_brand":[2581],"product_cat":[960],"product_tag":[],"class_list":{"0":"post-75010","1":"product","2":"type-product","3":"status-publish","4":"has-post-thumbnail","6":"product_brand-manfrotto-es","7":"product_cat-espigotes-pinzas","9":"first","10":"onbackorder","11":"taxable","12":"shipping-taxable","13":"purchasable","14":"product-type-simple"},"bundled_by":[],"bundle_stock_status":"onbackorder","bundle_stock_quantity":null,"bundle_virtual":false,"bundle_layout":"","bundle_add_to_cart_form_location":"","bundle_editable_in_cart":false,"bundle_sold_individually_context":"","bundle_item_grouping":"","bundle_min_size":"","bundle_max_size":"","bundle_price":[],"bundled_items":[],"bundle_sell_ids":[],"acf":[],"_links":{"self":[{"href":"https:\/\/hi-techwonder.com\/es\/wp-json\/wp\/v2\/product\/75010","targetHints":{"allow":["GET"]}}],"collection":[{"href":"https:\/\/hi-techwonder.com\/es\/wp-json\/wp\/v2\/product"}],"about":[{"href":"https:\/\/hi-techwonder.com\/es\/wp-json\/wp\/v2\/types\/product"}],"replies":[{"embeddable":true,"href":"https:\/\/hi-techwonder.com\/es\/wp-json\/wp\/v2\/comments?post=75010"}],"wp:featuredmedia":[{"embeddable":true,"href":"https:\/\/hi-techwonder.com\/es\/wp-json\/wp\/v2\/media\/26253"}],"wp:attachment":[{"href":"https:\/\/hi-techwonder.com\/es\/wp-json\/wp\/v2\/media?parent=75010"}],"wp:term":[{"taxonomy":"product_brand","embeddable":true,"href":"https:\/\/hi-techwonder.com\/es\/wp-json\/wp\/v2\/product_brand?post=75010"},{"taxonomy":"product_cat","embeddable":true,"href":"https:\/\/hi-techwonder.com\/es\/wp-json\/wp\/v2\/product_cat?post=75010"},{"taxonomy":"product_tag","embeddable":true,"href":"https:\/\/hi-techwonder.com\/es\/wp-json\/wp\/v2\/product_tag?post=75010"}],"curies":[{"name":"wp","href":"https:\/\/api.w.org\/{rel}","templated":true}]}}