{"id":75011,"date":"2025-07-28T23:39:08","date_gmt":"2025-07-28T23:39:08","guid":{"rendered":"https:\/\/fv6qoy3ls0.wpdns.site\/product\/manfrotto-avenger-marco-compacto-con-orejas-366x366cm\/"},"modified":"2025-09-04T07:49:56","modified_gmt":"2025-09-04T07:49:56","slug":"manfrotto-avenger-marco-compacto-con-orejas-366x366cm","status":"publish","type":"product","link":"https:\/\/hi-techwonder.com\/es\/producto\/manfrotto-avenger-marco-compacto-con-orejas-366x366cm\/","title":{"rendered":"MANFROTTO Avenger Marco compacto con orejas 366x366cm"},"content":{"rendered":"<p><strong>MANFROTTO Avenger Marco compacto plegable con orejas 366x366cm<\/strong><\/p>\n<p><strong>Funciones:<\/strong><\/p>\n<ul>\n<li>Marco plegable compacto dise\u00f1ado por Cardellini<\/li>\n<li>Funciona con telas de mariposa suspendidas de hasta 366 x 366 cm<\/li>\n<li>Monte la oreja y deslice la abrazadera de bloqueo para configurar el marco plegable r\u00e1pidamente<\/li>\n<li>Orejas tipo 2 incluidas para un montaje seguro en soportes colgantes<\/li>\n<li>El dise\u00f1o plegable y desmontado es ideal para el transporte<\/li>\n<\/ul>\n<p><strong>Descripci\u00f3n:<\/strong><\/p>\n<p>\u00a1El H2508 Fold Away Frame Compact es un marco de mariposa m\u00e1s compacto que el Avenger Folding Away Frame! Completo con orejas de montaje, el marco cuando est\u00e1 configurado tiene un tama\u00f1o de 244&#215;244 cm. Este bastidor plegable compacto dise\u00f1ado por Cardellini incorpora una caracter\u00edstica \u00fanica de plegado y elevaci\u00f3n. \u00bfNecesitas mover el marco r\u00e1pidamente de un conjunto a otro? No se preocupe, retire la tela, retire las 2 orejas del marco y desenganche el conector deslizante, pliegue el marco hacia abajo y transporte el marco al siguiente conjunto. Vuelva a colocar el marco, coloque las orejas, enganche el conector de bloqueo deslizante, con\u00e9ctelo a un soporte colgante Mombo Combo (A3058CS) y asegure su tela o tela y estar\u00e1 listo r\u00e1pidamente para el siguiente conjunto. Los marcos plegables compactos se pueden transportar f\u00e1cilmente de un estudio a otro o de un lugar a otro. Dimensiones de transporte: 129,8&#215;16,5&#215;8,5 cm. Accesorios recomendados: A3065CS, A3056CS, A3058CS, A3059CS, A3043CS, D400, A1045CS, C626, G200-1, 087WBK, H2008        <\/p>\n<p><strong>Caracter\u00edsticas t\u00e9cnicas:<\/strong><\/p>\n<ul>\n<li>Peso: 16kg<\/li>\n<li>Longitud: 366 cm<\/li>\n<li>Altura: 3cm<\/li>\n<li>Accesorio superior: 0<\/li>\n<li>Color: Plata<\/li>\n<li>Material: Aluminio<\/li>\n<li>Profundidad: 366 cm<\/li>\n<\/ul>\n","protected":false},"excerpt":{"rendered":"<p>MANFROTTO Avenger Marco compacto plegable con orejas 366x366cm Funciones: Marco plegable compacto dise\u00f1ado por Cardellini Funciona con telas de mariposa<\/p>\n","protected":false},"featured_media":25541,"comment_status":"closed","ping_status":"open","template":"","meta":{"_acf_changed":false},"product_brand":[2581],"product_cat":[958],"product_tag":[],"class_list":{"0":"post-75011","1":"product","2":"type-product","3":"status-publish","4":"has-post-thumbnail","6":"product_brand-manfrotto-es","7":"product_cat-soportes","9":"first","10":"onbackorder","11":"taxable","12":"shipping-taxable","13":"purchasable","14":"product-type-simple"},"bundled_by":[],"bundle_stock_status":"onbackorder","bundle_stock_quantity":null,"bundle_virtual":false,"bundle_layout":"","bundle_add_to_cart_form_location":"","bundle_editable_in_cart":false,"bundle_sold_individually_context":"","bundle_item_grouping":"","bundle_min_size":"","bundle_max_size":"","bundle_price":[],"bundled_items":[],"bundle_sell_ids":[],"acf":[],"_links":{"self":[{"href":"https:\/\/hi-techwonder.com\/es\/wp-json\/wp\/v2\/product\/75011","targetHints":{"allow":["GET"]}}],"collection":[{"href":"https:\/\/hi-techwonder.com\/es\/wp-json\/wp\/v2\/product"}],"about":[{"href":"https:\/\/hi-techwonder.com\/es\/wp-json\/wp\/v2\/types\/product"}],"replies":[{"embeddable":true,"href":"https:\/\/hi-techwonder.com\/es\/wp-json\/wp\/v2\/comments?post=75011"}],"wp:featuredmedia":[{"embeddable":true,"href":"https:\/\/hi-techwonder.com\/es\/wp-json\/wp\/v2\/media\/25541"}],"wp:attachment":[{"href":"https:\/\/hi-techwonder.com\/es\/wp-json\/wp\/v2\/media?parent=75011"}],"wp:term":[{"taxonomy":"product_brand","embeddable":true,"href":"https:\/\/hi-techwonder.com\/es\/wp-json\/wp\/v2\/product_brand?post=75011"},{"taxonomy":"product_cat","embeddable":true,"href":"https:\/\/hi-techwonder.com\/es\/wp-json\/wp\/v2\/product_cat?post=75011"},{"taxonomy":"product_tag","embeddable":true,"href":"https:\/\/hi-techwonder.com\/es\/wp-json\/wp\/v2\/product_tag?post=75011"}],"curies":[{"name":"wp","href":"https:\/\/api.w.org\/{rel}","templated":true}]}}