{"id":75012,"date":"2025-07-28T23:39:20","date_gmt":"2025-07-28T23:39:20","guid":{"rendered":"https:\/\/fv6qoy3ls0.wpdns.site\/product\/manfrotto-avenger-estructura-modular-con-orejas-610x610cm\/"},"modified":"2025-09-04T07:49:44","modified_gmt":"2025-09-04T07:49:44","slug":"manfrotto-avenger-estructura-modular-con-orejas-610x610cm","status":"publish","type":"product","link":"https:\/\/hi-techwonder.com\/es\/producto\/manfrotto-avenger-estructura-modular-con-orejas-610x610cm\/","title":{"rendered":"MANFROTTO Avenger Estructura modular con orejas 610x610cm"},"content":{"rendered":"<p><strong>MANFROTTO Avenger Bastidor Colgante Modular con Orejas 610x610cm<\/strong><\/p>\n<p><strong>Funciones:<\/strong><\/p>\n<ul>\n<li>Ranuras para tubos y dise\u00f1o de bloqueo de pasadores para facilitar la configuraci\u00f3n y el desmontaje<\/li>\n<li>Funciona con telas de mariposa suspendidas de hasta 610 x 610 cm \/ 20 x 20&#8242;<\/li>\n<li>El cableado y las varillas de estabilidad ayudan a estabilizar este gran marco<\/li>\n<li>Orejas tipo 2 incluidas para un montaje seguro en soportes y cabezales de sujeci\u00f3n<\/li>\n<li>El dise\u00f1o modular permite una f\u00e1cil configuraci\u00f3n, desmontaje y transporte<\/li>\n<\/ul>\n<p><strong>Descripci\u00f3n:<\/strong><\/p>\n<p>El marco de mariposa colgante modular Avenger H2000M completo con orejas de montaje, varillas de estabilidad y cableado es un marco de 610 x 610 cm dise\u00f1ado para trabajar con varias telas de difusi\u00f3n, reflexi\u00f3n y modelado de luz. Los tubos de secci\u00f3n cuadrada de 3 mm de espesor de alta resistencia encajan y se bloquean entre s\u00ed, proporcionando una estructura estable. Las orejas vienen de serie con el marco para adaptarse a todo tipo de soportes colgantes (Mombo Combos), cabezales de agarre y piruletas (D400).  <\/p>\n<p>La construcci\u00f3n modular le brinda flexibilidad adicional al simplemente reducir los tubos cuadrados para crear una estructura de mariposa perfecta para el control de luz deseado. \u00a1Construya f\u00e1cilmente un 6&#215;6&#8242;, 8&#215;8&#8242; o mant\u00e9ngalo como 20&#215;20&#8242;! Elige tu tejido perfecto y podr\u00e1s controlar la luz en cada situaci\u00f3n.  <\/p>\n<p>Accesorios recomendados: H6BAG, D400, A3058CS, A3059CS, 087WBK, A5036CS, A5042CS, A1045CS, A1045B, G200-1<\/p>\n<p><strong>Caracter\u00edsticas t\u00e9cnicas:<\/strong><\/p>\n<ul>\n<li>Peso: 32,6 kg<\/li>\n<li>Longitud: 610 cm<\/li>\n<li>Altura: 3cm<\/li>\n<li>Accesorio superior: 0<\/li>\n<li>Color: Negro<\/li>\n<li>Material: Aluminio<\/li>\n<li>Profundidad: 610 cm<\/li>\n<\/ul>\n","protected":false},"excerpt":{"rendered":"<p>MANFROTTO Avenger Bastidor Colgante Modular con Orejas 610x610cm Funciones: Ranuras para tubos y dise\u00f1o de bloqueo de pasadores para facilitar<\/p>\n","protected":false},"featured_media":25544,"comment_status":"closed","ping_status":"open","template":"","meta":{"_acf_changed":false},"product_brand":[2581],"product_cat":[958],"product_tag":[],"class_list":{"0":"post-75012","1":"product","2":"type-product","3":"status-publish","4":"has-post-thumbnail","6":"product_brand-manfrotto-es","7":"product_cat-soportes","9":"first","10":"onbackorder","11":"taxable","12":"shipping-taxable","13":"purchasable","14":"product-type-simple"},"bundled_by":[],"bundle_stock_status":"onbackorder","bundle_stock_quantity":null,"bundle_virtual":false,"bundle_layout":"","bundle_add_to_cart_form_location":"","bundle_editable_in_cart":false,"bundle_sold_individually_context":"","bundle_item_grouping":"","bundle_min_size":"","bundle_max_size":"","bundle_price":[],"bundled_items":[],"bundle_sell_ids":[],"acf":[],"_links":{"self":[{"href":"https:\/\/hi-techwonder.com\/es\/wp-json\/wp\/v2\/product\/75012","targetHints":{"allow":["GET"]}}],"collection":[{"href":"https:\/\/hi-techwonder.com\/es\/wp-json\/wp\/v2\/product"}],"about":[{"href":"https:\/\/hi-techwonder.com\/es\/wp-json\/wp\/v2\/types\/product"}],"replies":[{"embeddable":true,"href":"https:\/\/hi-techwonder.com\/es\/wp-json\/wp\/v2\/comments?post=75012"}],"wp:featuredmedia":[{"embeddable":true,"href":"https:\/\/hi-techwonder.com\/es\/wp-json\/wp\/v2\/media\/25544"}],"wp:attachment":[{"href":"https:\/\/hi-techwonder.com\/es\/wp-json\/wp\/v2\/media?parent=75012"}],"wp:term":[{"taxonomy":"product_brand","embeddable":true,"href":"https:\/\/hi-techwonder.com\/es\/wp-json\/wp\/v2\/product_brand?post=75012"},{"taxonomy":"product_cat","embeddable":true,"href":"https:\/\/hi-techwonder.com\/es\/wp-json\/wp\/v2\/product_cat?post=75012"},{"taxonomy":"product_tag","embeddable":true,"href":"https:\/\/hi-techwonder.com\/es\/wp-json\/wp\/v2\/product_tag?post=75012"}],"curies":[{"name":"wp","href":"https:\/\/api.w.org\/{rel}","templated":true}]}}