{"id":75018,"date":"2025-07-29T10:25:19","date_gmt":"2025-07-29T10:25:19","guid":{"rendered":"https:\/\/fv6qoy3ls0.wpdns.site\/product\/manfrotto-mvmxpro500-cabezal-fluido-base-fluidtech\/"},"modified":"2026-02-06T18:15:10","modified_gmt":"2026-02-06T18:15:10","slug":"manfrotto-mvmxpro500-cabezal-fluido-base-fluidtech","status":"publish","type":"product","link":"https:\/\/hi-techwonder.com\/es\/producto\/manfrotto-mvmxpro500-cabezal-fluido-base-fluidtech\/","title":{"rendered":"MANFROTTO MVMXPRO500 + Cabezal Fluido + Base FLUIDTECH"},"content":{"rendered":"<p>El XPRO Monopod de aluminio de 4 secciones con cabezal de video fluido es un monopie de video profesional totalmente fluido hecho para satisfacer a los vide\u00f3grafos que aprovechan la altura de su monopie para superar multitudes y lograr una amplia gama de \u00e1ngulos de disparo. Estas patas Manfrotto de \u00faltima generaci\u00f3n han heredado la combinaci\u00f3n perfecta de rigidez y seguridad de bloqueo de l\u00edneas de tr\u00edpode profesionales como la colecci\u00f3n 190 y la colecci\u00f3n 055. <\/p>\n<ul>\n<li>Suela FLUIDTECH para movimientos suaves en todas las direcciones<\/li>\n<li>El bloqueo de energ\u00eda r\u00e1pido asegura de manera confiable y garantiza una configuraci\u00f3n s\u00faper r\u00e1pida<\/li>\n<li>Calentador de piernas de goma de nuevo dise\u00f1o para un movimiento r\u00e1pido y seguro<\/li>\n<li>Gran altura de operaci\u00f3n para disparos a\u00e9reos<\/li>\n<li>Cabezal de video profesional dedicado<\/li>\n<\/ul>\n<p>Este monopie est\u00e1 equipado con la base fluida completa de Manfrotto (MVMXPROBASE) con el innovador sistema FLUIDTECH que hace que el Manfrotto XPRO Monopod+ sea el primero de su tipo en el mercado en presentar fluidez 3D. La base de video FLUIDTECH permite la m\u00e1xima suavidad de disparo en giro, inclinaci\u00f3n y balanceo para una amplia gama de perspectivas. Los tres pies retr\u00e1ctiles lo hacen extremadamente port\u00e1til cuando est\u00e1 plegado y permiten que el monopie se pueda transportar f\u00e1cilmente a cualquier lugar. Los nuevos tubos de aluminio en forma de D mejoran en gran medida la resistencia antirrotaci\u00f3n en todo el monopie, siguiendo los movimientos de rotaci\u00f3n r\u00e1pida del camar\u00f3grafo. Combinado con el Quick Power Lock (QPL), que bloquea fuertemente la palanca en el lado plano del tubo monopie, esto elimina los movimientos bruscos no deseados. El calentador de piernas de nuevo dise\u00f1o garantiza un agarre excepcional y un control total de la grabaci\u00f3n con una versi\u00f3n especial del exitoso cabezal de video Manfrotto 500 Es extra ligero y compacto, por lo que ni siquiera notar\u00e1 que est\u00e1 en la bolsa de su equipo, pero siempre puede confiar en que puede llevar hasta 5 kg, combinando resistencia con portabilidad. La combinaci\u00f3n de fluidez proporcionada por el cabezal 500 y la base FLUIDTECH lo convierte en el kit perfecto para vide\u00f3grafos exigentes que necesitan un soporte inteligente, r\u00e1pido de configurar y f\u00e1cil de usar para sus grabaciones de video profesionales. La c\u00e1mara se enciende r\u00e1pidamente desde la parte superior gracias al sistema de bloqueo lateral accesible (en lugar de un bloqueo en la parte trasera) y es tan segura que no hay necesidad de un bloqueo secundario. El MVMXPRO500 cuenta con un conector Easy Link de 3\/8&#8243; para conectar un monitor externo u otros accesorios y viene con la placa de c\u00e1mara de video Manfrotto 500PLONG. El MVMXPRO500 reemplaza al Manfrotto MVM500A.         <\/p>\n<table style=\"width: 893px; background-color: #ffffff; border: 0px solid -moz-use-text-color;\" border=\"0\">\n<tbody style=\"box-sizing: border-box; margin: 0px; padding: 0px;\">\n<tr style=\"box-sizing: border-box; margin: 0px; padding: 0px; background: #ebebeb; vertical-align: middle; color: #1a171b; text-transform: none; border-left: 1px solid #dedede;\">\n<th style=\"box-sizing: border-box; margin: 0px; padding: 0px 0px 0px 15px; font-weight: 600; font-style: normal; text-align: left; vertical-align: middle; text-transform: none; line-height: 1.4; white-space: normal; color: #1a171b;\">Peso<\/th>\n<td style=\"box-sizing: border-box; margin: 0px; padding: 5px; vertical-align: top;\"><span style=\"box-sizing: border-box; margin: 0px; padding: 0px;\">2100g<\/span><\/td>\n<\/tr>\n<tr style=\"box-sizing: border-box; margin: 0px; padding: 0px; background: #f8f8f8; border-left: 1px solid #eeeeee;\">\n<th style=\"box-sizing: border-box; margin: 0px; padding: 0px 0px 0px 15px; font-weight: 600; font-style: normal; text-align: left; vertical-align: middle; text-transform: none; line-height: 1.4; white-space: normal; color: #1a171b;\">Colecci\u00f3n\/Serie<\/th>\n<td style=\"box-sizing: border-box; margin: 0px; padding: 5px; vertical-align: top;\"><span style=\"box-sizing: border-box; margin: 0px; padding: 0px;\">Monopie XPRO +<\/span><\/td>\n<\/tr>\n<tr style=\"box-sizing: border-box; margin: 0px; padding: 0px; background: #ebebeb; vertical-align: middle; color: #1a171b; text-transform: none; border-left: 1px solid #dedede;\">\n<th style=\"box-sizing: border-box; margin: 0px; padding: 0px 0px 0px 15px; font-weight: 600; font-style: normal; text-align: left; vertical-align: middle; text-transform: none; line-height: 1.4; white-space: normal; color: #1a171b;\">Material<\/th>\n<td style=\"box-sizing: border-box; margin: 0px; padding: 5px; vertical-align: top;\"><span style=\"box-sizing: border-box; margin: 0px; padding: 0px;\">Aluminio<\/span><\/td>\n<\/tr>\n<tr style=\"box-sizing: border-box; margin: 0px; padding: 0px; background: #f8f8f8; border-left: 1px solid #eeeeee;\">\n<th style=\"box-sizing: border-box; margin: 0px; padding: 0px 0px 0px 15px; font-weight: 600; font-style: normal; text-align: left; vertical-align: middle; text-transform: none; line-height: 1.4; white-space: normal; color: #1a171b;\">Altura m\u00ednima<\/th>\n<td style=\"box-sizing: border-box; margin: 0px; padding: 5px; vertical-align: top;\"><span style=\"box-sizing: border-box; margin: 0px; padding: 0px;\">78cm<\/span><\/td>\n<\/tr>\n<tr style=\"box-sizing: border-box; margin: 0px; padding: 0px; background: #ebebeb; vertical-align: middle; color: #1a171b; text-transform: none; border-left: 1px solid #dedede;\">\n<th style=\"box-sizing: border-box; margin: 0px; padding: 0px 0px 0px 15px; font-weight: 600; font-style: normal; text-align: left; vertical-align: middle; text-transform: none; line-height: 1.4; white-space: normal; color: #1a171b;\">Altura m\u00e1xima<\/th>\n<td style=\"box-sizing: border-box; margin: 0px; padding: 5px; vertical-align: top;\"><span style=\"box-sizing: border-box; margin: 0px; padding: 0px;\">203cm<\/span><\/td>\n<\/tr>\n<tr style=\"box-sizing: border-box; margin: 0px; padding: 0px; background: #f8f8f8; border-left: 1px solid #eeeeee;\">\n<th style=\"box-sizing: border-box; margin: 0px; padding: 0px 0px 0px 15px; font-weight: 600; font-style: normal; text-align: left; vertical-align: middle; text-transform: none; line-height: 1.4; white-space: normal; color: #1a171b;\">Base<\/th>\n<p> fluida<\/p>\n<td style=\"box-sizing: border-box; margin: 0px; padding: 5px; vertical-align: top;\"><span style=\"box-sizing: border-box; margin: 0px; padding: 0px;\">S\u00ed<\/span><\/td>\n<\/tr>\n<tr style=\"box-sizing: border-box; margin: 0px; padding: 0px; background: #ebebeb; vertical-align: middle; color: #1a171b; text-transform: none; border-left: 1px solid #dedede;\">\n<th style=\"box-sizing: border-box; margin: 0px; padding: 0px 0px 0px 15px; font-weight: 600; font-style: normal; text-align: left; vertical-align: middle; text-transform: none; line-height: 1.4; white-space: normal; color: #1a171b;\">Di\u00e1metros de tubo de<\/th>\n<p> patas <\/p>\n<td style=\"box-sizing: border-box; margin: 0px; padding: 5px; vertical-align: top;\"><span style=\"box-sizing: border-box; margin: 0px; padding: 0px;\">19, 22,5, 26, 30 mm<\/span><\/td>\n<\/tr>\n<tr style=\"box-sizing: border-box; margin: 0px; padding: 0px; background: #f8f8f8; border-left: 1px solid #eeeeee;\">\nCarga <\/p>\n<th style=\"box-sizing: border-box; margin: 0px; padding: 0px 0px 0px 15px; font-weight: 600; font-style: normal; text-align: left; vertical-align: middle; text-transform: none; line-height: 1.4; white-space: normal; color: #1a171b;\">\u00fatil de seguridad<\/th>\n<td style=\"box-sizing: border-box; margin: 0px; padding: 5px; vertical-align: top;\"><span style=\"box-sizing: border-box; margin: 0px; padding: 0px;\">5kg<\/span><\/td>\n<\/tr>\n<tr style=\"box-sizing: border-box; margin: 0px; padding: 0px; background: #ebebeb; vertical-align: middle; color: #1a171b; text-transform: none; border-left: 1px solid #dedede;\">\n<th style=\"box-sizing: border-box; margin: 0px; padding: 0px 0px 0px 15px; font-weight: 600; font-style: normal; text-align: left; vertical-align: middle; text-transform: none; line-height: 1.4; white-space: normal; color: #1a171b;\">Secci\u00f3n de la pierna<\/th>\n<td style=\"box-sizing: border-box; margin: 0px; padding: 5px; vertical-align: top;\"><span style=\"box-sizing: border-box; margin: 0px; padding: 0px;\">4<\/span><\/td>\n<\/tr>\n<tr style=\"box-sizing: border-box; margin: 0px; padding: 0px; background: #f8f8f8; border-left: 1px solid #eeeeee;\">\n<th style=\"box-sizing: border-box; margin: 0px; padding: 0px 0px 0px 15px; font-weight: 600; font-style: normal; text-align: left; vertical-align: middle; text-transform: none; line-height: 1.4; white-space: normal; color: #1a171b;\">Anexo<\/th>\n<p> superior<\/p>\n<td style=\"box-sizing: border-box; margin: 0px; padding: 5px; vertical-align: top;\"><span style=\"box-sizing: border-box; margin: 0px; padding: 0px;\">Tornillo de 1\/4&#8243;, tornillo de 3\/8&#8243;<\/span><\/td>\n<\/tr>\n<tr style=\"box-sizing: border-box; margin: 0px; padding: 0px; background: #ebebeb; vertical-align: middle; color: #1a171b; text-transform: none; border-left: 1px solid #dedede;\">\n<th style=\"box-sizing: border-box; margin: 0px; padding: 0px 0px 0px 15px; font-weight: 600; font-style: normal; text-align: left; vertical-align: middle; text-transform: none; line-height: 1.4; white-space: normal; color: #1a171b;\">Color<\/th>\n<td style=\"box-sizing: border-box; margin: 0px; padding: 5px; vertical-align: top;\"><span style=\"box-sizing: border-box; margin: 0px; padding: 0px;\">Negro<\/span><\/td>\n<\/tr>\n<tr style=\"box-sizing: border-box; margin: 0px; padding: 0px; background: #f8f8f8; border-left: 1px solid #eeeeee;\">\n<th style=\"box-sizing: border-box; margin: 0px; padding: 0px 0px 0px 15px; font-weight: 600; font-style: normal; text-align: left; vertical-align: middle; text-transform: none; line-height: 1.4; white-space: normal; color: #1a171b;\">Tipo de<\/th>\n<p> cabeza<\/p>\n<td style=\"box-sizing: border-box; margin: 0px; padding: 5px; vertical-align: top;\"><span style=\"box-sizing: border-box; margin: 0px; padding: 0px;\">V\u00eddeo\/Cabezal fluido<\/span><\/td>\n<\/tr>\n<tr style=\"box-sizing: border-box; margin: 0px; padding: 0px; background: #ebebeb; vertical-align: middle; color: #1a171b; text-transform: none; border-left: 1px solid #dedede;\">\n<th style=\"box-sizing: border-box; margin: 0px; padding: 0px 0px 0px 15px; font-weight: 600; font-style: normal; text-align: left; vertical-align: middle; text-transform: none; line-height: 1.4; white-space: normal; color: #1a171b;\">Compatibilidad de<\/th>\n<p> accesorios<\/p>\n<td style=\"box-sizing: border-box; margin: 0px; padding: 5px; vertical-align: top;\"><span style=\"box-sizing: border-box; margin: 0px; padding: 0px;\">500HLV<\/span><\/td>\n<\/tr>\n<tr style=\"box-sizing: border-box; margin: 0px; padding: 0px; background: #f8f8f8; border-left: 1px solid #eeeeee;\">\n<th style=\"box-sizing: border-box; margin: 0px; padding: 0px 0px 0px 15px; font-weight: 600; font-style: normal; text-align: left; vertical-align: middle; text-transform: none; line-height: 1.4; white-space: normal; color: #1a171b;\">Nivel de burbuja (No.)<\/th>\n<td style=\"box-sizing: border-box; margin: 0px; padding: 5px; vertical-align: top;\"><span style=\"box-sizing: border-box; margin: 0px; padding: 0px;\">1<\/span><\/td>\n<\/tr>\n<tr style=\"box-sizing: border-box; margin: 0px; padding: 0px; background: #ebebeb; vertical-align: middle; color: #1a171b; text-transform: none; border-left: 1px solid #dedede;\">\n<th style=\"box-sizing: border-box; margin: 0px; padding: 0px 0px 0px 15px; font-weight: 600; font-style: normal; text-align: left; vertical-align: middle; text-transform: none; line-height: 1.4; white-space: normal; color: #1a171b;\">Bolsa de transporte incluida<\/th>\n<td style=\"box-sizing: border-box; margin: 0px; padding: 5px; vertical-align: top;\"><span style=\"box-sizing: border-box; margin: 0px; padding: 0px;\">Ninguno<\/span><\/td>\n<\/tr>\n<tr style=\"box-sizing: border-box; margin: 0px; padding: 0px; background: #f8f8f8; border-left: 1px solid #eeeeee;\">\n<th style=\"box-sizing: border-box; margin: 0px; padding: 0px 0px 0px 15px; font-weight: 600; font-style: normal; text-align: left; vertical-align: middle; text-transform: none; line-height: 1.4; white-space: normal; color: #1a171b;\">Longitud<\/th>\n<p> cerrada<\/p>\n<td style=\"box-sizing: border-box; margin: 0px; padding: 5px; vertical-align: top;\"><span style=\"box-sizing: border-box; margin: 0px; padding: 0px;\">78cm<\/span><\/td>\n<\/tr>\n<tr style=\"box-sizing: border-box; margin: 0px; padding: 0px; background: #ebebeb; vertical-align: middle; color: #1a171b; text-transform: none; border-left: 1px solid #dedede;\">\n<th style=\"box-sizing: border-box; margin: 0px; padding: 0px 0px 0px 15px; font-weight: 600; font-style: normal; text-align: left; vertical-align: middle; text-transform: none; line-height: 1.4; white-space: normal; color: #1a171b;\">Enlace f\u00e1cil<\/th>\n<td style=\"box-sizing: border-box; margin: 0px; padding: 5px; vertical-align: top;\"><span style=\"box-sizing: border-box; margin: 0px; padding: 0px;\">S\u00ed<\/span><\/td>\n<\/tr>\n<tr style=\"box-sizing: border-box; margin: 0px; padding: 0px; background: #f8f8f8; border-left: 1px solid #eeeeee;\">\n<th style=\"box-sizing: border-box; margin: 0px; padding: 0px 0px 0px 15px; font-weight: 600; font-style: normal; text-align: left; vertical-align: middle; text-transform: none; line-height: 1.4; white-space: normal; color: #1a171b;\">Inclinaci\u00f3n<\/th>\n<p> frontal<\/p>\n<td style=\"box-sizing: border-box; margin: 0px; padding: 5px; vertical-align: top;\"><span style=\"box-sizing: border-box; margin: 0px; padding: 0px;\">-70\u00b0 \/ +90\u00b0<\/span><\/td>\n<\/tr>\n<tr style=\"box-sizing: border-box; margin: 0px; padding: 0px; background: #ebebeb; vertical-align: middle; color: #1a171b; text-transform: none; border-left: 1px solid #dedede;\">\n<th style=\"box-sizing: border-box; margin: 0px; padding: 0px 0px 0px 15px; font-weight: 600; font-style: normal; text-align: left; vertical-align: middle; text-transform: none; line-height: 1.4; white-space: normal; color: #1a171b;\">Tipo de pata<\/th>\n<td style=\"box-sizing: border-box; margin: 0px; padding: 5px; vertical-align: top;\"><span style=\"box-sizing: border-box; margin: 0px; padding: 0px;\">Soltero<\/span><\/td>\n<\/tr>\n<tr style=\"box-sizing: border-box; margin: 0px; padding: 0px; background: #f8f8f8; border-left: 1px solid #eeeeee;\">\n<th style=\"box-sizing: border-box; margin: 0px; padding: 0px 0px 0px 15px; font-weight: 600; font-style: normal; text-align: left; vertical-align: middle; text-transform: none; line-height: 1.4; white-space: normal; color: #1a171b;\">Tipo<\/th>\n<p> de bloqueo de patas <\/p>\n<td style=\"box-sizing: border-box; margin: 0px; padding: 5px; vertical-align: top;\"><span style=\"box-sizing: border-box; margin: 0px; padding: 0px;\">Bloqueo abatible<\/span><\/td>\n<\/tr>\n<tr style=\"box-sizing: border-box; margin: 0px; padding: 0px; background: #ebebeb; vertical-align: middle; color: #1a171b; text-transform: none; border-left: 1px solid #dedede;\">\n<th style=\"box-sizing: border-box; margin: 0px; padding: 0px 0px 0px 15px; font-weight: 600; font-style: normal; text-align: left; vertical-align: middle; text-transform: none; line-height: 1.4; white-space: normal; color: #1a171b;\">Temperatura m\u00e1xima de trabajo<\/th>\n<td style=\"box-sizing: border-box; margin: 0px; padding: 5px; vertical-align: top;\"><span style=\"box-sizing: border-box; margin: 0px; padding: 0px;\">60\u00b0C<\/span><\/td>\n<\/tr>\n<tr style=\"box-sizing: border-box; margin: 0px; padding: 0px; background: #f8f8f8; border-left: 1px solid #eeeeee;\">\n<th style=\"box-sizing: border-box; margin: 0px; padding: 0px 0px 0px 15px; font-weight: 600; font-style: normal; text-align: left; vertical-align: middle; text-transform: none; line-height: 1.4; white-space: normal; color: #1a171b;\">Temperatura m\u00ednima de<\/th>\n<p> trabajo<\/p>\n<td style=\"box-sizing: border-box; margin: 0px; padding: 5px; vertical-align: top;\"><span style=\"box-sizing: border-box; margin: 0px; padding: 0px;\">-20\u00baC<\/span><\/td>\n<\/tr>\n<tr style=\"box-sizing: border-box; margin: 0px; padding: 0px; background: #ebebeb; vertical-align: middle; color: #1a171b; text-transform: none; border-left: 1px solid #dedede;\">\n<th style=\"box-sizing: border-box; margin: 0px; padding: 0px 0px 0px 15px; font-weight: 600; font-style: normal; text-align: left; vertical-align: middle; text-transform: none; line-height: 1.4; white-space: normal; color: #1a171b;\">Barras de pan incluidas<\/th>\n<td style=\"box-sizing: border-box; margin: 0px; padding: 5px; vertical-align: top;\"><span style=\"box-sizing: border-box; margin: 0px; padding: 0px;\">No<\/span><\/td>\n<\/tr>\n<tr style=\"box-sizing: border-box; margin: 0px; padding: 0px; background: #f8f8f8; border-left: 1px solid #eeeeee;\">\nRotaci\u00f3n <\/p>\n<th style=\"box-sizing: border-box; margin: 0px; padding: 0px 0px 0px 15px; font-weight: 600; font-style: normal; text-align: left; vertical-align: middle; text-transform: none; line-height: 1.4; white-space: normal; color: #1a171b;\">de la bandeja<\/th>\n<td style=\"box-sizing: border-box; margin: 0px; padding: 5px; vertical-align: top;\"><span style=\"box-sizing: border-box; margin: 0px; padding: 0px;\">360<\/span><\/td>\n<\/tr>\n<tr style=\"box-sizing: border-box; margin: 0px; padding: 0px; background: #ebebeb; vertical-align: middle; color: #1a171b; text-transform: none; border-left: 1px solid #dedede;\">\n<th style=\"box-sizing: border-box; margin: 0px; padding: 0px 0px 0px 15px; font-weight: 600; font-style: normal; text-align: left; vertical-align: middle; text-transform: none; line-height: 1.4; white-space: normal; color: #1a171b;\">Tipo de placa<\/th>\n<td style=\"box-sizing: border-box; margin: 0px; padding: 5px; vertical-align: top;\"><span style=\"box-sizing: border-box; margin: 0px; padding: 0px;\">500PLONG<\/span><\/td>\n<\/tr>\n<tr style=\"box-sizing: border-box; margin: 0px; padding: 0px; background: #f8f8f8; border-left: 1px solid #eeeeee;\">\n<th style=\"box-sizing: border-box; margin: 0px; padding: 0px 0px 0px 15px; font-weight: 600; font-style: normal; text-align: left; vertical-align: middle; text-transform: none; line-height: 1.4; white-space: normal; color: #1a171b;\">Liberaci\u00f3n<\/th>\n<p> r\u00e1pida<\/p>\n<td style=\"box-sizing: border-box; margin: 0px; padding: 5px; vertical-align: top;\"><span style=\"box-sizing: border-box; margin: 0px; padding: 0px;\">S\u00ed<\/span><\/td>\n<\/tr>\n<tr style=\"box-sizing: border-box; margin: 0px; padding: 0px; background: #ebebeb; vertical-align: middle; color: #1a171b; text-transform: none; border-left: 1px solid #dedede;\">\n<th style=\"box-sizing: border-box; margin: 0px; padding: 0px 0px 0px 15px; font-weight: 600; font-style: normal; text-align: left; vertical-align: middle; text-transform: none; line-height: 1.4; white-space: normal; color: #1a171b;\">Arrastre<\/th>\n<p> de inclinaci\u00f3n<\/p>\n<td style=\"box-sizing: border-box; margin: 0px; padding: 5px; vertical-align: top;\"><span style=\"box-sizing: border-box; margin: 0px; padding: 0px;\">NINGUNO<\/span><\/td>\n<\/tr>\n<\/tbody>\n<\/table>\n","protected":false},"excerpt":{"rendered":"<p>El XPRO Monopod de aluminio de 4 secciones con cabezal de video fluido es un monopie de video profesional totalmente<\/p>\n","protected":false},"featured_media":63039,"comment_status":"closed","ping_status":"open","template":"","meta":{"_acf_changed":false},"product_brand":[2581],"product_cat":[1080],"product_tag":[],"class_list":{"0":"post-75018","1":"product","2":"type-product","3":"status-publish","4":"has-post-thumbnail","6":"product_brand-manfrotto-es","7":"product_cat-monopies","9":"first","10":"instock","11":"taxable","12":"shipping-taxable","13":"purchasable","14":"product-type-simple"},"bundled_by":[],"bundle_stock_status":"instock","bundle_stock_quantity":1,"bundle_virtual":false,"bundle_layout":"","bundle_add_to_cart_form_location":"","bundle_editable_in_cart":false,"bundle_sold_individually_context":"","bundle_item_grouping":"","bundle_min_size":"","bundle_max_size":"","bundle_price":[],"bundled_items":[],"bundle_sell_ids":[],"acf":[],"_links":{"self":[{"href":"https:\/\/hi-techwonder.com\/es\/wp-json\/wp\/v2\/product\/75018","targetHints":{"allow":["GET"]}}],"collection":[{"href":"https:\/\/hi-techwonder.com\/es\/wp-json\/wp\/v2\/product"}],"about":[{"href":"https:\/\/hi-techwonder.com\/es\/wp-json\/wp\/v2\/types\/product"}],"replies":[{"embeddable":true,"href":"https:\/\/hi-techwonder.com\/es\/wp-json\/wp\/v2\/comments?post=75018"}],"wp:featuredmedia":[{"embeddable":true,"href":"https:\/\/hi-techwonder.com\/es\/wp-json\/wp\/v2\/media\/63039"}],"wp:attachment":[{"href":"https:\/\/hi-techwonder.com\/es\/wp-json\/wp\/v2\/media?parent=75018"}],"wp:term":[{"taxonomy":"product_brand","embeddable":true,"href":"https:\/\/hi-techwonder.com\/es\/wp-json\/wp\/v2\/product_brand?post=75018"},{"taxonomy":"product_cat","embeddable":true,"href":"https:\/\/hi-techwonder.com\/es\/wp-json\/wp\/v2\/product_cat?post=75018"},{"taxonomy":"product_tag","embeddable":true,"href":"https:\/\/hi-techwonder.com\/es\/wp-json\/wp\/v2\/product_tag?post=75018"}],"curies":[{"name":"wp","href":"https:\/\/api.w.org\/{rel}","templated":true}]}}