{"id":75026,"date":"2025-07-29T00:05:26","date_gmt":"2025-07-29T00:05:26","guid":{"rendered":"https:\/\/fv6qoy3ls0.wpdns.site\/product\/manfrotto-pro-recargador-ligero-tough-83-highlid\/"},"modified":"2025-09-04T07:52:23","modified_gmt":"2025-09-04T07:52:23","slug":"manfrotto-pro-recargador-ligero-tough-83-highlid","status":"publish","type":"product","link":"https:\/\/hi-techwonder.com\/es\/producto\/manfrotto-pro-recargador-ligero-tough-83-highlid\/","title":{"rendered":"MANFROTTO Pro Recargador ligero Tough-83 HighLid"},"content":{"rendered":"<p><strong>Maleta r\u00edgida con ruedas MANFROTTO Pro Light Reloader Tough-83 HighLid<\/strong><\/p>\n<p><strong>MB PL-RL-TH83<\/strong><\/p>\n<p>El nuevo estuche r\u00edgido con tapa alta MANFROTTO Pro Light Reloader Tough H-83 est\u00e1 dise\u00f1ado para fot\u00f3grafos y vide\u00f3grafos profesionales en movimiento. Herm\u00e9ticos, impermeables y resistentes a los impactos, los estuches r\u00edgidos Tough est\u00e1n dise\u00f1ados para soportar las condiciones de uso m\u00e1s duras y certificados para soportar temperaturas de -33 \u00b0 C a 90 \u00b0 C.  Construido para proteger perfectamente todo tipo de equipos, basado en materiales ligeros con un sistema de bloqueo de liberaci\u00f3n segura. Con certificaci\u00f3n IP67, significa que no entra polvo y resiste la inmersi\u00f3n temporal en agua durante 30 minutos.   <\/p>\n<p><iframe loading=\"lazy\" style=\"min-height: 500px; width: 1115.8px; height: auto;\" src=\"https:\/\/www.youtube.com\/embed\/7p-ZU6s19K0\" width=\"560\" height=\"314\" allowfullscreen=\"allowfullscreen\"><\/iframe><\/p>\n<p><strong>Caracter\u00edsticas t\u00e9cnicas:<\/strong><\/p>\n<table border=\"0\" width=\"584\" cellspacing=\"0\" cellpadding=\"2\">\n<colgroup>\n<col width=\"220\">\n<col width=\"356\"><\/colgroup>\n<tbody>\n<tr>\n<td width=\"220\">Modelo<\/td>\n<td width=\"356\">MB PL-RL-TH83<\/td>\n<\/tr>\n<tr>\n<td width=\"220\">Color<\/td>\n<td width=\"356\">Negro<\/td>\n<\/tr>\n<tr>\n<td width=\"220\">Volumen<\/td>\n<td width=\"356\">79 L<\/td>\n<\/tr>\n<tr>\n<td width=\"220\">Dimensiones<\/td>\n<p> internas<\/p>\n<td width=\"356\">39,9 x 26 x 76,3 cm<\/td>\n<\/tr>\n<tr>\n<td width=\"220\">Dimensiones<\/td>\n<p> externas<\/p>\n<td width=\"356\">46,6 x 27,9 x 83,2 cm<\/td>\n<\/tr>\n<tr>\n<td>Material<\/td>\n<td>Pl\u00e1stico<\/td>\n<\/tr>\n<tr>\n<td>Evaluaci\u00f3n de la PI<\/td>\n<td>IP67<\/td>\n<\/tr>\n<tr>\n<td width=\"220\">Peso<\/td>\n<td width=\"356\">7,7 kg<\/td>\n<\/tr>\n<\/tbody>\n<\/table>\n","protected":false},"excerpt":{"rendered":"<p>Maleta r\u00edgida con ruedas MANFROTTO Pro Light Reloader Tough-83 HighLid MB PL-RL-TH83 El nuevo estuche r\u00edgido con tapa alta MANFROTTO<\/p>\n","protected":false},"featured_media":33323,"comment_status":"closed","ping_status":"open","template":"","meta":{"_acf_changed":false},"product_brand":[2581],"product_cat":[915],"product_tag":[],"class_list":{"0":"post-75026","1":"product","2":"type-product","3":"status-publish","4":"has-post-thumbnail","6":"product_brand-manfrotto-es","7":"product_cat-trolleys-es","9":"first","10":"onbackorder","11":"taxable","12":"shipping-taxable","13":"purchasable","14":"product-type-simple"},"bundled_by":[],"bundle_stock_status":"onbackorder","bundle_stock_quantity":null,"bundle_virtual":false,"bundle_layout":"","bundle_add_to_cart_form_location":"","bundle_editable_in_cart":false,"bundle_sold_individually_context":"","bundle_item_grouping":"","bundle_min_size":"","bundle_max_size":"","bundle_price":[],"bundled_items":[],"bundle_sell_ids":[],"acf":[],"_links":{"self":[{"href":"https:\/\/hi-techwonder.com\/es\/wp-json\/wp\/v2\/product\/75026","targetHints":{"allow":["GET"]}}],"collection":[{"href":"https:\/\/hi-techwonder.com\/es\/wp-json\/wp\/v2\/product"}],"about":[{"href":"https:\/\/hi-techwonder.com\/es\/wp-json\/wp\/v2\/types\/product"}],"replies":[{"embeddable":true,"href":"https:\/\/hi-techwonder.com\/es\/wp-json\/wp\/v2\/comments?post=75026"}],"wp:featuredmedia":[{"embeddable":true,"href":"https:\/\/hi-techwonder.com\/es\/wp-json\/wp\/v2\/media\/33323"}],"wp:attachment":[{"href":"https:\/\/hi-techwonder.com\/es\/wp-json\/wp\/v2\/media?parent=75026"}],"wp:term":[{"taxonomy":"product_brand","embeddable":true,"href":"https:\/\/hi-techwonder.com\/es\/wp-json\/wp\/v2\/product_brand?post=75026"},{"taxonomy":"product_cat","embeddable":true,"href":"https:\/\/hi-techwonder.com\/es\/wp-json\/wp\/v2\/product_cat?post=75026"},{"taxonomy":"product_tag","embeddable":true,"href":"https:\/\/hi-techwonder.com\/es\/wp-json\/wp\/v2\/product_tag?post=75026"}],"curies":[{"name":"wp","href":"https:\/\/api.w.org\/{rel}","templated":true}]}}