{"id":75027,"date":"2025-07-29T00:05:08","date_gmt":"2025-07-29T00:05:08","guid":{"rendered":"https:\/\/fv6qoy3ls0.wpdns.site\/product\/manfrotto-pro-light-reloader-tough-55-highlid-con-espuma\/"},"modified":"2025-09-04T07:52:36","modified_gmt":"2025-09-04T07:52:36","slug":"manfrotto-pro-light-reloader-tough-55-highlid-con-espuma","status":"publish","type":"product","link":"https:\/\/hi-techwonder.com\/es\/producto\/manfrotto-pro-light-reloader-tough-55-highlid-con-espuma\/","title":{"rendered":"MANFROTTO Pro Light Reloader Tough-55 HighLid con espuma"},"content":{"rendered":"<p><strong>MANFROTTO Pro Light Reloader Tough-55 HighLid Trolley R\u00edgido con Espuma<\/strong><\/p>\n<p><strong>MB PL-RL-TH55-F&nbsp;<\/strong><\/p>\n<p>El nuevo estuche r\u00edgido con ruedas MANFROTTO Pro Light Reloader Tough-55 HighLid es un estuche DSLR y CSC de primera calidad dise\u00f1ado para fot\u00f3grafos y vide\u00f3grafos profesionales en movimiento. Est\u00e1 fabricado en Italia con materiales de alta resistencia, basados en el patr\u00f3n ligero y militar, en el estilo original de Manfrotto. Construido y dise\u00f1ado para viajeros que no quieren comprometer la seguridad y la portabilidad, cuenta con un sistema de carrito retr\u00e1ctil de 2 pasos. El nuevo Pro Light Reloader Tough-55 tiene una unidad de organizaci\u00f3n de espuma interna que se puede personalizar.   <\/p>\n<p><iframe loading=\"lazy\" style=\"min-height: 500px; width: 100%; height: auto;\" src=\"https:\/\/www.youtube.com\/embed\/7p-ZU6s19K0\" width=\"560\" height=\"314\" allowfullscreen=\"allowfullscreen\"><\/iframe><\/p>\n<p><strong>Caracter\u00edsticas t\u00e9cnicas:<\/strong><\/p>\n<table border=\"0\" width=\"584\" cellspacing=\"0\" cellpadding=\"2\">\n<colgroup>\n<col width=\"220\">\n<col width=\"356\"><\/colgroup>\n<tbody>\n<tr>\n<td width=\"220\">Modelo<\/td>\n<td width=\"356\">MB PL-RL-TH55-F <\/td>\n<\/tr>\n<tr>\n<td width=\"220\">Color<\/td>\n<td width=\"356\">Negro<\/td>\n<\/tr>\n<tr>\n<td width=\"220\">Volumen<\/td>\n<td width=\"356\">30 L<\/td>\n<\/tr>\n<tr>\n<td width=\"220\">Dimensiones<\/td>\n<p> internas<\/p>\n<td width=\"356\">28,5 x 20,5 x 52 cm<\/td>\n<\/tr>\n<tr>\n<td width=\"220\">Dimensiones<\/td>\n<p> externas<\/p>\n<td width=\"356\">35 x 22,5 x 55 cm<\/td>\n<\/tr>\n<tr>\n<td>Material<\/td>\n<td>Pl\u00e1stico<\/td>\n<\/tr>\n<tr>\n<td width=\"220\">Peso<\/td>\n<td width=\"356\">4,5 kg<\/td>\n<\/tr>\n<\/tbody>\n<\/table>\n","protected":false},"excerpt":{"rendered":"<p>MANFROTTO Pro Light Reloader Tough-55 HighLid Trolley R\u00edgido con Espuma MB PL-RL-TH55-F&nbsp; El nuevo estuche r\u00edgido con ruedas MANFROTTO Pro<\/p>\n","protected":false},"featured_media":33298,"comment_status":"closed","ping_status":"open","template":"","meta":{"_acf_changed":false},"product_brand":[2581],"product_cat":[915],"product_tag":[],"class_list":{"0":"post-75027","1":"product","2":"type-product","3":"status-publish","4":"has-post-thumbnail","6":"product_brand-manfrotto-es","7":"product_cat-trolleys-es","9":"first","10":"onbackorder","11":"taxable","12":"shipping-taxable","13":"purchasable","14":"product-type-simple"},"bundled_by":[],"bundle_stock_status":"onbackorder","bundle_stock_quantity":null,"bundle_virtual":false,"bundle_layout":"","bundle_add_to_cart_form_location":"","bundle_editable_in_cart":false,"bundle_sold_individually_context":"","bundle_item_grouping":"","bundle_min_size":"","bundle_max_size":"","bundle_price":[],"bundled_items":[],"bundle_sell_ids":[],"acf":[],"_links":{"self":[{"href":"https:\/\/hi-techwonder.com\/es\/wp-json\/wp\/v2\/product\/75027","targetHints":{"allow":["GET"]}}],"collection":[{"href":"https:\/\/hi-techwonder.com\/es\/wp-json\/wp\/v2\/product"}],"about":[{"href":"https:\/\/hi-techwonder.com\/es\/wp-json\/wp\/v2\/types\/product"}],"replies":[{"embeddable":true,"href":"https:\/\/hi-techwonder.com\/es\/wp-json\/wp\/v2\/comments?post=75027"}],"wp:featuredmedia":[{"embeddable":true,"href":"https:\/\/hi-techwonder.com\/es\/wp-json\/wp\/v2\/media\/33298"}],"wp:attachment":[{"href":"https:\/\/hi-techwonder.com\/es\/wp-json\/wp\/v2\/media?parent=75027"}],"wp:term":[{"taxonomy":"product_brand","embeddable":true,"href":"https:\/\/hi-techwonder.com\/es\/wp-json\/wp\/v2\/product_brand?post=75027"},{"taxonomy":"product_cat","embeddable":true,"href":"https:\/\/hi-techwonder.com\/es\/wp-json\/wp\/v2\/product_cat?post=75027"},{"taxonomy":"product_tag","embeddable":true,"href":"https:\/\/hi-techwonder.com\/es\/wp-json\/wp\/v2\/product_tag?post=75027"}],"curies":[{"name":"wp","href":"https:\/\/api.w.org\/{rel}","templated":true}]}}