{"id":75028,"date":"2025-07-29T00:09:34","date_gmt":"2025-07-29T00:09:34","guid":{"rendered":"https:\/\/fv6qoy3ls0.wpdns.site\/product\/manfrotto-pl-cb-ex-cinematic-expandir\/"},"modified":"2025-07-29T00:09:34","modified_gmt":"2025-07-29T00:09:34","slug":"manfrotto-pl-cb-ex-cinematic-expandir","status":"publish","type":"product","link":"https:\/\/hi-techwonder.com\/es\/producto\/manfrotto-pl-cb-ex-cinematic-expandir\/","title":{"rendered":"MANFROTTO PL-CB-EX Cinematic Expandir"},"content":{"rendered":"<p><strong>Productos destacados:<\/strong><\/p>\n<ul>\n<li>  Frontal expandible<\/li>\n<li>  Compartimento lateral para control remoto<\/li>\n<li>  Bolsillo dedicado para port\u00e1til de 17&#8243;<\/li>\n<li>  Correas de tr\u00edpode o monopi\u00e9<\/li>\n<li>  Hecho de nailon Ripstop repelente al agua<\/li>\n<li>  Tama\u00f1o de equipaje de mano compatible<\/li>\n<li>  Compartimentos internos acolchados<\/li>\n<li>  Carro de manga inteligente<\/li>\n<li>  Cubierta de sol \/ lluvia incluida<\/li>\n<\/ul>\n<p><strong>En la caja:<\/strong><\/p>\n<ul>\n<li>  Mochila Cinematogr\u00e1fica Ligera Manfrotto Pro Expandir<\/li>\n<li>  Cubierta para el sol \/ lluvia<\/li>\n<\/ul>\n<p>La mochila cinematogr\u00e1fica Manfrotto Pro Light Expand se expande r\u00e1pidamente para dejar espacio para videoc\u00e1maras y c\u00e1maras con correas, como la serie Canon EOS C. El acceso lateral simplifica el acceso a su equipo, y el sistema de absorci\u00f3n de impactos Flexi de Manfrotto lo ayuda a adaptarse a diferentes c\u00e1maras, proporcionando protecciones \u00f3ptimas. La correa Never-Lose le permite colocar un tr\u00edpode en el exterior de la bolsa.  <\/p>\n<p>  Esta mochila compacta cumple con la mayor\u00eda de los requisitos de equipaje de mano de los aviones cuando la tapa frontal est\u00e1 en la posici\u00f3n plegada y cuenta con elevadores de carga totalmente ajustables, correas para el estern\u00f3n, correas para los hombros y un cintur\u00f3n para un ajuste c\u00f3modo y personalizado. Tambi\u00e9n tiene una cremallera externa y bolsillos el\u00e1sticos para accesorios y una botella de agua. La cubierta para el sol y la lluvia protege tu equipo del sobrecalentamiento y te ayuda a mantenerte seco en condiciones clim\u00e1ticas adversas. El asa del cochecito le permite montar la mochila en un cochecito de viaje.   <\/p>\n<ul>\n<li>  El sistema de protecci\u00f3n de la c\u00e1mara interior proporciona protecci\u00f3n adicional para el equipo vulnerable en el centro de la bolsa y est\u00e1 compuesto de espuma 3D que absorbe los golpes con una placa de refuerzo estructural rodeada de tela cepillada suave.<\/li>\n<li>  El sistema de absorci\u00f3n de impactos Flexi de Manfrotto ayuda a colocar diferentes c\u00e1maras en la posici\u00f3n correcta para proporcionar espacio para la correa expandible, al tiempo que amortigua el contenido para una protecci\u00f3n \u00f3ptima del cuerpo de la c\u00e1mara.<\/li>\n<li>  La correa Never-Lose de la mochila protege el soporte de c\u00e1mara que elijas en el exterior de la mochila.<\/li>\n<li>  Hecha de nailon\/poli\u00e9ster ripstop impermeable, con hebillas huecas ITW Nexus y herrajes Duraflex, la mochila es liviana y duradera. Cuenta con cremallera externa y bolsillos el\u00e1sticos para accesorios y una botella de agua. <\/li>\n<li>  Un bolsillo dedicado para computadora port\u00e1til facilita sacar la computadora port\u00e1til del resto de su equipo cuando viaja.<\/li>\n<li>  El asa trasera del cochecito se sujeta al equipaje.<\/li>\n<\/ul>\n<h2>  Caracter\u00edsticas t\u00e9cnicas<\/h2>\n<table style=\"width: 474px;\" border=\"0\" cellspacing=\"0\" cellpadding=\"2\">\n<colgroup>\n<col width=\"254\"><\/colgroup>\n<colgroup>\n<col width=\"212\"><\/colgroup>\n<tbody>\n<tr>\n<td width=\"254\"> <strong>Material de construcci\u00f3n<\/strong><\/td>\n<td width=\"212\">\n<p>  Nylon ripstop<\/p>\n<\/td>\n<\/tr>\n<tr>\n<td width=\"254\">\n<p> <strong>Dimensiones<\/strong><\/p>\n<\/td>\n<td width=\"212\">\n<p>  59 x 36 x 23 cm<\/p>\n<\/td>\n<\/tr>\n<tr>\n<td width=\"254\">\n<p> <strong>Peso<\/strong><\/p>\n<\/td>\n<td width=\"212\">\n<p>  2,6 kg<\/p>\n<\/td>\n<\/tr>\n<\/tbody>\n<\/table>\n<p><object data=\"https:\/\/www.youtube.com\/v\/ZflDmBYm7hk\" type=\"application\/x-shockwave-flash\" width=\"425\" height=\"350\"><param name=\"src\" value=\"https:\/\/www.youtube.com\/v\/ZflDmBYm7hk\"><\/object><\/p>\n","protected":false},"excerpt":{"rendered":"<p>Productos destacados: Frontal expandible Compartimento lateral para control remoto Bolsillo dedicado para port\u00e1til de 17&#8243; Correas de tr\u00edpode o monopi\u00e9<\/p>\n","protected":false},"featured_media":34483,"comment_status":"closed","ping_status":"open","template":"","meta":{"_acf_changed":false},"product_brand":[2581],"product_cat":[907],"product_tag":[],"class_list":{"0":"post-75028","1":"product","2":"type-product","3":"status-publish","4":"has-post-thumbnail","6":"product_brand-manfrotto-es","7":"product_cat-mochilas-es","9":"first","10":"onbackorder","11":"taxable","12":"shipping-taxable","13":"purchasable","14":"product-type-simple"},"bundled_by":[],"bundle_stock_status":"onbackorder","bundle_stock_quantity":0,"bundle_virtual":false,"bundle_layout":"","bundle_add_to_cart_form_location":"","bundle_editable_in_cart":false,"bundle_sold_individually_context":"","bundle_item_grouping":"","bundle_min_size":"","bundle_max_size":"","bundle_price":[],"bundled_items":[],"bundle_sell_ids":[],"acf":[],"_links":{"self":[{"href":"https:\/\/hi-techwonder.com\/es\/wp-json\/wp\/v2\/product\/75028","targetHints":{"allow":["GET"]}}],"collection":[{"href":"https:\/\/hi-techwonder.com\/es\/wp-json\/wp\/v2\/product"}],"about":[{"href":"https:\/\/hi-techwonder.com\/es\/wp-json\/wp\/v2\/types\/product"}],"replies":[{"embeddable":true,"href":"https:\/\/hi-techwonder.com\/es\/wp-json\/wp\/v2\/comments?post=75028"}],"wp:featuredmedia":[{"embeddable":true,"href":"https:\/\/hi-techwonder.com\/es\/wp-json\/wp\/v2\/media\/34483"}],"wp:attachment":[{"href":"https:\/\/hi-techwonder.com\/es\/wp-json\/wp\/v2\/media?parent=75028"}],"wp:term":[{"taxonomy":"product_brand","embeddable":true,"href":"https:\/\/hi-techwonder.com\/es\/wp-json\/wp\/v2\/product_brand?post=75028"},{"taxonomy":"product_cat","embeddable":true,"href":"https:\/\/hi-techwonder.com\/es\/wp-json\/wp\/v2\/product_cat?post=75028"},{"taxonomy":"product_tag","embeddable":true,"href":"https:\/\/hi-techwonder.com\/es\/wp-json\/wp\/v2\/product_tag?post=75028"}],"curies":[{"name":"wp","href":"https:\/\/api.w.org\/{rel}","templated":true}]}}