{"id":75032,"date":"2025-07-29T10:27:16","date_gmt":"2025-07-29T10:27:16","guid":{"rendered":"https:\/\/fv6qoy3ls0.wpdns.site\/product\/placa-deslizante-del-adaptador-de-liberacion-rapida-manfrotto-577\/"},"modified":"2026-02-06T18:05:20","modified_gmt":"2026-02-06T18:05:20","slug":"manfrotto-placa-deslizante-del-adaptador-de-liberacion-rapida-manfrotto-577","status":"publish","type":"product","link":"https:\/\/hi-techwonder.com\/es\/producto\/manfrotto-placa-deslizante-del-adaptador-de-liberacion-rapida-manfrotto-577\/","title":{"rendered":"Placa deslizante del adaptador de liberaci\u00f3n r\u00e1pida MANFROTTO 577"},"content":{"rendered":"<p>Compatible con la c\u00e1mara 501PL chapada (suministrada con los cabezales de v\u00eddeo 501HDV, 503 y 519) y la placa especial 501PLONG. Este adaptador de liberaci\u00f3n r\u00e1pida le brinda la libertad de quitar la c\u00e1mara de la cabeza sin quitarla de la placa y colocarla en cualquier otro soporte. Se suministra con tornillos de c\u00e1mara de 1\/4\u00bb y 3\/8\u00bb. Especificaciones adjuntas por. Tornillos de 1\/4&#8243; y 3\/8&#8243; Tipo de accesorio de fijaci\u00f3n de rosca hembra de 3\/8&#8243; 3\/8&#8243; (arriba) Tipo de fijaci\u00f3n de rosca hembra de 1\/4&#8243; Color negro color material color negro tipo placa de aluminio tipo 501PL cierre r\u00e1pido s\u00ed sistema de seguridad secundario s\u00ed placa deslizante desplazamiento 20,0 mm peso 0,28 kg    <\/p>\n","protected":false},"excerpt":{"rendered":"<p>Compatible con la c\u00e1mara 501PL chapada (suministrada con los cabezales de v\u00eddeo 501HDV, 503 y 519) y la placa especial<\/p>\n","protected":false},"featured_media":63551,"comment_status":"closed","ping_status":"open","template":"","meta":{"_acf_changed":false},"product_brand":[2581],"product_cat":[1087],"product_tag":[],"class_list":{"0":"post-75032","1":"product","2":"type-product","3":"status-publish","4":"has-post-thumbnail","6":"product_brand-manfrotto-es","7":"product_cat-zapatas-y-tornillos","9":"first","10":"instock","11":"taxable","12":"shipping-taxable","13":"purchasable","14":"product-type-simple"},"bundled_by":[],"bundle_stock_status":"instock","bundle_stock_quantity":3,"bundle_virtual":false,"bundle_layout":"","bundle_add_to_cart_form_location":"","bundle_editable_in_cart":false,"bundle_sold_individually_context":"","bundle_item_grouping":"","bundle_min_size":"","bundle_max_size":"","bundle_price":[],"bundled_items":[],"bundle_sell_ids":[],"acf":[],"_links":{"self":[{"href":"https:\/\/hi-techwonder.com\/es\/wp-json\/wp\/v2\/product\/75032","targetHints":{"allow":["GET"]}}],"collection":[{"href":"https:\/\/hi-techwonder.com\/es\/wp-json\/wp\/v2\/product"}],"about":[{"href":"https:\/\/hi-techwonder.com\/es\/wp-json\/wp\/v2\/types\/product"}],"replies":[{"embeddable":true,"href":"https:\/\/hi-techwonder.com\/es\/wp-json\/wp\/v2\/comments?post=75032"}],"wp:featuredmedia":[{"embeddable":true,"href":"https:\/\/hi-techwonder.com\/es\/wp-json\/wp\/v2\/media\/63551"}],"wp:attachment":[{"href":"https:\/\/hi-techwonder.com\/es\/wp-json\/wp\/v2\/media?parent=75032"}],"wp:term":[{"taxonomy":"product_brand","embeddable":true,"href":"https:\/\/hi-techwonder.com\/es\/wp-json\/wp\/v2\/product_brand?post=75032"},{"taxonomy":"product_cat","embeddable":true,"href":"https:\/\/hi-techwonder.com\/es\/wp-json\/wp\/v2\/product_cat?post=75032"},{"taxonomy":"product_tag","embeddable":true,"href":"https:\/\/hi-techwonder.com\/es\/wp-json\/wp\/v2\/product_tag?post=75032"}],"curies":[{"name":"wp","href":"https:\/\/api.w.org\/{rel}","templated":true}]}}