{"id":75034,"date":"2025-07-29T00:05:08","date_gmt":"2025-07-29T00:05:08","guid":{"rendered":"https:\/\/fv6qoy3ls0.wpdns.site\/product\/manfrotto-pro-organizador-rodante-ligero-lw-97w-v2\/"},"modified":"2025-09-04T07:52:33","modified_gmt":"2025-09-04T07:52:33","slug":"manfrotto-pro-organizador-rodante-ligero-lw-97w-v2","status":"publish","type":"product","link":"https:\/\/hi-techwonder.com\/es\/producto\/manfrotto-pro-organizador-rodante-ligero-lw-97w-v2\/","title":{"rendered":"MANFROTTO Pro Organizador Rodante Ligero LW-97W V2"},"content":{"rendered":"<p><strong>Manfrotto MB PL-LW-97W-2<br \/> Manfrotto Pro-Light Organizador de Equipo de Iluminaci\u00f3n Rodante V2 (Grande, Negro)<\/strong><br \/> <strong><br \/>Productos destacados<\/strong><\/p>\n<ul>\n<li>  Para 2 kits de iluminaci\u00f3n y 6 soportes compactos<\/li>\n<li>  Longitud externa 100cm<\/li>\n<li>  Cierre de cremallera frontal<\/li>\n<li>  Bolsillo exterior frontal con cremallera<\/li>\n<li>  Dos bolsillos con cremallera en la tapa interior<\/li>\n<li>  Divisores acolchados con cierre t\u00e1ctil<\/li>\n<li>  Exterior impermeable<\/li>\n<li>  Sistema de protecci\u00f3n de c\u00e1maras<\/li>\n<li>  Asas laterales y superiores<\/li>\n<li>  Dos ruedas de transporte traseras<\/li>\n<\/ul>\n<p><strong>En la caja<\/strong><\/p>\n<ul>\n<li>  Manfrotto Pro-Light Organizador de Equipo de Iluminaci\u00f3n Rodante V2 (Grande, Negro)<\/li>\n<\/ul>\n<p>Este organizador de equipo de iluminaci\u00f3n rodante Pro-Light V2 de gran tama\u00f1o y repelente al agua negro de Manfrotto cuenta con seis soportes compactos, dos cabezales de flash y dos reflectores entre divisores acolchados y t\u00e1ctiles dentro del compartimento principal con cremallera, que mide 100 cm de largo. Para los accesorios, hay un bolsillo exterior frontal con cremallera y dos bolsillos interiores en la tapa con cremallera. Puede transportar la bolsa utilizando el asa lateral o las dos ruedas de transporte traseras y el asa superior.  <\/p>\n<ul>\n<li>  El sistema de protecci\u00f3n de la c\u00e1mara interna proporciona protecci\u00f3n adicional para el equipo vulnerable en el centro de la bolsa y est\u00e1 compuesto de espuma 3D que absorbe los golpes con placa de refuerzo estructural rodeada de tela suave y cepillada para amortiguaci\u00f3n<\/li>\n<li>  Un recubrimiento especialmente aplicado a la tela la hace resistente a la humedad  <\/li>\n<\/ul>\n<div>&nbsp;<\/div>\n<div>\n<h2>  Especificaciones Manfrotto MB PL-LW-97W-2<\/h2>\n<table style=\"width: 378px;\" border=\"0\" cellspacing=\"0\" cellpadding=\"2\">\n<colgroup>\n<col width=\"136\"><\/colgroup>\n<colgroup>\n<col width=\"235\"><\/colgroup>\n<tbody>\n<tr>\n<th colspan=\"2\" width=\"374\">\n<p> <a name=\"242283\"><\/a>Interior<\/p>\n<\/th>\n<\/tr>\n<tr>\n<td width=\"136\">\n<p>  Dimensiones interiores<\/p>\n<\/td>\n<td width=\"235\">\n<p>  94 x 40 x 24 cm<\/p>\n<\/td>\n<\/tr>\n<\/tbody>\n<\/table>\n<table style=\"width: 378px;\" border=\"0\" cellspacing=\"0\" cellpadding=\"2\">\n<colgroup>\n<col width=\"221\"><\/colgroup>\n<colgroup>\n<col width=\"149\"><\/colgroup>\n<tbody>\n<tr>\n<th colspan=\"2\" width=\"374\">\n<p> <a name=\"242282\"><\/a>Exterior<\/p>\n<\/th>\n<\/tr>\n<tr>\n<td width=\"221\">\n<p>  Tipo de cierre<\/p>\n<\/td>\n<td width=\"149\">\n<p>  Cremallera<\/p>\n<\/td>\n<\/tr>\n<tr>\n<td width=\"221\">\n<p>  Transporte y opciones de transporte<\/p>\n<\/td>\n<td width=\"149\">\n<p>  Manijas<\/p>\n<\/td>\n<\/tr>\n<tr>\n<td width=\"221\">\n<p>  Material de construcci\u00f3n<\/p>\n<\/td>\n<td width=\"149\">\n<p>  Tela, Nylon<\/p>\n<\/td>\n<\/tr>\n<tr>\n<td width=\"221\">\n<p>  Dimensiones externas (ancho x alto x profundidad)<\/p>\n<\/td>\n<td width=\"149\">\n<p>  100 x 44 x 30 cm<\/p>\n<\/td>\n<\/tr>\n<tr>\n<td width=\"221\">\n<p>  Peso<\/p>\n<\/td>\n<td width=\"149\">\n<p>  5,9 kg  <\/p>\n<\/td>\n<\/tr>\n<\/tbody>\n<\/table>\n<\/div>\n","protected":false},"excerpt":{"rendered":"<p>Manfrotto MB PL-LW-97W-2 Manfrotto Pro-Light Organizador de Equipo de Iluminaci\u00f3n Rodante V2 (Grande, Negro) Productos destacados Para 2 kits de<\/p>\n","protected":false},"featured_media":33282,"comment_status":"closed","ping_status":"open","template":"","meta":{"_acf_changed":false},"product_brand":[2581],"product_cat":[915],"product_tag":[],"class_list":{"0":"post-75034","1":"product","2":"type-product","3":"status-publish","4":"has-post-thumbnail","6":"product_brand-manfrotto-es","7":"product_cat-trolleys-es","9":"first","10":"onbackorder","11":"taxable","12":"shipping-taxable","13":"purchasable","14":"product-type-simple"},"bundled_by":[],"bundle_stock_status":"onbackorder","bundle_stock_quantity":null,"bundle_virtual":false,"bundle_layout":"","bundle_add_to_cart_form_location":"","bundle_editable_in_cart":false,"bundle_sold_individually_context":"","bundle_item_grouping":"","bundle_min_size":"","bundle_max_size":"","bundle_price":[],"bundled_items":[],"bundle_sell_ids":[],"acf":[],"_links":{"self":[{"href":"https:\/\/hi-techwonder.com\/es\/wp-json\/wp\/v2\/product\/75034","targetHints":{"allow":["GET"]}}],"collection":[{"href":"https:\/\/hi-techwonder.com\/es\/wp-json\/wp\/v2\/product"}],"about":[{"href":"https:\/\/hi-techwonder.com\/es\/wp-json\/wp\/v2\/types\/product"}],"replies":[{"embeddable":true,"href":"https:\/\/hi-techwonder.com\/es\/wp-json\/wp\/v2\/comments?post=75034"}],"wp:featuredmedia":[{"embeddable":true,"href":"https:\/\/hi-techwonder.com\/es\/wp-json\/wp\/v2\/media\/33282"}],"wp:attachment":[{"href":"https:\/\/hi-techwonder.com\/es\/wp-json\/wp\/v2\/media?parent=75034"}],"wp:term":[{"taxonomy":"product_brand","embeddable":true,"href":"https:\/\/hi-techwonder.com\/es\/wp-json\/wp\/v2\/product_brand?post=75034"},{"taxonomy":"product_cat","embeddable":true,"href":"https:\/\/hi-techwonder.com\/es\/wp-json\/wp\/v2\/product_cat?post=75034"},{"taxonomy":"product_tag","embeddable":true,"href":"https:\/\/hi-techwonder.com\/es\/wp-json\/wp\/v2\/product_tag?post=75034"}],"curies":[{"name":"wp","href":"https:\/\/api.w.org\/{rel}","templated":true}]}}