{"id":75036,"date":"2025-07-29T00:05:08","date_gmt":"2025-07-29T00:05:08","guid":{"rendered":"https:\/\/fv6qoy3ls0.wpdns.site\/product\/interruptor-de-recarga-de-luz-manfrotto-pro-55-roller\/"},"modified":"2026-01-31T03:13:32","modified_gmt":"2026-01-31T03:13:32","slug":"manfrotto-interruptor-de-recarga-de-luz-manfrotto-pro-55-roller","status":"publish","type":"product","link":"https:\/\/hi-techwonder.com\/es\/producto\/manfrotto-interruptor-de-recarga-de-luz-manfrotto-pro-55-roller\/","title":{"rendered":"Interruptor de recarga de luz MANFROTTO Pro-55 Roller"},"content":{"rendered":"<p><strong><span style=\"color: #000000\">Productos destacados:<\/span><\/strong><\/p>\n<p><span style=\"color: #000000\">&nbsp;<\/span><\/p>\n<ul>\n<li><span style=\"color: #000000\">Tiene capacidad para 2 DSLR profesionales, 4 lentes, computadora port\u00e1til de 17&#8243;<\/span><\/li>\n<li><span style=\"color: #000000\">Admite una DSLR y una lente 400 f \/ 2.8 adjunta<\/span><\/li>\n<li><span style=\"color: #000000\">Cierre frontal con cremallera y bisagra<\/span><\/li>\n<li><span style=\"color: #000000\">Bolsillos exteriores con cremallera, arn\u00e9s de hombro<\/span><\/li>\n<li><span style=\"color: #000000\">Bolsillos interiores en la tapa con cremallera<\/span><\/li>\n<li><span style=\"color: #000000\">Divisores acolchados con cierre t\u00e1ctil<\/span><\/li>\n<li><span style=\"color: #000000\">Asas laterales\/superiores y fijaci\u00f3n para tr\u00edpode<\/span><\/li>\n<li><span style=\"color: #000000\">2 ruedas de transporte traseras<\/span><\/li>\n<li><span style=\"color: #000000\">Cierre de cremallera de combinaci\u00f3n TSA integrado<\/span><\/li>\n<li><span style=\"color: #000000\">Tejido repelente al agua y protector contra la lluvia<\/span><\/li>\n<\/ul>\n<p><span style=\"color: #000000\">Almacene, transporte y proteja c\u00f3modamente una o dos DSLR profesionales, una lente de 400 mm f\/2.8 adjunta, hasta tres lentes adicionales y una computadora port\u00e1til de 17&#8243; en la mochila\/rollo Pro Light Reloader Switch-55 negro de Manfrotto. Divisores interiores acolchados con cierre t\u00e1ctil y bolsillos exteriores con cremallera. Los fot\u00f3grafos apreciar\u00e1n las dos bisagras laterales de la tapa con cerradura, lo que permite que la tapa permanezca en posici\u00f3n vertical para acceder al equipo almacenado dentro de los bolsillos de la tapa. <\/span><\/p>\n<p><span style=\"color: #000000\">&nbsp;<\/span><\/p>\n<p><span style=\"color: #000000\">Lleve la mochila \/ rollo Pro Light Reloader Switch-55 con las correas laterales y superiores, envu\u00e9lvala alrededor de las dos ruedas de transporte traseras o util\u00edcela con las correas acolchadas para los hombros y la correa para el estern\u00f3n. Estas ruedas son reparables por el usuario y, por seguridad, hay un candado de cremallera de combinaci\u00f3n incorporado aprobado por la TSA. Para protegerse de la intemperie, la bolsa tiene un protector contra la lluvia plegable. Se proporcionan conexiones externas para conectar un tr\u00edpode u otro equipo. La tela interior gris claro facilita la b\u00fasqueda de equipos con poca luz.    <\/span><\/p>\n<p><span style=\"color: #000000\">&nbsp;<\/span><\/p>\n<ul>\n<li><span style=\"color: #000000\">Correas de hombro acolchadas con correa de estern\u00f3n para llevar mochila<\/span><\/li>\n<li><span style=\"color: #000000\">Divisores interiores acolchados con cierre t\u00e1ctil<\/span><\/li>\n<li><span style=\"color: #000000\">Nylon resistente al agua y ripstop<\/span><\/li>\n<li><span style=\"color: #000000\">Accesorio de tr\u00edpode externo<\/span><\/li>\n<li><span style=\"color: #000000\">Incluye protector contra la lluvia plegable<\/span><\/li>\n<li><span style=\"color: #000000\">Esta bolsa cumple con el est\u00e1ndar para ser utilizada como equipaje de mano. (Debido a las restricciones en constante cambio, consulte con su aerol\u00ednea antes de la salida). <\/span><\/li>\n<li><span style=\"color: #000000\">Un recubrimiento especialmente aplicado a la tela la hace resistente a la humedad<\/span><\/li>\n<li><span style=\"color: #000000\">Compartimento dedicado para tabletas<\/span><\/li>\n<\/ul>\n<h2><span style=\"color: #000000\"><\/p>\n<p><\/span><\/h2>\n<table style=\"width: 643px\" border=\"0\" cellspacing=\"0\" cellpadding=\"2\">\n<colgroup>\n<col width=\"166\">\n<col width=\"469\"><\/colgroup>\n<tbody>\n<tr>\n<td width=\"166\">\n<p style=\"border-top: none;border-bottom: 1px solid #e6e7e8;border-left: none;border-right: none;padding: 0cm 0cm 0.53cm 0cm\"><span style=\"color: #000000\">Opciones de env\u00edo \/ transporte<\/span><\/p>\n<\/td>\n<td width=\"469\">\n<p style=\"border-top: none;border-bottom: 1px solid #e6e7e8;border-left: none;border-right: none;padding: 0cm 0cm 0.53cm 0cm\"><span style=\"color: #000000\">Correas de mochila, ruedas incorporadas, correa retr\u00e1ctil, correa de estern\u00f3n, correa superior, correa de tr\u00edpode<\/span><\/p>\n<\/td>\n<\/tr>\n<\/tbody>\n<\/table>\n<table style=\"width: 643px\" border=\"0\" cellspacing=\"0\" cellpadding=\"2\">\n<colgroup>\n<col width=\"326\">\n<col width=\"308\"><\/colgroup>\n<tbody>\n<tr>\n<th colspan=\"2\" width=\"639\">\n<p style=\"border: none;padding: 0cm;font-style: normal;font-weight: normal\"><span style=\"color: #000000\"><a name=\"241749\"><\/a><span style=\"font-size: x-large\">Revistas<\/span><\/span><\/p>\n<\/th>\n<\/tr>\n<tr>\n<td width=\"326\">\n<p style=\"border-top: none;border-bottom: 1px solid #e6e7e8;border-left: none;border-right: none;padding: 0cm 0cm 0.53cm 0cm\"><span style=\"color: #000000\">Tama\u00f1o de la pantalla del compartimento del port\u00e1til<\/span><\/p>\n<\/td>\n<td width=\"308\">\n<p style=\"border-top: none;border-bottom: 1px solid #e6e7e8;border-left: none;border-right: none;padding: 0cm 0cm 0.53cm 0cm\"><span style=\"color: #000000\">17,0&#8243;<\/span><\/p>\n<\/td>\n<\/tr>\n<tr>\n<td width=\"326\">\n<p style=\"border-top: none;border-bottom: 1px solid #e6e7e8;border-left: none;border-right: none;padding: 0cm 0cm 0.53cm 0cm\"><span style=\"color: #000000\">Dimensiones del compartimento del ordenador port\u00e1til\/tableta<\/span><\/p>\n<\/td>\n<td width=\"308\">\n<p style=\"border-top: none;border-bottom: 1px solid #e6e7e8;border-left: none;border-right: none;padding: 0cm 0cm 0.53cm 0cm\"><span style=\"color: #000000\">32.0 x 43.0 x 2.5 cm<\/span><\/p>\n<\/td>\n<\/tr>\n<\/tbody>\n<\/table>\n<table style=\"width: 643px\" border=\"0\" cellspacing=\"0\" cellpadding=\"2\">\n<colgroup>\n<col width=\"185\">\n<col width=\"450\"><\/colgroup>\n<tbody>\n<tr>\n<th colspan=\"2\" width=\"639\">\n<p style=\"border: none;padding: 0cm;font-style: normal;font-weight: normal\"><span style=\"color: #000000\"><a name=\"242282\"><\/a><span style=\"font-size: x-large\">Exterior<\/span><\/span><\/p>\n<\/th>\n<\/tr>\n<tr>\n<td width=\"185\">\n<p style=\"border-top: none;border-bottom: 1px solid #e6e7e8;border-left: none;border-right: none;padding: 0cm 0cm 0.53cm 0cm\"><span style=\"color: #000000\">Dimensiones externas<\/span><\/p>\n<\/td>\n<td width=\"450\">\n<p style=\"border-top: none;border-bottom: 1px solid #e6e7e8;border-left: none;border-right: none;padding: 0cm 0cm 0.53cm 0cm\"><span style=\"color: #000000\">35,51 x 54,99 x 23,01 cm<\/span><\/p>\n<\/td>\n<\/tr>\n<\/tbody>\n<\/table>\n<table style=\"width: 589px\" border=\"0\" cellspacing=\"0\" cellpadding=\"2\">\n<colgroup>\n<col width=\"180\">\n<col width=\"400\"><\/colgroup>\n<tbody>\n<tr>\n<th colspan=\"2\" width=\"585\">\n<p style=\"border: none;padding: 0cm;font-style: normal;font-weight: normal\"><span style=\"color: #000000\"><a name=\"242283\"><\/a><span style=\"font-size: x-large\">Interior<\/span><\/span><\/p>\n<\/th>\n<\/tr>\n<tr>\n<td width=\"180\">\n<p style=\"border-top: none;border-bottom: 1px solid #e6e7e8;border-left: none;border-right: none;padding: 0cm 0cm 0.53cm 0cm\"><span style=\"color: #000000\">Dimensiones interiores<\/span><\/p>\n<\/td>\n<td width=\"400\">\n<p style=\"border-top: none;border-bottom: 1px solid #e6e7e8;border-left: none;border-right: none;padding: 0cm 0cm 0.53cm 0cm\"><span style=\"color: #000000\">32 x 46,99 x 18,01 cm<\/span><\/p>\n<\/td>\n<\/tr>\n<\/tbody>\n<\/table>\n<table style=\"width: 232px\" border=\"0\" cellspacing=\"0\" cellpadding=\"2\">\n<colgroup>\n<col width=\"67\">\n<col width=\"157\"><\/colgroup>\n<tbody>\n<tr>\n<th colspan=\"2\" width=\"228\">\n<p style=\"border: none;padding: 0cm;font-style: normal;font-weight: normal\"><span style=\"color: #000000\"><a name=\"8008\"><\/a><span style=\"font-size: x-large\">Generalmente<\/span><\/span><\/p>\n<\/th>\n<\/tr>\n<tr>\n<td width=\"67\">\n<p style=\"border-top: none;border-bottom: 1px solid #e6e7e8;border-left: none;border-right: none;padding: 0cm 0cm 0.53cm 0cm\"><span style=\"color: #000000\">Peso<\/span><\/p>\n<\/td>\n<td width=\"157\">\n<p style=\"border-top: none;border-bottom: 1px solid #e6e7e8;border-left: none;border-right: none;padding: 0cm 0cm 0.53cm 0cm\"><span style=\"color: #000000\">3,7 kg<\/span><\/p>\n<\/td>\n<\/tr>\n<\/tbody>\n<\/table>\n<p><span style=\"color: #000000\"><\/p>\n<p><\/span><\/p>\n","protected":false},"excerpt":{"rendered":"<p>Productos destacados: &nbsp; Tiene capacidad para 2 DSLR profesionales, 4 lentes, computadora port\u00e1til de 17&#8243; Admite una DSLR y una<\/p>\n","protected":false},"featured_media":33237,"comment_status":"closed","ping_status":"open","template":"","meta":{"_acf_changed":false},"product_brand":[2581],"product_cat":[915],"product_tag":[],"class_list":{"0":"post-75036","1":"product","2":"type-product","3":"status-publish","4":"has-post-thumbnail","6":"product_brand-manfrotto-es","7":"product_cat-trolleys-es","9":"first","10":"onbackorder","11":"taxable","12":"shipping-taxable","13":"purchasable","14":"product-type-simple"},"bundled_by":[],"bundle_stock_status":"onbackorder","bundle_stock_quantity":null,"bundle_virtual":false,"bundle_layout":"","bundle_add_to_cart_form_location":"","bundle_editable_in_cart":false,"bundle_sold_individually_context":"","bundle_item_grouping":"","bundle_min_size":"","bundle_max_size":"","bundle_price":[],"bundled_items":[],"bundle_sell_ids":[],"acf":[],"_links":{"self":[{"href":"https:\/\/hi-techwonder.com\/es\/wp-json\/wp\/v2\/product\/75036","targetHints":{"allow":["GET"]}}],"collection":[{"href":"https:\/\/hi-techwonder.com\/es\/wp-json\/wp\/v2\/product"}],"about":[{"href":"https:\/\/hi-techwonder.com\/es\/wp-json\/wp\/v2\/types\/product"}],"replies":[{"embeddable":true,"href":"https:\/\/hi-techwonder.com\/es\/wp-json\/wp\/v2\/comments?post=75036"}],"wp:featuredmedia":[{"embeddable":true,"href":"https:\/\/hi-techwonder.com\/es\/wp-json\/wp\/v2\/media\/33237"}],"wp:attachment":[{"href":"https:\/\/hi-techwonder.com\/es\/wp-json\/wp\/v2\/media?parent=75036"}],"wp:term":[{"taxonomy":"product_brand","embeddable":true,"href":"https:\/\/hi-techwonder.com\/es\/wp-json\/wp\/v2\/product_brand?post=75036"},{"taxonomy":"product_cat","embeddable":true,"href":"https:\/\/hi-techwonder.com\/es\/wp-json\/wp\/v2\/product_cat?post=75036"},{"taxonomy":"product_tag","embeddable":true,"href":"https:\/\/hi-techwonder.com\/es\/wp-json\/wp\/v2\/product_tag?post=75036"}],"curies":[{"name":"wp","href":"https:\/\/api.w.org\/{rel}","templated":true}]}}