{"id":75040,"date":"2025-07-29T00:04:55","date_gmt":"2025-07-29T00:04:55","guid":{"rendered":"https:\/\/fv6qoy3ls0.wpdns.site\/product\/bolsa-con-ruedas-manfrotto-pro-light-reloader-air-50\/"},"modified":"2026-01-31T03:13:39","modified_gmt":"2026-01-31T03:13:39","slug":"manfrotto-bolsa-con-ruedas-manfrotto-pro-light-reloader-air-50","status":"publish","type":"product","link":"https:\/\/hi-techwonder.com\/es\/producto\/manfrotto-bolsa-con-ruedas-manfrotto-pro-light-reloader-air-50\/","title":{"rendered":"Bolsa con ruedas MANFROTTO Pro Light Reloader Air-50"},"content":{"rendered":"<p><span style=\"font-size: small\"><span style=\"color: #000000\">Productos destacados:<\/span><\/span><\/p>\n<p> <span style=\"color: #000000\">&nbsp;<\/span><\/p>\n<ul>\n<li> <span style=\"color: #000000\">Tiene capacidad para 2 DSLR profesionales, 5 lentes, computadora port\u00e1til de 15&#8243;<\/span><\/li>\n<li> <span style=\"color: #000000\">Admite una DSLR y una lente de 70-200 mm acoplada<\/span><\/li>\n<li> <span style=\"color: #000000\">Cierre frontal con cremallera y bisagra<\/span><\/li>\n<li> <span style=\"color: #000000\">Bolsillos externos con cremallera<\/span><\/li>\n<li> <span style=\"color: #000000\">Bolsillos interiores en la tapa con cremallera<\/span><\/li>\n<li> <span style=\"color: #000000\">Divisores acolchados con cierre t\u00e1ctil<\/span><\/li>\n<li> <span style=\"color: #000000\">Asas laterales\/superiores y fijaci\u00f3n para tr\u00edpode<\/span><\/li>\n<li> <span style=\"color: #000000\">2 ruedas de transporte traseras<\/span><\/li>\n<li> <span style=\"color: #000000\">Cierre de cremallera de combinaci\u00f3n TSA integrado<\/span><\/li>\n<li> <span style=\"color: #000000\">Tejido repelente al agua y protector contra la lluvia<\/span><\/li>\n<\/ul>\n<p> <span style=\"color: #000000\">Almacene, transporte y proteja c\u00f3modamente una o dos DSLR profesionales, una lente de 70-200 mm conectada, hasta cuatro lentes adicionales y una computadora port\u00e1til de 15&#8243; en la bolsa con ruedas para c\u00e1mara de mano Pro Light Reloader Air-50 de Manfrotto. La bolsa tiene divisores acolchados internos con cierre t\u00e1ctil y bolsillos externos con cremallera. Los fot\u00f3grafos apreciar\u00e1n las dos bisagras laterales de la tapa con cremallera, lo que permite que la tapa permanezca en posici\u00f3n vertical para acceder al equipo almacenado dentro de los bolsillos de la tapa.  <\/span><\/p>\n<p> <span style=\"color: #000000\">&nbsp;<\/span><\/p>\n<p> <span style=\"color: #000000\">Lleva la bolsa con rollo para c\u00e1mara Pro Light Reloader Air-50 con las asas laterales y superiores, o envu\u00e9lvela alrededor de las dos ruedas de transporte traseras. Estas ruedas son reparables por el usuario y, por seguridad, hay un candado de cremallera de combinaci\u00f3n incorporado aprobado por la TSA. Para protegerse de la intemperie, la bolsa tiene un protector contra la lluvia plegable. Se proporcionan conexiones externas para conectar un tr\u00edpode u otro equipo. La tela interior gris claro facilita la b\u00fasqueda de equipos con poca luz.    <\/span><\/p>\n<p> <span style=\"color: #000000\">&nbsp;<\/span><\/p>\n<ul>\n<li> <span style=\"color: #000000\">Divisores interiores acolchados con cierre t\u00e1ctil<\/span><\/li>\n<li> <span style=\"color: #000000\">Nylon resistente al agua y ripstop<\/span><\/li>\n<li> <span style=\"color: #000000\">Accesorio de tr\u00edpode externo<\/span><\/li>\n<li> <span style=\"color: #000000\">Incluye protector contra la lluvia plegable<\/span><\/li>\n<li> <span style=\"color: #000000\">Esta bolsa cumple con el est\u00e1ndar para ser utilizada como equipaje de mano. (Debido a las restricciones en constante cambio, consulte con su aerol\u00ednea antes de la salida). <\/span><\/li>\n<li> <span style=\"color: #000000\">Un recubrimiento especialmente aplicado a la tela la hace resistente a la humedad<\/span><\/li>\n<li> <span style=\"color: #000000\">Compartimento dedicado para tabletas<\/span><\/li>\n<\/ul>\n<p> <span style=\"color: #000000\">&nbsp;<\/span><\/p>\n<h2><span style=\"color: #000000\"><\/p>\n<p><\/span> <\/h2>\n<table style=\"width: 643px\" border=\"0\" cellspacing=\"0\" cellpadding=\"2\">\n<colgroup>\n<col width=\"204\">\n<col width=\"431\"><\/colgroup>\n<tbody>\n<tr>\n<td width=\"204\">\n<p style=\"border-top: none;border-bottom: 1px solid #e6e7e8;border-left: none;border-right: none;padding: 0cm 0cm 0.53cm 0cm\"> <span style=\"color: #000000\">Opciones de env\u00edo \/ transporte<\/span> <\/p>\n<\/td>\n<td width=\"431\">\n<p style=\"border-top: none;border-bottom: 1px solid #e6e7e8;border-left: none;border-right: none;padding: 0cm 0cm 0.53cm 0cm\"> <span style=\"color: #000000\">Ruedas incorporadas, mango retr\u00e1ctil, mango superior, mango de tr\u00edpode<\/span> <\/p>\n<\/td>\n<\/tr>\n<\/tbody>\n<\/table>\n<table style=\"width: 643px\" border=\"0\" cellspacing=\"0\" cellpadding=\"2\">\n<colgroup>\n<col width=\"326\">\n<col width=\"308\"><\/colgroup>\n<tbody>\n<tr>\n<th colspan=\"2\" width=\"639\">\n<p style=\"border: none;padding: 0cm;font-style: normal;font-weight: normal\"> <span style=\"color: #000000\"><a name=\"241749\"><\/a><span style=\"font-size: x-large\">Revistas<\/span><\/span> <\/p>\n<\/th>\n<\/tr>\n<tr>\n<td width=\"326\">\n<p style=\"border-top: none;border-bottom: 1px solid #e6e7e8;border-left: none;border-right: none;padding: 0cm 0cm 0.53cm 0cm\"> <span style=\"color: #000000\">Tama\u00f1o de la pantalla del compartimento del port\u00e1til<\/span> <\/p>\n<\/td>\n<td width=\"308\">\n<p style=\"border-top: none;border-bottom: 1px solid #e6e7e8;border-left: none;border-right: none;padding: 0cm 0cm 0.53cm 0cm\"> <span style=\"color: #000000\">15,0&#8243;<\/span> <\/p>\n<\/td>\n<\/tr>\n<tr>\n<td width=\"326\">\n<p style=\"border-top: none;border-bottom: 1px solid #e6e7e8;border-left: none;border-right: none;padding: 0cm 0cm 0.53cm 0cm\"> <span style=\"color: #000000\">Dimensiones del compartimento del ordenador port\u00e1til\/tableta<\/span> <\/p>\n<\/td>\n<td width=\"308\">\n<p style=\"border-top: none;border-bottom: 1px solid #e6e7e8;border-left: none;border-right: none;padding: 0cm 0cm 0.53cm 0cm\"> <span style=\"color: #000000\">29,0 x 37,8 x 1,8 cm<\/span> <\/p>\n<\/td>\n<\/tr>\n<\/tbody>\n<\/table>\n<table style=\"width: 643px\" border=\"0\" cellspacing=\"0\" cellpadding=\"2\">\n<colgroup>\n<col width=\"185\">\n<col width=\"450\"><\/colgroup>\n<tbody>\n<tr>\n<th colspan=\"2\" width=\"639\">\n<p style=\"border: none;padding: 0cm;font-style: normal;font-weight: normal\"> <span style=\"color: #000000\"><a name=\"242282\"><\/a><span style=\"font-size: x-large\">Exterior<\/span><\/span> <\/p>\n<\/th>\n<\/tr>\n<tr>\n<td width=\"185\">\n<p style=\"border-top: none;border-bottom: 1px solid #e6e7e8;border-left: none;border-right: none;padding: 0cm 0cm 0.53cm 0cm\"> <span style=\"color: #000000\">Dimensiones externas<\/span> <\/p>\n<\/td>\n<td width=\"450\">\n<p style=\"border-top: none;border-bottom: 1px solid #e6e7e8;border-left: none;border-right: none;padding: 0cm 0cm 0.53cm 0cm\"> <span style=\"color: #000000\">35,51 x 49,99 x 19,99 cm<\/span> <\/p>\n<\/td>\n<\/tr>\n<tr>\n<td width=\"185\">\n<p style=\"border-top: none;border-bottom: 1px solid #e6e7e8;border-left: none;border-right: none;padding: 0cm 0cm 0.53cm 0cm\"> <span style=\"color: #000000\">Material externo<\/span> <\/p>\n<\/td>\n<td width=\"450\">\n<p style=\"border-top: none;border-bottom: 1px solid #e6e7e8;border-left: none;border-right: none;padding: 0cm 0cm 0.53cm 0cm\"> <span style=\"color: #000000\">Tela, Nylon<\/span> <\/p>\n<\/td>\n<\/tr>\n<tr>\n<td width=\"185\">\n<p style=\"border-top: none;border-bottom: 1px solid #e6e7e8;border-left: none;border-right: none;padding: 0cm 0cm 0.53cm 0cm\"> <span style=\"color: #000000\">Tipo de cierre<\/span> <\/p>\n<\/td>\n<td width=\"450\">\n<p style=\"border-top: none;border-bottom: 1px solid #e6e7e8;border-left: none;border-right: none;padding: 0cm 0cm 0.53cm 0cm\"> <span style=\"color: #000000\">Cerradura TSA Safe Skies, Cremallera<\/span> <\/p>\n<\/td>\n<\/tr>\n<\/tbody>\n<\/table>\n<table style=\"width: 543px\" border=\"0\" cellspacing=\"0\" cellpadding=\"2\">\n<colgroup>\n<col width=\"180\">\n<col width=\"354\"><\/colgroup>\n<tbody>\n<tr>\n<th colspan=\"2\" width=\"539\">\n<p style=\"border: none;padding: 0cm;font-style: normal;font-weight: normal\"> <span style=\"color: #000000\"><a name=\"242283\"><\/a><span style=\"font-size: x-large\">Interior<\/span><\/span> <\/p>\n<\/th>\n<\/tr>\n<tr>\n<td width=\"180\">\n<p style=\"border-top: none;border-bottom: 1px solid #e6e7e8;border-left: none;border-right: none;padding: 0cm 0cm 0.53cm 0cm\"> <span style=\"color: #000000\">Dimensiones interiores<\/span> <\/p>\n<\/td>\n<td width=\"354\">\n<p style=\"border-top: none;border-bottom: 1px solid #e6e7e8;border-left: none;border-right: none;padding: 0cm 0cm 0.53cm 0cm\"> <span style=\"color: #000000\">30x43x16cm<\/span> <\/p>\n<\/td>\n<\/tr>\n<\/tbody>\n<\/table>\n<table style=\"width: 232px\" border=\"0\" cellspacing=\"0\" cellpadding=\"2\">\n<colgroup>\n<col width=\"67\">\n<col width=\"157\"><\/colgroup>\n<tbody>\n<tr>\n<th colspan=\"2\" width=\"228\">\n<p style=\"border: none;padding: 0cm;font-style: normal;font-weight: normal\"> <span style=\"color: #000000\"><a name=\"8008\"><\/a><span style=\"font-size: x-large\">Generalmente<\/span><\/span> <\/p>\n<\/th>\n<\/tr>\n<tr>\n<td width=\"67\">\n<p style=\"border-top: none;border-bottom: 1px solid #e6e7e8;border-left: none;border-right: none;padding: 0cm 0cm 0.53cm 0cm\"> <span style=\"color: #000000\">Peso<\/span> <\/p>\n<\/td>\n<td width=\"157\">\n<p style=\"border-top: none;border-bottom: 1px solid #e6e7e8;border-left: none;border-right: none;padding: 0cm 0cm 0.53cm 0cm\"> <span style=\"color: #000000\">3,2 kg<\/span> <\/p>\n<\/td>\n<\/tr>\n<\/tbody>\n<\/table>\n","protected":false},"excerpt":{"rendered":"<p>Productos destacados: &nbsp; Tiene capacidad para 2 DSLR profesionales, 5 lentes, computadora port\u00e1til de 15&#8243; Admite una DSLR y una<\/p>\n","protected":false},"featured_media":33159,"comment_status":"closed","ping_status":"open","template":"","meta":{"_acf_changed":false},"product_brand":[2581],"product_cat":[915],"product_tag":[],"class_list":{"0":"post-75040","1":"product","2":"type-product","3":"status-publish","4":"has-post-thumbnail","6":"product_brand-manfrotto-es","7":"product_cat-trolleys-es","9":"first","10":"onbackorder","11":"taxable","12":"shipping-taxable","13":"purchasable","14":"product-type-simple"},"bundled_by":[],"bundle_stock_status":"onbackorder","bundle_stock_quantity":null,"bundle_virtual":false,"bundle_layout":"","bundle_add_to_cart_form_location":"","bundle_editable_in_cart":false,"bundle_sold_individually_context":"","bundle_item_grouping":"","bundle_min_size":"","bundle_max_size":"","bundle_price":[],"bundled_items":[],"bundle_sell_ids":[],"acf":[],"_links":{"self":[{"href":"https:\/\/hi-techwonder.com\/es\/wp-json\/wp\/v2\/product\/75040","targetHints":{"allow":["GET"]}}],"collection":[{"href":"https:\/\/hi-techwonder.com\/es\/wp-json\/wp\/v2\/product"}],"about":[{"href":"https:\/\/hi-techwonder.com\/es\/wp-json\/wp\/v2\/types\/product"}],"replies":[{"embeddable":true,"href":"https:\/\/hi-techwonder.com\/es\/wp-json\/wp\/v2\/comments?post=75040"}],"wp:featuredmedia":[{"embeddable":true,"href":"https:\/\/hi-techwonder.com\/es\/wp-json\/wp\/v2\/media\/33159"}],"wp:attachment":[{"href":"https:\/\/hi-techwonder.com\/es\/wp-json\/wp\/v2\/media?parent=75040"}],"wp:term":[{"taxonomy":"product_brand","embeddable":true,"href":"https:\/\/hi-techwonder.com\/es\/wp-json\/wp\/v2\/product_brand?post=75040"},{"taxonomy":"product_cat","embeddable":true,"href":"https:\/\/hi-techwonder.com\/es\/wp-json\/wp\/v2\/product_cat?post=75040"},{"taxonomy":"product_tag","embeddable":true,"href":"https:\/\/hi-techwonder.com\/es\/wp-json\/wp\/v2\/product_tag?post=75040"}],"curies":[{"name":"wp","href":"https:\/\/api.w.org\/{rel}","templated":true}]}}