{"id":75042,"date":"2025-07-29T00:10:41","date_gmt":"2025-07-29T00:10:41","guid":{"rendered":"https:\/\/fv6qoy3ls0.wpdns.site\/product\/mantona-azurit\/"},"modified":"2025-12-23T14:56:52","modified_gmt":"2025-12-23T14:56:52","slug":"mantona-azurit","status":"publish","type":"product","link":"https:\/\/hi-techwonder.com\/es\/producto\/mantona-azurit\/","title":{"rendered":"Mantona Azurit"},"content":{"rendered":"<p>Mochila con espacio para acomodar una c\u00e1mara DSLR, hasta 5 lentes, un flash compacto y muchos otros accesorios.<br \/>Interior ajustable seg\u00fan tus necesidades. Ideal para transportar su material de forma segura. Cuenta con un bolsillo frontal para guardar peque\u00f1os accesorios, as\u00ed como un f\u00e1cil acceso a tu equipo.  <\/p>\n<p><strong>Caracter\u00edsticas t\u00e9cnicas:<\/strong><\/p>\n<ul>\n<li>Dimensiones interiores &#8211; 35x26x11cm<\/li>\n<li>Dimensiones exteriores &#8211; 39x30x17cm<\/li>\n<li>Color &#8211; Negro<\/li>\n<li>Material &#8211; Poli\u00e9ster<\/li>\n<\/ul>\n","protected":false},"excerpt":{"rendered":"<p>Mochila con espacio para acomodar una c\u00e1mara DSLR, hasta 5 lentes, un flash compacto y muchos otros accesorios.Interior ajustable seg\u00fan<\/p>\n","protected":false},"featured_media":35004,"comment_status":"closed","ping_status":"open","template":"","meta":{"_acf_changed":false},"product_brand":[2649],"product_cat":[907],"product_tag":[],"class_list":{"0":"post-75042","1":"product","2":"type-product","3":"status-publish","4":"has-post-thumbnail","6":"product_brand-mantona-es","7":"product_cat-mochilas-es","9":"first","10":"instock","11":"taxable","12":"shipping-taxable","13":"purchasable","14":"product-type-simple"},"bundled_by":[],"bundle_stock_status":"instock","bundle_stock_quantity":1,"bundle_virtual":false,"bundle_layout":"","bundle_add_to_cart_form_location":"","bundle_editable_in_cart":false,"bundle_sold_individually_context":"","bundle_item_grouping":"","bundle_min_size":"","bundle_max_size":"","bundle_price":[],"bundled_items":[],"bundle_sell_ids":[],"acf":[],"_links":{"self":[{"href":"https:\/\/hi-techwonder.com\/es\/wp-json\/wp\/v2\/product\/75042","targetHints":{"allow":["GET"]}}],"collection":[{"href":"https:\/\/hi-techwonder.com\/es\/wp-json\/wp\/v2\/product"}],"about":[{"href":"https:\/\/hi-techwonder.com\/es\/wp-json\/wp\/v2\/types\/product"}],"replies":[{"embeddable":true,"href":"https:\/\/hi-techwonder.com\/es\/wp-json\/wp\/v2\/comments?post=75042"}],"wp:featuredmedia":[{"embeddable":true,"href":"https:\/\/hi-techwonder.com\/es\/wp-json\/wp\/v2\/media\/35004"}],"wp:attachment":[{"href":"https:\/\/hi-techwonder.com\/es\/wp-json\/wp\/v2\/media?parent=75042"}],"wp:term":[{"taxonomy":"product_brand","embeddable":true,"href":"https:\/\/hi-techwonder.com\/es\/wp-json\/wp\/v2\/product_brand?post=75042"},{"taxonomy":"product_cat","embeddable":true,"href":"https:\/\/hi-techwonder.com\/es\/wp-json\/wp\/v2\/product_cat?post=75042"},{"taxonomy":"product_tag","embeddable":true,"href":"https:\/\/hi-techwonder.com\/es\/wp-json\/wp\/v2\/product_tag?post=75042"}],"curies":[{"name":"wp","href":"https:\/\/api.w.org\/{rel}","templated":true}]}}