{"id":75043,"date":"2025-07-28T23:42:07","date_gmt":"2025-07-28T23:42:07","guid":{"rendered":"https:\/\/fv6qoy3ls0.wpdns.site\/product\/tripode-manfrotto-5002bl-nano-plus\/"},"modified":"2026-04-20T18:17:08","modified_gmt":"2026-04-20T17:17:08","slug":"manfrotto-tripode-manfrotto-5002bl-nano-plus","status":"publish","type":"product","link":"https:\/\/hi-techwonder.com\/es\/producto\/manfrotto-tripode-manfrotto-5002bl-nano-plus\/","title":{"rendered":"Tr\u00edpode MANFROTTO 5002BL Nano Plus"},"content":{"rendered":"<p><strong>Tr\u00edpode MANFROTTO 5002BL Nano Plus<\/strong><\/p>\n<p><strong>Caracter\u00edsticas principales:<\/strong><\/p>\n<ul>\n<li>Capacidad de carga: 4 kg \/ 8,8 lb.<\/li>\n<li>F\u00e1cilmente transportable.<\/li>\n<li>Tama\u00f1o compacto: 52 cm de largo cuando est\u00e1 plegado, cinco secciones.<\/li>\n<li>Con pata niveladora para una alta estabilidad.<\/li>\n<li>Tija de sill\u00edn de 5\/8&#8221;, cable macho de 3\/8&#8221; y adaptador desmontable de 1\/4&#8221;.<\/li>\n<li>Altura m\u00e1xima de trabajo: 77,5&#8243; \/ 196,8 cm<\/li>\n<li>Altura m\u00ednima de trabajo: 20,5&#8243; \/ 52,1 cm<\/li>\n<li>Material: Aluminio.<\/li>\n<li>Peso: 2,98 lb \/ 1,35 kg<\/li>\n<\/ul>\n<p>El Nano Plus de Manfrotto es el soporte Nano m\u00e1s fuerte de Manfrotto, hecho a medida para fot\u00f3grafos, vide\u00f3grafos y creadores de contenido que buscan formas de reducir el tama\u00f1o de su equipo y viajar con menos peso.<\/p>\n<p>Con una carga de extensi\u00f3n m\u00e1xima de 4 kg, el Nano Plus puede soportar f\u00e1cilmente los \u00faltimos equipos de iluminaci\u00f3n port\u00e1tiles. Por ejemplo, puede admitir un flash LED o una linterna, incluso cuando se usa con una herramienta de modificaci\u00f3n de luz, lo que le permite concentrarse en la creatividad. <\/p>\n<p>Cuando est\u00e1 plegado, el soporte Nano Plus mide 52 cm de largo, un tama\u00f1o ideal para aquellos que quieren viajar ligeros o est\u00e1n limitados por el espacio. Su dise\u00f1o compacto le permite llevar un soporte de luz estable y seguro a donde quiera que vaya. Incluso cabe en el bolsillo lateral del tr\u00edpode de la mayor\u00eda de las bolsas de fotos. Para que puedas viajar con tu equipo sin comprometer tus necesidades de luz.   <\/p>\n<p>El soporte de luz Nano Plus est\u00e1 equipado con una pata niveladora que le permite mantener un soporte vertical estable incluso en superficies irregulares (suelo pavimentado, camino rocoso, etc.). Este vers\u00e1til soporte de luz se beneficia de diferentes opciones de montaje: una espiga de 5\/8&#8221; con rosca macho de 3\/8&#8221; y un adaptador extra\u00edble con rosca macho de 1\/4&#8221; para colocar numerosas herramientas de iluminaci\u00f3n en el soporte. Otra gran ventaja de este portal\u00e1mparas es su extensi\u00f3n m\u00e1xima de 197 cm, que permite colocar herramientas de iluminaci\u00f3n de forma que proporcione una iluminaci\u00f3n din\u00e1mica y creativa.  <\/p>\n","protected":false},"excerpt":{"rendered":"<p>Tr\u00edpode MANFROTTO 5002BL Nano Plus Caracter\u00edsticas principales: Capacidad de carga: 4 kg \/ 8,8 lb. F\u00e1cilmente transportable. Tama\u00f1o compacto: 52<\/p>\n","protected":false},"featured_media":26413,"comment_status":"closed","ping_status":"open","template":"","meta":{"_acf_changed":false},"product_brand":[2581],"product_cat":[971],"product_tag":[],"class_list":{"0":"post-75043","1":"product","2":"type-product","3":"status-publish","4":"has-post-thumbnail","6":"product_brand-manfrotto-es","7":"product_cat-pies-foco","9":"first","10":"onbackorder","11":"taxable","12":"shipping-taxable","13":"purchasable","14":"product-type-simple"},"bundled_by":[],"bundle_stock_status":"onbackorder","bundle_stock_quantity":null,"bundle_virtual":false,"bundle_layout":"","bundle_add_to_cart_form_location":"","bundle_editable_in_cart":false,"bundle_sold_individually_context":"","bundle_item_grouping":"","bundle_min_size":"","bundle_max_size":"","bundle_price":[],"bundled_items":[],"bundle_sell_ids":[],"acf":[],"_links":{"self":[{"href":"https:\/\/hi-techwonder.com\/es\/wp-json\/wp\/v2\/product\/75043","targetHints":{"allow":["GET"]}}],"collection":[{"href":"https:\/\/hi-techwonder.com\/es\/wp-json\/wp\/v2\/product"}],"about":[{"href":"https:\/\/hi-techwonder.com\/es\/wp-json\/wp\/v2\/types\/product"}],"replies":[{"embeddable":true,"href":"https:\/\/hi-techwonder.com\/es\/wp-json\/wp\/v2\/comments?post=75043"}],"wp:featuredmedia":[{"embeddable":true,"href":"https:\/\/hi-techwonder.com\/es\/wp-json\/wp\/v2\/media\/26413"}],"wp:attachment":[{"href":"https:\/\/hi-techwonder.com\/es\/wp-json\/wp\/v2\/media?parent=75043"}],"wp:term":[{"taxonomy":"product_brand","embeddable":true,"href":"https:\/\/hi-techwonder.com\/es\/wp-json\/wp\/v2\/product_brand?post=75043"},{"taxonomy":"product_cat","embeddable":true,"href":"https:\/\/hi-techwonder.com\/es\/wp-json\/wp\/v2\/product_cat?post=75043"},{"taxonomy":"product_tag","embeddable":true,"href":"https:\/\/hi-techwonder.com\/es\/wp-json\/wp\/v2\/product_tag?post=75043"}],"curies":[{"name":"wp","href":"https:\/\/api.w.org\/{rel}","templated":true}]}}