{"id":75050,"date":"2025-07-29T00:05:08","date_gmt":"2025-07-29T00:05:08","guid":{"rendered":"https:\/\/fv6qoy3ls0.wpdns.site\/product\/manfrotto-pro-organizador-de-ruedas-ligero-lw-99-v2\/"},"modified":"2025-09-04T07:52:34","modified_gmt":"2025-09-04T07:52:34","slug":"manfrotto-pro-organizador-de-ruedas-ligero-lw-99-v2","status":"publish","type":"product","link":"https:\/\/hi-techwonder.com\/es\/producto\/manfrotto-pro-organizador-de-ruedas-ligero-lw-99-v2\/","title":{"rendered":"MANFROTTO Pro Organizador de ruedas ligero LW-99 V2"},"content":{"rendered":"<p><strong>Manfrotto MB PL-LW-99-2<br \/> Organizador de Equipo de Iluminaci\u00f3n Rodante Manfrotto Pro Light V2<\/strong><br \/> <strong><br \/>Productos destacados<\/strong><\/p>\n<ul>\n<li>  Estuche rodante para luminarias, soportes<\/li>\n<li>  Puede contener 8 accesorios o 4 soportes<\/li>\n<li>  6 x Divisores t\u00e1ctiles no abrasivos<\/li>\n<li>  2 x Bolsillos organizadores interiores<\/li>\n<li>  Bolsillo exterior con cremallera<\/li>\n<li>  Parachoques externos para protecci\u00f3n contra impactos<\/li>\n<li>  Parachoques de esquina, laterales y traseros<\/li>\n<li>  Asas superior, lateral e inferior<\/li>\n<li>  Ruedas incorporadas de perfil bajo<\/li>\n<li>  Cierre de cremallera<\/li>\n<\/ul>\n<p><strong>En la caja<\/strong><\/p>\n<ul>\n<li>  Organizador de Equipo de Iluminaci\u00f3n Rodante Manfrotto Pro Light V2<\/li>\n<li>  6 x Divisores<\/li>\n<\/ul>\n<p>El <strong>Pro Light Rolling Lighting Gear Organizer V2<\/strong> de <strong>Manfrotto<\/strong> es un estuche rodante para un kit de iluminaci\u00f3n o luminarias variadas, soportes y accesorios. Su compartimento principal de 108x40x24cm y seis divisores ajustables pueden acomodar ocho accesorios o cuatro accesorios y dos soportes. A lo largo del interior de la tapa del compartimento principal, dos bolsillos organizativos brindan espacio para cables, reflectores o suministros de gaffer. Un bolsillo externo a lo largo de la parte delantera de este estuche con ruedas proporciona espacio de almacenamiento adicional, y sus ruedas cuentan con un dise\u00f1o incorporado que los protege de impactos en escaleras mec\u00e1nicas y bordillos.   <\/p>\n<p>  Con la tapa del compartimento principal cerrada con cremallera, el Pro Light Rolling Lighting Gear Organizer V2 se puede colocar en posici\u00f3n vertical y mide 114 cm de alto, 45 cm de ancho y 30 cm de profundidad a lo largo de su exterior. Se incluyen tres asas para mayor flexibilidad al transportar o mover esta caja rodante; un asa superior, un asa lateral y un asa inferior facilitan la recogida y colocaci\u00f3n del organizador de equipo de iluminaci\u00f3n rodante Pro Light V2 en el maletero de tu coche o en una superficie elevada. <\/p>\n<p>  Los parachoques se distribuyen entre las esquinas, los lados y la parte trasera de esta caja rodante para protecci\u00f3n contra impactos. Junto con las ruedas, el asa inferior tambi\u00e9n sirve para elevar la parte inferior del Pro Light Rolling Lighting Gear Organizer V2. Del mismo modo, los parachoques a lo largo del panel trasero ofrecen protecci\u00f3n contra superficies h\u00famedas y abrasivas cuando la tapa est\u00e1 hacia arriba mientras se accede al compartimento principal.  <\/p>\n<ul>\n<li>  Estuche rodante para un kit de iluminaci\u00f3n o una variedad de luminarias, soportes y accesorios<\/li>\n<li>  El compartimento principal de 108x40x24cm y seis divisores ajustables pueden contener ocho accesorios o cuatro accesorios y dos soportes<\/li>\n<li>  Dos bolsillos organizativos a lo largo del interior de la tapa del compartimento principal brindan espacio para cables, reflectores o suministros de gaffer<\/li>\n<li>  El bolsillo externo frontal ofrece espacio de almacenamiento adicional<\/li>\n<li>  Las ruedas incorporadas son resistentes a los impactos de las escaleras mec\u00e1nicas y los bordillos<\/li>\n<li>  Asa superior, asa lateral y asa inferior<\/li>\n<li>  Parachoques de esquina, laterales y traseros para protecci\u00f3n contra impactos<\/li>\n<li>  El asa inferior y las ruedas elevan la parte inferior de la caja rodante cuando se colocan en posici\u00f3n vertical, ofreciendo protecci\u00f3n contra superficies h\u00famedas y abrasivas<\/li>\n<li>  Los parachoques traseros elevan la caja con ruedas cuando la tapa est\u00e1 hacia arriba mientras se accede al compartimento principal, lo que ofrece protecci\u00f3n contra superficies h\u00famedas y abrasivas<\/li>\n<li>  Las correas internas se conectan desde la tapa hasta el compartimento principal mediante hebillas de liberaci\u00f3n lateral para formar dos bisagras<\/li>\n<li>  Las bisagras evitan que la tapa se abra en un \u00e1ngulo superior a 90\u00b0, evitando que se caigan los art\u00edculos colocados en los bolsillos interiores a lo largo de la tapa  <\/li>\n<\/ul>\n<div>&nbsp;<\/div>\n<div>\n<h2>  Especificaciones Manfrotto MB PL-LW-99-2<\/h2>\n<table style=\"width: 357px;\" border=\"0\" cellspacing=\"0\" cellpadding=\"2\">\n<colgroup>\n<col width=\"221\"><\/colgroup>\n<colgroup>\n<col width=\"127\"><\/colgroup>\n<tbody>\n<tr>\n<th colspan=\"2\" width=\"353\">\n<p> <a name=\"242283\"><\/a>Interior<\/p>\n<\/th>\n<\/tr>\n<tr>\n<td width=\"221\">\n<p>  Dimensiones interiores<\/p>\n<\/td>\n<td width=\"127\">\n<p>  108 x 40 x 24 cm<\/p>\n<\/td>\n<\/tr>\n<\/tbody>\n<\/table>\n<table style=\"width: 357px;\" border=\"0\" cellspacing=\"0\" cellpadding=\"2\">\n<colgroup>\n<col width=\"221\"><\/colgroup>\n<colgroup>\n<col width=\"127\"><\/colgroup>\n<tbody>\n<tr>\n<th colspan=\"2\" width=\"353\">\n<p> <a name=\"242282\"><\/a>Exterior<\/p>\n<\/th>\n<\/tr>\n<tr>\n<td width=\"221\">\n<p>  Tipo de cierre<\/p>\n<\/td>\n<td width=\"127\">\n<p>  Cremallera<\/p>\n<\/td>\n<\/tr>\n<tr>\n<td width=\"221\">\n<p>  Transporte y opciones de transporte<\/p>\n<\/td>\n<td width=\"127\">\n<p> <strong>3 x<\/strong> Asas<\/p>\n<\/td>\n<\/tr>\n<tr>\n<td width=\"221\">\n<p>  Material de construcci\u00f3n<\/p>\n<\/td>\n<td width=\"127\">\n<p>  Nylon, Poli\u00e9ster<\/p>\n<\/td>\n<\/tr>\n<tr>\n<td width=\"221\">\n<p>  Dimensiones externas (ancho x alto x profundidad)<\/p>\n<\/td>\n<td width=\"127\">\n<p>  114 x 45 x 30 cm<\/p>\n<\/td>\n<\/tr>\n<tr>\n<td width=\"221\">\n<p>  Peso<\/p>\n<\/td>\n<td width=\"127\">\n<p>  6,8 kg<\/p>\n<\/td>\n<\/tr>\n<\/tbody>\n<\/table><\/div>\n","protected":false},"excerpt":{"rendered":"<p>Manfrotto MB PL-LW-99-2 Organizador de Equipo de Iluminaci\u00f3n Rodante Manfrotto Pro Light V2 Productos destacados Estuche rodante para luminarias, soportes<\/p>\n","protected":false},"featured_media":33291,"comment_status":"closed","ping_status":"open","template":"","meta":{"_acf_changed":false},"product_brand":[2581],"product_cat":[915],"product_tag":[],"class_list":{"0":"post-75050","1":"product","2":"type-product","3":"status-publish","4":"has-post-thumbnail","6":"product_brand-manfrotto-es","7":"product_cat-trolleys-es","9":"first","10":"onbackorder","11":"taxable","12":"shipping-taxable","13":"purchasable","14":"product-type-simple"},"bundled_by":[],"bundle_stock_status":"onbackorder","bundle_stock_quantity":null,"bundle_virtual":false,"bundle_layout":"","bundle_add_to_cart_form_location":"","bundle_editable_in_cart":false,"bundle_sold_individually_context":"","bundle_item_grouping":"","bundle_min_size":"","bundle_max_size":"","bundle_price":[],"bundled_items":[],"bundle_sell_ids":[],"acf":[],"_links":{"self":[{"href":"https:\/\/hi-techwonder.com\/es\/wp-json\/wp\/v2\/product\/75050","targetHints":{"allow":["GET"]}}],"collection":[{"href":"https:\/\/hi-techwonder.com\/es\/wp-json\/wp\/v2\/product"}],"about":[{"href":"https:\/\/hi-techwonder.com\/es\/wp-json\/wp\/v2\/types\/product"}],"replies":[{"embeddable":true,"href":"https:\/\/hi-techwonder.com\/es\/wp-json\/wp\/v2\/comments?post=75050"}],"wp:featuredmedia":[{"embeddable":true,"href":"https:\/\/hi-techwonder.com\/es\/wp-json\/wp\/v2\/media\/33291"}],"wp:attachment":[{"href":"https:\/\/hi-techwonder.com\/es\/wp-json\/wp\/v2\/media?parent=75050"}],"wp:term":[{"taxonomy":"product_brand","embeddable":true,"href":"https:\/\/hi-techwonder.com\/es\/wp-json\/wp\/v2\/product_brand?post=75050"},{"taxonomy":"product_cat","embeddable":true,"href":"https:\/\/hi-techwonder.com\/es\/wp-json\/wp\/v2\/product_cat?post=75050"},{"taxonomy":"product_tag","embeddable":true,"href":"https:\/\/hi-techwonder.com\/es\/wp-json\/wp\/v2\/product_tag?post=75050"}],"curies":[{"name":"wp","href":"https:\/\/api.w.org\/{rel}","templated":true}]}}