{"id":75051,"date":"2025-07-28T23:41:57","date_gmt":"2025-07-28T23:41:57","guid":{"rendered":"https:\/\/fv6qoy3ls0.wpdns.site\/product\/tripode-de-estudio-manfrotto-1004bac-con-amortiguacion-de-aire-124-366cm\/"},"modified":"2026-01-31T03:37:28","modified_gmt":"2026-01-31T03:37:28","slug":"manfrotto-tripode-de-estudio-manfrotto-1004bac-con-amortiguacion-de-aire-124-366cm","status":"publish","type":"product","link":"https:\/\/hi-techwonder.com\/es\/producto\/manfrotto-tripode-de-estudio-manfrotto-1004bac-con-amortiguacion-de-aire-124-366cm\/","title":{"rendered":"Tr\u00edpode de estudio MANFROTTO 1004BAC con amortiguaci\u00f3n de aire &#8211; 124-366cm"},"content":{"rendered":"<p><strong>Tr\u00edpode de estudio MANFROTTO 1004BAC con amortiguaci\u00f3n de aire &#8211; 124-366cm<\/strong><\/p>\n<p style=\"text-align: justify\"><strong><span style=\"font-size: 14.4px\">Funciones:<\/span><\/strong><\/p>\n<ul>\n<li style=\"text-align: justify\"><span style=\"font-size: 14.4px\">Sistema neum\u00e1tico para la protecci\u00f3n de equipos<\/span><\/li>\n<li style=\"text-align: justify\"><span style=\"font-size: 14.4px\">Sistema de montaje en tr\u00edpodes iguales para facilitar el transporte<\/span><\/li>\n<li style=\"text-align: justify\"><span style=\"font-size: 14.4px\">Compacto con 4 secciones y soporta hasta 9Kg<\/span><\/li>\n<li style=\"text-align: justify\"><span style=\"font-size: 14.4px\">Tija de sill\u00edn roscada<\/span><\/li>\n<li style=\"text-align: justify\"><span style=\"font-size: 14.4px\">Gran di\u00e1metro de las patas abiertas para mejorar la estabilidad<\/span><\/li>\n<\/ul>\n<p style=\"text-align: justify\"><strong><span style=\"font-size: 14.4px\">Caracter\u00edsticas t\u00e9cnicas:<\/span><\/strong><\/p>\n<table style=\"width: 434px;color: #4b4b4b;font-family: 'Open Sans', sans-serif;font-size: 14.4px;text-align: justify\" border=\"0\" width=\"641\" cellspacing=\"0\" cellpadding=\"2\" bgcolor=\"#ffffff\">\n<colgroup>\n<col style=\"width: 243px\" width=\"298\">\n<col style=\"width: 190px\" width=\"335\"><\/colgroup>\n<tbody>\n<tr>\n<td width=\"298\"><span style=\"font-size: 11pt\">Altura m\u00e1xima:<\/span><\/td>\n<td width=\"335\">366 cm<\/td>\n<\/tr>\n<tr>\n<td width=\"298\"><span style=\"font-size: 11pt\">Altura m\u00ednima:<\/span><\/td>\n<td width=\"335\">124 cm<\/td>\n<\/tr>\n<tr>\n<td width=\"298\"><span style=\"font-size: 11pt\">Longitud colapsada:<\/span><\/td>\n<td width=\"335\">107 cm<\/td>\n<\/tr>\n<tr>\n<td width=\"298\"><span style=\"font-size: 11pt\">Secciones:<\/span><\/td>\n<td width=\"335\"><span style=\"font-size: 11pt\"> 4<\/span><\/td>\n<\/tr>\n<tr>\n<td width=\"298\"><span style=\"font-size: 11pt\">Material:<\/span><\/td>\n<td width=\"335\"><span style=\"font-size: 11pt\">Aluminio<\/span><\/td>\n<\/tr>\n<tr>\n<td width=\"298\"><span style=\"font-size: 11pt\">Carga m\u00e1xima:<\/span><\/td>\n<td width=\"335\"><span style=\"font-size: 11pt\">9 kg<\/span><\/td>\n<\/tr>\n<tr>\n<td width=\"298\"><span style=\"font-size: 11pt\">Peso:<\/span><\/td>\n<td width=\"335\"><span style=\"font-size: 11pt\">3 kg<\/span><\/td>\n<\/tr>\n<\/tbody>\n<\/table>\n","protected":false},"excerpt":{"rendered":"<p>Tr\u00edpode de estudio MANFROTTO 1004BAC con amortiguaci\u00f3n de aire &#8211; 124-366cm Funciones: Sistema neum\u00e1tico para la protecci\u00f3n de equipos Sistema<\/p>\n","protected":false},"featured_media":26376,"comment_status":"closed","ping_status":"open","template":"","meta":{"_acf_changed":false},"product_brand":[2581],"product_cat":[971],"product_tag":[],"class_list":{"0":"post-75051","1":"product","2":"type-product","3":"status-publish","4":"has-post-thumbnail","6":"product_brand-manfrotto-es","7":"product_cat-pies-foco","9":"first","10":"onbackorder","11":"taxable","12":"shipping-taxable","13":"purchasable","14":"product-type-simple"},"bundled_by":[],"bundle_stock_status":"onbackorder","bundle_stock_quantity":null,"bundle_virtual":false,"bundle_layout":"","bundle_add_to_cart_form_location":"","bundle_editable_in_cart":false,"bundle_sold_individually_context":"","bundle_item_grouping":"","bundle_min_size":"","bundle_max_size":"","bundle_price":[],"bundled_items":[],"bundle_sell_ids":[],"acf":[],"_links":{"self":[{"href":"https:\/\/hi-techwonder.com\/es\/wp-json\/wp\/v2\/product\/75051","targetHints":{"allow":["GET"]}}],"collection":[{"href":"https:\/\/hi-techwonder.com\/es\/wp-json\/wp\/v2\/product"}],"about":[{"href":"https:\/\/hi-techwonder.com\/es\/wp-json\/wp\/v2\/types\/product"}],"replies":[{"embeddable":true,"href":"https:\/\/hi-techwonder.com\/es\/wp-json\/wp\/v2\/comments?post=75051"}],"wp:featuredmedia":[{"embeddable":true,"href":"https:\/\/hi-techwonder.com\/es\/wp-json\/wp\/v2\/media\/26376"}],"wp:attachment":[{"href":"https:\/\/hi-techwonder.com\/es\/wp-json\/wp\/v2\/media?parent=75051"}],"wp:term":[{"taxonomy":"product_brand","embeddable":true,"href":"https:\/\/hi-techwonder.com\/es\/wp-json\/wp\/v2\/product_brand?post=75051"},{"taxonomy":"product_cat","embeddable":true,"href":"https:\/\/hi-techwonder.com\/es\/wp-json\/wp\/v2\/product_cat?post=75051"},{"taxonomy":"product_tag","embeddable":true,"href":"https:\/\/hi-techwonder.com\/es\/wp-json\/wp\/v2\/product_tag?post=75051"}],"curies":[{"name":"wp","href":"https:\/\/api.w.org\/{rel}","templated":true}]}}