{"id":75052,"date":"2025-07-29T00:10:41","date_gmt":"2025-07-29T00:10:41","guid":{"rendered":"https:\/\/fv6qoy3ls0.wpdns.site\/product\/circuito-de-mantona\/"},"modified":"2026-03-26T17:48:03","modified_gmt":"2026-03-26T17:48:03","slug":"mantona-circuito-de-mantona","status":"publish","type":"product","link":"https:\/\/hi-techwonder.com\/es\/producto\/mantona-circuito-de-mantona\/","title":{"rendered":"Circuito de Mantona"},"content":{"rendered":"<p><span style=\"font-family: verdana,geneva\"><span id=\"ctl00_lblDescriptionLong\">Mantona Loop es una innovadora mochila bandolera dise\u00f1ada individualmente para un acceso r\u00e1pido con un simple tir\u00f3n. Tienes tu c\u00e1mara lista para disparar sin quit\u00e1rtela. Simplemente tire de la bolsa hacia adelante y tendr\u00e1 su equipo listo para usar. Dos clips adicionales tambi\u00e9n aseguran que su equipo no se caiga de la bolsa. Puedes abrir la bolsa de par en par si quieres sacarla. El compartimento superior es perfecto si desea llevar otras pertenencias como una billetera o un tel\u00e9fono celular, y los divisores en el compartimento de la c\u00e1mara le permiten ajustar el espacio a sus necesidades. La cubierta para la lluvia y el acolchado estable protegen su contenido de la lluvia y otros impactos.      <br \/>  El bolsillo frontal ofrece espacio para cargador y tarjetas SD y otros dispositivos m\u00e1s peque\u00f1os.<br \/>  La correa acolchada para el hombro y el cintur\u00f3n de cadera ofrecen una gran comodidad de uso con su acolchado Airmesh (transpirable, de secado r\u00e1pido).<\/span><\/span><\/p>\n<p> <span style=\"font-family: verdana,geneva\"><strong>Caracter\u00edsticas del producto:<\/strong><br \/><\/span><\/p>\n<ul>\n<li> <span style=\"font-family: verdana,geneva\">Mochila fotogr\u00e1fica para DSLR<\/span><\/li>\n<li> <span style=\"font-family: verdana,geneva\">Acceso r\u00e1pido: del modo de transporte al modo listo con un tir\u00f3n<\/span><\/li>\n<li> <span style=\"font-family: verdana,geneva\">Espacioso y f\u00e1cil de transportar<\/span><\/li>\n<li> <span style=\"font-family: verdana,geneva\">con funda para la lluvia<\/span><\/li>\n<li> <span style=\"font-family: verdana,geneva\">divisores flexibles y espacio adicional para pertenencias como billetera o tel\u00e9fono celular; para accesorios avanzados para acomodar m\u00faltiples lentes u otros equipos<\/span><\/li>\n<\/ul>\n<p> <span style=\"font-family: verdana,geneva\"><strong>Caracter\u00edsticas t\u00e9cnicas:<\/strong><br \/><\/span><\/p>\n<p> <span style=\"font-family: verdana,geneva\">Dimensiones internas (LxAxA) aprox. 47x23x15cm<br \/> Dimensiones externas (LxAxA) aprox. 48x26x20cm<br \/> Peso 900 gr<br \/> Color: Negro<br \/> Mezcla de materiales de poli\u00e9ster  <\/span><\/p>\n<p> <span style=\"font-family: verdana,geneva\"><strong>Incluye:<\/strong><\/span><\/p>\n<p> <span style=\"font-family: verdana,geneva\"><span id=\"ctl00_lblDescriptionLong\">1x Mochila fotogr\u00e1fica Mantona Loop, incl. funda para la lluvia <\/span><\/span><\/p>\n","protected":false},"excerpt":{"rendered":"<p>Mantona Loop es una innovadora mochila bandolera dise\u00f1ada individualmente para un acceso r\u00e1pido con un simple tir\u00f3n. Tienes tu c\u00e1mara<\/p>\n","protected":false},"featured_media":34993,"comment_status":"closed","ping_status":"open","template":"","meta":{"_acf_changed":false},"product_brand":[2649],"product_cat":[907],"product_tag":[],"class_list":{"0":"post-75052","1":"product","2":"type-product","3":"status-publish","4":"has-post-thumbnail","6":"product_brand-mantona-es","7":"product_cat-mochilas-es","9":"first","10":"instock","11":"taxable","12":"shipping-taxable","13":"purchasable","14":"product-type-simple"},"bundled_by":[],"bundle_stock_status":"instock","bundle_stock_quantity":1,"bundle_virtual":false,"bundle_layout":"","bundle_add_to_cart_form_location":"","bundle_editable_in_cart":false,"bundle_sold_individually_context":"","bundle_item_grouping":"","bundle_min_size":"","bundle_max_size":"","bundle_price":[],"bundled_items":[],"bundle_sell_ids":[],"acf":[],"_links":{"self":[{"href":"https:\/\/hi-techwonder.com\/es\/wp-json\/wp\/v2\/product\/75052","targetHints":{"allow":["GET"]}}],"collection":[{"href":"https:\/\/hi-techwonder.com\/es\/wp-json\/wp\/v2\/product"}],"about":[{"href":"https:\/\/hi-techwonder.com\/es\/wp-json\/wp\/v2\/types\/product"}],"replies":[{"embeddable":true,"href":"https:\/\/hi-techwonder.com\/es\/wp-json\/wp\/v2\/comments?post=75052"}],"wp:featuredmedia":[{"embeddable":true,"href":"https:\/\/hi-techwonder.com\/es\/wp-json\/wp\/v2\/media\/34993"}],"wp:attachment":[{"href":"https:\/\/hi-techwonder.com\/es\/wp-json\/wp\/v2\/media?parent=75052"}],"wp:term":[{"taxonomy":"product_brand","embeddable":true,"href":"https:\/\/hi-techwonder.com\/es\/wp-json\/wp\/v2\/product_brand?post=75052"},{"taxonomy":"product_cat","embeddable":true,"href":"https:\/\/hi-techwonder.com\/es\/wp-json\/wp\/v2\/product_cat?post=75052"},{"taxonomy":"product_tag","embeddable":true,"href":"https:\/\/hi-techwonder.com\/es\/wp-json\/wp\/v2\/product_tag?post=75052"}],"curies":[{"name":"wp","href":"https:\/\/api.w.org\/{rel}","templated":true}]}}