{"id":75053,"date":"2025-07-29T10:23:00","date_gmt":"2025-07-29T10:23:00","guid":{"rendered":"https:\/\/fv6qoy3ls0.wpdns.site\/product\/cabezal-de-3-vias-manfrotto-x-pro\/"},"modified":"2026-01-31T01:38:56","modified_gmt":"2026-01-31T01:38:56","slug":"manfrotto-cabezal-de-3-vias-manfrotto-x-pro","status":"publish","type":"product","link":"https:\/\/hi-techwonder.com\/es\/producto\/manfrotto-cabezal-de-3-vias-manfrotto-x-pro\/","title":{"rendered":"Cabezal de 3 v\u00edas MANFROTTO X-PRO"},"content":{"rendered":"<p style=\"text-align: justify\"><span style=\"font-size: small\">El cabezal de 3 v\u00edas X-PRO es el cabezal fotogr\u00e1fico de 3 v\u00edas m\u00e1s compacto, preciso y confiable de Manfrotto.<br \/><\/span><\/p>\n<p style=\"text-align: justify\"> <span style=\"font-size: small\">El tama\u00f1o compacto y cerrado que hace que la X-PRO sea tan f\u00e1cil de empacar y transportar se debe a sus palancas retr\u00e1ctiles que se pueden extender cuando sea necesario. Con las palancas plegadas y plegadas para el transporte, el espacio ocupado por la cabeza es de solo 13 cm x 13,5 cm x 13,5 cm (5,1&#8243; x 5,3&#8243; x 5,3&#8243;). Los controles de fricci\u00f3n en los ejes de inclinaci\u00f3n y retrato del cabezal de 3 v\u00edas X-PRO ayudan a equilibrar el peso del equipo de la c\u00e1mara, por lo que se pueden realizar ajustes finos de encuadre con las perillas de bloqueo abiertas, bloqueando todo solo cuando todo est\u00e1 listo. Y con 3 burbujas niveladoras en la cabeza, la composici\u00f3n se puede nivelar con precisi\u00f3n en la c\u00e1mara, lo que reduce el trabajo de postproducci\u00f3n. Construido de manera robusta con un cuerpo de aluminio resistente para mayor confiabilidad y durabilidad, el X-PRO soporta hasta 8 kg pero pesa solo 1 kg.    <br \/>  El cabezal X-PRO de 3 v\u00edas es fabricado en Italia por Manfrotto.<\/span><\/p>\n<p style=\"text-align: justify\"> <span style=\"font-size: small\">&nbsp;<\/span><\/p>\n<h2 style=\"height: 30px;text-align: justify\"> <span style=\"font-family: verdana,geneva\"><span style=\"font-size: small\">CARACTER\u00cdSTICAS T\u00c9CNICAS<\/span><\/span> <\/h2>\n<div><a id=\"button_back_imperial\" href=\"https:\/\/www.manfrotto.com\/product\/8374.31708.76884.0.0\/MHXPRO-3W\/_\/X-PRO_3-Way_Head_with_retractable_levers_%26_friction_controls\" target=\"_blank\" rel=\"noopener\"><\/a><\/div>\n<table style=\"width: 100%\" border=\"0\">\n<tbody>\n<tr>\n<td align=\"center\" valign=\"middle\" width=\"35\">&nbsp;<\/td>\n<td width=\"230\">\n<h5>  accesorio<\/h5>\n<\/td>\n<td>  Tipo de conexi\u00f3n de rosca hembra de 3\/8&#8243;<\/td>\n<\/tr>\n<tr>\n<td align=\"center\" valign=\"middle\" width=\"35\"> <img decoding=\"async\" src=\"https:\/\/mediacdn.shopatron.com\/media\/mfg\/2747\/media_image\/live_2\/m_color.gif?1276650448\" alt=\"\"><\/td>\n<td width=\"230\">\n<h5>  Color<\/h5>\n<\/td>\n<td>  Color: Negro<\/td>\n<\/tr>\n<tr>\n<td align=\"center\" valign=\"middle\" width=\"35\"> <img decoding=\"async\" src=\"https:\/\/mediacdn.shopatron.com\/media\/mfg\/2747\/media_image\/live_2\/frontal_tilt.jpg?1339539210\" alt=\"\"><\/td>\n<td width=\"230\">\n<h5>  Inclinaci\u00f3n frontal<\/h5>\n<\/td>\n<td>  Rango de inclinaci\u00f3n de -30\u00b0 \/ +90\u00b0  <\/td>\n<\/tr>\n<tr>\n<td align=\"center\" valign=\"middle\" width=\"35\">&nbsp;<\/td>\n<td width=\"230\">\n<h5>  Bloqueo de bandeja independiente<\/h5>\n<\/td>\n<td>  S\u00ed  <\/td>\n<\/tr>\n<tr>\n<td align=\"center\" valign=\"middle\" width=\"35\">&nbsp;<\/td>\n<td width=\"230\">\n<h5>  Bloqueo de inclinaci\u00f3n independiente<\/h5>\n<\/td>\n<td>  S\u00ed<\/td>\n<\/tr>\n<tr>\n<td align=\"center\" valign=\"middle\" width=\"35\"> <img decoding=\"async\" src=\"https:\/\/mediacdn.shopatron.com\/media\/mfg\/2747\/media_image\/live_2\/lateral_tilt.jpg?1339539233\" alt=\"\"><\/td>\n<td width=\"230\">\n<h5>  Inclinaci\u00f3n lateral<\/h5>\n<\/td>\n<td>  Rango de inclinaci\u00f3n de -30\u00b0 \/ +90\u00b0  <\/td>\n<\/tr>\n<tr>\n<td align=\"center\" valign=\"middle\" width=\"35\">&nbsp;<\/td>\n<td width=\"230\">\n<h5>  material<\/h5>\n<\/td>\n<td>  aluminio<\/td>\n<\/tr>\n<tr>\n<td align=\"center\" valign=\"middle\" width=\"35\"> <img decoding=\"async\" src=\"https:\/\/mediacdn.shopatron.com\/media\/mfg\/2747\/media_image\/live_2\/panoramic_rotation.jpg?1339539260\" alt=\"\"><\/td>\n<td width=\"230\">\n<h5>  Rotaci\u00f3n de la bandeja<\/h5>\n<\/td>\n<td>  360 grados  <\/td>\n<\/tr>\n<tr>\n<td align=\"center\" valign=\"middle\" width=\"35\">&nbsp;<\/td>\n<td width=\"230\">\n<h5>  patente<\/h5>\n<\/td>\n<td>  palmadita. pendiente <\/td>\n<\/tr>\n<tr>\n<td align=\"center\" valign=\"middle\" width=\"35\"> <img decoding=\"async\" src=\"https:\/\/mediacdn.shopatron.com\/media\/mfg\/2747\/media_image\/live_2\/plate_type.jpg?1339539282\" alt=\"\"><\/td>\n<td width=\"230\">\n<h5>  Tipo de placa<\/h5>\n<\/td>\n<td>  Liberaci\u00f3n r\u00e1pida &#8211; con tornillo de 1\/4-20&#8243;<\/td>\n<\/tr>\n<tr>\n<td align=\"center\" valign=\"middle\" width=\"35\"> <img decoding=\"async\" src=\"https:\/\/mediacdn.shopatron.com\/media\/mfg\/2747\/media_image\/live_2\/plate_type.jpg?1339539282\" alt=\"\"><\/td>\n<td width=\"230\">\n<h5>  Liberaci\u00f3n r\u00e1pida<\/h5>\n<\/td>\n<td>  S\u00ed  <\/td>\n<\/tr>\n<tr>\n<td align=\"center\" valign=\"middle\" width=\"35\">&nbsp;<\/td>\n<td width=\"230\">\n<h5>  Sistema de seguridad secundario<\/h5>\n<\/td>\n<td>  S\u00ed<\/td>\n<\/tr>\n<tr>\n<td align=\"center\" valign=\"middle\" width=\"35\"> <img decoding=\"async\" src=\"https:\/\/mediacdn.shopatron.com\/media\/mfg\/2747\/media_image\/live_2\/m_load_capacity.gif?1276650449\" alt=\"\"><\/td>\n<td width=\"230\">\n<h5>  Carga \u00fatil de seguridad<\/h5>\n<\/td>\n<td>  8kg<\/td>\n<\/tr>\n<tr>\n<td align=\"center\" valign=\"middle\" width=\"35\"> <img decoding=\"async\" src=\"https:\/\/mediacdn.shopatron.com\/media\/mfg\/2747\/media_image\/live_2\/m_weight.gif?1276617563\" alt=\"\"><\/td>\n<td width=\"230\">\n<h5>  peso<\/h5>\n<\/td>\n<td>  1 kg<\/td>\n<\/tr>\n<tr>\n<td align=\"center\" valign=\"middle\" width=\"35\"> <img decoding=\"async\" src=\"https:\/\/mediacdn.shopatron.com\/media\/mfg\/2747\/media_image\/live_2\/m_height.gif?1276650449\" alt=\"\"><\/td>\n<td width=\"230\">\n<h5>  Altura de trabajo<\/h5>\n<\/td>\n<td>  13,0 cm<\/td>\n<\/tr>\n<\/tbody>\n<\/table>\n","protected":false},"excerpt":{"rendered":"<p>El cabezal de 3 v\u00edas X-PRO es el cabezal fotogr\u00e1fico de 3 v\u00edas m\u00e1s compacto, preciso y confiable de Manfrotto.<\/p>\n","protected":false},"featured_media":62477,"comment_status":"closed","ping_status":"open","template":"","meta":{"_acf_changed":false},"product_brand":[2581],"product_cat":[1074],"product_tag":[],"class_list":{"0":"post-75053","1":"product","2":"type-product","3":"status-publish","4":"has-post-thumbnail","6":"product_brand-manfrotto-es","7":"product_cat-3-way","9":"first","10":"onbackorder","11":"taxable","12":"shipping-taxable","13":"purchasable","14":"product-type-simple"},"bundled_by":[],"bundle_stock_status":"onbackorder","bundle_stock_quantity":0,"bundle_virtual":false,"bundle_layout":"","bundle_add_to_cart_form_location":"","bundle_editable_in_cart":false,"bundle_sold_individually_context":"","bundle_item_grouping":"","bundle_min_size":"","bundle_max_size":"","bundle_price":[],"bundled_items":[],"bundle_sell_ids":[],"acf":[],"_links":{"self":[{"href":"https:\/\/hi-techwonder.com\/es\/wp-json\/wp\/v2\/product\/75053","targetHints":{"allow":["GET"]}}],"collection":[{"href":"https:\/\/hi-techwonder.com\/es\/wp-json\/wp\/v2\/product"}],"about":[{"href":"https:\/\/hi-techwonder.com\/es\/wp-json\/wp\/v2\/types\/product"}],"replies":[{"embeddable":true,"href":"https:\/\/hi-techwonder.com\/es\/wp-json\/wp\/v2\/comments?post=75053"}],"wp:featuredmedia":[{"embeddable":true,"href":"https:\/\/hi-techwonder.com\/es\/wp-json\/wp\/v2\/media\/62477"}],"wp:attachment":[{"href":"https:\/\/hi-techwonder.com\/es\/wp-json\/wp\/v2\/media?parent=75053"}],"wp:term":[{"taxonomy":"product_brand","embeddable":true,"href":"https:\/\/hi-techwonder.com\/es\/wp-json\/wp\/v2\/product_brand?post=75053"},{"taxonomy":"product_cat","embeddable":true,"href":"https:\/\/hi-techwonder.com\/es\/wp-json\/wp\/v2\/product_cat?post=75053"},{"taxonomy":"product_tag","embeddable":true,"href":"https:\/\/hi-techwonder.com\/es\/wp-json\/wp\/v2\/product_tag?post=75053"}],"curies":[{"name":"wp","href":"https:\/\/api.w.org\/{rel}","templated":true}]}}