{"id":75054,"date":"2025-07-29T10:43:38","date_gmt":"2025-07-29T10:43:38","guid":{"rendered":"https:\/\/fv6qoy3ls0.wpdns.site\/product\/tripode-manfrotto-mt290xta3\/"},"modified":"2026-02-24T10:39:58","modified_gmt":"2026-02-24T10:39:58","slug":"manfrotto-tripode-manfrotto-mt290xta3","status":"publish","type":"product","link":"https:\/\/hi-techwonder.com\/es\/producto\/manfrotto-tripode-manfrotto-mt290xta3\/","title":{"rendered":"Tr\u00edpode MANFROTTO MT290XTA3"},"content":{"rendered":"<p><span style=\"font-size: small\"><strong>ASPECTOS DESTACADOS DEL PRODUCTO<\/strong><\/p>\n<p><\/span><\/p>\n<ul>\n<li><span style=\"font-size: small\">Capacidad de carga: <span style=\"color: #000000\"><span style=\"font-size: small\">5 kg<\/span><\/span><\/span><\/li>\n<li><span style=\"font-size: small\">Altura m\u00e1xima: <span style=\"color: #000000\"><span style=\"font-size: small\">160,5 cm<\/span><\/span><\/span><\/li>\n<li><span style=\"font-size: small\">Altura m\u00ednima: <span style=\"color: #000000\"><span style=\"font-size: small\">30,5 cm<\/span><\/span><\/span><\/li>\n<li><span style=\"font-size: small\">Longitud plegada: <span style=\"color: #000000\"><span style=\"font-size: small\">59,5 cm<\/span><\/span><\/span><\/li>\n<li><span style=\"font-size: small\">Secciones de piernas: 3<\/span><\/li>\n<li><span style=\"font-size: small\">Peso: <span style=\"color: #000000\"><span style=\"font-size: small\">1,8 kg<\/span><\/span><\/span><\/li>\n<li><span style=\"font-size: small\">Posiciones de \u00e1ngulo de cuatro patas<\/span><\/li>\n<li><span style=\"font-size: small\">Bolso bandolera incluido<\/span><\/li>\n<\/ul>\n<p><span style=\"font-size: small\"><\/p>\n<p>El tr\u00edpode de aluminio Manfrotto MT290XTA3US 290 Xtra se extiende desde 12&#8243; hasta una altura m\u00e1xima de 63,2&#8243;. Pesa 4.4 libras y puede contener hasta 11 libras de equipo. Las patas de 3 secciones del tr\u00edpode tienen bloqueos para cambiar individualmente la altura de cada pata. Los pestillos son ajustables en tensi\u00f3n para ayudar a mantener un pestillo firme durante toda la vida \u00fatil del tr\u00edpode. Los cuatro \u00e1ngulos de las patas le permiten colocar el tr\u00edpode de varias maneras. Un agarre de goma en una de las patas ayuda a transportar el tr\u00edpode, y los pies de goma lo mantienen estable en superficies resbaladizas. Con el tr\u00edpode se incluye una bolsa de hombro para mayor comodidad y protecci\u00f3n durante el transporte.      <\/span><\/p>\n<p><span style=\"font-size: small\">&nbsp;<\/span><\/p>\n<table style=\"font-size: 12px;border: 0px none;vertical-align: baseline;margin: 0px 0px 35px;padding: 0px;border-collapse: collapse;border-spacing: 0px;font-style: normal;font-variant: normal;font-weight: normal;line-height: 18px;clear: both;width: 766px;color: #595959;letter-spacing: normal;text-align: left;text-indent: 0px;text-transform: none;white-space: normal;background: transparent none repeat scroll 0px 0px\" border=\"1\">\n<tbody style=\"font-size: inherit;border: 0px none;vertical-align: baseline;margin: 0px;padding: 0px;font-style: inherit;font-variant: inherit;font-weight: inherit;line-height: inherit;background: transparent none repeat scroll 0px 0px\">\n<tr style=\"font-size: inherit;border-width: 0px 0px 1px;border-bottom: 1px solid #e4e5e4;vertical-align: baseline;margin: 0px;padding: 0px;font-style: inherit;font-variant: inherit;font-weight: inherit;line-height: inherit;background: transparent none repeat scroll 0px 0px\">\n<td style=\"border: 0px none;vertical-align: baseline;margin: 0px;padding: 10px 0px 10px 10px;font-style: inherit;font-variant: inherit;font-weight: bold;line-height: 21px;text-align: left;width: 175px;background: transparent none repeat scroll 0px 0px\"><span style=\"font-size: small\">Capacidad de carga<\/span><\/td>\n<td style=\"border: 0px none;vertical-align: baseline;margin: 0px;padding: 10px 0px 10px 10px;font-style: inherit;font-variant: inherit;font-weight: inherit;line-height: 21px;text-align: left;background: transparent none repeat scroll 0px 0px\"><span style=\"font-size: small\">11 libras (5 kg)<\/span><\/td>\n<\/tr>\n<tr style=\"font-size: inherit;border-width: 0px 0px 1px;border-bottom: 1px solid #e4e5e4;vertical-align: baseline;margin: 0px;padding: 0px;font-style: inherit;font-variant: inherit;font-weight: inherit;line-height: inherit;background: transparent none repeat scroll 0px 0px\">\n<td style=\"border: 0px none;vertical-align: baseline;margin: 0px;padding: 10px 0px 10px 10px;font-style: inherit;font-variant: inherit;font-weight: bold;line-height: 21px;text-align: left;width: 175px;background: transparent none repeat scroll 0px 0px\"><span style=\"font-size: small\">Material<\/span><\/td>\n<td style=\"border: 0px none;vertical-align: baseline;margin: 0px;padding: 10px 0px 10px 10px;font-style: inherit;font-variant: inherit;font-weight: inherit;line-height: 21px;text-align: left;background: transparent none repeat scroll 0px 0px\"><span style=\"font-size: small\">Aluminio<\/span><\/td>\n<\/tr>\n<tr style=\"font-size: inherit;border-width: 0px 0px 1px;border-bottom: 1px solid #e4e5e4;vertical-align: baseline;margin: 0px;padding: 0px;font-style: inherit;font-variant: inherit;font-weight: inherit;line-height: inherit;background: transparent none repeat scroll 0px 0px\">\n<td style=\"border: 0px none;vertical-align: baseline;margin: 0px;padding: 10px 0px 10px 10px;font-style: inherit;font-variant: inherit;font-weight: bold;line-height: 21px;text-align: left;width: 175px;background: transparent none repeat scroll 0px 0px\"><span style=\"font-size: small\">Altura m\u00e1xima<\/span><\/td>\n<td style=\"border: 0px none;vertical-align: baseline;margin: 0px;padding: 10px 0px 10px 10px;font-style: inherit;font-variant: inherit;font-weight: inherit;line-height: 21px;text-align: left;background: transparent none repeat scroll 0px 0px\"><span style=\"font-size: small\">63,2&#8243; (160,5 cm)<\/span><\/td>\n<\/tr>\n<tr style=\"font-size: inherit;border-width: 0px 0px 1px;border-bottom: 1px solid #e4e5e4;vertical-align: baseline;margin: 0px;padding: 0px;font-style: inherit;font-variant: inherit;font-weight: inherit;line-height: inherit;background: transparent none repeat scroll 0px 0px\">\n<td style=\"border: 0px none;vertical-align: baseline;margin: 0px;padding: 10px 0px 10px 10px;font-style: inherit;font-variant: inherit;font-weight: bold;line-height: 21px;text-align: left;width: 175px;background: transparent none repeat scroll 0px 0px\"><span style=\"font-size: small\">Altura m\u00e1xima sin columna extendida<\/span><\/td>\n<td style=\"border: 0px none;vertical-align: baseline;margin: 0px;padding: 10px 0px 10px 10px;font-style: inherit;font-variant: inherit;font-weight: inherit;line-height: 21px;text-align: left;background: transparent none repeat scroll 0px 0px\"><span style=\"font-size: small\">53,9&#8243; (137 cm)<\/span><\/td>\n<\/tr>\n<tr style=\"font-size: inherit;border-width: 0px 0px 1px;border-bottom: 1px solid #e4e5e4;vertical-align: baseline;margin: 0px;padding: 0px;font-style: inherit;font-variant: inherit;font-weight: inherit;line-height: inherit;background: transparent none repeat scroll 0px 0px\">\n<td style=\"border: 0px none;vertical-align: baseline;margin: 0px;padding: 10px 0px 10px 10px;font-style: inherit;font-variant: inherit;font-weight: bold;line-height: 21px;text-align: left;width: 175px;background: transparent none repeat scroll 0px 0px\"><span style=\"font-size: small\">Altura<\/span><\/td>\n<p> m\u00ednima<\/p>\n<td style=\"border: 0px none;vertical-align: baseline;margin: 0px;padding: 10px 0px 10px 10px;font-style: inherit;font-variant: inherit;font-weight: inherit;line-height: 21px;text-align: left;background: transparent none repeat scroll 0px 0px\"><span style=\"font-size: small\">12&#8243; (30,5 cm)<\/span><\/td>\n<\/tr>\n<tr style=\"font-size: inherit;border-width: 0px 0px 1px;border-bottom: 1px solid #e4e5e4;vertical-align: baseline;margin: 0px;padding: 0px;font-style: inherit;font-variant: inherit;font-weight: inherit;line-height: inherit;background: transparent none repeat scroll 0px 0px\">\n<td style=\"border: 0px none;vertical-align: baseline;margin: 0px;padding: 10px 0px 10px 10px;font-style: inherit;font-variant: inherit;font-weight: bold;line-height: 21px;text-align: left;width: 175px;background: transparent none repeat scroll 0px 0px\"><span style=\"font-size: small\">Longitud plegada<\/span><\/td>\n<td style=\"border: 0px none;vertical-align: baseline;margin: 0px;padding: 10px 0px 10px 10px;font-style: inherit;font-variant: inherit;font-weight: inherit;line-height: 21px;text-align: left;background: transparent none repeat scroll 0px 0px\"><span style=\"font-size: small\">23,4&#8243; (59,5 cm)<\/span><\/td>\n<\/tr>\n<tr style=\"font-size: inherit;border-width: 0px 0px 1px;border-bottom: 1px solid #e4e5e4;vertical-align: baseline;margin: 0px;padding: 0px;font-style: inherit;font-variant: inherit;font-weight: inherit;line-height: inherit;background: transparent none repeat scroll 0px 0px\">\n<td style=\"border: 0px none;vertical-align: baseline;margin: 0px;padding: 10px 0px 10px 10px;font-style: inherit;font-variant: inherit;font-weight: bold;line-height: 21px;text-align: left;width: 175px;background: transparent none repeat scroll 0px 0px\"><span style=\"font-size: small\">Piernas<\/span><\/td>\n<td style=\"border: 0px none;vertical-align: baseline;margin: 0px;padding: 10px 0px 10px 10px;font-style: inherit;font-variant: inherit;font-weight: inherit;line-height: 21px;text-align: left;background: transparent none repeat scroll 0px 0px\"><span style=\"font-size: small\">3<\/span><\/td>\n<\/tr>\n<tr style=\"font-size: inherit;border-width: 0px 0px 1px;border-bottom: 1px solid #e4e5e4;vertical-align: baseline;margin: 0px;padding: 0px;font-style: inherit;font-variant: inherit;font-weight: inherit;line-height: inherit;background: transparent none repeat scroll 0px 0px\">\n<td style=\"border: 0px none;vertical-align: baseline;margin: 0px;padding: 10px 0px 10px 10px;font-style: inherit;font-variant: inherit;font-weight: bold;line-height: 21px;text-align: left;width: 175px;background: transparent none repeat scroll 0px 0px\"><span style=\"font-size: small\">Tipo<\/span><\/td>\n<p> de bloqueo de patas <\/p>\n<td style=\"border: 0px none;vertical-align: baseline;margin: 0px;padding: 10px 0px 10px 10px;font-style: inherit;font-variant: inherit;font-weight: inherit;line-height: 21px;text-align: left;background: transparent none repeat scroll 0px 0px\"><span style=\"font-size: small\">Giro<\/span><\/td>\n<\/tr>\n<tr style=\"font-size: inherit;border-width: 0px 0px 1px;border-bottom: 1px solid #e4e5e4;vertical-align: baseline;margin: 0px;padding: 0px;font-style: inherit;font-variant: inherit;font-weight: inherit;line-height: inherit;background: transparent none repeat scroll 0px 0px\">\n<td style=\"border: 0px none;vertical-align: baseline;margin: 0px;padding: 10px 0px 10px 10px;font-style: inherit;font-variant: inherit;font-weight: bold;line-height: 21px;text-align: left;width: 175px;background: transparent none repeat scroll 0px 0px\"><span style=\"font-size: small\">Patas<\/span><\/td>\n<p> independientes<\/p>\n<td style=\"border: 0px none;vertical-align: baseline;margin: 0px;padding: 10px 0px 10px 10px;font-style: inherit;font-variant: inherit;font-weight: inherit;line-height: 21px;text-align: left;background: transparent none repeat scroll 0px 0px\"><span style=\"font-size: small\">S\u00ed<\/span><\/td>\n<\/tr>\n<tr style=\"font-size: inherit;border-width: 0px 0px 1px;border-bottom: 1px solid #e4e5e4;vertical-align: baseline;margin: 0px;padding: 0px;font-style: inherit;font-variant: inherit;font-weight: inherit;line-height: inherit;background: transparent none repeat scroll 0px 0px\">\n<td style=\"border: 0px none;vertical-align: baseline;margin: 0px;padding: 10px 0px 10px 10px;font-style: inherit;font-variant: inherit;font-weight: bold;line-height: 21px;text-align: left;width: 175px;background: transparent none repeat scroll 0px 0px\"><span style=\"font-size: small\">Secciones centrales<\/span><\/td>\n<p> de la columna<\/p>\n<td style=\"border: 0px none;vertical-align: baseline;margin: 0px;padding: 10px 0px 10px 10px;font-style: inherit;font-variant: inherit;font-weight: inherit;line-height: 21px;text-align: left;background: transparent none repeat scroll 0px 0px\"><span style=\"font-size: small\">1<\/span><\/td>\n<\/tr>\n<tr style=\"font-size: inherit;border-width: 0px 0px 1px;border-bottom: 1px solid #e4e5e4;vertical-align: baseline;margin: 0px;padding: 0px;font-style: inherit;font-variant: inherit;font-weight: inherit;line-height: inherit;background: transparent none repeat scroll 0px 0px\">\n<td style=\"border: 0px none;vertical-align: baseline;margin: 0px;padding: 10px 0px 10px 10px;font-style: inherit;font-variant: inherit;font-weight: bold;line-height: 21px;text-align: left;width: 175px;background: transparent none repeat scroll 0px 0px\"><span style=\"font-size: small\">Tipo<\/span><\/td>\n<p> de altavoz central <\/p>\n<td style=\"border: 0px none;vertical-align: baseline;margin: 0px;padding: 10px 0px 10px 10px;font-style: inherit;font-variant: inherit;font-weight: inherit;line-height: 21px;text-align: left;background: transparent none repeat scroll 0px 0px\"><span style=\"font-size: small\">R\u00e1pido<\/span><\/td>\n<\/tr>\n<tr style=\"font-size: inherit;border-width: 0px 0px 1px;border-bottom: 1px solid #e4e5e4;vertical-align: baseline;margin: 0px;padding: 0px;font-style: inherit;font-variant: inherit;font-weight: inherit;line-height: inherit;background: transparent none repeat scroll 0px 0px\">\nCorrea <\/p>\n<td style=\"border: 0px none;vertical-align: baseline;margin: 0px;padding: 10px 0px 10px 10px;font-style: inherit;font-variant: inherit;font-weight: bold;line-height: 21px;text-align: left;width: 175px;background: transparent none repeat scroll 0px 0px\"><span style=\"font-size: small\">central<\/span><\/td>\n<td style=\"border: 0px none;vertical-align: baseline;margin: 0px;padding: 10px 0px 10px 10px;font-style: inherit;font-variant: inherit;font-weight: inherit;line-height: 21px;text-align: left;background: transparent none repeat scroll 0px 0px\"><span style=\"font-size: small\">No<\/span><\/td>\n<\/tr>\n<tr style=\"font-size: inherit;border-width: 0px 0px 1px;border-bottom: 1px solid #e4e5e4;vertical-align: baseline;margin: 0px;padding: 0px;font-style: inherit;font-variant: inherit;font-weight: inherit;line-height: inherit;background: transparent none repeat scroll 0px 0px\">\n<td style=\"border: 0px none;vertical-align: baseline;margin: 0px;padding: 10px 0px 10px 10px;font-style: inherit;font-variant: inherit;font-weight: bold;line-height: 21px;text-align: left;width: 175px;background: transparent none repeat scroll 0px 0px\"><span style=\"font-size: small\">Pies con<\/span><\/td>\n<p> p\u00faas<\/p>\n<td style=\"border: 0px none;vertical-align: baseline;margin: 0px;padding: 10px 0px 10px 10px;font-style: inherit;font-variant: inherit;font-weight: inherit;line-height: 21px;text-align: left;background: transparent none repeat scroll 0px 0px\"><span style=\"font-size: small\">No<\/span><\/td>\n<\/tr>\n<tr style=\"font-size: inherit;border-width: 0px 0px 1px;border-bottom: 1px solid #e4e5e4;vertical-align: baseline;margin: 0px;padding: 0px;font-style: inherit;font-variant: inherit;font-weight: inherit;line-height: inherit;background: transparent none repeat scroll 0px 0px\">\n<td style=\"border: 0px none;vertical-align: baseline;margin: 0px;padding: 10px 0px 10px 10px;font-style: inherit;font-variant: inherit;font-weight: bold;line-height: 21px;text-align: left;width: 175px;background: transparent none repeat scroll 0px 0px\"><span style=\"font-size: small\">\u00c1ngulos de<\/span><\/td>\n<p> patas<\/p>\n<td style=\"border: 0px none;vertical-align: baseline;margin: 0px;padding: 10px 0px 10px 10px;font-style: inherit;font-variant: inherit;font-weight: inherit;line-height: 21px;text-align: left;background: transparent none repeat scroll 0px 0px\"><span style=\"font-size: small\">25, 46, 66, 88\u00b0<\/span><\/td>\n<\/tr>\n<tr style=\"font-size: inherit;border-width: 0px 0px 1px;border-bottom: 1px solid #e4e5e4;vertical-align: baseline;margin: 0px;padding: 0px;font-style: inherit;font-variant: inherit;font-weight: inherit;line-height: inherit;background: transparent none repeat scroll 0px 0px\">\n<td style=\"border: 0px none;vertical-align: baseline;margin: 0px;padding: 10px 0px 10px 10px;font-style: inherit;font-variant: inherit;font-weight: bold;line-height: 21px;text-align: left;width: 175px;background: transparent none repeat scroll 0px 0px\"><span style=\"font-size: small\">Tama\u00f1o de rosca de culata<\/span><\/td>\n<td style=\"border: 0px none;vertical-align: baseline;margin: 0px;padding: 10px 0px 10px 10px;font-style: inherit;font-variant: inherit;font-weight: inherit;line-height: 21px;text-align: left;background: transparent none repeat scroll 0px 0px\"><span style=\"font-size: small\">3\/8&#8243;-16<\/span><\/td>\n<\/tr>\n<tr style=\"font-size: inherit;border-width: 0px 0px 1px;border-bottom: 1px solid #e4e5e4;vertical-align: baseline;margin: 0px;padding: 0px;font-style: inherit;font-variant: inherit;font-weight: inherit;line-height: inherit;background: transparent none repeat scroll 0px 0px\">\n<td style=\"border: 0px none;vertical-align: baseline;margin: 0px;padding: 10px 0px 10px 10px;font-style: inherit;font-variant: inherit;font-weight: bold;line-height: 21px;text-align: left;width: 175px;background: transparent none repeat scroll 0px 0px\"><span style=\"font-size: small\">Peso<\/span><\/td>\n<td style=\"border: 0px none;vertical-align: baseline;margin: 0px;padding: 10px 0px 10px 10px;font-style: inherit;font-variant: inherit;font-weight: inherit;line-height: 21px;text-align: left;background: transparent none repeat scroll 0px 0px\"><span style=\"font-size: small\">3,9 libras (1,8 kg) (1,8 kg)<\/span><\/td>\n<\/tr>\n<\/tbody>\n<\/table>\n<p><span style=\"font-size: small\">&nbsp;<\/span><\/p>\n","protected":false},"excerpt":{"rendered":"<p>ASPECTOS DESTACADOS DEL PRODUCTO Capacidad de carga: 5 kg Altura m\u00e1xima: 160,5 cm Altura m\u00ednima: 30,5 cm Longitud plegada: 59,5<\/p>\n","protected":false},"featured_media":66652,"comment_status":"closed","ping_status":"open","template":"","meta":{"_acf_changed":false},"product_brand":[2581],"product_cat":[1094],"product_tag":[],"class_list":{"0":"post-75054","1":"product","2":"type-product","3":"status-publish","4":"has-post-thumbnail","6":"product_brand-manfrotto-es","7":"product_cat-piernas-de-tripode","9":"first","10":"onbackorder","11":"taxable","12":"shipping-taxable","13":"purchasable","14":"product-type-simple"},"bundled_by":[],"bundle_stock_status":"onbackorder","bundle_stock_quantity":null,"bundle_virtual":false,"bundle_layout":"","bundle_add_to_cart_form_location":"","bundle_editable_in_cart":false,"bundle_sold_individually_context":"","bundle_item_grouping":"","bundle_min_size":"","bundle_max_size":"","bundle_price":[],"bundled_items":[],"bundle_sell_ids":[],"acf":[],"_links":{"self":[{"href":"https:\/\/hi-techwonder.com\/es\/wp-json\/wp\/v2\/product\/75054","targetHints":{"allow":["GET"]}}],"collection":[{"href":"https:\/\/hi-techwonder.com\/es\/wp-json\/wp\/v2\/product"}],"about":[{"href":"https:\/\/hi-techwonder.com\/es\/wp-json\/wp\/v2\/types\/product"}],"replies":[{"embeddable":true,"href":"https:\/\/hi-techwonder.com\/es\/wp-json\/wp\/v2\/comments?post=75054"}],"wp:featuredmedia":[{"embeddable":true,"href":"https:\/\/hi-techwonder.com\/es\/wp-json\/wp\/v2\/media\/66652"}],"wp:attachment":[{"href":"https:\/\/hi-techwonder.com\/es\/wp-json\/wp\/v2\/media?parent=75054"}],"wp:term":[{"taxonomy":"product_brand","embeddable":true,"href":"https:\/\/hi-techwonder.com\/es\/wp-json\/wp\/v2\/product_brand?post=75054"},{"taxonomy":"product_cat","embeddable":true,"href":"https:\/\/hi-techwonder.com\/es\/wp-json\/wp\/v2\/product_cat?post=75054"},{"taxonomy":"product_tag","embeddable":true,"href":"https:\/\/hi-techwonder.com\/es\/wp-json\/wp\/v2\/product_tag?post=75054"}],"curies":[{"name":"wp","href":"https:\/\/api.w.org\/{rel}","templated":true}]}}