{"id":75074,"date":"2025-07-29T08:51:19","date_gmt":"2025-07-29T08:51:19","guid":{"rendered":"https:\/\/fv6qoy3ls0.wpdns.site\/product\/porton-trasero-flotante-mantona-para-gopro\/"},"modified":"2026-01-31T02:55:26","modified_gmt":"2026-01-31T02:55:26","slug":"mantona-porton-trasero-flotante-mantona-para-gopro","status":"publish","type":"product","link":"https:\/\/hi-techwonder.com\/es\/producto\/mantona-porton-trasero-flotante-mantona-para-gopro\/","title":{"rendered":"Port\u00f3n trasero flotante Mantona para GoPro"},"content":{"rendered":"<p>La puerta trasera flotante es un accesorio compatible con todos los modelos de c\u00e1maras GoPro. Permitiendo que su c\u00e1mara flote cuando est\u00e1 dentro de la carcasa impermeable. <br \/>  Este accesorio se adhiere a la parte posterior de la funda impermeable y se adhiere a un adhesivo. Adem\u00e1s, su color naranja brillante hace que sea f\u00e1cil de detectar en el agua, cuando se separa por alguna raz\u00f3n de la placa de montaje. <br \/>  Ideal para practicar deportes acu\u00e1ticos como surf, buceo, entre otros.<br \/>  Incluye dos soportes de fijaci\u00f3n adhesivos y correas de c\u00e1mara para mayor seguridad en condiciones extremas.<\/p>\n","protected":false},"excerpt":{"rendered":"<p>La puerta trasera flotante es un accesorio compatible con todos los modelos de c\u00e1maras GoPro. Permitiendo que su c\u00e1mara flote<\/p>\n","protected":false},"featured_media":41795,"comment_status":"closed","ping_status":"open","template":"","meta":{"_acf_changed":false},"product_brand":[2649],"product_cat":[926],"product_tag":[],"class_list":{"0":"post-75074","1":"product","2":"type-product","3":"status-publish","4":"has-post-thumbnail","6":"product_brand-mantona-es","7":"product_cat-acessorios-accion-360o","9":"first","10":"instock","11":"taxable","12":"shipping-taxable","13":"purchasable","14":"product-type-simple"},"bundled_by":[],"bundle_stock_status":"instock","bundle_stock_quantity":1,"bundle_virtual":false,"bundle_layout":"","bundle_add_to_cart_form_location":"","bundle_editable_in_cart":false,"bundle_sold_individually_context":"","bundle_item_grouping":"","bundle_min_size":"","bundle_max_size":"","bundle_price":[],"bundled_items":[],"bundle_sell_ids":[],"acf":[],"_links":{"self":[{"href":"https:\/\/hi-techwonder.com\/es\/wp-json\/wp\/v2\/product\/75074","targetHints":{"allow":["GET"]}}],"collection":[{"href":"https:\/\/hi-techwonder.com\/es\/wp-json\/wp\/v2\/product"}],"about":[{"href":"https:\/\/hi-techwonder.com\/es\/wp-json\/wp\/v2\/types\/product"}],"replies":[{"embeddable":true,"href":"https:\/\/hi-techwonder.com\/es\/wp-json\/wp\/v2\/comments?post=75074"}],"wp:featuredmedia":[{"embeddable":true,"href":"https:\/\/hi-techwonder.com\/es\/wp-json\/wp\/v2\/media\/41795"}],"wp:attachment":[{"href":"https:\/\/hi-techwonder.com\/es\/wp-json\/wp\/v2\/media?parent=75074"}],"wp:term":[{"taxonomy":"product_brand","embeddable":true,"href":"https:\/\/hi-techwonder.com\/es\/wp-json\/wp\/v2\/product_brand?post=75074"},{"taxonomy":"product_cat","embeddable":true,"href":"https:\/\/hi-techwonder.com\/es\/wp-json\/wp\/v2\/product_cat?post=75074"},{"taxonomy":"product_tag","embeddable":true,"href":"https:\/\/hi-techwonder.com\/es\/wp-json\/wp\/v2\/product_tag?post=75074"}],"curies":[{"name":"wp","href":"https:\/\/api.w.org\/{rel}","templated":true}]}}