{"id":75079,"date":"2025-07-28T23:48:15","date_gmt":"2025-07-28T23:48:15","guid":{"rendered":"https:\/\/fv6qoy3ls0.wpdns.site\/product\/unidad-flash-mediarange-usb-nano-con-micro-usb-otg-32gb\/"},"modified":"2026-02-15T11:06:44","modified_gmt":"2026-02-15T11:06:44","slug":"mediarange-unidad-flash-mediarange-usb-nano-con-micro-usb-otg-32gb","status":"publish","type":"product","link":"https:\/\/hi-techwonder.com\/es\/producto\/mediarange-unidad-flash-mediarange-usb-nano-con-micro-usb-otg-32gb\/","title":{"rendered":"Unidad flash MEDIARANGE USB nano con micro USB (OTG) &#8211; 32Gb"},"content":{"rendered":"<p><strong>Unidad flash MEDIARANGE USB nano con micro USB (OTG) &#8211; 32Gb<\/strong><\/p>\n<p>\u00bfSiempre te est\u00e1s quedando sin espacio en tu smartphone? \u00a1Esto ya no es un problema con las unidades flash USB MediaRange con una conexi\u00f3n Micro USB adicional para su tel\u00e9fono inteligente o tableta! Compatible con tel\u00e9fonos inteligentes y tabletas compatibles con host \/ OTG con sistema operativo Android (Android 4.0 o superior) y puerto Micro USB.  <\/p>\n<p><strong>FUNCIONES<\/strong><\/p>\n<ul>\n<li>Capacidad: 32GB<\/li>\n<li>Interfaz: USB 2.0 y MicroUSB<\/li>\n<li>Dise\u00f1o extremadamente compacto<\/li>\n<li>Velocidad de lectura: hasta 15 MB\/s<\/li>\n<li>Velocidad de escritura: hasta 5 MB\/s<\/li>\n<li>la unidad flash se puede utilizar con tel\u00e9fonos inteligentes y tabletas compatibles con host \/ OTG (Android 4.0 o superior)<\/li>\n<li>Embalaje: bl\u00edster \u00fanico<\/li>\n<li>Color: Plata<\/li>\n<\/ul>\n","protected":false},"excerpt":{"rendered":"<p>Unidad flash MEDIARANGE USB nano con micro USB (OTG) &#8211; 32Gb \u00bfSiempre te est\u00e1s quedando sin espacio en tu smartphone?<\/p>\n","protected":false},"featured_media":27993,"comment_status":"closed","ping_status":"closed","template":"","meta":{"_acf_changed":false},"product_brand":[2619],"product_cat":[1032],"product_tag":[],"class_list":{"0":"post-75079","1":"product","2":"type-product","3":"status-publish","4":"has-post-thumbnail","6":"product_brand-mediarange-es","7":"product_cat-pendrives","9":"first","10":"instock","11":"taxable","12":"shipping-taxable","13":"purchasable","14":"product-type-simple"},"bundled_by":[],"bundle_stock_status":"instock","bundle_stock_quantity":15,"bundle_virtual":false,"bundle_layout":"","bundle_add_to_cart_form_location":"","bundle_editable_in_cart":false,"bundle_sold_individually_context":"","bundle_item_grouping":"","bundle_min_size":"","bundle_max_size":"","bundle_price":[],"bundled_items":[],"bundle_sell_ids":[],"acf":[],"_links":{"self":[{"href":"https:\/\/hi-techwonder.com\/es\/wp-json\/wp\/v2\/product\/75079","targetHints":{"allow":["GET"]}}],"collection":[{"href":"https:\/\/hi-techwonder.com\/es\/wp-json\/wp\/v2\/product"}],"about":[{"href":"https:\/\/hi-techwonder.com\/es\/wp-json\/wp\/v2\/types\/product"}],"replies":[{"embeddable":true,"href":"https:\/\/hi-techwonder.com\/es\/wp-json\/wp\/v2\/comments?post=75079"}],"wp:featuredmedia":[{"embeddable":true,"href":"https:\/\/hi-techwonder.com\/es\/wp-json\/wp\/v2\/media\/27993"}],"wp:attachment":[{"href":"https:\/\/hi-techwonder.com\/es\/wp-json\/wp\/v2\/media?parent=75079"}],"wp:term":[{"taxonomy":"product_brand","embeddable":true,"href":"https:\/\/hi-techwonder.com\/es\/wp-json\/wp\/v2\/product_brand?post=75079"},{"taxonomy":"product_cat","embeddable":true,"href":"https:\/\/hi-techwonder.com\/es\/wp-json\/wp\/v2\/product_cat?post=75079"},{"taxonomy":"product_tag","embeddable":true,"href":"https:\/\/hi-techwonder.com\/es\/wp-json\/wp\/v2\/product_tag?post=75079"}],"curies":[{"name":"wp","href":"https:\/\/api.w.org\/{rel}","templated":true}]}}