{"id":75080,"date":"2025-07-28T23:47:56","date_gmt":"2025-07-28T23:47:56","guid":{"rendered":"https:\/\/fv6qoy3ls0.wpdns.site\/product\/mediarange-hub-usb-type-c-4-puertos-usb3-0\/"},"modified":"2026-01-09T13:00:15","modified_gmt":"2026-01-09T13:00:15","slug":"mediarange-hub-usb-type-c-4-puertos-usb3-0","status":"publish","type":"product","link":"https:\/\/hi-techwonder.com\/es\/producto\/mediarange-hub-usb-type-c-4-puertos-usb3-0\/","title":{"rendered":"MEDIARANGE HUB USB Type-C 4 puertos USB3.0"},"content":{"rendered":"<p><strong>MEDIARANGE HUB USB Type-C 4 puertos USB3.0<\/strong><\/p>\n<p>El concentrador USB Type-C MediaRange con cuatro puertos es ideal para conectar hasta cuatro dispositivos USB 3.0 (por ejemplo, rat\u00f3n, teclado, impresora, disco duro externo) a un smartphone, tableta, ordenador o port\u00e1til con una conexi\u00f3n USB Type-C y tambi\u00e9n es adecuado para su uso con dispositivos USB 2.0. El concentrador se alimenta con alimentaci\u00f3n a trav\u00e9s del bus USB tipo C, por lo que no se requieren unidades de fuente de alimentaci\u00f3n adicionales para su funcionamiento. <\/p>\n<p><strong>Funciones:<\/strong><\/p>\n<ul>\n<li>Color: Negro<\/li>\n<li>Conexi\u00f3n: cable USB tipo C (aprox. 10 cm)<\/li>\n<li>Para conectar hasta 4 dispositivos USB 3.0 a un smartphone, tableta, ordenador o port\u00e1til con una toma USB tipo C<\/li>\n<li>Tambi\u00e9n compatible con dispositivos USB 2.0<\/li>\n<li>Velocidad de transferencia USB 3.0 de supervelocidad de hasta 5 Gbit\/s<\/li>\n<li>Alimentado por bus USB: No se requiere una fuente de alimentaci\u00f3n adicional.<\/li>\n<li>Potencia de salida a trav\u00e9s del puerto USB tipo C: 5V &#8211; 0.9A<\/li>\n<li>M\u00e1ximo. Potencia de salida: 5V &#8211; 0.9A <\/li>\n<li>Plug &amp; Play<\/li>\n<li>Compatible con Windows, Mac y Linux<\/li>\n<li>Dimensiones (aprox.): 99 x 31 x 9 mm<\/li>\n<li>Peso (aprox.): 30g<\/li>\n<\/ul>\n","protected":false},"excerpt":{"rendered":"<p>MEDIARANGE HUB USB Type-C 4 puertos USB3.0 El concentrador USB Type-C MediaRange con cuatro puertos es ideal para conectar hasta<\/p>\n","protected":false},"featured_media":27917,"comment_status":"closed","ping_status":"open","template":"","meta":{"_acf_changed":false},"product_brand":[2619],"product_cat":[1030],"product_tag":[],"class_list":{"0":"post-75080","1":"product","2":"type-product","3":"status-publish","4":"has-post-thumbnail","6":"product_brand-mediarange-es","7":"product_cat-lectores-de-tarjetas","9":"first","10":"instock","11":"taxable","12":"shipping-taxable","13":"purchasable","14":"product-type-simple"},"bundled_by":[],"bundle_stock_status":"instock","bundle_stock_quantity":9,"bundle_virtual":false,"bundle_layout":"","bundle_add_to_cart_form_location":"","bundle_editable_in_cart":false,"bundle_sold_individually_context":"","bundle_item_grouping":"","bundle_min_size":"","bundle_max_size":"","bundle_price":[],"bundled_items":[],"bundle_sell_ids":[],"acf":[],"_links":{"self":[{"href":"https:\/\/hi-techwonder.com\/es\/wp-json\/wp\/v2\/product\/75080","targetHints":{"allow":["GET"]}}],"collection":[{"href":"https:\/\/hi-techwonder.com\/es\/wp-json\/wp\/v2\/product"}],"about":[{"href":"https:\/\/hi-techwonder.com\/es\/wp-json\/wp\/v2\/types\/product"}],"replies":[{"embeddable":true,"href":"https:\/\/hi-techwonder.com\/es\/wp-json\/wp\/v2\/comments?post=75080"}],"wp:featuredmedia":[{"embeddable":true,"href":"https:\/\/hi-techwonder.com\/es\/wp-json\/wp\/v2\/media\/27917"}],"wp:attachment":[{"href":"https:\/\/hi-techwonder.com\/es\/wp-json\/wp\/v2\/media?parent=75080"}],"wp:term":[{"taxonomy":"product_brand","embeddable":true,"href":"https:\/\/hi-techwonder.com\/es\/wp-json\/wp\/v2\/product_brand?post=75080"},{"taxonomy":"product_cat","embeddable":true,"href":"https:\/\/hi-techwonder.com\/es\/wp-json\/wp\/v2\/product_cat?post=75080"},{"taxonomy":"product_tag","embeddable":true,"href":"https:\/\/hi-techwonder.com\/es\/wp-json\/wp\/v2\/product_tag?post=75080"}],"curies":[{"name":"wp","href":"https:\/\/api.w.org\/{rel}","templated":true}]}}