{"id":75082,"date":"2025-07-29T08:55:07","date_gmt":"2025-07-29T08:55:07","guid":{"rendered":"https:\/\/fv6qoy3ls0.wpdns.site\/product\/kit-de-limpieza-mediarange-mr721-para-lcd-tft-plasma\/"},"modified":"2026-02-15T10:27:01","modified_gmt":"2026-02-15T10:27:01","slug":"mediarange-kit-de-limpieza-mediarange-mr721-para-lcd-tft-plasma","status":"publish","type":"product","link":"https:\/\/hi-techwonder.com\/es\/producto\/mediarange-kit-de-limpieza-mediarange-mr721-para-lcd-tft-plasma\/","title":{"rendered":"Kit de limpieza MEDIARANGE MR721 para LCD\/TFT\/Plasma"},"content":{"rendered":"<p><strong>Kit <\/strong><strong>de limpieza MEDIARANGE MR721 para LCD\/TFT\/Plasma<\/strong><\/p>\n<p>Los limpiadores MediaRange son perfectos para su oficina y peque\u00f1os dispositivos electr\u00f3nicos. Nuestra amplia gama de productos de limpieza elimina suavemente la suciedad, el polvo y las huellas dactilares sin ara\u00f1azos. El l\u00edquido contiene materiales antiest\u00e1ticos y no contiene alcohol.  <\/p>\n<p><strong>Funciones:<\/strong><\/p>\n<ul>\n<li>Contenido: spray de 250 ml y pa\u00f1o de microfibra (aprox. 20&#215;20 cm)<\/li>\n<li>Paquete: Spray de limpieza y pa\u00f1o de limpieza<\/li>\n<li>Proporciona una limpieza sin riesgos<\/li>\n<li>Autosecado r\u00e1pido<\/li>\n<li>Contiene materiales antiest\u00e1ticos<\/li>\n<li>Elimina el polvo, la suciedad y las huellas dactilares<\/li>\n<li>Tambi\u00e9n es adecuado para limpiar vidrio, metal y superficies sensibles<\/li>\n<li>Sin alcohol<\/li>\n<li>No inflamable<\/li>\n<\/ul>\n<p><strong>Aplicaci\u00f3n:<\/strong><\/p>\n<ul>\n<li>Ideal para limpiar tel\u00e9fonos inteligentes, tabletas, monitores TFT\/LCD, pantallas de port\u00e1tiles, PDA y filtros antideslumbrantes, as\u00ed como superficies de vidrio tratadas y no tratadas<\/li>\n<li>Ideal para limpiar carcasas de computadoras, teclados y otros equipos inform\u00e1ticos<\/li>\n<li>Tambi\u00e9n es adecuado para limpiar vidrio, metal y superficies sensibles<\/li>\n<li>La limpieza continua prolonga la vida \u00fatil de su dispositivo<\/li>\n<li>Roc\u00ede el l\u00edquido sobre el pa\u00f1o de microfibra y limpie bien la superficie. Luego, elimine cualquier l\u00edquido residual con una secci\u00f3n seca del pa\u00f1o de microfibra. <\/li>\n<li>Verifique y observe las notas proporcionadas por el fabricante del dispositivo antes de limpiarlo.<\/li>\n<li>Aseg\u00farese de que su dispositivo est\u00e9 apagado y deje que se enfr\u00ede (si es necesario, desenchufe el enchufe del tomacorriente de pared).<\/li>\n<li>No ejerza una presi\u00f3n excesiva. Esto evitar\u00e1 rayar la superficie con polvo. <\/li>\n<li>Para asegurarse de que los materiales sean compatibles, pruebe en una superficie peque\u00f1a y discreta antes de usarlos en un \u00e1rea grande.<\/li>\n<li>\u00a1No use agua para limpiar el aparato!<\/li>\n<\/ul>\n","protected":false},"excerpt":{"rendered":"<p>Kit de limpieza MEDIARANGE MR721 para LCD\/TFT\/Plasma Los limpiadores MediaRange son perfectos para su oficina y peque\u00f1os dispositivos electr\u00f3nicos. Nuestra<\/p>\n","protected":false},"featured_media":42772,"comment_status":"closed","ping_status":"open","template":"","meta":{"_acf_changed":false},"product_brand":[2619],"product_cat":[920],"product_tag":[],"class_list":{"0":"post-75082","1":"product","2":"type-product","3":"status-publish","4":"has-post-thumbnail","6":"product_brand-mediarange-es","7":"product_cat-limpieza","9":"first","10":"instock","11":"taxable","12":"shipping-taxable","13":"purchasable","14":"product-type-simple"},"bundled_by":[],"bundle_stock_status":"instock","bundle_stock_quantity":22,"bundle_virtual":false,"bundle_layout":"","bundle_add_to_cart_form_location":"","bundle_editable_in_cart":false,"bundle_sold_individually_context":"","bundle_item_grouping":"","bundle_min_size":"","bundle_max_size":"","bundle_price":[],"bundled_items":[],"bundle_sell_ids":[],"acf":[],"_links":{"self":[{"href":"https:\/\/hi-techwonder.com\/es\/wp-json\/wp\/v2\/product\/75082","targetHints":{"allow":["GET"]}}],"collection":[{"href":"https:\/\/hi-techwonder.com\/es\/wp-json\/wp\/v2\/product"}],"about":[{"href":"https:\/\/hi-techwonder.com\/es\/wp-json\/wp\/v2\/types\/product"}],"replies":[{"embeddable":true,"href":"https:\/\/hi-techwonder.com\/es\/wp-json\/wp\/v2\/comments?post=75082"}],"wp:featuredmedia":[{"embeddable":true,"href":"https:\/\/hi-techwonder.com\/es\/wp-json\/wp\/v2\/media\/42772"}],"wp:attachment":[{"href":"https:\/\/hi-techwonder.com\/es\/wp-json\/wp\/v2\/media?parent=75082"}],"wp:term":[{"taxonomy":"product_brand","embeddable":true,"href":"https:\/\/hi-techwonder.com\/es\/wp-json\/wp\/v2\/product_brand?post=75082"},{"taxonomy":"product_cat","embeddable":true,"href":"https:\/\/hi-techwonder.com\/es\/wp-json\/wp\/v2\/product_cat?post=75082"},{"taxonomy":"product_tag","embeddable":true,"href":"https:\/\/hi-techwonder.com\/es\/wp-json\/wp\/v2\/product_tag?post=75082"}],"curies":[{"name":"wp","href":"https:\/\/api.w.org\/{rel}","templated":true}]}}