{"id":75086,"date":"2025-07-29T09:37:12","date_gmt":"2025-07-29T09:37:12","guid":{"rendered":"https:\/\/fv6qoy3ls0.wpdns.site\/product\/panasonic-lumix-s-pro-24-70mm-f-2-8\/"},"modified":"2026-04-21T17:11:11","modified_gmt":"2026-04-21T16:11:11","slug":"panasonic-lumix-s-pro-24-70mm-f-2-8","status":"publish","type":"product","link":"https:\/\/hi-techwonder.com\/es\/producto\/panasonic-lumix-s-pro-24-70mm-f-2-8\/","title":{"rendered":"PANASONIC Lumix S PRO 24-70mm f\/2.8"},"content":{"rendered":"<p><strong><img loading=\"lazy\" decoding=\"async\" src=\"https:\/\/hi-techwonder.com\/campanhas\/lumixprodealer.jpg\" alt=\"\" width=\"400\" height=\"149\"><\/strong><\/p>\n<p><strong>Un enfoque creativo sin compromisos.<\/strong><\/p>\n<p>Gran apertura F2.8 y excelente reproducci\u00f3n en todo el rango de zoom, proporcionando un hermoso bokeh. Con el objetivo LUMIX S PRO 24-70mm F2.8, los fot\u00f3grafos pueden crear una variedad de obras maestras fotogr\u00e1ficas, paisajes e im\u00e1genes urbanas de alta resoluci\u00f3n y alto contraste para obtener impresionantes retratos con una profundidad excepcional y un fondo con efecto bokeh. Adem\u00e1s, el sistema de enfoque dual con AF de 480 fps y motores lineales y paso a paso ayuda a los fot\u00f3grafos a capturar los movimientos m\u00e1s r\u00e1pidos.  <\/p>\n<p>LUMIX S PRO ofrece una resoluci\u00f3n sobria en cualquier distancia focal y en el encuadre, lo que la convierte en una opci\u00f3n ideal para sistemas de c\u00e1maras sin espejo de fotograma completo.<\/p>\n<p><strong>Caracter\u00edsticas principales<\/strong><\/p>\n<ul>\n<li>Lente con montura L\/formato de fotograma completo<\/li>\n<li>Rango de apertura: f\/2.8 a f\/22<\/li>\n<li>Cuatro elementos ED, un elemento UHR<\/li>\n<li>Tres elementos asf\u00e9ricos<\/li>\n<\/ul>\n<p>Una versi\u00f3n contempor\u00e1nea del cl\u00e1sico zoom est\u00e1ndar r\u00e1pido, el Panasonic Lumix S PRO 24-70mm f\/2.8 es un teleobjetivo gran angular con montura L caracterizado por su apertura m\u00e1xima constante de f\/2.8 y su sofisticado dise\u00f1o \u00f3ptico. Los elementos asf\u00e9ricos, UHR y ED se utilizan para producir im\u00e1genes bien corregidas con alta nitidez, reproducci\u00f3n crom\u00e1tica precisa y una claridad notable en todos los rangos de zoom y enfoque. Complementando la \u00f3ptica hay un sistema de enfoque dual, que utiliza un motor lineal y un motor paso a paso, para proporcionar un rendimiento de enfoque especialmente r\u00e1pido y preciso. Adem\u00e1s, el objetivo cuenta con un dise\u00f1o resistente a la intemperie para su uso en condiciones adversas, y un diafragma redondeado de 11 hojas contribuye a una agradable calidad de bokeh con transiciones suaves entre las regiones enfocadas y desenfocadas de la imagen.   <\/p>\n<ul>\n<li>El zoom est\u00e1ndar est\u00e1 dise\u00f1ado para c\u00e1maras sin espejo con montura L de fotograma completo, sin embargo, tambi\u00e9n se puede usar con modelos APS-C, donde proporciona un rango de distancia focal equivalente a 36-105 mm.<\/li>\n<li>La apertura m\u00e1xima brillante y constante de f\/2.8 mantiene una iluminaci\u00f3n constante en todo el rango del zoom y le brinda un mayor control sobre la profundidad de campo.<\/li>\n<li>Tres elementos asf\u00e9ricos y un elemento de \u00edndice de refracci\u00f3n ultra alto ayudan a minimizar las distorsiones y aberraciones esf\u00e9ricas en todo el rango de zoom para mantener la nitidez y la iluminaci\u00f3n de borde a borde.<\/li>\n<li>Cuatro elementos de dispersi\u00f3n extra baja reducen en gran medida las aberraciones crom\u00e1ticas y las franjas de color para producir un alto grado de claridad y precisi\u00f3n del color.<\/li>\n<li>Un sistema de enfoque dual emplea un motor lineal y un motor paso a paso para ofrecer un rendimiento de enfoque autom\u00e1tico impresionantemente r\u00e1pido, preciso y silencioso.<\/li>\n<li>El embrague de enfoque manual le permite simplemente presionar o tirar del rango de enfoque para cambiar r\u00e1pidamente entre los modos de enfoque AF y MF.<\/li>\n<li>Beneficios del dise\u00f1o a prueba de salpicaduras, polvo y congelaci\u00f3n que funciona en condiciones clim\u00e1ticas adversas de hasta -14 \u00b0 F.<\/li>\n<li>El diafragma redondeado de 11 hojas contribuye a una agradable calidad de bokeh.<\/li>\n<\/ul>\n<table data-selenium=\"specsItemGroupTable\">\n<tbody>\n<tr data-selenium=\"specsItemGroupTableRow\">\n<td data-selenium=\"specsItemGroupTableColumnLabel\">Distancia focal<\/td>\n<td data-selenium=\"specsItemGroupTableColumnValue\">De 24 a 70 mm<\/td>\n<\/tr>\n<tr data-selenium=\"specsItemGroupTableRow\">\n<td data-selenium=\"specsItemGroupTableColumnLabel\">M\u00e1xima<\/td>\n<p> apertura<\/p>\n<td data-selenium=\"specsItemGroupTableColumnValue\">f\/2.8<\/td>\n<\/tr>\n<tr data-selenium=\"specsItemGroupTableRow\">\n<td data-selenium=\"specsItemGroupTableColumnLabel\">Apertura<\/td>\n<p> m\u00ednima<\/p>\n<td data-selenium=\"specsItemGroupTableColumnValue\">f\/22<\/td>\n<\/tr>\n<tr data-selenium=\"specsItemGroupTableRow\">\n<td data-selenium=\"specsItemGroupTableColumnLabel\">Montura de lente<\/td>\n<td data-selenium=\"specsItemGroupTableColumnValue\">Leica L<\/td>\n<\/tr>\n<tr data-selenium=\"specsItemGroupTableRow\">\n<td data-selenium=\"specsItemGroupTableColumnLabel\">Compatibilidad de formatos<\/td>\n<td data-selenium=\"specsItemGroupTableColumnValue\">Imagen completa<\/td>\n<\/tr>\n<tr data-selenium=\"specsItemGroupTableRow\">\n<td data-selenium=\"specsItemGroupTableColumnLabel\">\u00c1ngulo de visi\u00f3n<\/td>\n<td data-selenium=\"specsItemGroupTableColumnValue\">De 84\u00b0 a 34\u00b0<\/td>\n<\/tr>\n<tr data-selenium=\"specsItemGroupTableRow\">\n<td data-selenium=\"specsItemGroupTableColumnLabel\">Aumento m\u00e1ximo<\/td>\n<td data-selenium=\"specsItemGroupTableColumnValue\">0,25 veces<\/td>\n<\/tr>\n<tr data-selenium=\"specsItemGroupTableRow\">\n<td data-selenium=\"specsItemGroupTableColumnLabel\">Distancia m\u00ednima de enfoque<\/td>\n<td data-selenium=\"specsItemGroupTableColumnValue\">1,21&#8242; \/ 37 cm<\/td>\n<\/tr>\n<tr data-selenium=\"specsItemGroupTableRow\">\n<td data-selenium=\"specsItemGroupTableColumnLabel\">Dise\u00f1o<\/td>\n<p> \u00f3ptico<\/p>\n<td data-selenium=\"specsItemGroupTableColumnValue\">18 elementos en 16 grupos<\/td>\n<\/tr>\n<tr data-selenium=\"specsItemGroupTableRow\">\n<td data-selenium=\"specsItemGroupTableColumnLabel\">Hojas de diafragma<\/td>\n<td data-selenium=\"specsItemGroupTableColumnValue\">11, redondeado<\/td>\n<\/tr>\n<tr data-selenium=\"specsItemGroupTableRow\">\n<td data-selenium=\"specsItemGroupTableColumnLabel\">Tipo de enfoque<\/td>\n<td data-selenium=\"specsItemGroupTableColumnValue\">Autom\u00e1tico<\/td>\n<\/tr>\n<tr data-selenium=\"specsItemGroupTableRow\">\n<td data-selenium=\"specsItemGroupTableColumnLabel\">Estabilizaci\u00f3n de imagen<\/td>\n<td data-selenium=\"specsItemGroupTableColumnValue\">No<\/td>\n<\/tr>\n<tr data-selenium=\"specsItemGroupTableRow\">\n<td data-selenium=\"specsItemGroupTableColumnLabel\">Tama\u00f1o del filtro<\/td>\n<td data-selenium=\"specsItemGroupTableColumnValue\">82 mm (delantero)<\/td>\n<\/tr>\n<tr data-selenium=\"specsItemGroupTableRow\">\n<td data-selenium=\"specsItemGroupTableColumnLabel\">Dimensiones (\u00f8 x L)<\/td>\n<td data-selenium=\"specsItemGroupTableColumnValue\">3,58 x 5,51&#8243; \/ 90,9 x 140 mm<\/td>\n<\/tr>\n<tr data-selenium=\"specsItemGroupTableRow\">\n<td data-selenium=\"specsItemGroupTableColumnLabel\">Peso<\/td>\n<td data-selenium=\"specsItemGroupTableColumnValue\">2,06 libras \/ 935 g<\/td>\n<\/tr>\n<\/tbody>\n<\/table>\n","protected":false},"excerpt":{"rendered":"<p>Un enfoque creativo sin compromisos. Gran apertura F2.8 y excelente reproducci\u00f3n en todo el rango de zoom, proporcionando un hermoso<\/p>\n","protected":false},"featured_media":51442,"comment_status":"closed","ping_status":"open","template":"","meta":{"_acf_changed":false},"product_brand":[2536],"product_cat":[1062],"product_tag":[],"class_list":{"0":"post-75086","1":"product","2":"type-product","3":"status-publish","4":"has-post-thumbnail","6":"product_brand-panasonic-es","7":"product_cat-mirrorless-objectivos","8":"pa_abertura-maxima-f-2-8-es","10":"first","11":"pre-order","12":"taxable","13":"shipping-taxable","14":"purchasable","15":"product-type-simple"},"bundled_by":[],"bundle_stock_status":"pre-order","bundle_stock_quantity":null,"bundle_virtual":false,"bundle_layout":"","bundle_add_to_cart_form_location":"","bundle_editable_in_cart":false,"bundle_sold_individually_context":"","bundle_item_grouping":"","bundle_min_size":"","bundle_max_size":"","bundle_price":[],"bundled_items":[],"bundle_sell_ids":[],"acf":[],"_links":{"self":[{"href":"https:\/\/hi-techwonder.com\/es\/wp-json\/wp\/v2\/product\/75086","targetHints":{"allow":["GET"]}}],"collection":[{"href":"https:\/\/hi-techwonder.com\/es\/wp-json\/wp\/v2\/product"}],"about":[{"href":"https:\/\/hi-techwonder.com\/es\/wp-json\/wp\/v2\/types\/product"}],"replies":[{"embeddable":true,"href":"https:\/\/hi-techwonder.com\/es\/wp-json\/wp\/v2\/comments?post=75086"}],"wp:featuredmedia":[{"embeddable":true,"href":"https:\/\/hi-techwonder.com\/es\/wp-json\/wp\/v2\/media\/51442"}],"wp:attachment":[{"href":"https:\/\/hi-techwonder.com\/es\/wp-json\/wp\/v2\/media?parent=75086"}],"wp:term":[{"taxonomy":"product_brand","embeddable":true,"href":"https:\/\/hi-techwonder.com\/es\/wp-json\/wp\/v2\/product_brand?post=75086"},{"taxonomy":"product_cat","embeddable":true,"href":"https:\/\/hi-techwonder.com\/es\/wp-json\/wp\/v2\/product_cat?post=75086"},{"taxonomy":"product_tag","embeddable":true,"href":"https:\/\/hi-techwonder.com\/es\/wp-json\/wp\/v2\/product_tag?post=75086"}],"curies":[{"name":"wp","href":"https:\/\/api.w.org\/{rel}","templated":true}]}}